{"id":6,"date":"2016-12-19T10:24:40","date_gmt":"2016-12-19T09:24:40","guid":{"rendered":"https:\/\/dolinawiedzy.pl\/projekty\/?page_id=6"},"modified":"2016-12-19T13:59:50","modified_gmt":"2016-12-19T12:59:50","slug":"galeria","status":"publish","type":"page","link":"https:\/\/dolinawiedzy.pl\/projekty\/galeria\/","title":{"rendered":"Galeria"},"content":{"rendered":"<p>Zapraszamy do obejrzenia zdj\u0119\u0107 dotycz\u0105cych zrealizowanych projekt\u00f3w (menu po lewej stronie).<\/p>\n","protected":false},"excerpt":{"rendered":"<p>Zapraszamy do obejrzenia zdj\u0119\u0107 dotycz\u0105cych zrealizowanych projekt\u00f3w (menu po lewej stronie).<\/p>\n","protected":false},"author":1,"featured_media":0,"parent":0,"menu_order":0,"comment_status":"closed","ping_status":"closed","template":"","meta":{"footnotes":""},"class_list":["post-6","page","type-page","status-publish","hentry"],"_links":{"self":[{"href":"https:\/\/dolinawiedzy.pl\/projekty\/wp-json\/wp\/v2\/pages\/6","targetHints":{"allow":["GET"]}}],"collection":[{"href":"https:\/\/dolinawiedzy.pl\/projekty\/wp-json\/wp\/v2\/pages"}],"about":[{"href":"https:\/\/dolinawiedzy.pl\/projekty\/wp-json\/wp\/v2\/types\/page"}],"author":[{"embeddable":true,"href":"https:\/\/dolinawiedzy.pl\/projekty\/wp-json\/wp\/v2\/users\/1"}],"replies":[{"embeddable":true,"href":"https:\/\/dolinawiedzy.pl\/projekty\/wp-json\/wp\/v2\/comments?post=6"}],"version-history":[{"count":2,"href":"https:\/\/dolinawiedzy.pl\/projekty\/wp-json\/wp\/v2\/pages\/6\/revisions"}],"predecessor-version":[{"id":40,"href":"https:\/\/dolinawiedzy.pl\/projekty\/wp-json\/wp\/v2\/pages\/6\/revisions\/40"}],"wp:attachment":[{"href":"https:\/\/dolinawiedzy.pl\/projekty\/wp-json\/wp\/v2\/media?parent=6"}],"curies":[{"name":"wp","href":"https:\/\/api.w.org\/{rel}","templated":true}]}}