{"id":400,"date":"2016-12-29T11:26:08","date_gmt":"2016-12-29T10:26:08","guid":{"rendered":"https:\/\/dolinawiedzy.pl\/projekty\/?page_id=400"},"modified":"2016-12-29T13:23:41","modified_gmt":"2016-12-29T12:23:41","slug":"sciezki-kopernika","status":"publish","type":"page","link":"https:\/\/dolinawiedzy.pl\/projekty\/galeria\/sciezki-kopernika\/","title":{"rendered":"\u015acie\u017cki Kopernika"},"content":{"rendered":"<p>\t\t\t\t<div class=\"gallery_box\">\n\t\t\t\t\t<ul>\n\t\t\t\t\t\t\t\t\t\t\t\t\t<li>\n\t\t\t\t\t\t\t\t<a rel=\"bookmark\" href=\"https:\/\/dolinawiedzy.pl\/projekty\/bws-gallery\/bezmiechowa-28-30-listopada-2014-roku\/\" title=\"Bezmiechowa, 28-30 listopada 2014 roku\">\n\t\t\t\t\t\t\t\t\t<img decoding=\"async\" width=&quot;300&quot; height=&quot;300&quot; style=\"width:300px; height:300px; border-width: 10px; border-color:#F1F1F1;border: 10px solid #F1F1F1\" alt=\"Bezmiechowa, 28-30 listopada 2014 roku\" title=\"Bezmiechowa, 28-30 listopada 2014 roku\" src=\"https:\/\/dolinawiedzy.pl\/projekty\/wp-content\/uploads\/sites\/7\/2016\/12\/IMG_7520-960x640-300x200.jpg\" \/>\t\t\t\t\t\t\t\t<\/a>\n\t\t\t\t\t\t\t\t<div class=\"gallery_detail_box\">\n\t\t\t\t\t\t\t\t\t<div class=\"gllr_detail_title\">Bezmiechowa, 28-30 listopada 2014 roku<\/div>\n\t\t\t\t\t\t\t\t\t<div class=\"gllr_detail_excerpt\">W dniach od 28 do 30 listopada w AOS Bezmiechowej, odby\u0142o si\u0119 ostatnie spotkanie realizowane ...<\/div>\n\t\t\t\t\t\t\t\t\t<a href=\"https:\/\/dolinawiedzy.pl\/projekty\/bws-gallery\/bezmiechowa-28-30-listopada-2014-roku\/\">See images &raquo;<\/a>\n\t\t\t\t\t\t\t\t<\/div><!-- .gallery_detail_box -->\n\t\t\t\t\t\t\t\t<div class=\"gllr_clear\"><\/div>\n\t\t\t\t\t\t\t<\/li>\n\t\t\t\t\t\t\t\t\t\t\t<\/ul>\n\t\t\t\t<\/div><!-- .gallery_box -->\n\t\t\t\t<br \/>\n\t\t\t\t<div class=\"gallery_box\">\n\t\t\t\t\t<ul>\n\t\t\t\t\t\t\t\t\t\t\t\t\t<li>\n\t\t\t\t\t\t\t\t<a rel=\"bookmark\" href=\"https:\/\/dolinawiedzy.pl\/projekty\/bws-gallery\/bezmiechowa-8-10-wrzesnia-2014-roku\/\" title=\"Bezmiechowa, 8-10 wrze\u015bnia 2014 roku\">\n\t\t\t\t\t\t\t\t\t<img decoding=\"async\" width=&quot;300&quot; height=&quot;300&quot; style=\"width:300px; height:300px; border-width: 10px; border-color:#F1F1F1;border: 10px solid #F1F1F1\" alt=\"Bezmiechowa, 8-10 wrze\u015bnia 2014 roku\" title=\"Bezmiechowa, 8-10 wrze\u015bnia 2014 roku\" src=\"https:\/\/dolinawiedzy.pl\/projekty\/wp-content\/uploads\/sites\/7\/2016\/12\/DSC05335-960x638-300x199.jpg\" \/>\t\t\t\t\t\t\t\t<\/a>\n\t\t\t\t\t\t\t\t<div class=\"gallery_detail_box\">\n\t\t\t\t\t\t\t\t\t<div class=\"gllr_detail_title\">Bezmiechowa, 8-10 wrze\u015bnia 2014 roku<\/div>\n\t\t\t\t\t\t\t\t\t<div class=\"gllr_detail_excerpt\">W dniach 8-10.09.2014 uczestnicy projektu uczestniczyli w ostatnich warsztatach w Bezmiechowej. ...<\/div>\n\t\t\t\t\t\t\t\t\t<a href=\"https:\/\/dolinawiedzy.pl\/projekty\/bws-gallery\/bezmiechowa-8-10-wrzesnia-2014-roku\/\">See images &raquo;<\/a>\n\t\t\t\t\t\t\t\t<\/div><!-- .gallery_detail_box -->\n\t\t\t\t\t\t\t\t<div class=\"gllr_clear\"><\/div>\n\t\t\t\t\t\t\t<\/li>\n\t\t\t\t\t\t\t\t\t\t\t<\/ul>\n\t\t\t\t<\/div><!-- .gallery_box -->\n\t\t\t\t<br \/>\n\t\t\t\t<div class=\"gallery_box\">\n\t\t\t\t\t<ul>\n\t\t\t\t\t\t\t\t\t\t\t\t\t<li>\n\t\t\t\t\t\t\t\t<a rel=\"bookmark\" href=\"https:\/\/dolinawiedzy.pl\/projekty\/bws-gallery\/bezmiechowa-9-11-maja-2014-roku\/\" title=\"Bezmiechowa, 9-11 maja 2014 roku\">\n\t\t\t\t\t\t\t\t\t<img decoding=\"async\" width=&quot;300&quot; height=&quot;300&quot; style=\"width:300px; height:300px; border-width: 10px; border-color:#F1F1F1;border: 10px solid #F1F1F1\" alt=\"Bezmiechowa, 9-11 maja 2014 roku\" title=\"Bezmiechowa, 9-11 maja 2014 roku\" src=\"https:\/\/dolinawiedzy.pl\/projekty\/wp-content\/uploads\/sites\/7\/2016\/12\/IMG_4185-1024x682-300x200.jpg\" \/>\t\t\t\t\t\t\t\t<\/a>\n\t\t\t\t\t\t\t\t<div class=\"gallery_detail_box\">\n\t\t\t\t\t\t\t\t\t<div class=\"gllr_detail_title\">Bezmiechowa, 9-11 maja 2014 roku<\/div>\n\t\t\t\t\t\t\t\t\t<div class=\"gllr_detail_excerpt\">By\u0142o s\u0142o\u0144ce, by\u0142 wiatr, by\u0142y emocje: SZYBOWANIE! A przy nim badania nosze\u0144, poszukiwania ...<\/div>\n\t\t\t\t\t\t\t\t\t<a href=\"https:\/\/dolinawiedzy.pl\/projekty\/bws-gallery\/bezmiechowa-9-11-maja-2014-roku\/\">See images &raquo;<\/a>\n\t\t\t\t\t\t\t\t<\/div><!-- .gallery_detail_box -->\n\t\t\t\t\t\t\t\t<div class=\"gllr_clear\"><\/div>\n\t\t\t\t\t\t\t<\/li>\n\t\t\t\t\t\t\t\t\t\t\t<\/ul>\n\t\t\t\t<\/div><!-- .gallery_box -->\n\t\t\t\t<br \/>\n\t\t\t\t<div class=\"gallery_box\">\n\t\t\t\t\t<ul>\n\t\t\t\t\t\t\t\t\t\t\t\t\t<li>\n\t\t\t\t\t\t\t\t<a rel=\"bookmark\" href=\"https:\/\/dolinawiedzy.pl\/projekty\/bws-gallery\/bezmiechowa-11-13-pazdziernika-2013-roku\/\" title=\"Bezmiechowa, 11-13 pa\u017adziernika 2013 roku\">\n\t\t\t\t\t\t\t\t\t<img decoding=\"async\" width=&quot;300&quot; height=&quot;300&quot; style=\"width:300px; height:300px; border-width: 10px; border-color:#F1F1F1;border: 10px solid #F1F1F1\" alt=\"Bezmiechowa, 11-13 pa\u017adziernika 2013 roku\" title=\"Bezmiechowa, 11-13 pa\u017adziernika 2013 roku\" src=\"https:\/\/dolinawiedzy.pl\/projekty\/wp-content\/uploads\/sites\/7\/2016\/12\/IMG_3913-300x200.jpg\" \/>\t\t\t\t\t\t\t\t<\/a>\n\t\t\t\t\t\t\t\t<div class=\"gallery_detail_box\">\n\t\t\t\t\t\t\t\t\t<div class=\"gllr_detail_title\">Bezmiechowa, 11-13 pa\u017adziernika 2013 roku<\/div>\n\t\t\t\t\t\t\t\t\t<div class=\"gllr_detail_excerpt\"><\/div>\n\t\t\t\t\t\t\t\t\t<a href=\"https:\/\/dolinawiedzy.pl\/projekty\/bws-gallery\/bezmiechowa-11-13-pazdziernika-2013-roku\/\">See images &raquo;<\/a>\n\t\t\t\t\t\t\t\t<\/div><!-- .gallery_detail_box -->\n\t\t\t\t\t\t\t\t<div class=\"gllr_clear\"><\/div>\n\t\t\t\t\t\t\t<\/li>\n\t\t\t\t\t\t\t\t\t\t\t<\/ul>\n\t\t\t\t<\/div><!-- .gallery_box -->\n\t\t\t\t<br \/>\n\t\t\t\t<div class=\"gallery_box\">\n\t\t\t\t\t<ul>\n\t\t\t\t\t\t\t\t\t\t\t\t\t<li>\n\t\t\t\t\t\t\t\t<a rel=\"bookmark\" href=\"https:\/\/dolinawiedzy.pl\/projekty\/bws-gallery\/debica-panel-ekspercki\/\" title=\"D\u0119bica, Panel Ekspercki\">\n\t\t\t\t\t\t\t\t\t<img decoding=\"async\" width=&quot;300&quot; height=&quot;300&quot; style=\"width:300px; height:300px; border-width: 10px; border-color:#F1F1F1;border: 10px solid #F1F1F1\" alt=\"D\u0119bica, Panel Ekspercki\" title=\"D\u0119bica, Panel Ekspercki\" src=\"https:\/\/dolinawiedzy.pl\/projekty\/wp-content\/uploads\/sites\/7\/2016\/12\/IMG_1588-1024x682-300x200.jpg\" \/>\t\t\t\t\t\t\t\t<\/a>\n\t\t\t\t\t\t\t\t<div class=\"gallery_detail_box\">\n\t\t\t\t\t\t\t\t\t<div class=\"gllr_detail_title\">D\u0119bica, Panel Ekspercki<\/div>\n\t\t\t\t\t\t\t\t\t<div class=\"gllr_detail_excerpt\"><\/div>\n\t\t\t\t\t\t\t\t\t<a href=\"https:\/\/dolinawiedzy.pl\/projekty\/bws-gallery\/debica-panel-ekspercki\/\">See images &raquo;<\/a>\n\t\t\t\t\t\t\t\t<\/div><!-- .gallery_detail_box -->\n\t\t\t\t\t\t\t\t<div class=\"gllr_clear\"><\/div>\n\t\t\t\t\t\t\t<\/li>\n\t\t\t\t\t\t\t\t\t\t\t<\/ul>\n\t\t\t\t<\/div><!-- .gallery_box -->\n\t\t\t\t<\/p>\n","protected":false},"excerpt":{"rendered":"","protected":false},"author":1,"featured_media":0,"parent":6,"menu_order":0,"comment_status":"closed","ping_status":"closed","template":"","meta":{"footnotes":""},"class_list":["post-400","page","type-page","status-publish","hentry"],"_links":{"self":[{"href":"https:\/\/dolinawiedzy.pl\/projekty\/wp-json\/wp\/v2\/pages\/400","targetHints":{"allow":["GET"]}}],"collection":[{"href":"https:\/\/dolinawiedzy.pl\/projekty\/wp-json\/wp\/v2\/pages"}],"about":[{"href":"https:\/\/dolinawiedzy.pl\/projekty\/wp-json\/wp\/v2\/types\/page"}],"author":[{"embeddable":true,"href":"https:\/\/dolinawiedzy.pl\/projekty\/wp-json\/wp\/v2\/users\/1"}],"replies":[{"embeddable":true,"href":"https:\/\/dolinawiedzy.pl\/projekty\/wp-json\/wp\/v2\/comments?post=400"}],"version-history":[{"count":6,"href":"https:\/\/dolinawiedzy.pl\/projekty\/wp-json\/wp\/v2\/pages\/400\/revisions"}],"predecessor-version":[{"id":460,"href":"https:\/\/dolinawiedzy.pl\/projekty\/wp-json\/wp\/v2\/pages\/400\/revisions\/460"}],"up":[{"embeddable":true,"href":"https:\/\/dolinawiedzy.pl\/projekty\/wp-json\/wp\/v2\/pages\/6"}],"wp:attachment":[{"href":"https:\/\/dolinawiedzy.pl\/projekty\/wp-json\/wp\/v2\/media?parent=400"}],"curies":[{"name":"wp","href":"https:\/\/api.w.org\/{rel}","templated":true}]}}