{"id":4,"date":"2016-12-19T10:24:19","date_gmt":"2016-12-19T09:24:19","guid":{"rendered":"https:\/\/dolinawiedzy.pl\/projekty\/?page_id=4"},"modified":"2017-03-30T13:39:34","modified_gmt":"2017-03-30T11:39:34","slug":"index","status":"publish","type":"page","link":"https:\/\/dolinawiedzy.pl\/projekty\/","title":{"rendered":"Zrealizowane projekty"},"content":{"rendered":"<p>Kluczowym projektem Fundacji Wspierania Edukacji przy Stowarzyszeniu &#8222;Dolina Lotnicza&#8221; jest Politechnika Dzieci\u0119ca, skierowana do uczni\u00f3w szk\u00f3\u0142 podstawowych w wieku 6-12 lat. Jednak Fundacja stara si\u0119 dociera\u0107 ze swoj\u0105 misj\u0105, tak\u017ce do starszych dzieci i m\u0142odzie\u017cy, dlatego te\u017c w swojej ofercie posiada dwa projekty skierowane w\u0142a\u015bnie do tej grupy odbiorc\u00f3w &#8211; s\u0105 to Odlotowa Fizyka, skierowana do uczni\u00f3w szk\u00f3\u0142 gimnazjalnych, oraz Sugestia, skierowany do m\u0142odzie\u017cy ze szk\u00f3\u0142 \u015brednich.<\/p>\n<p>Od po\u0142owy 2013 do ko\u0144ca 2014 roku Fundacja w ramach konsorcjum BAKCYL, realizowa\u0142a projekt &#8222;Badanie warunk\u00f3w termicznych do lot\u00f3w szybowcowych na terenie Bieszczad\u00f3w&#8221; finansowany przez Ministerstwo Nauki i szkolnictwa Wy\u017cszego z programu \u015acie\u017cki Kopernika.<\/p>\n<p>Zach\u0119camy do szerszego zapoznania si\u0119 z projektami Fundacji &#8211; na poszczeg\u00f3lnych podstronach projekt\u00f3w znajduje si\u0119 wi\u0119cej informacji (menu po lewej stronie).<\/p>\n","protected":false},"excerpt":{"rendered":"<p>Kluczowym projektem Fundacji Wspierania Edukacji przy Stowarzyszeniu &#8222;Dolina Lotnicza&#8221; jest Politechnika Dzieci\u0119ca, skierowana do uczni\u00f3w szk\u00f3\u0142 podstawowych w wieku 6-12 lat. Jednak Fundacja stara si\u0119 dociera\u0107 ze swoj\u0105 misj\u0105, tak\u017ce do starszych dzieci i m\u0142odzie\u017cy, dlatego te\u017c w swojej ofercie posiada dwa projekty skierowane w\u0142a\u015bnie do tej grupy odbiorc\u00f3w &#8211; s\u0105 to Odlotowa Fizyka, skierowana [&hellip;]<\/p>\n","protected":false},"author":1,"featured_media":0,"parent":0,"menu_order":0,"comment_status":"closed","ping_status":"closed","template":"","meta":{"footnotes":""},"class_list":["post-4","page","type-page","status-publish","hentry"],"_links":{"self":[{"href":"https:\/\/dolinawiedzy.pl\/projekty\/wp-json\/wp\/v2\/pages\/4","targetHints":{"allow":["GET"]}}],"collection":[{"href":"https:\/\/dolinawiedzy.pl\/projekty\/wp-json\/wp\/v2\/pages"}],"about":[{"href":"https:\/\/dolinawiedzy.pl\/projekty\/wp-json\/wp\/v2\/types\/page"}],"author":[{"embeddable":true,"href":"https:\/\/dolinawiedzy.pl\/projekty\/wp-json\/wp\/v2\/users\/1"}],"replies":[{"embeddable":true,"href":"https:\/\/dolinawiedzy.pl\/projekty\/wp-json\/wp\/v2\/comments?post=4"}],"version-history":[{"count":6,"href":"https:\/\/dolinawiedzy.pl\/projekty\/wp-json\/wp\/v2\/pages\/4\/revisions"}],"predecessor-version":[{"id":714,"href":"https:\/\/dolinawiedzy.pl\/projekty\/wp-json\/wp\/v2\/pages\/4\/revisions\/714"}],"wp:attachment":[{"href":"https:\/\/dolinawiedzy.pl\/projekty\/wp-json\/wp\/v2\/media?parent=4"}],"curies":[{"name":"wp","href":"https:\/\/api.w.org\/{rel}","templated":true}]}}