{"id":29,"date":"2016-12-19T10:47:45","date_gmt":"2016-12-19T09:47:45","guid":{"rendered":"https:\/\/dolinawiedzy.pl\/projekty\/?page_id=29"},"modified":"2016-12-27T16:08:37","modified_gmt":"2016-12-27T15:08:37","slug":"sugestia","status":"publish","type":"page","link":"https:\/\/dolinawiedzy.pl\/projekty\/realizacje\/sugestia\/","title":{"rendered":"Sugestia"},"content":{"rendered":"<p>Przedstawiamy wykaz szk\u00f3\u0142, kt\u00f3re odwiedzili\u015bmy z projektem Sugestia, zatwierdzony przez Kuratorium O\u015bwiaty w Rzeszowie:<\/p>\n<ul>\n<li>Liceum Og\u00f3lnokszta\u0142c\u0105ce w Dubiecku<\/li>\n<li>Zesp\u00f3\u0142 Szk\u00f3\u0142 w Nienadowej<\/li>\n<li>Zesp\u00f3\u0142 Szk\u00f3\u0142 w Birczy<\/li>\n<li>Zesp\u00f3\u0142 Szk\u00f3\u0142 Elektronicznych i Og\u00f3lnokszta\u0142c\u0105cych w Przemy\u015blu<\/li>\n<li>Bieszczadzki Zesp\u00f3\u0142 Szk\u00f3\u0142 Zawodowych w Ustrzykach Dolnych<\/li>\n<li>Zesp\u00f3\u0142 Szk\u00f3\u0142 Licealnych w Ustrzykach Dolnych<\/li>\n<li>Liceum Og\u00f3lnokszta\u0142c\u0105ce w Ulanowie<\/li>\n<li>Zesp\u00f3\u0142 w Rudniku nad Sanem<\/li>\n<li>Zesp\u00f3\u0142 Szk\u00f3\u0142 w Je\u017cowem<\/li>\n<li>Liceum Og\u00f3lnokszta\u0142c\u0105ce w Nisku<\/li>\n<li>Zesp\u00f3\u0142 Szk\u00f3\u0142 w Radomy\u015blu Wielkim<\/li>\n<li>Zesp\u00f3\u0142 Szk\u00f3\u0142 w Przec\u0142awiu<\/li>\n<li>Zesp\u00f3\u0142 Szk\u00f3\u0142 Centrum Kszta\u0142cenia Rolniczego w Rzemieniu<\/li>\n<li>Zesp\u00f3\u0142 Szk\u00f3\u0142 Og\u00f3lnokszta\u0142c\u0105cych nr 1 w Mielcu<\/li>\n<li>Zesp\u00f3\u0142 Szk\u00f3\u0142 w Mielcu<\/li>\n<li>Zesp\u00f3\u0142 Szk\u00f3\u0142 Centrum Kszta\u0142cenia Rolniczego w Nowosielcach<\/li>\n<li>I Liceum Og\u00f3lnokszta\u0142c\u0105ce w Sanoku<\/li>\n<li>II Liceum Og\u00f3lnokszta\u0142c\u0105ce w Sanoku<\/li>\n<li>Zesp\u00f3\u0142 Szk\u00f3\u0142 nr 3 w Sanoku<\/li>\n<li>Zesp\u00f3\u0142 Szk\u00f3\u0142 Publicznych Liceum Og\u00f3lnokszta\u0142c\u0105ce w Rymanowie<\/li>\n<li>Zesp\u00f3\u0142 Szk\u00f3\u0142 w Iwoniczu<\/li>\n<li>Zesp\u00f3\u0142 Szk\u00f3\u0142 nr 2 w Dukli<\/li>\n<li>Zesp\u00f3\u0142 Szk\u00f3\u0142 Ponadgimnazjalnych Nr 2 w Kro\u015bnie<\/li>\n<li>Zesp\u00f3\u0142 Szk\u00f3\u0142 Tekstylno-Gospodarczych w Rakszawie<\/li>\n<li>Zesp\u00f3\u0142 Szk\u00f3\u0142 w Wysokiej &#8211; Technikum<\/li>\n<li>Zesp\u00f3\u0142 Szk\u00f3\u0142 w Brzostku<\/li>\n<li>Zesp\u00f3\u0142 Szk\u00f3\u0142 w Pil\u017anie<\/li>\n<li>Zesp\u00f3\u0142 Szk\u00f3\u0142 Og\u00f3lnokszta\u0142c\u0105cych, Zawodowych i w Radymnie<\/li>\n<li>Zesp\u00f3\u0142 Szk\u00f3\u0142 Og\u00f3lnokszta\u0142c\u0105cych &#8211; III Liceum Og\u00f3lnokszta\u0142c\u0105ce w Jaros\u0142awiu<\/li>\n<li>Liceum Og\u00f3lnokszta\u0142c\u0105ce im. Marii Sk\u0142odowskiej &#8211; Curie w Ko\u0142aczycach<\/li>\n<li>Zesp\u00f3\u0142 Szk\u00f3\u0142 w Trzcinicy<\/li>\n<li>II Liceum Og\u00f3lnokszta\u0142c\u0105ce w Ja\u015ble<\/li>\n<li>Zesp\u00f3\u0142 Szk\u00f3\u0142 Us\u0142ugowych i Spo\u017cywczych w Ja\u015ble<\/li>\n<li>Zesp\u00f3\u0142 Szk\u00f3\u0142 Agrotechniczno &#8211; Ekonomicznych w Weryni<\/li>\n<li>Liceum Og\u00f3lnokszta\u0142c\u0105ce w Kolbuszowej<\/li>\n<li>Liceum Og\u00f3lnokszta\u0142c\u0105ce w Lesku<\/li>\n<li>Zesp\u00f3\u0142 Szk\u00f3\u0142 Drzewnych w Lesku<\/li>\n<li>Zesp\u00f3\u0142 Szk\u00f3\u0142 w Sieniawie<\/li>\n<li>Zesp\u00f3\u0142 Szk\u00f3\u0142 Rolniczych w Zarzeczu<\/li>\n<li>Zesp\u00f3\u0142 Szk\u00f3\u0142 w Ka\u0144czudze<\/li>\n<li>Centrum Kszta\u0142cenia Ustawicznego w Przeworsku<\/li>\n<li>Zesp\u00f3\u0142 Szk\u00f3\u0142 w Soko\u0142owie Ma\u0142opolskim<\/li>\n<li>Zesp\u00f3\u0142 Szk\u00f3\u0142 w Kamieniu &#8211; Liceum Og\u00f3lnokszta\u0142c\u0105ce, Zasadnicza Szko\u0142a Zawodowa<\/li>\n<li>Samorz\u0105dowe Liceum Og\u00f3lnokszta\u0142c\u0105ce w G\u0142ogowie Ma\u0142opolskim<\/li>\n<li>Liceum Og\u00f3lnokszta\u0142c\u0105ce w Boguchwale<\/li>\n<li>Zesp\u00f3\u0142 Szk\u00f3\u0142 Og\u00f3lnokszta\u0142c\u0105cych w Zaklikowie<\/li>\n<li>Zesp\u00f3\u0142 Szk\u00f3\u0142 Ponadgimnazjalnych nr 1 w Stalowej Woli<\/li>\n<li>Zesp\u00f3\u0142 Szk\u00f3\u0142 Og\u00f3lnokszta\u0142c\u0105cych nr2 Stalowej Woli<\/li>\n<li>Zesp\u00f3\u0142 Szk\u00f3\u0142 Ponadgimnazjalnych Nr 3 w Stalowej Woli<\/li>\n<li>Zesp\u00f3\u0142 Szk\u00f3\u0142 Agro-Technicznych w Ropczycach<\/li>\n<li>Liceum Og\u00f3lnokszta\u0142c\u0105ce w Strzy\u017cowie<\/li>\n<li>Zesp\u00f3\u0142 Szk\u00f3\u0142 w Czudcu<\/li>\n<li>Zasadnicza Szko\u0142a Zawodowa Specjalna we Frysztaku<\/li>\n<li>Zesp\u00f3\u0142 Szk\u00f3\u0142 Informatycznych i Mechatronicznych<\/li>\n<li>Zesp\u00f3\u0142 Szk\u00f3\u0142 Ekonomicznych w Przemy\u015blu<\/li>\n<li>I Liceum Og\u00f3lnokszta\u0142c\u0105ce w Brzozowie<\/li>\n<li>Liceum Og\u00f3lnokszta\u0142c\u0105ce im. Komisji Edukacji Narodowej w Dynowie<\/li>\n<li>Zesp\u00f3\u0142 Szk\u00f3\u0142 w Oleszycach<\/li>\n<li>Zesp\u00f3\u0142 Szk\u00f3\u0142 Ekonomicznych i Og\u00f3lnokszta\u0142c\u0105cych w Jaros\u0142awiu<\/li>\n<li>Zesp\u00f3\u0142 Szk\u00f3\u0142 Og\u00f3lnokszta\u0142c\u0105cych w Gr\u0119bowie<\/li>\n<li>Liceum Og\u00f3lnokszta\u0142c\u0105ce w Baranowie Sandomierskim<\/li>\n<li>Zesp\u00f3\u0142 Szk\u00f3\u0142 Ponadgimnazjalnych nr 2 w Tarnobrzegu<\/li>\n<li>Zesp\u00f3\u0142 Szk\u00f3\u0142 Ponadgimnazjalnych nr 1 w Tarnobrzegu<\/li>\n<\/ul>\n","protected":false},"excerpt":{"rendered":"<p>Przedstawiamy wykaz szk\u00f3\u0142, kt\u00f3re odwiedzili\u015bmy z projektem Sugestia, zatwierdzony przez Kuratorium O\u015bwiaty w Rzeszowie: Liceum Og\u00f3lnokszta\u0142c\u0105ce w Dubiecku Zesp\u00f3\u0142 Szk\u00f3\u0142 w Nienadowej Zesp\u00f3\u0142 Szk\u00f3\u0142 w Birczy Zesp\u00f3\u0142 Szk\u00f3\u0142 Elektronicznych i Og\u00f3lnokszta\u0142c\u0105cych w Przemy\u015blu Bieszczadzki Zesp\u00f3\u0142 Szk\u00f3\u0142 Zawodowych w Ustrzykach Dolnych Zesp\u00f3\u0142 Szk\u00f3\u0142 Licealnych w Ustrzykach Dolnych Liceum Og\u00f3lnokszta\u0142c\u0105ce w Ulanowie Zesp\u00f3\u0142 w Rudniku nad Sanem [&hellip;]<\/p>\n","protected":false},"author":1,"featured_media":0,"parent":8,"menu_order":0,"comment_status":"closed","ping_status":"closed","template":"","meta":{"footnotes":""},"class_list":["post-29","page","type-page","status-publish","hentry"],"_links":{"self":[{"href":"https:\/\/dolinawiedzy.pl\/projekty\/wp-json\/wp\/v2\/pages\/29","targetHints":{"allow":["GET"]}}],"collection":[{"href":"https:\/\/dolinawiedzy.pl\/projekty\/wp-json\/wp\/v2\/pages"}],"about":[{"href":"https:\/\/dolinawiedzy.pl\/projekty\/wp-json\/wp\/v2\/types\/page"}],"author":[{"embeddable":true,"href":"https:\/\/dolinawiedzy.pl\/projekty\/wp-json\/wp\/v2\/users\/1"}],"replies":[{"embeddable":true,"href":"https:\/\/dolinawiedzy.pl\/projekty\/wp-json\/wp\/v2\/comments?post=29"}],"version-history":[{"count":5,"href":"https:\/\/dolinawiedzy.pl\/projekty\/wp-json\/wp\/v2\/pages\/29\/revisions"}],"predecessor-version":[{"id":129,"href":"https:\/\/dolinawiedzy.pl\/projekty\/wp-json\/wp\/v2\/pages\/29\/revisions\/129"}],"up":[{"embeddable":true,"href":"https:\/\/dolinawiedzy.pl\/projekty\/wp-json\/wp\/v2\/pages\/8"}],"wp:attachment":[{"href":"https:\/\/dolinawiedzy.pl\/projekty\/wp-json\/wp\/v2\/media?parent=29"}],"curies":[{"name":"wp","href":"https:\/\/api.w.org\/{rel}","templated":true}]}}