{"id":24,"date":"2016-12-19T10:45:27","date_gmt":"2016-12-19T09:45:27","guid":{"rendered":"https:\/\/dolinawiedzy.pl\/projekty\/?page_id=24"},"modified":"2016-12-29T09:04:33","modified_gmt":"2016-12-29T08:04:33","slug":"sugestia","status":"publish","type":"page","link":"https:\/\/dolinawiedzy.pl\/projekty\/galeria\/sugestia\/","title":{"rendered":"Sugestia"},"content":{"rendered":"<p>\t\t\t\t<div class=\"gallery_box\">\n\t\t\t\t\t<ul>\n\t\t\t\t\t\t\t\t\t\t\t\t\t<li>\n\t\t\t\t\t\t\t\t<a rel=\"bookmark\" href=\"https:\/\/dolinawiedzy.pl\/projekty\/bws-gallery\/iii-liceum-ogolnoksztalcace-w-rzeszowie\/\" title=\"III Liceum Og\u00f3lnokszta\u0142c\u0105ce w Rzeszowie\">\n\t\t\t\t\t\t\t\t\t<img decoding=\"async\" width=&quot;300&quot; height=&quot;300&quot; style=\"width:300px; height:300px; border-width: 10px; border-color:#F1F1F1;border: 10px solid #F1F1F1\" alt=\"III Liceum Og\u00f3lnokszta\u0142c\u0105ce w Rzeszowie\" title=\"III Liceum Og\u00f3lnokszta\u0142c\u0105ce w Rzeszowie\" src=\"https:\/\/dolinawiedzy.pl\/projekty\/wp-content\/uploads\/sites\/7\/2016\/12\/DSC_3197-300x201.jpg\" \/>\t\t\t\t\t\t\t\t<\/a>\n\t\t\t\t\t\t\t\t<div class=\"gallery_detail_box\">\n\t\t\t\t\t\t\t\t\t<div class=\"gllr_detail_title\">III Liceum Og\u00f3lnokszta\u0142c\u0105ce w Rzeszowie<\/div>\n\t\t\t\t\t\t\t\t\t<div class=\"gllr_detail_excerpt\"><\/div>\n\t\t\t\t\t\t\t\t\t<a href=\"https:\/\/dolinawiedzy.pl\/projekty\/bws-gallery\/iii-liceum-ogolnoksztalcace-w-rzeszowie\/\">See images &raquo;<\/a>\n\t\t\t\t\t\t\t\t<\/div><!-- .gallery_detail_box -->\n\t\t\t\t\t\t\t\t<div class=\"gllr_clear\"><\/div>\n\t\t\t\t\t\t\t<\/li>\n\t\t\t\t\t\t\t\t\t\t\t<\/ul>\n\t\t\t\t<\/div><!-- .gallery_box -->\n\t\t\t\t<br \/>\n\t\t\t\t<div class=\"gallery_box\">\n\t\t\t\t\t<ul>\n\t\t\t\t\t\t\t\t\t\t\t\t\t<li>\n\t\t\t\t\t\t\t\t<a rel=\"bookmark\" href=\"https:\/\/dolinawiedzy.pl\/projekty\/bws-gallery\/zespol-szkol-numer-3-w-sanoku\/\" title=\"Zesp\u00f3\u0142 Szk\u00f3\u0142 numer 3 w Sanoku\">\n\t\t\t\t\t\t\t\t\t<img decoding=\"async\" width=&quot;300&quot; height=&quot;300&quot; style=\"width:300px; height:300px; border-width: 10px; border-color:#F1F1F1;border: 10px solid #F1F1F1\" alt=\"Zesp\u00f3\u0142 Szk\u00f3\u0142 numer 3 w Sanoku\" title=\"Zesp\u00f3\u0142 Szk\u00f3\u0142 numer 3 w Sanoku\" src=\"https:\/\/dolinawiedzy.pl\/projekty\/wp-content\/uploads\/sites\/7\/2016\/12\/DSC_3186-201x300.jpg\" \/>\t\t\t\t\t\t\t\t<\/a>\n\t\t\t\t\t\t\t\t<div class=\"gallery_detail_box\">\n\t\t\t\t\t\t\t\t\t<div class=\"gllr_detail_title\">Zesp\u00f3\u0142 Szk\u00f3\u0142 numer 3 w Sanoku<\/div>\n\t\t\t\t\t\t\t\t\t<div class=\"gllr_detail_excerpt\"><\/div>\n\t\t\t\t\t\t\t\t\t<a href=\"https:\/\/dolinawiedzy.pl\/projekty\/bws-gallery\/zespol-szkol-numer-3-w-sanoku\/\">See images &raquo;<\/a>\n\t\t\t\t\t\t\t\t<\/div><!-- .gallery_detail_box -->\n\t\t\t\t\t\t\t\t<div class=\"gllr_clear\"><\/div>\n\t\t\t\t\t\t\t<\/li>\n\t\t\t\t\t\t\t\t\t\t\t<\/ul>\n\t\t\t\t<\/div><!-- .gallery_box -->\n\t\t\t\t<br \/>\n\t\t\t\t<div class=\"gallery_box\">\n\t\t\t\t\t<ul>\n\t\t\t\t\t\t\t\t\t\t\t\t\t<li>\n\t\t\t\t\t\t\t\t<a rel=\"bookmark\" href=\"https:\/\/dolinawiedzy.pl\/projekty\/bws-gallery\/liceum-ogolnoksztalcace-w-brzozowie\/\" title=\"Liceum Og\u00f3lnokszta\u0142c\u0105ce w Brzozowie\">\n\t\t\t\t\t\t\t\t\t<img decoding=\"async\" width=&quot;300&quot; height=&quot;300&quot; style=\"width:300px; height:300px; border-width: 10px; border-color:#F1F1F1;border: 10px solid #F1F1F1\" alt=\"Liceum Og\u00f3lnokszta\u0142c\u0105ce w Brzozowie\" title=\"Liceum Og\u00f3lnokszta\u0142c\u0105ce w Brzozowie\" src=\"https:\/\/dolinawiedzy.pl\/projekty\/wp-content\/uploads\/sites\/7\/2016\/12\/DSC_3183-300x201.jpg\" \/>\t\t\t\t\t\t\t\t<\/a>\n\t\t\t\t\t\t\t\t<div class=\"gallery_detail_box\">\n\t\t\t\t\t\t\t\t\t<div class=\"gllr_detail_title\">Liceum Og\u00f3lnokszta\u0142c\u0105ce w Brzozowie<\/div>\n\t\t\t\t\t\t\t\t\t<div class=\"gllr_detail_excerpt\"><\/div>\n\t\t\t\t\t\t\t\t\t<a href=\"https:\/\/dolinawiedzy.pl\/projekty\/bws-gallery\/liceum-ogolnoksztalcace-w-brzozowie\/\">See images &raquo;<\/a>\n\t\t\t\t\t\t\t\t<\/div><!-- .gallery_detail_box -->\n\t\t\t\t\t\t\t\t<div class=\"gllr_clear\"><\/div>\n\t\t\t\t\t\t\t<\/li>\n\t\t\t\t\t\t\t\t\t\t\t<\/ul>\n\t\t\t\t<\/div><!-- .gallery_box -->\n\t\t\t\t<br \/>\n\t\t\t\t<div class=\"gallery_box\">\n\t\t\t\t\t<ul>\n\t\t\t\t\t\t\t\t\t\t\t\t\t<li>\n\t\t\t\t\t\t\t\t<a rel=\"bookmark\" href=\"https:\/\/dolinawiedzy.pl\/projekty\/bws-gallery\/zespol-szkol-w-przeworsku-technikum-elektroniczne\/\" title=\"Zesp\u00f3\u0142 Szk\u00f3\u0142 w Przeworsku- Technikum Elektroniczne\">\n\t\t\t\t\t\t\t\t\t<img decoding=\"async\" width=&quot;300&quot; height=&quot;300&quot; style=\"width:300px; height:300px; border-width: 10px; border-color:#F1F1F1;border: 10px solid #F1F1F1\" alt=\"Zesp\u00f3\u0142 Szk\u00f3\u0142 w Przeworsku- Technikum Elektroniczne\" title=\"Zesp\u00f3\u0142 Szk\u00f3\u0142 w Przeworsku- Technikum Elektroniczne\" src=\"https:\/\/dolinawiedzy.pl\/projekty\/wp-content\/uploads\/sites\/7\/2016\/12\/DSC_3032-300x201.jpg\" \/>\t\t\t\t\t\t\t\t<\/a>\n\t\t\t\t\t\t\t\t<div class=\"gallery_detail_box\">\n\t\t\t\t\t\t\t\t\t<div class=\"gllr_detail_title\">Zesp\u00f3\u0142 Szk\u00f3\u0142 w Przeworsku- Technikum Elektroniczne<\/div>\n\t\t\t\t\t\t\t\t\t<div class=\"gllr_detail_excerpt\"><\/div>\n\t\t\t\t\t\t\t\t\t<a href=\"https:\/\/dolinawiedzy.pl\/projekty\/bws-gallery\/zespol-szkol-w-przeworsku-technikum-elektroniczne\/\">See images &raquo;<\/a>\n\t\t\t\t\t\t\t\t<\/div><!-- .gallery_detail_box -->\n\t\t\t\t\t\t\t\t<div class=\"gllr_clear\"><\/div>\n\t\t\t\t\t\t\t<\/li>\n\t\t\t\t\t\t\t\t\t\t\t<\/ul>\n\t\t\t\t<\/div><!-- .gallery_box -->\n\t\t\t\t<br \/>\n\t\t\t\t<div class=\"gallery_box\">\n\t\t\t\t\t<ul>\n\t\t\t\t\t\t\t\t\t\t\t\t\t<li>\n\t\t\t\t\t\t\t\t<a rel=\"bookmark\" href=\"https:\/\/dolinawiedzy.pl\/projekty\/bws-gallery\/zespol-szkol-nr-2-w-dukli\/\" title=\"Zesp\u00f3\u0142 Szk\u00f3\u0142 nr 2 w Dukli\">\n\t\t\t\t\t\t\t\t\t<img decoding=\"async\" width=&quot;300&quot; height=&quot;300&quot; style=\"width:300px; height:300px; border-width: 10px; border-color:#F1F1F1;border: 10px solid #F1F1F1\" alt=\"Zesp\u00f3\u0142 Szk\u00f3\u0142 nr 2 w Dukli\" title=\"Zesp\u00f3\u0142 Szk\u00f3\u0142 nr 2 w Dukli\" src=\"https:\/\/dolinawiedzy.pl\/projekty\/wp-content\/uploads\/sites\/7\/2016\/12\/DSC_2519-300x201.jpg\" \/>\t\t\t\t\t\t\t\t<\/a>\n\t\t\t\t\t\t\t\t<div class=\"gallery_detail_box\">\n\t\t\t\t\t\t\t\t\t<div class=\"gllr_detail_title\">Zesp\u00f3\u0142 Szk\u00f3\u0142 nr 2 w Dukli<\/div>\n\t\t\t\t\t\t\t\t\t<div class=\"gllr_detail_excerpt\"><\/div>\n\t\t\t\t\t\t\t\t\t<a href=\"https:\/\/dolinawiedzy.pl\/projekty\/bws-gallery\/zespol-szkol-nr-2-w-dukli\/\">See images &raquo;<\/a>\n\t\t\t\t\t\t\t\t<\/div><!-- .gallery_detail_box -->\n\t\t\t\t\t\t\t\t<div class=\"gllr_clear\"><\/div>\n\t\t\t\t\t\t\t<\/li>\n\t\t\t\t\t\t\t\t\t\t\t<\/ul>\n\t\t\t\t<\/div><!-- .gallery_box -->\n\t\t\t\t<br \/>\n\t\t\t\t<div class=\"gallery_box\">\n\t\t\t\t\t<ul>\n\t\t\t\t\t\t\t\t\t\t\t\t\t<li>\n\t\t\t\t\t\t\t\t<a rel=\"bookmark\" href=\"https:\/\/dolinawiedzy.pl\/projekty\/bws-gallery\/zespol-szkol-w-radomyslu-wielkim\/\" title=\"Zesp\u00f3\u0142 Szk\u00f3\u0142 w Radomy\u015blu Wielkim\">\n\t\t\t\t\t\t\t\t\t<img decoding=\"async\" width=&quot;300&quot; height=&quot;300&quot; style=\"width:300px; height:300px; border-width: 10px; border-color:#F1F1F1;border: 10px solid #F1F1F1\" alt=\"Zesp\u00f3\u0142 Szk\u00f3\u0142 w Radomy\u015blu Wielkim\" title=\"Zesp\u00f3\u0142 Szk\u00f3\u0142 w Radomy\u015blu Wielkim\" src=\"https:\/\/dolinawiedzy.pl\/projekty\/wp-content\/uploads\/sites\/7\/2016\/12\/DSC_2444-300x201.jpg\" \/>\t\t\t\t\t\t\t\t<\/a>\n\t\t\t\t\t\t\t\t<div class=\"gallery_detail_box\">\n\t\t\t\t\t\t\t\t\t<div class=\"gllr_detail_title\">Zesp\u00f3\u0142 Szk\u00f3\u0142 w Radomy\u015blu Wielkim<\/div>\n\t\t\t\t\t\t\t\t\t<div class=\"gllr_detail_excerpt\"><\/div>\n\t\t\t\t\t\t\t\t\t<a href=\"https:\/\/dolinawiedzy.pl\/projekty\/bws-gallery\/zespol-szkol-w-radomyslu-wielkim\/\">See images &raquo;<\/a>\n\t\t\t\t\t\t\t\t<\/div><!-- .gallery_detail_box -->\n\t\t\t\t\t\t\t\t<div class=\"gllr_clear\"><\/div>\n\t\t\t\t\t\t\t<\/li>\n\t\t\t\t\t\t\t\t\t\t\t<\/ul>\n\t\t\t\t<\/div><!-- .gallery_box -->\n\t\t\t\t<br \/>\n\t\t\t\t<div class=\"gallery_box\">\n\t\t\t\t\t<ul>\n\t\t\t\t\t\t\t\t\t\t\t\t\t<li>\n\t\t\t\t\t\t\t\t<a rel=\"bookmark\" href=\"https:\/\/dolinawiedzy.pl\/projekty\/bws-gallery\/2015-zespol-szkol-licealnych-i-technicznych-im-juliusza-slowackiego-w-jaroslawiu\/\" title=\"2015: Zesp\u00f3\u0142 Szk\u00f3\u0142 Licealnych i Technicznych im. Juliusza S\u0142owackiego w Jaros\u0142awiu\">\n\t\t\t\t\t\t\t\t\t<img decoding=\"async\" width=&quot;300&quot; height=&quot;300&quot; style=\"width:300px; height:300px; border-width: 10px; border-color:#F1F1F1;border: 10px solid #F1F1F1\" alt=\"2015: Zesp\u00f3\u0142 Szk\u00f3\u0142 Licealnych i Technicznych im. Juliusza S\u0142owackiego w Jaros\u0142awiu\" title=\"2015: Zesp\u00f3\u0142 Szk\u00f3\u0142 Licealnych i Technicznych im. Juliusza S\u0142owackiego w Jaros\u0142awiu\" src=\"https:\/\/dolinawiedzy.pl\/projekty\/wp-content\/uploads\/sites\/7\/2016\/12\/DSC_2387-300x201.jpg\" \/>\t\t\t\t\t\t\t\t<\/a>\n\t\t\t\t\t\t\t\t<div class=\"gallery_detail_box\">\n\t\t\t\t\t\t\t\t\t<div class=\"gllr_detail_title\">2015: Zesp\u00f3\u0142 Szk\u00f3\u0142 Licealnych i Technicznych im. Juliusza S\u0142owackiego w Jaros\u0142awiu<\/div>\n\t\t\t\t\t\t\t\t\t<div class=\"gllr_detail_excerpt\"><\/div>\n\t\t\t\t\t\t\t\t\t<a href=\"https:\/\/dolinawiedzy.pl\/projekty\/bws-gallery\/2015-zespol-szkol-licealnych-i-technicznych-im-juliusza-slowackiego-w-jaroslawiu\/\">See images &raquo;<\/a>\n\t\t\t\t\t\t\t\t<\/div><!-- .gallery_detail_box -->\n\t\t\t\t\t\t\t\t<div class=\"gllr_clear\"><\/div>\n\t\t\t\t\t\t\t<\/li>\n\t\t\t\t\t\t\t\t\t\t\t<\/ul>\n\t\t\t\t<\/div><!-- .gallery_box -->\n\t\t\t\t<br \/>\n\t\t\t\t<div class=\"gallery_box\">\n\t\t\t\t\t<ul>\n\t\t\t\t\t\t\t\t\t\t\t\t\t<li>\n\t\t\t\t\t\t\t\t<a rel=\"bookmark\" href=\"https:\/\/dolinawiedzy.pl\/projekty\/bws-gallery\/2015-zespol-szkol-technicznych-i-ogolnoksztalcacych-w-jaroslawiu\/\" title=\"2015: Zesp\u00f3\u0142 Szk\u00f3\u0142 Technicznych i Og\u00f3lnokszta\u0142c\u0105cych w Jaros\u0142awiu\">\n\t\t\t\t\t\t\t\t\t<img decoding=\"async\" width=&quot;300&quot; height=&quot;300&quot; style=\"width:300px; height:300px; border-width: 10px; border-color:#F1F1F1;border: 10px solid #F1F1F1\" alt=\"2015: Zesp\u00f3\u0142 Szk\u00f3\u0142 Technicznych i Og\u00f3lnokszta\u0142c\u0105cych w Jaros\u0142awiu\" title=\"2015: Zesp\u00f3\u0142 Szk\u00f3\u0142 Technicznych i Og\u00f3lnokszta\u0142c\u0105cych w Jaros\u0142awiu\" src=\"https:\/\/dolinawiedzy.pl\/projekty\/wp-content\/uploads\/sites\/7\/2016\/12\/DSC_2370-300x201.jpg\" \/>\t\t\t\t\t\t\t\t<\/a>\n\t\t\t\t\t\t\t\t<div class=\"gallery_detail_box\">\n\t\t\t\t\t\t\t\t\t<div class=\"gllr_detail_title\">2015: Zesp\u00f3\u0142 Szk\u00f3\u0142 Technicznych i Og\u00f3lnokszta\u0142c\u0105cych w Jaros\u0142awiu<\/div>\n\t\t\t\t\t\t\t\t\t<div class=\"gllr_detail_excerpt\"><\/div>\n\t\t\t\t\t\t\t\t\t<a href=\"https:\/\/dolinawiedzy.pl\/projekty\/bws-gallery\/2015-zespol-szkol-technicznych-i-ogolnoksztalcacych-w-jaroslawiu\/\">See images &raquo;<\/a>\n\t\t\t\t\t\t\t\t<\/div><!-- .gallery_detail_box -->\n\t\t\t\t\t\t\t\t<div class=\"gllr_clear\"><\/div>\n\t\t\t\t\t\t\t<\/li>\n\t\t\t\t\t\t\t\t\t\t\t<\/ul>\n\t\t\t\t<\/div><!-- .gallery_box -->\n\t\t\t\t<br \/>\n\t\t\t\t<div class=\"gallery_box\">\n\t\t\t\t\t<ul>\n\t\t\t\t\t\t\t\t\t\t\t\t\t<li>\n\t\t\t\t\t\t\t\t<a rel=\"bookmark\" href=\"https:\/\/dolinawiedzy.pl\/projekty\/bws-gallery\/2015-zespol-szkol-technicznych-w-mielcu\/\" title=\"2015: Zesp\u00f3\u0142 Szk\u00f3\u0142 Technicznych w Mielcu\">\n\t\t\t\t\t\t\t\t\t<img decoding=\"async\" width=&quot;300&quot; height=&quot;300&quot; style=\"width:300px; height:300px; border-width: 10px; border-color:#F1F1F1;border: 10px solid #F1F1F1\" alt=\"2015: Zesp\u00f3\u0142 Szk\u00f3\u0142 Technicznych w Mielcu\" title=\"2015: Zesp\u00f3\u0142 Szk\u00f3\u0142 Technicznych w Mielcu\" src=\"https:\/\/dolinawiedzy.pl\/projekty\/wp-content\/uploads\/sites\/7\/2016\/12\/DSC_2330-300x201.jpg\" \/>\t\t\t\t\t\t\t\t<\/a>\n\t\t\t\t\t\t\t\t<div class=\"gallery_detail_box\">\n\t\t\t\t\t\t\t\t\t<div class=\"gllr_detail_title\">2015: Zesp\u00f3\u0142 Szk\u00f3\u0142 Technicznych w Mielcu<\/div>\n\t\t\t\t\t\t\t\t\t<div class=\"gllr_detail_excerpt\"><\/div>\n\t\t\t\t\t\t\t\t\t<a href=\"https:\/\/dolinawiedzy.pl\/projekty\/bws-gallery\/2015-zespol-szkol-technicznych-w-mielcu\/\">See images &raquo;<\/a>\n\t\t\t\t\t\t\t\t<\/div><!-- .gallery_detail_box -->\n\t\t\t\t\t\t\t\t<div class=\"gllr_clear\"><\/div>\n\t\t\t\t\t\t\t<\/li>\n\t\t\t\t\t\t\t\t\t\t\t<\/ul>\n\t\t\t\t<\/div><!-- .gallery_box -->\n\t\t\t\t<br \/>\n\t\t\t\t<div class=\"gallery_box\">\n\t\t\t\t\t<ul>\n\t\t\t\t\t\t\t\t\t\t\t\t\t<li>\n\t\t\t\t\t\t\t\t<a rel=\"bookmark\" href=\"https:\/\/dolinawiedzy.pl\/projekty\/bws-gallery\/2015-zespol-szkol-mechanicznych-w-rzeszowie\/\" title=\"2015: Zesp\u00f3\u0142 Szk\u00f3\u0142 Mechanicznych w Rzeszowie\">\n\t\t\t\t\t\t\t\t\t<img decoding=\"async\" width=&quot;300&quot; height=&quot;300&quot; style=\"width:300px; height:300px; border-width: 10px; border-color:#F1F1F1;border: 10px solid #F1F1F1\" alt=\"2015: Zesp\u00f3\u0142 Szk\u00f3\u0142 Mechanicznych w Rzeszowie\" title=\"2015: Zesp\u00f3\u0142 Szk\u00f3\u0142 Mechanicznych w Rzeszowie\" src=\"https:\/\/dolinawiedzy.pl\/projekty\/wp-content\/uploads\/sites\/7\/2016\/12\/img-8373-kopia-300x200.jpg\" \/>\t\t\t\t\t\t\t\t<\/a>\n\t\t\t\t\t\t\t\t<div class=\"gallery_detail_box\">\n\t\t\t\t\t\t\t\t\t<div class=\"gllr_detail_title\">2015: Zesp\u00f3\u0142 Szk\u00f3\u0142 Mechanicznych w Rzeszowie<\/div>\n\t\t\t\t\t\t\t\t\t<div class=\"gllr_detail_excerpt\"><\/div>\n\t\t\t\t\t\t\t\t\t<a href=\"https:\/\/dolinawiedzy.pl\/projekty\/bws-gallery\/2015-zespol-szkol-mechanicznych-w-rzeszowie\/\">See images &raquo;<\/a>\n\t\t\t\t\t\t\t\t<\/div><!-- .gallery_detail_box -->\n\t\t\t\t\t\t\t\t<div class=\"gllr_clear\"><\/div>\n\t\t\t\t\t\t\t<\/li>\n\t\t\t\t\t\t\t\t\t\t\t<\/ul>\n\t\t\t\t<\/div><!-- .gallery_box -->\n\t\t\t\t<\/p>\n","protected":false},"excerpt":{"rendered":"","protected":false},"author":1,"featured_media":0,"parent":6,"menu_order":0,"comment_status":"closed","ping_status":"closed","template":"","meta":{"footnotes":""},"class_list":["post-24","page","type-page","status-publish","hentry"],"_links":{"self":[{"href":"https:\/\/dolinawiedzy.pl\/projekty\/wp-json\/wp\/v2\/pages\/24","targetHints":{"allow":["GET"]}}],"collection":[{"href":"https:\/\/dolinawiedzy.pl\/projekty\/wp-json\/wp\/v2\/pages"}],"about":[{"href":"https:\/\/dolinawiedzy.pl\/projekty\/wp-json\/wp\/v2\/types\/page"}],"author":[{"embeddable":true,"href":"https:\/\/dolinawiedzy.pl\/projekty\/wp-json\/wp\/v2\/users\/1"}],"replies":[{"embeddable":true,"href":"https:\/\/dolinawiedzy.pl\/projekty\/wp-json\/wp\/v2\/comments?post=24"}],"version-history":[{"count":13,"href":"https:\/\/dolinawiedzy.pl\/projekty\/wp-json\/wp\/v2\/pages\/24\/revisions"}],"predecessor-version":[{"id":385,"href":"https:\/\/dolinawiedzy.pl\/projekty\/wp-json\/wp\/v2\/pages\/24\/revisions\/385"}],"up":[{"embeddable":true,"href":"https:\/\/dolinawiedzy.pl\/projekty\/wp-json\/wp\/v2\/pages\/6"}],"wp:attachment":[{"href":"https:\/\/dolinawiedzy.pl\/projekty\/wp-json\/wp\/v2\/media?parent=24"}],"curies":[{"name":"wp","href":"https:\/\/api.w.org\/{rel}","templated":true}]}}