{"id":17,"date":"2016-12-19T10:33:22","date_gmt":"2016-12-19T09:33:22","guid":{"rendered":"https:\/\/dolinawiedzy.pl\/projekty\/?page_id=17"},"modified":"2017-01-30T12:49:04","modified_gmt":"2017-01-30T11:49:04","slug":"sugestia","status":"publish","type":"page","link":"https:\/\/dolinawiedzy.pl\/projekty\/sugestia\/","title":{"rendered":"Sugestia"},"content":{"rendered":"<p><img loading=\"lazy\" decoding=\"async\" class=\"alignleft wp-image-482 size-full\" src=\"https:\/\/dolinawiedzy.pl\/projekty\/wp-content\/uploads\/sites\/7\/2016\/12\/fundacja_box3.jpg\" width=\"243\" height=\"172\" \/><\/p>\n<p>Program \u201eSugestia\u201d oferuje przeprowadzenie nietypowych prezentacji z wykorzystaniem stanowisk do\u015bwiadczalnych, jako doskona\u0142y spos\u00f3b na przekazanie podstawowych zagadnie\u0144 z wiedzy lotniczej.<\/p>\n<p>&nbsp;<\/p>\n<p>&nbsp;<\/p>\n<p>&nbsp;<\/p>\n<p>W trakcie trwania pokazu b\u0119d\u0105 poruszane zagadnienia, takie jak:<\/p>\n<ol>\n<li>Energia wiatru,<\/li>\n<li>Historia lotnictwa,<\/li>\n<li>Prawa fizyki rz\u0105dz\u0105ce aerodynamik\u0105, a w tym prawo Bernoulli\u2019ego i prawo ci\u0105g\u0142o\u015bci struny, przy wykorzystaniu kartki papieru,<\/li>\n<li>K\u0105t natarcia a si\u0142a no\u015bna, przy zastosowaniu tunelu aerodynamicznego z profilem lotniczym o zmiennym k\u0105cie natarcia,<\/li>\n<li>Zasady sterowania paralotni\u0105, motolotni\u0105 i samolotem, z wykorzystaniem modelu samolotu,<\/li>\n<li>Si\u0142y dzia\u0142aj\u0105ce na samolot podczas manewr\u00f3w,<\/li>\n<li>Budowa i zasada dzia\u0142ania silnik\u00f3w, poprzez por\u00f3wnanie trzech rodzaj\u00f3w nap\u0119d\u00f3w lotniczych,<\/li>\n<li>Ekonomia lotu, a w tym ciekawostki, m.in. dlaczego wi\u0119ksze samoloty lec\u0105 szybciej<br \/>\nw kierunku wschodnim ni\u017c zachodnim?<\/li>\n<li>Ekologia lotu, i odpowied\u017a na pytanie czym s\u0105 bia\u0142e \u015blady pozostawione przez samolot na niebie?<\/li>\n<li>Przysz\u0142o\u015b\u0107 w lotnictwie, czyli jakie materia\u0142y b\u0119d\u0105 wykorzystywane w samolotach.<\/li>\n<\/ol>\n","protected":false},"excerpt":{"rendered":"<p>Program \u201eSugestia\u201d oferuje przeprowadzenie nietypowych prezentacji z wykorzystaniem stanowisk do\u015bwiadczalnych, jako doskona\u0142y spos\u00f3b na przekazanie podstawowych zagadnie\u0144 z wiedzy lotniczej. &nbsp; &nbsp; &nbsp; W trakcie trwania pokazu b\u0119d\u0105 poruszane zagadnienia, takie jak: Energia wiatru, Historia lotnictwa, Prawa fizyki rz\u0105dz\u0105ce aerodynamik\u0105, a w tym prawo Bernoulli\u2019ego i prawo ci\u0105g\u0142o\u015bci struny, przy wykorzystaniu kartki papieru, K\u0105t natarcia [&hellip;]<\/p>\n","protected":false},"author":1,"featured_media":0,"parent":0,"menu_order":0,"comment_status":"closed","ping_status":"closed","template":"","meta":{"footnotes":""},"class_list":["post-17","page","type-page","status-publish","hentry"],"_links":{"self":[{"href":"https:\/\/dolinawiedzy.pl\/projekty\/wp-json\/wp\/v2\/pages\/17","targetHints":{"allow":["GET"]}}],"collection":[{"href":"https:\/\/dolinawiedzy.pl\/projekty\/wp-json\/wp\/v2\/pages"}],"about":[{"href":"https:\/\/dolinawiedzy.pl\/projekty\/wp-json\/wp\/v2\/types\/page"}],"author":[{"embeddable":true,"href":"https:\/\/dolinawiedzy.pl\/projekty\/wp-json\/wp\/v2\/users\/1"}],"replies":[{"embeddable":true,"href":"https:\/\/dolinawiedzy.pl\/projekty\/wp-json\/wp\/v2\/comments?post=17"}],"version-history":[{"count":2,"href":"https:\/\/dolinawiedzy.pl\/projekty\/wp-json\/wp\/v2\/pages\/17\/revisions"}],"predecessor-version":[{"id":485,"href":"https:\/\/dolinawiedzy.pl\/projekty\/wp-json\/wp\/v2\/pages\/17\/revisions\/485"}],"wp:attachment":[{"href":"https:\/\/dolinawiedzy.pl\/projekty\/wp-json\/wp\/v2\/media?parent=17"}],"curies":[{"name":"wp","href":"https:\/\/api.w.org\/{rel}","templated":true}]}}