{"id":29,"date":"2022-09-14T12:13:49","date_gmt":"2022-09-14T10:13:49","guid":{"rendered":"https:\/\/dolinawiedzy.pl\/kalisz\/?page_id=29"},"modified":"2025-08-29T14:40:46","modified_gmt":"2025-08-29T12:40:46","slug":"odlotowa-edukacja","status":"publish","type":"page","link":"https:\/\/dolinawiedzy.pl\/kalisz\/odlotowa-edukacja\/","title":{"rendered":"Odlotowa Edukacja"},"content":{"rendered":"\n<p><\/p>\n\n\n<div class=\"wp-block-image\">\n<figure class=\"aligncenter size-large is-resized\"><img decoding=\"async\" width=\"1024\" height=\"774\" data-src=\"https:\/\/dolinawiedzy.pl\/kalisz\/wp-content\/uploads\/sites\/10\/2022\/10\/Header_Odlotowa_Fundacja-1024x774.jpg\" alt=\"\" class=\"wp-image-294 lazyload\" style=\"--smush-placeholder-width: 1024px; --smush-placeholder-aspect-ratio: 1024\/774;aspect-ratio:1.3240343347639485;width:776px;height:auto\" data-srcset=\"https:\/\/dolinawiedzy.pl\/kalisz\/wp-content\/uploads\/sites\/10\/2022\/10\/Header_Odlotowa_Fundacja-1024x774.jpg 1024w, https:\/\/dolinawiedzy.pl\/kalisz\/wp-content\/uploads\/sites\/10\/2022\/10\/Header_Odlotowa_Fundacja-300x227.jpg 300w, https:\/\/dolinawiedzy.pl\/kalisz\/wp-content\/uploads\/sites\/10\/2022\/10\/Header_Odlotowa_Fundacja-768x581.jpg 768w, https:\/\/dolinawiedzy.pl\/kalisz\/wp-content\/uploads\/sites\/10\/2022\/10\/Header_Odlotowa_Fundacja.jpg 1087w\" data-sizes=\"(max-width: 1024px) 100vw, 1024px\" src=\"data:image\/svg+xml;base64,PHN2ZyB3aWR0aD0iMSIgaGVpZ2h0PSIxIiB4bWxucz0iaHR0cDovL3d3dy53My5vcmcvMjAwMC9zdmciPjwvc3ZnPg==\" \/><\/figure>\n<\/div>\n\n\n<p class=\"has-text-align-left\"><strong>ODLOTOWA EDUKACJA<\/strong>&nbsp;to bezp\u0142atne zaj\u0119cia z chemii i fizyki dedykowane dla uczni\u00f3w 4, 5 i 6 klas szk\u00f3\u0142 podstawowych z teren\u00f3w wsi i ma\u0142ych miast wojew\u00f3dztwa Wielkopolskiego. To eksperymenty naukowe, przy pomocy kt\u00f3rych dok\u0142adnie t\u0142umaczone s\u0105 prawa, zjawiska i reakcje.<\/p>\n\n\n<div class=\"wp-block-image\">\n<figure class=\"aligncenter size-large is-resized\"><img decoding=\"async\" width=\"1024\" height=\"683\" data-src=\"https:\/\/dolinawiedzy.pl\/kalisz\/wp-content\/uploads\/sites\/10\/2025\/08\/A7409095-1024x683.jpg\" alt=\"\" class=\"wp-image-588 lazyload\" style=\"--smush-placeholder-width: 1024px; --smush-placeholder-aspect-ratio: 1024\/683;aspect-ratio:1.4975728155339805;width:769px;height:auto\" data-srcset=\"https:\/\/dolinawiedzy.pl\/kalisz\/wp-content\/uploads\/sites\/10\/2025\/08\/A7409095-1024x683.jpg 1024w, https:\/\/dolinawiedzy.pl\/kalisz\/wp-content\/uploads\/sites\/10\/2025\/08\/A7409095-300x200.jpg 300w, https:\/\/dolinawiedzy.pl\/kalisz\/wp-content\/uploads\/sites\/10\/2025\/08\/A7409095-768x512.jpg 768w, https:\/\/dolinawiedzy.pl\/kalisz\/wp-content\/uploads\/sites\/10\/2025\/08\/A7409095-1536x1024.jpg 1536w, https:\/\/dolinawiedzy.pl\/kalisz\/wp-content\/uploads\/sites\/10\/2025\/08\/A7409095-2048x1365.jpg 2048w\" data-sizes=\"(max-width: 1024px) 100vw, 1024px\" src=\"data:image\/svg+xml;base64,PHN2ZyB3aWR0aD0iMSIgaGVpZ2h0PSIxIiB4bWxucz0iaHR0cDovL3d3dy53My5vcmcvMjAwMC9zdmciPjwvc3ZnPg==\" \/><\/figure>\n<\/div>\n\n\n<p><strong>Odlotowa Chemia<\/strong> \u2013 to zaj\u0119cia polegaj\u0105ce na przybli\u017ceniu uczni\u00f3w do \u015bwiata przyrody i obecno\u015bci chemii w \u017cyciu codziennym. Zaj\u0119cia te odbywaj\u0105 si\u0119 w formie pokazowo-warsztatowej, uczestnicy bior\u0105 czynny udzia\u0142 w eksperymentach. Ka\u017cde zaj\u0119cia prowadzone przez specjalist\u0119 z zakresu chemii lub nauk pokrewnych. Pokazy z chemii s\u0105 prezentacj\u0105 tematycznie dobranych, interesuj\u0105cych, a wr\u0119cz fascynuj\u0105cych eksperyment\u00f3w. Przedstawiane s\u0105 prawa, kt\u00f3re zawieraj\u0105 si\u0119 w podstawie programowej w szkole, ale r\u00f3wnie\u017c takie wykraczaj\u0105ce poza ni\u0105. Cz\u0119\u015b\u0107 warsztatowa ma za zadanie zapoznanie dzieci z podstawowymi prawami chemii i przedstawienie ich w prostej i przyst\u0119pnej formie. Eksperymenty s\u0105 realizowane w blokach takich jak np.: reakcje chemiczne, rodzaje zwi\u0105zk\u00f3w chemicznych, skala pH i wska\u017aniki, chemia \u015brodk\u00f3w czysto\u015bci, sk\u0142adniki \u017cywno\u015bci. Uczniowie dowiaduj\u0105 si\u0119 mi\u0119dzy innymi czym r\u00f3\u017cni si\u0119 zjawisko fizyczne od reakcji chemicznej obserwuj\u0105c efekty obu proces\u00f3w.<\/p>\n\n\n<div class=\"wp-block-image\">\n<figure class=\"aligncenter size-large is-resized\"><img decoding=\"async\" width=\"1024\" height=\"682\" data-src=\"https:\/\/dolinawiedzy.pl\/kalisz\/wp-content\/uploads\/sites\/10\/2025\/08\/A7408371-1024x682.jpg\" alt=\"\" class=\"wp-image-589 lazyload\" style=\"--smush-placeholder-width: 1024px; --smush-placeholder-aspect-ratio: 1024\/682;aspect-ratio:1.4976076555023923;width:770px;height:auto\" data-srcset=\"https:\/\/dolinawiedzy.pl\/kalisz\/wp-content\/uploads\/sites\/10\/2025\/08\/A7408371-1024x682.jpg 1024w, https:\/\/dolinawiedzy.pl\/kalisz\/wp-content\/uploads\/sites\/10\/2025\/08\/A7408371-300x200.jpg 300w, https:\/\/dolinawiedzy.pl\/kalisz\/wp-content\/uploads\/sites\/10\/2025\/08\/A7408371-768x512.jpg 768w, https:\/\/dolinawiedzy.pl\/kalisz\/wp-content\/uploads\/sites\/10\/2025\/08\/A7408371-1536x1024.jpg 1536w, https:\/\/dolinawiedzy.pl\/kalisz\/wp-content\/uploads\/sites\/10\/2025\/08\/A7408371.jpg 2000w\" data-sizes=\"(max-width: 1024px) 100vw, 1024px\" src=\"data:image\/svg+xml;base64,PHN2ZyB3aWR0aD0iMSIgaGVpZ2h0PSIxIiB4bWxucz0iaHR0cDovL3d3dy53My5vcmcvMjAwMC9zdmciPjwvc3ZnPg==\" \/><\/figure>\n<\/div>\n\n\n<p><strong>Odlotowa Fizyka <\/strong>\u2013 Celem zaj\u0119\u0107 jest rozbudzenie zainteresowania dzieci zjawiskami otaczaj\u0105cego \u015bwiata, wyrabianie nawyku poszerzani wiedzy, kszta\u0142towanie ciekawo\u015bci poznawczej. Podczas zaj\u0119\u0107 przedstawiony b\u0119dzie szereg do\u015bwiadcze\u0144, kt\u00f3re obrazuj\u0105 tajniki zachowa\u0144, czynno\u015bci, i zjawisk zachodz\u0105cych&nbsp; w naszym \u015brodowisku i \u017cyciu. Przewidziane zaj\u0119cia polegaj\u0105 na przybli\u017ceniu uczni\u00f3w do \u015bwiata przyrody i pokazaniu r\u00f3\u017cnorodno\u015bci fizyki. Zaj\u0119cia prowadzone s\u0105 przez dw\u00f3ch specjalist\u00f3w z zakresu fizyki lub nauk pokrewnych. Pokazy z fizyki s\u0105 prezentacj\u0105 tematycznie dobranych eksperyment\u00f3w. Eksperymenty realizowane s\u0105 z r\u00f3\u017cnych dziedzin fizyki takich jak: elektrostatyka i elektromagnetyzm, hydrostatyka, mechanika, termodynamika, optyka, akustyka i inne. Uczestnicy poznaj\u0105 prawa dotycz\u0105ce \u0142adunk\u00f3w elektrycznych i pr\u0105du oraz zaobserwuj\u0105 jak zachowuj\u0105 si\u0119 \u0142adunki p\u0142yn\u0105ce np. przez organizm cz\u0142owieka.<\/p>\n\n\n<div class=\"wp-block-image\">\n<figure class=\"aligncenter size-large is-resized\"><img decoding=\"async\" width=\"1024\" height=\"683\" data-src=\"https:\/\/dolinawiedzy.pl\/kalisz\/wp-content\/uploads\/sites\/10\/2025\/08\/A7409308-1-1024x683.jpg\" alt=\"\" class=\"wp-image-591 lazyload\" style=\"--smush-placeholder-width: 1024px; --smush-placeholder-aspect-ratio: 1024\/683;width:777px;height:auto\" data-srcset=\"https:\/\/dolinawiedzy.pl\/kalisz\/wp-content\/uploads\/sites\/10\/2025\/08\/A7409308-1-1024x683.jpg 1024w, https:\/\/dolinawiedzy.pl\/kalisz\/wp-content\/uploads\/sites\/10\/2025\/08\/A7409308-1-300x200.jpg 300w, https:\/\/dolinawiedzy.pl\/kalisz\/wp-content\/uploads\/sites\/10\/2025\/08\/A7409308-1-768x512.jpg 768w, https:\/\/dolinawiedzy.pl\/kalisz\/wp-content\/uploads\/sites\/10\/2025\/08\/A7409308-1-1536x1024.jpg 1536w, https:\/\/dolinawiedzy.pl\/kalisz\/wp-content\/uploads\/sites\/10\/2025\/08\/A7409308-1-2048x1365.jpg 2048w\" data-sizes=\"(max-width: 1024px) 100vw, 1024px\" src=\"data:image\/svg+xml;base64,PHN2ZyB3aWR0aD0iMSIgaGVpZ2h0PSIxIiB4bWxucz0iaHR0cDovL3d3dy53My5vcmcvMjAwMC9zdmciPjwvc3ZnPg==\" \/><\/figure>\n<\/div>\n\n\n<p>Projekt realizowany jest w ramach zadania publicznego pn. &#8222;Wspieranie inicjatyw promuj\u0105cych szkolnictwo zawodowe\u201d, Tytu\u0142 projektu \u201eOdlotowa Edukacja\u201d. dzi\u0119ki dofinansowaniu z bud\u017cetu Urz\u0119du Marsza\u0142kowskiego Wojew\u00f3dztwa Wielkopolskiego w latach 2022-2025. <\/p>\n\n\n<div class=\"wp-block-image\">\n<figure class=\"aligncenter size-large is-resized\"><img decoding=\"async\" width=\"1024\" height=\"384\" data-src=\"https:\/\/dolinawiedzy.pl\/kalisz\/wp-content\/uploads\/sites\/10\/2025\/05\/logo_umww-1-1024x384.jpg\" alt=\"\" class=\"wp-image-555 lazyload\" style=\"--smush-placeholder-width: 1024px; --smush-placeholder-aspect-ratio: 1024\/384;width:293px;height:auto\" data-srcset=\"https:\/\/dolinawiedzy.pl\/kalisz\/wp-content\/uploads\/sites\/10\/2025\/05\/logo_umww-1-1024x384.jpg 1024w, https:\/\/dolinawiedzy.pl\/kalisz\/wp-content\/uploads\/sites\/10\/2025\/05\/logo_umww-1-300x113.jpg 300w, https:\/\/dolinawiedzy.pl\/kalisz\/wp-content\/uploads\/sites\/10\/2025\/05\/logo_umww-1-768x288.jpg 768w, https:\/\/dolinawiedzy.pl\/kalisz\/wp-content\/uploads\/sites\/10\/2025\/05\/logo_umww-1-1536x576.jpg 1536w, https:\/\/dolinawiedzy.pl\/kalisz\/wp-content\/uploads\/sites\/10\/2025\/05\/logo_umww-1.jpg 1920w\" data-sizes=\"(max-width: 1024px) 100vw, 1024px\" src=\"data:image\/svg+xml;base64,PHN2ZyB3aWR0aD0iMSIgaGVpZ2h0PSIxIiB4bWxucz0iaHR0cDovL3d3dy53My5vcmcvMjAwMC9zdmciPjwvc3ZnPg==\" \/><\/figure>\n<\/div>\n\n\n<p>Zaj\u0119cia dla uczni\u00f3w szk\u00f3\u0142 podstawowych z Kalisza s\u0105 realizowane dzi\u0119ki \u015brodkom z bud\u017cetu Urz\u0119du Miasta Kalisza w ramach projektu pn. &#8222;Popularyzacja kszta\u0142cenia zawodowego, odpowiadaj\u0105cego na wyzwanie wsp\u00f3\u0142czesnego rynku pracy w 2025 roku.&#8221;<\/p>\n\n\n<div class=\"wp-block-image\">\n<figure class=\"aligncenter size-large is-resized\"><img decoding=\"async\" width=\"1024\" height=\"575\" data-src=\"https:\/\/dolinawiedzy.pl\/kalisz\/wp-content\/uploads\/sites\/10\/2025\/08\/7267E2A3-7B52-4BCA-8BF2-9A69496BE294-1024x575.png\" alt=\"\" class=\"wp-image-593 lazyload\" style=\"--smush-placeholder-width: 1024px; --smush-placeholder-aspect-ratio: 1024\/575;width:250px;height:auto\" data-srcset=\"https:\/\/dolinawiedzy.pl\/kalisz\/wp-content\/uploads\/sites\/10\/2025\/08\/7267E2A3-7B52-4BCA-8BF2-9A69496BE294-1024x575.png 1024w, https:\/\/dolinawiedzy.pl\/kalisz\/wp-content\/uploads\/sites\/10\/2025\/08\/7267E2A3-7B52-4BCA-8BF2-9A69496BE294-300x168.png 300w, https:\/\/dolinawiedzy.pl\/kalisz\/wp-content\/uploads\/sites\/10\/2025\/08\/7267E2A3-7B52-4BCA-8BF2-9A69496BE294-768x431.png 768w, https:\/\/dolinawiedzy.pl\/kalisz\/wp-content\/uploads\/sites\/10\/2025\/08\/7267E2A3-7B52-4BCA-8BF2-9A69496BE294.png 1504w\" data-sizes=\"(max-width: 1024px) 100vw, 1024px\" src=\"data:image\/svg+xml;base64,PHN2ZyB3aWR0aD0iMSIgaGVpZ2h0PSIxIiB4bWxucz0iaHR0cDovL3d3dy53My5vcmcvMjAwMC9zdmciPjwvc3ZnPg==\" \/><\/figure>\n<\/div>","protected":false},"excerpt":{"rendered":"<p>ODLOTOWA EDUKACJA&nbsp;to bezp\u0142atne zaj\u0119cia z chemii i fizyki dedykowane dla uczni\u00f3w 4, 5 i 6 klas szk\u00f3\u0142 podstawowych z teren\u00f3w wsi i ma\u0142ych miast wojew\u00f3dztwa Wielkopolskiego. To eksperymenty naukowe, przy pomocy kt\u00f3rych dok\u0142adnie t\u0142umaczone s\u0105 prawa, zjawiska i reakcje. Odlotowa Chemia \u2013 to zaj\u0119cia polegaj\u0105ce na przybli\u017ceniu uczni\u00f3w do \u015bwiata przyrody i obecno\u015bci chemii w \u017cyciu codziennym. Zaj\u0119cia te odbywaj\u0105 si\u0119 w formie pokazowo-warsztatowej, uczestnicy bior\u0105 czynny udzia\u0142 w eksperymentach.&hellip;<\/p>\n","protected":false},"author":1,"featured_media":0,"parent":0,"menu_order":12,"comment_status":"closed","ping_status":"closed","template":"","meta":{"footnotes":""},"class_list":["post-29","page","type-page","status-publish","hentry"],"_links":{"self":[{"href":"https:\/\/dolinawiedzy.pl\/kalisz\/wp-json\/wp\/v2\/pages\/29","targetHints":{"allow":["GET"]}}],"collection":[{"href":"https:\/\/dolinawiedzy.pl\/kalisz\/wp-json\/wp\/v2\/pages"}],"about":[{"href":"https:\/\/dolinawiedzy.pl\/kalisz\/wp-json\/wp\/v2\/types\/page"}],"author":[{"embeddable":true,"href":"https:\/\/dolinawiedzy.pl\/kalisz\/wp-json\/wp\/v2\/users\/1"}],"replies":[{"embeddable":true,"href":"https:\/\/dolinawiedzy.pl\/kalisz\/wp-json\/wp\/v2\/comments?post=29"}],"version-history":[{"count":17,"href":"https:\/\/dolinawiedzy.pl\/kalisz\/wp-json\/wp\/v2\/pages\/29\/revisions"}],"predecessor-version":[{"id":594,"href":"https:\/\/dolinawiedzy.pl\/kalisz\/wp-json\/wp\/v2\/pages\/29\/revisions\/594"}],"wp:attachment":[{"href":"https:\/\/dolinawiedzy.pl\/kalisz\/wp-json\/wp\/v2\/media?parent=29"}],"curies":[{"name":"wp","href":"https:\/\/api.w.org\/{rel}","templated":true}]}}