{"id":16,"date":"2022-09-14T12:06:51","date_gmt":"2022-09-14T10:06:51","guid":{"rendered":"https:\/\/dolinawiedzy.pl\/kalisz\/?page_id=16"},"modified":"2023-01-31T11:25:30","modified_gmt":"2023-01-31T10:25:30","slug":"o-fundacji","status":"publish","type":"page","link":"https:\/\/dolinawiedzy.pl\/kalisz\/o-fundacji\/","title":{"rendered":"O Fundacji"},"content":{"rendered":"\n<figure class=\"wp-block-image size-full is-resized\"><img decoding=\"async\" data-src=\"https:\/\/dolinawiedzy.pl\/kalisz\/wp-content\/uploads\/sites\/10\/2022\/10\/dolina-logo.jpg\" alt=\"\" class=\"wp-image-102 lazyload\" width=\"422\" height=\"154\" data-srcset=\"https:\/\/dolinawiedzy.pl\/kalisz\/wp-content\/uploads\/sites\/10\/2022\/10\/dolina-logo.jpg 576w, https:\/\/dolinawiedzy.pl\/kalisz\/wp-content\/uploads\/sites\/10\/2022\/10\/dolina-logo-300x109.jpg 300w\" data-sizes=\"(max-width: 422px) 100vw, 422px\" src=\"data:image\/svg+xml;base64,PHN2ZyB3aWR0aD0iMSIgaGVpZ2h0PSIxIiB4bWxucz0iaHR0cDovL3d3dy53My5vcmcvMjAwMC9zdmciPjwvc3ZnPg==\" style=\"--smush-placeholder-width: 422px; --smush-placeholder-aspect-ratio: 422\/154;\" \/><\/figure>\n\n\n\n<p>Fundacja Wspierania Edukacji przy Stowarzyszeniu \u201eDolina Lotnicza\u201d zosta\u0142a powo\u0142ana z\u202fmy\u015bl\u0105 o stworzeniu dla dzieci i m\u0142odzie\u017cy nowych mo\u017cliwo\u015bci rozwoju poprzez organizowanie specjalnie przygotowywanych, interaktywnych zaj\u0119\u0107 oraz pokaz\u00f3w naukowych.<\/p>\n\n\n\n<p>Jej g\u0142\u00f3wnym celem jest udowodnienie m\u0142odym ludziom, \u017ce nauka nie musi by\u0107 nudna i mo\u017ce dawa\u0107 wiele satysfakcji. Misj\u0105 Fundacji jest rozwijanie zainteresowa\u0144 m\u0142odych ludzi i zach\u0119canie ich do poznawania \u015bwiata, tak aby \u201eprzygoda\u201d z nauk\u0105, przynios\u0142a korzy\u015bci w przysz\u0142ym \u017cyciu zawodowym.<\/p>\n\n\n\n<p>Do lutego 2018 Fundacja by\u0142a organizatorem zaj\u0119\u0107 popularnonaukowych pn. Politechnika Dzieci\u0119ca, kt\u00f3re mia\u0142y sw\u00f3j pocz\u0105tek w Rzeszowie. W\u202fkolejnych latach projekt otwiera\u0142 swoje filie w Mielcu, D\u0119bicy, Ustrzykach Dolnych i Stalowej Woli. Od marca 2018 roku, w wyniku nawi\u0105zania wsp\u00f3\u0142pracy z Uniwersytetem Rzeszowskim, Fundacja powo\u0142a\u0142a nowy projekt dla dzieci pn. Dzieci\u0119cy Uniwersytet Techniczny realizowany w Rzeszowie, Mielcu, D\u0119bicy, Ustrzykach Dolnych, Stalowej Woli oraz od 2020 roku, r\u00f3wnie\u017c w Ja\u015ble. <\/p>\n\n\n\n<p>Fundacja Wspierania Edukacji przy Stowarzyszeniu \u201eDolina Lotnicza\u201d, realizuje r\u00f3wnie\u017c zaj\u0119cia i pokazy naukowe w ramach innych projekt\u00f3w edukacyjnych. Z pokazami Dzieci\u0119cego Uniwersytetu Technicznego odwiedza szko\u0142y podstawowe, przede wszystkim z obszar\u00f3w wiejskich na terenie ca\u0142ego Podkarpacia. &nbsp;Do tej pory projektem tym obj\u0119te zosta\u0142o oko\u0142o 8700 dzieci. Dla uczni\u00f3w szk\u00f3\u0142 ponadpodstawowych realizowane s\u0105 programy edukacyjne takie jak: Odlotowa Fizyka i Chemia czy Sugestia z kt\u00f3rych skorzysta\u0142o ju\u017c ponad 16,5 tysi\u0105ca m\u0142odych ludzi.&nbsp;&nbsp;&nbsp;<\/p>\n\n\n\n<p>Dzi\u0119ki wsp\u00f3\u0142pracy z uczelniami wy\u017cszymi z regionu Fundacja realizuje r\u00f3wnie\u017c projekty badawcze i wspiera system edukacji. W latach 2015 &#8211; 2016 r. wsp\u00f3lnie z Politechnik\u0105 Rzeszowsk\u0105, prowadzi\u0142a studia podyplomowe, zaprojektowane dla nauczycieli przedmiot\u00f3w zawodowych ucz\u0105cych w szko\u0142ach ponadgimnazjalnych. Program studi\u00f3w zosta\u0142 opracowany wsp\u00f3lnie z\u202fprzedstawicielami firm, dzi\u0119ki czemu umiej\u0119tno\u015bci, jakie zdobyli uczestnicy odpowiada\u0142y wymogom stawianym przez rynek pracy.&nbsp;&nbsp;<\/p>\n\n\n\n<p>Od listopada 2017 do pa\u017adziernika 2019 roku Fundacja by\u0142a partnerem w projekcie edukacyjnym Learn&amp;Fly \u2013 wsp\u00f3\u0142finansowanym przez Komisj\u0119 Europejsk\u0105 w ramach programu Erasmus+.<\/p>\n\n\n\n<p>Fundacja Wspierania Edukacji przy Stowarzyszeniu \u201eDolina Lotnicza\u201d jest m.in. cz\u0142onkiem Stowarzyszenia \u201eWiedza i Spo\u0142ecze\u0144stwo SPiN\u201d \u2013 zrzeszaj\u0105cego centra nauki w Polsce, zaanga\u017cowana jest w tworzenie Podkarpackiego Centrum Nauki, jak r\u00f3wnie\u017c konsultuje wiele innych inicjatyw i projekt\u00f3w edukacyjnych i popularnonaukowych w regionie.<\/p>\n\n\n\n<p>W lutym 2022 roku Fundacja powo\u0142a\u0142a swoj\u0105 filie w Kaliszu, w Wielkopolsce.<\/p>\n\n\n\n<p>Pierwsze projekty, kt\u00f3re realizowa\u0142a filia to projekt &#8222;Odlotowa Chemia i Odlotowa Fizyka&#8221; w ramach zadania publicznego pn. &#8222;Wspieranie inicjatyw promuj\u0105cych szkolnictwo zawodowe. Tytu\u0142 projektu: &#8222;Odlotowa Edukacja&#8221;. Projekt finansowany by\u0142 przez Samorz\u0105d Wojew\u00f3dztwa Wielkopolskiego.<\/p>\n\n\n\n<p>Kolejnym ogromnym przedsi\u0119wzi\u0119ciem Fundacji by\u0142o utworzenie w Kaliszu Wytw\u00f3rni Kreatywno\u015bci, w kt\u00f3rej organizowane s\u0105 multinaukowe warsztaty, anga\u017cuj\u0105ce cechy dobrego konstruktora. Uczestnicy mierz\u0105 si\u0119 tu z zadaniami z r\u00f3\u017cnych dziedzin nauki. Wytw\u00f3rnia Kreatywno\u015bci to projekt, kt\u00f3rego organizatorami s\u0105 Fundacja Wspierania Edukacji przy Stowarzyszeniu Dolina Lotnicza oraz Wielkopolski Klaster Lotniczy. Partnerzy strategiczni to firma Pratt &amp;Whitney, Akademia Kaliska im. Prezydenta Stanis\u0142awa Wojciechowskiego oraz Miasto Kalisz.<\/p>\n","protected":false},"excerpt":{"rendered":"<p>Fundacja Wspierania Edukacji przy Stowarzyszeniu \u201eDolina Lotnicza\u201d zosta\u0142a powo\u0142ana z\u202fmy\u015bl\u0105 o stworzeniu dla dzieci i m\u0142odzie\u017cy nowych mo\u017cliwo\u015bci rozwoju poprzez organizowanie specjalnie przygotowywanych, interaktywnych zaj\u0119\u0107 oraz pokaz\u00f3w naukowych. Jej g\u0142\u00f3wnym celem jest udowodnienie m\u0142odym ludziom, \u017ce nauka nie musi by\u0107 nudna i mo\u017ce dawa\u0107 wiele satysfakcji. Misj\u0105 Fundacji jest rozwijanie zainteresowa\u0144 m\u0142odych ludzi i zach\u0119canie ich do poznawania \u015bwiata, tak aby \u201eprzygoda\u201d z nauk\u0105, przynios\u0142a korzy\u015bci w przysz\u0142ym \u017cyciu zawodowym.&hellip;<\/p>\n","protected":false},"author":1,"featured_media":0,"parent":0,"menu_order":10,"comment_status":"closed","ping_status":"closed","template":"","meta":{"footnotes":""},"class_list":["post-16","page","type-page","status-publish","hentry"],"_links":{"self":[{"href":"https:\/\/dolinawiedzy.pl\/kalisz\/wp-json\/wp\/v2\/pages\/16","targetHints":{"allow":["GET"]}}],"collection":[{"href":"https:\/\/dolinawiedzy.pl\/kalisz\/wp-json\/wp\/v2\/pages"}],"about":[{"href":"https:\/\/dolinawiedzy.pl\/kalisz\/wp-json\/wp\/v2\/types\/page"}],"author":[{"embeddable":true,"href":"https:\/\/dolinawiedzy.pl\/kalisz\/wp-json\/wp\/v2\/users\/1"}],"replies":[{"embeddable":true,"href":"https:\/\/dolinawiedzy.pl\/kalisz\/wp-json\/wp\/v2\/comments?post=16"}],"version-history":[{"count":7,"href":"https:\/\/dolinawiedzy.pl\/kalisz\/wp-json\/wp\/v2\/pages\/16\/revisions"}],"predecessor-version":[{"id":315,"href":"https:\/\/dolinawiedzy.pl\/kalisz\/wp-json\/wp\/v2\/pages\/16\/revisions\/315"}],"wp:attachment":[{"href":"https:\/\/dolinawiedzy.pl\/kalisz\/wp-json\/wp\/v2\/media?parent=16"}],"curies":[{"name":"wp","href":"https:\/\/api.w.org\/{rel}","templated":true}]}}