{"id":2,"date":"2017-04-26T09:30:37","date_gmt":"2017-04-26T07:30:37","guid":{"rendered":"https:\/\/dolinawiedzy.pl\/festiwal\/?page_id=2"},"modified":"2017-08-18T13:52:16","modified_gmt":"2017-08-18T11:52:16","slug":"przykladowa-strona","status":"publish","type":"page","link":"https:\/\/dolinawiedzy.pl\/festiwalnauki2017\/","title":{"rendered":"Strona g\u0142\u00f3wna"},"content":{"rendered":"<div class=\"festiwal\">\n<h1>Festiwal Nauki to najwi\u0119ksza impreza popularnonaukowa w regionie, kt\u00f3ra jest adresowana do wszystkich mieszka\u0144c\u00f3w Podkarpacia&#8230; i nie tylko.<\/h1>\n<p><strong>17-18.09.2017 &#8211; Wst\u0119p wolny!<\/strong><\/p>\n<\/div>\n<div class=\"opis\">Ide\u0105 festiwalu jest popularyzacja nauki i najwa\u017cniejszych osi\u0105gni\u0119\u0107 naukowych, a tak\u017ce rozbudzanie zainteresowania kierunkami technicznymi.<\/div>\n<div class=\"at-btn-wrap init-animate fadeInLeft animated\"><a class=\"btn btn-primary\" href=\"https:\/\/dolinawiedzy.pl\/festiwal\/festiwal2017\">Wi\u0119cej informacji<\/a><\/div>\n","protected":false},"excerpt":{"rendered":"<p>Festiwal Nauki to najwi\u0119ksza impreza popularnonaukowa w regionie, kt\u00f3ra jest adresowana do wszystkich mieszka\u0144c\u00f3w Podkarpacia&#8230; i nie tylko. 17-18.09.2017 &#8211; Wst\u0119p wolny! Ide\u0105 festiwalu jest popularyzacja nauki i najwa\u017cniejszych osi\u0105gni\u0119\u0107 naukowych, a tak\u017ce rozbudzanie zainteresowania kierunkami technicznymi. Wi\u0119cej informacji<\/p>\n","protected":false},"author":1,"featured_media":0,"parent":0,"menu_order":0,"comment_status":"closed","ping_status":"open","template":"","meta":{"footnotes":""},"class_list":["post-2","page","type-page","status-publish","hentry"],"_links":{"self":[{"href":"https:\/\/dolinawiedzy.pl\/festiwalnauki2017\/wp-json\/wp\/v2\/pages\/2","targetHints":{"allow":["GET"]}}],"collection":[{"href":"https:\/\/dolinawiedzy.pl\/festiwalnauki2017\/wp-json\/wp\/v2\/pages"}],"about":[{"href":"https:\/\/dolinawiedzy.pl\/festiwalnauki2017\/wp-json\/wp\/v2\/types\/page"}],"author":[{"embeddable":true,"href":"https:\/\/dolinawiedzy.pl\/festiwalnauki2017\/wp-json\/wp\/v2\/users\/1"}],"replies":[{"embeddable":true,"href":"https:\/\/dolinawiedzy.pl\/festiwalnauki2017\/wp-json\/wp\/v2\/comments?post=2"}],"version-history":[{"count":18,"href":"https:\/\/dolinawiedzy.pl\/festiwalnauki2017\/wp-json\/wp\/v2\/pages\/2\/revisions"}],"predecessor-version":[{"id":631,"href":"https:\/\/dolinawiedzy.pl\/festiwalnauki2017\/wp-json\/wp\/v2\/pages\/2\/revisions\/631"}],"wp:attachment":[{"href":"https:\/\/dolinawiedzy.pl\/festiwalnauki2017\/wp-json\/wp\/v2\/media?parent=2"}],"curies":[{"name":"wp","href":"https:\/\/api.w.org\/{rel}","templated":true}]}}