{"id":8,"date":"2015-10-21T19:23:08","date_gmt":"2015-10-21T17:23:08","guid":{"rendered":"https:\/\/dolinawiedzy.pl\/festiwal\/?page_id=8"},"modified":"2015-12-15T18:40:35","modified_gmt":"2015-12-15T17:40:35","slug":"partnerzy","status":"publish","type":"page","link":"https:\/\/dolinawiedzy.pl\/festiwal2015\/partnerzy\/","title":{"rendered":"Partnerzy"},"content":{"rendered":"<h2 style=\"text-align: center;\"><strong><a href=\"http:\/\/portal.prz.edu.pl\/pl\/\" target=\"_blank\">Politechnika Rzeszowska im. I. \u0141ukasiewicza<\/a><\/strong><\/h2>\n<p><a href=\"http:\/\/portal.prz.edu.pl\" rel=\"attachment wp-att-29\"><img loading=\"lazy\" decoding=\"async\" class=\"alignleft wp-image-29\" src=\"https:\/\/dolinawiedzy.pl\/festiwal\/wp-content\/uploads\/sites\/6\/2015\/10\/logo-prz-300x119.png\" alt=\"logo prz\" width=\"255\" height=\"101\" srcset=\"https:\/\/dolinawiedzy.pl\/festiwal2015\/wp-content\/uploads\/sites\/6\/2015\/10\/logo-prz-300x119.png 300w, https:\/\/dolinawiedzy.pl\/festiwal2015\/wp-content\/uploads\/sites\/6\/2015\/10\/logo-prz.png 356w\" sizes=\"auto, (max-width: 255px) 100vw, 255px\" \/><\/a>Politechnika Rzeszowska im. Ignacego \u0141ukasiewicza to najstarsza uczelnia techniczna w po\u0142udniowo-wschodniej Polsce. Na 6 wydzia\u0142ach dzia\u0142a 25 kierunk\u00f3w studi\u00f3w. Obecnie na uczelni kszta\u0142ci si\u0119 prawie 17 tys. student\u00f3w.<\/p>\n<p>Politechnika Rzeszowska to ciesz\u0105cy si\u0119 mi\u0119dzynarodowym uznaniem o\u015brodek badawczy, wsp\u00f3\u0142pracuj\u0105cy z szeregiem instytucji na ca\u0142ym \u015bwiecie. Dysponuje nowoczesnym sprz\u0119tem laboratoryjnym, niejednokrotnie unikalnym na skal\u0119 nie tylko kraju, ale i \u015bwiata, kt\u00f3ry pozwala wykonywa\u0107 skomplikowane badania na zlecenie przedstawicieli przemys\u0142u.<\/p>\n<p>Uczelnia s\u0142ynie z kszta\u0142cenia pilot\u00f3w lotnictwa cywilnego na Wydziale Budowy Maszyn i Lotnictwa, na kierunku lotnictwo i kosmonautyka. Kierunek cieszy si\u0119 nies\u0142abn\u0105cym zainteresowaniem. Do tej pory Uczelnia wykszta\u0142ci\u0142a ok. 550 pilot\u00f3w, w\u015br\u00f3d nich kapitana Tadeusza Wron\u0119.<\/p>\n<p>Politechnika Rzeszowska jest cz\u0142onkiem kilku klastr\u00f3w, do kt\u00f3rych jako najwi\u0119ksza uczelnia techniczna w regionie, wnosi przede wszystkim olbrzymi potencja\u0142 badawczy, do\u015bwiadczenie oraz cenionych specjalist\u00f3w z licznych dziedzin nauki. Najwi\u0119kszym klastrem, kt\u00f3rego cz\u0142onkiem jest Politechnika jest Dolina Lotnicza. Poprzez uczestnictwo w klastrze uczelnia ma mo\u017cliwo\u015b\u0107 uzyskania informacji o zapotrzebowaniu przemys\u0142u na konkretnych specjalist\u00f3w.<\/p>\n<p>&nbsp;<\/p>\n<p>&nbsp;<\/p>\n<h2 style=\"text-align: center;\"><strong> <a href=\"http:\/\/new.abb.com\/products\/robotics\/pl\" target=\"_blank\">ABB Polska<\/a><\/strong><\/h2>\n<p><a href=\"http:\/\/new.abb.com\/products\/robotics\/pl\"><img loading=\"lazy\" decoding=\"async\" class=\"wp-image-27 alignright\" src=\"https:\/\/dolinawiedzy.pl\/festiwal\/wp-content\/uploads\/sites\/6\/2015\/10\/ABB1_rgb300_10mm.png\" alt=\"ABB1_rgb300_10mm\" width=\"256\" height=\"102\" srcset=\"https:\/\/dolinawiedzy.pl\/festiwal2015\/wp-content\/uploads\/sites\/6\/2015\/10\/ABB1_rgb300_10mm.png 304w, https:\/\/dolinawiedzy.pl\/festiwal2015\/wp-content\/uploads\/sites\/6\/2015\/10\/ABB1_rgb300_10mm-300x119.png 300w\" sizes=\"auto, (max-width: 256px) 100vw, 256px\" \/><\/a>ABB jest wiod\u0105cym dostawc\u0105 robot\u00f3w przemys\u0142owych, modu\u0142owych system\u00f3w produkcyjnych i us\u0142ug w zakresie robotyzacji produkcji. Firma jest silnie ukierunkowana na rozwi\u0105zywanie problem\u00f3w, co ma istotne znaczenie we wspomaganiu producent\u00f3w pracuj\u0105cych nad zwi\u0119kszaniem wydajno\u015bci, poprawianiem jako\u015b\u0107 produkt\u00f3w zwi\u0119kszaniem bezpiecze\u0144stwa pracy za\u0142ogi.<\/p>\n<p>Do chwili obecnej zainstalowano ju\u017c ponad 250 000 robot\u00f3w ABB na ca\u0142ym \u015bwiecie.\u00a0Firma posiada szerok\u0105 gam\u0119 produkt\u00f3w robotyki pracuj\u0105cych w najwi\u0119kszych zak\u0142adach produkcyjnych na \u015bwiecie. Ciekawostk\u0105 jest fakt, \u017ce pierwszy elektryczny robot przemys\u0142owy na \u015bwiecie zosta\u0142 opracowany w\u0142a\u015bnie przez ABB. Produkty ABB dzi\u0119ki znacznemu skr\u00f3ceniu czasu cykli, stale wysokiej jako\u015bci oraz coraz wi\u0119kszej elastyczno\u015bci, przyczyni\u0142y si\u0119 do sukcesu w wielu bran\u017cach przemys\u0142u.<\/p>\n<p>&nbsp;<\/p>\n<p>&nbsp;<\/p>\n<h2 style=\"text-align: center;\"><strong><a href=\"http:\/\/www.robo.kia.prz.edu.pl\/\" target=\"_blank\">Ko\u0142o Naukowe Automatyk\u00f3w \u201eROBO\u201d Politechniki Rzeszowskiej<\/a><\/strong><\/h2>\n<p><a href=\"http:\/\/www.robo.kia.prz.edu.pl\/\"><img loading=\"lazy\" decoding=\"async\" class=\"alignleft wp-image-30\" src=\"https:\/\/dolinawiedzy.pl\/festiwal\/wp-content\/uploads\/sites\/6\/2015\/10\/kolo-autom-i-robot-PRz.jpg\" alt=\"kolo autom i robot PRz\" width=\"181\" height=\"179\" \/><\/a>Studenckie Ko\u0142o Naukowe Automatyk\u00f3w i Robotyk\u00f3w \u201eROBO\u201d powsta\u0142o w 2006 roku i dzia\u0142a przy Katedrze Informatyki i Automatyki Politechniki Rzeszowskiej. Organizacja zrzesza student\u00f3w g\u0142\u00f3wnie kierunku Automatyka i Robotyka, kt\u00f3rych zainteresowania skupiaj\u0105 si\u0119 wok\u00f3\u0142 automatyki, robotyki, elektroniki, informatyki oraz szeroko poj\u0119tych system\u00f3w zarz\u0105dzania i sterowania przemys\u0142owymi systemami produkcji. W ramach dzia\u0142alno\u015bci, studenci realizuj\u0105 liczne projekty techniczne, organizuj\u0105 seminaria oraz warsztaty umo\u017cliwiaj\u0105ce rozwijanie w\u0142asnych umiej\u0119tno\u015bci oraz pasji. G\u0142\u00f3wnym obszarem dzia\u0142alno\u015bci s\u0105 szeroko poj\u0119te roboty mobilne. Prezentowane na festiwalach oraz zawodach o charakterze og\u00f3lnopolskim odnosz\u0105 liczne sukcesy. Od 2013 roku ROBO jest organizatorem Mi\u0119dzynarodowych Zawod\u00f3w Robot\u00f3w ROBO~motion, kt\u00f3re s\u0105 cz\u0142onkiem Polskiej Unii Robotyki Turniejowej.<\/p>\n<p style=\"text-align: center;\">\n","protected":false},"excerpt":{"rendered":"<p>Politechnika Rzeszowska im. I. \u0141ukasiewicza Politechnika Rzeszowska im. Ignacego \u0141ukasiewicza to najstarsza uczelnia techniczna w po\u0142udniowo-wschodniej Polsce. Na 6 wydzia\u0142ach dzia\u0142a 25 kierunk\u00f3w studi\u00f3w. Obecnie na uczelni kszta\u0142ci si\u0119 prawie 17 tys. student\u00f3w. Politechnika Rzeszowska to ciesz\u0105cy si\u0119 mi\u0119dzynarodowym uznaniem o\u015brodek badawczy, wsp\u00f3\u0142pracuj\u0105cy z szeregiem instytucji na ca\u0142ym \u015bwiecie. Dysponuje nowoczesnym sprz\u0119tem laboratoryjnym, niejednokrotnie unikalnym [&hellip;]<\/p>\n","protected":false},"author":1,"featured_media":0,"parent":0,"menu_order":0,"comment_status":"closed","ping_status":"closed","template":"","meta":{"footnotes":""},"class_list":["post-8","page","type-page","status-publish","hentry"],"_links":{"self":[{"href":"https:\/\/dolinawiedzy.pl\/festiwal2015\/wp-json\/wp\/v2\/pages\/8","targetHints":{"allow":["GET"]}}],"collection":[{"href":"https:\/\/dolinawiedzy.pl\/festiwal2015\/wp-json\/wp\/v2\/pages"}],"about":[{"href":"https:\/\/dolinawiedzy.pl\/festiwal2015\/wp-json\/wp\/v2\/types\/page"}],"author":[{"embeddable":true,"href":"https:\/\/dolinawiedzy.pl\/festiwal2015\/wp-json\/wp\/v2\/users\/1"}],"replies":[{"embeddable":true,"href":"https:\/\/dolinawiedzy.pl\/festiwal2015\/wp-json\/wp\/v2\/comments?post=8"}],"version-history":[{"count":11,"href":"https:\/\/dolinawiedzy.pl\/festiwal2015\/wp-json\/wp\/v2\/pages\/8\/revisions"}],"predecessor-version":[{"id":561,"href":"https:\/\/dolinawiedzy.pl\/festiwal2015\/wp-json\/wp\/v2\/pages\/8\/revisions\/561"}],"wp:attachment":[{"href":"https:\/\/dolinawiedzy.pl\/festiwal2015\/wp-json\/wp\/v2\/media?parent=8"}],"curies":[{"name":"wp","href":"https:\/\/api.w.org\/{rel}","templated":true}]}}