{"id":55,"date":"2015-11-06T15:06:46","date_gmt":"2015-11-06T14:06:46","guid":{"rendered":"https:\/\/dolinawiedzy.pl\/festiwal\/?page_id=55"},"modified":"2015-11-10T08:41:56","modified_gmt":"2015-11-10T07:41:56","slug":"zawody-robotow","status":"publish","type":"page","link":"https:\/\/dolinawiedzy.pl\/festiwal2015\/zawody-robotow\/","title":{"rendered":"Zawody robot\u00f3w"},"content":{"rendered":"<p>W trzecim dniu Festiwalu Nauki tj. w <strong>pi\u0105tek 11.12.2015<\/strong> odb\u0119d\u0105 si\u0119 <strong>zawody robot\u00f3w w\u00a0kategorii minisumo<\/strong>, organizowane przez pomys\u0142odawc\u00f3w Mi\u0119dzynarodowych Zawod\u00f3w Robot\u00f3w ROBO~motion.<\/p>\n<p>Do uczestnictwa w zawodach mog\u0105 zg\u0142asza\u0107 si\u0119 max. pi\u0119cioosobowe grupy z\u0142o\u017cone z uczni\u00f3w szk\u00f3\u0142 ponadgimnazjalnych, kt\u00f3re b\u0119d\u0105 walczy\u0107 o\u00a0nagrody z puli wynosz\u0105cej 5 tys. z\u0142otych, sponsorowane przez Fundacj\u0119.\u00a0 <strong>Zg\u0142oszenia na zawody przyjmowane s\u0105 do 15.11.2015 wg. wytycznych zawartych w Regulaminie i Harmonogramie:<\/strong><\/p>\n<ul>\n<li><strong><a href=\"https:\/\/dolinawiedzy.pl\/festiwal\/wp-content\/uploads\/sites\/6\/2015\/11\/harmonogram-zawodow-minisumo-2015.pdf\" target=\"_blank\">Harmonogram<\/a><\/strong><\/li>\n<li><strong><a href=\"https:\/\/dolinawiedzy.pl\/festiwal\/wp-content\/uploads\/sites\/6\/2015\/11\/regulamin_minisumo_2015.pdf\" target=\"_blank\">Regulamin zawod\u00f3w<\/a><\/strong><\/li>\n<\/ul>\n","protected":false},"excerpt":{"rendered":"<p>W trzecim dniu Festiwalu Nauki tj. w pi\u0105tek 11.12.2015 odb\u0119d\u0105 si\u0119 zawody robot\u00f3w w\u00a0kategorii minisumo, organizowane przez pomys\u0142odawc\u00f3w Mi\u0119dzynarodowych Zawod\u00f3w Robot\u00f3w ROBO~motion. Do uczestnictwa w zawodach mog\u0105 zg\u0142asza\u0107 si\u0119 max. pi\u0119cioosobowe grupy z\u0142o\u017cone z uczni\u00f3w szk\u00f3\u0142 ponadgimnazjalnych, kt\u00f3re b\u0119d\u0105 walczy\u0107 o\u00a0nagrody z puli wynosz\u0105cej 5 tys. z\u0142otych, sponsorowane przez Fundacj\u0119.\u00a0 Zg\u0142oszenia na zawody przyjmowane s\u0105 [&hellip;]<\/p>\n","protected":false},"author":2,"featured_media":0,"parent":0,"menu_order":0,"comment_status":"closed","ping_status":"closed","template":"","meta":{"footnotes":""},"class_list":["post-55","page","type-page","status-publish","hentry"],"_links":{"self":[{"href":"https:\/\/dolinawiedzy.pl\/festiwal2015\/wp-json\/wp\/v2\/pages\/55","targetHints":{"allow":["GET"]}}],"collection":[{"href":"https:\/\/dolinawiedzy.pl\/festiwal2015\/wp-json\/wp\/v2\/pages"}],"about":[{"href":"https:\/\/dolinawiedzy.pl\/festiwal2015\/wp-json\/wp\/v2\/types\/page"}],"author":[{"embeddable":true,"href":"https:\/\/dolinawiedzy.pl\/festiwal2015\/wp-json\/wp\/v2\/users\/2"}],"replies":[{"embeddable":true,"href":"https:\/\/dolinawiedzy.pl\/festiwal2015\/wp-json\/wp\/v2\/comments?post=55"}],"version-history":[{"count":9,"href":"https:\/\/dolinawiedzy.pl\/festiwal2015\/wp-json\/wp\/v2\/pages\/55\/revisions"}],"predecessor-version":[{"id":105,"href":"https:\/\/dolinawiedzy.pl\/festiwal2015\/wp-json\/wp\/v2\/pages\/55\/revisions\/105"}],"wp:attachment":[{"href":"https:\/\/dolinawiedzy.pl\/festiwal2015\/wp-json\/wp\/v2\/media?parent=55"}],"curies":[{"name":"wp","href":"https:\/\/api.w.org\/{rel}","templated":true}]}}