{"id":36,"date":"2015-11-06T11:02:08","date_gmt":"2015-11-06T10:02:08","guid":{"rendered":"https:\/\/dolinawiedzy.pl\/festiwal\/?page_id=36"},"modified":"2015-12-08T15:56:57","modified_gmt":"2015-12-08T14:56:57","slug":"plan-festiwalu","status":"publish","type":"page","link":"https:\/\/dolinawiedzy.pl\/festiwal2015\/plan-festiwalu\/","title":{"rendered":"Plan festiwalu"},"content":{"rendered":"<hr \/>\n<h1 style=\"text-align: center;\"><strong>9 grudnia 2015<br \/>\n(\u015broda)<br \/>\n<\/strong><strong>szko\u0142y podstawowe<\/strong><\/h1>\n<p style=\"text-align: left;\"><strong>Panel Wyk\u0142adowy godz. 9:00-13:00<br \/>\nBudynek V Politechniki Rzeszowskiej, al. Powsta\u0144c\u00f3w Warszawy 12 <\/strong><\/p>\n<ul>\n<li>Wyk\u0142ad inauguracyjny &#8211; dziennikarz, popularyzator nauki Rados\u0142aw Brz\u00f3zka<\/li>\n<li>\u201eZabawy z fizyk\u0105\u201d &#8211; dr Krystyna Ch\u0142\u0119dowska &#8211; Politechnika Rzeszowska<\/li>\n<li>\u201eChemia wok\u00f3\u0142 nas\u201d &#8211; prof. Wiktor Bukowski Politechnika Rzeszowska<\/li>\n<\/ul>\n<p style=\"text-align: left;\"><strong>Panel Naukowy godz. 12:00-16:00<br \/>\n<\/strong><strong>Budynek Z Politechniki Rzeszowskiej, ul. Akademicka 8<\/strong><\/p>\n<ul>\n<li>Stanowiska Politechniki Rzeszowskiej<\/li>\n<li>Roboty ABB Polska<\/li>\n<li>makieta silnika K-15<\/li>\n<li>Symulatory lot\u00f3w &#8211; Fundacja Wspierania Edukacji przy Stowarzyszeniu &#8222;Dolina Lotnicza&#8221;<\/li>\n<li>Strefa Do\u015bwiadcze\u0144 &#8211; Fundacja Wspierania Edukacji przy Stowarzyszeniu &#8222;Dolina Lotnicza&#8221;<\/li>\n<li>Roboty Lego &#8211; Rzeszowska Grupa IT<\/li>\n<li>EUROAVIA Rzesz\u00f3w<\/li>\n<li>BOLID Formu\u0142y Student &#8211; PRz Racing Team<\/li>\n<li>Demonstratory Naukowe- Fundacja Wspierania Edukacji przy Stowarzyszeniu &#8222;Dolina Lotnicza&#8221;<\/li>\n<li>Exploratorium &#8211; stanowiska Uniwersytetu Rzeszowskiego i Stowarzyszenia ExploRes<\/li>\n<li>Interakcja Cz\u0142owiek- Komputer &#8211; Ko\u0142o Naukowe GEST<\/li>\n<li>Lotnictwo &#8211; Aeromentors<\/li>\n<li>Mechatronika &#8211; Ko\u0142o Naukowe &#8222;Mechatronik&#8221;<\/li>\n<li>Robotyka Edukacyjna &#8211; Ko\u0142o Robotyki;\u00a0 Zesp\u00f3\u0142 Szk\u00f3\u0142 im. prof. Franciszka Leji w Grodzisku G\u00f3rnym<\/li>\n<li>Wy\u017csza Szko\u0142a Prawa i Administracji w Rzeszowie<\/li>\n<li>Roboty Lego, roboty Arduino &#8211; Fundacja IMPERIUM TECHNIKI im. Nikoli Tesla<\/li>\n<li>Robotyka &#8211; Dolina Robot\u00f3w<\/li>\n<li>Robotyka &#8211; Ko\u0142o Naukowe ROBO Politechniki Rzeszowskiej<\/li>\n<li>Mechatronika i robotyka &#8211; Zesp\u00f3\u0142 Szk\u00f3\u0142 Technicznych w Le\u017cajsku<\/li>\n<li>Stanowisko z minera\u0142ami &#8211; Zesp\u00f3\u0142 Szk\u00f3\u0142 Ponadgimnazjalnych nr 4 w Kro\u015bnie<\/li>\n<\/ul>\n<p><strong>Panel Warsztatowy godz. 17:00-20:00<\/strong><\/p>\n<ul>\n<li>Lotnictwo \u2013 Fundacja Wspierania Edukacji przy Stowarzyszeniu Dolina Lotnicza<\/li>\n<li>Optyka \u2013 dr S\u0142awomir Wolski Politechnika Rzeszowska<\/li>\n<li>Roboty Lego &#8211; Ko\u0142o Naukowe Elektroniki i Technologii Informacyjnych (Rzeszowska Grupa IT)<\/li>\n<li>Robotyka- Ko\u0142o Naukowe ROBO Politechniki Rzeszowskiej<\/li>\n<\/ul>\n<p>&nbsp;<\/p>\n<hr \/>\n<h1 style=\"text-align: center;\"><strong>10 grudnia 2015<br \/>\n(czwartek)<br \/>\n<\/strong><strong>szko\u0142y gimnazjalne<\/strong><\/h1>\n<p style=\"text-align: left;\"><strong>Panel Wyk\u0142adowy godz. 9:00-13:00<br \/>\nBudynek V Politechniki Rzeszowskiej, , al. Powsta\u0144c\u00f3w Warszawy 12<br \/>\n<\/strong><\/p>\n<ul>\n<li>\u201eCzy pioruny mog\u0105 by\u0107 po\u017cyteczne\u201d &#8211; prof. Grzegorz Mas\u0142owski Politechnika Rzeszowska<\/li>\n<li>\u201eRobotyka dla ka\u017cdego\u201d \u2013 Katedra Informatyki i Automatyki &#8211; Politechnika Rzeszowska<\/li>\n<li>Bajki Robot\u00f3w &#8211; ABB Polska<\/li>\n<\/ul>\n<p><strong>Panel Naukowy godz. 12:00-16:00<br \/>\nBudynek Z Politechniki Rzeszowskiej, ul. Akademicka 8<br \/>\n<\/strong><\/p>\n<ul>\n<li>Stanowiska Politechniki Rzeszowskiej<\/li>\n<li>Roboty ABB Polska<\/li>\n<li>makieta silnika K-15<\/li>\n<li>Symulatory lot\u00f3w &#8211; Fundacja Wspierania Edukacji przy Stowarzyszeniu &#8222;Dolina Lotnicza&#8221;<\/li>\n<li>Roboty Lego &#8211; Rzeszowska Grupa IT<\/li>\n<li>EUROAVIA Rzesz\u00f3w<\/li>\n<li>BOLID Formu\u0142y Student &#8211; PRz Racing Team<\/li>\n<li>Demonstratory Naukowe &#8211; Fundacja Wspierania Edukacji przy Stowarzyszeniu &#8222;Dolina Lotnicza&#8221;<\/li>\n<li>\u0141azik Marsja\u0144ski &#8211; SKNL Rover Team<\/li>\n<li>Mechatronika &#8211; Ko\u0142o Naukowe &#8222;Mechatronik&#8221;<\/li>\n<li>Interakcja Cz\u0142owiek- Komputer &#8211; Ko\u0142o Naukowe GEST<\/li>\n<li>Exploratorium &#8211; stanowiska Uniwersytetu Rzeszowskiego i Stowarzyszenia ExploRes<\/li>\n<li>Lotnictwo &#8211; Aeromentors<\/li>\n<li>Robotyka Edukacyjna &#8211; Ko\u0142o Robotyki;\u00a0 Zesp\u00f3\u0142 Szk\u00f3\u0142 im. prof. Franciszka Leji w Grodzisku G\u00f3rnym<\/li>\n<li>Wy\u017csza Szko\u0142a Prawa i Administracji w Rzeszowie<\/li>\n<li>Roboty Lego, roboty Arduino &#8211; Fundacja IMPERIUM TECHNIKI im. Nikoli Tesli<\/li>\n<li>Zesp\u00f3\u0142 Szk\u00f3\u0142 Publicznych Nr 3 w Kro\u015bnie<\/li>\n<li>Robotyka &#8211; Ko\u0142o Naukowe ROBO Politechniki Rzeszowskiej<\/li>\n<li>Mechatronika i robotyka &#8211; Zesp\u00f3\u0142 Szk\u00f3\u0142 Technicznych w Le\u017cajsku<\/li>\n<li>Stanowisko z minera\u0142ami &#8211; Zesp\u00f3\u0142 Szk\u00f3\u0142 Ponadgimnazjalnych nr 4 w Kro\u015bnie<\/li>\n<\/ul>\n<p><strong>Panel Warsztatowy godz. 17:00-20:00<\/strong><\/p>\n<ul>\n<li>Roboty Lego &#8211; Ko\u0142o Naukowe Elektroniki i Technologii Informacyjnych (Rzeszowska Grupa IT)<\/li>\n<li>Robotyka &#8211; Ko\u0142o Naukowe ROBO Politechniki Rzeszowskiej<\/li>\n<li>Optyka &#8211; dr S\u0142awomir Wolski Politechnika Rzeszowska<\/li>\n<li>Lotnictwo &#8211; Aeromentors<\/li>\n<li>Chemia \u2013 Ko\u0142o Naukowe Student\u00f3w Chemii \u201eEsprit\u201d<\/li>\n<li>Mechatronika- Studenckie Ko\u0142o Naukowe Mechatronik<\/li>\n<\/ul>\n<hr \/>\n<h1 style=\"text-align: center;\"><strong>11.12.2015<br \/>\n(pi\u0105tek)<br \/>\n<\/strong><strong>szko\u0142y ponadgimnazjalne<\/strong><\/h1>\n<p style=\"text-align: left;\"><strong>Panel Wyk\u0142adowy godz. 9:00-13:00<br \/>\nBudynek V Politechniki Rzeszowskiej, al. Powsta\u0144c\u00f3w Warszawy 12<br \/>\n<\/strong><\/p>\n<ul>\n<li>\u201eZ Londynu do Rzeszowa w 3 minuty\u201d &#8211; Krzysztof Horodecki<\/li>\n<li>\u201eRobotyka dla ka\u017cdego\u201d &#8211; Katedra Informatyki i Automatyki \u2013 Politechnika Rzeszowska<\/li>\n<li>Bajki Robot\u00f3w &#8211; ABB Polska<\/li>\n<\/ul>\n<p><strong>Panel Naukowy godz. 12:00-16:00<br \/>\nBudynek Z Politechniki Rzeszowskiej, ul. Akademicka 8<br \/>\n<\/strong><\/p>\n<ul>\n<li>Stanowiska Politechniki Rzeszowskiej<\/li>\n<li>Roboty ABB Polska<\/li>\n<li>makieta silnika K-15<\/li>\n<li>Symulatory lot\u00f3w &#8211; Fundacja Wspierania Edukacji przy Stowarzyszeniu &#8222;Dolina Lotnicza&#8221;<\/li>\n<li>Roboty Lego &#8211; Rzeszowska Grupa IT<\/li>\n<li>EUROAVIA Rzesz\u00f3w<\/li>\n<li>BOLID Formu\u0142y Student &#8211; PRz Racing Team<\/li>\n<li>Demonstratory Naukowe &#8211; Fundacja Wspierania Edukacji przy Stowarzyszeniu &#8222;Dolina Lotnicza&#8221;<\/li>\n<li>\u0141azik Marsja\u0144ski &#8211; SKNL Rover Team<\/li>\n<li>Mechatronika &#8211; Ko\u0142o Naukowe &#8222;Mechatronik&#8221;<\/li>\n<li>Interakcja Cz\u0142owiek- Komputer &#8211; Ko\u0142o Naukowe GEST<\/li>\n<li>Lotnictwo &#8211; Aeromentors<\/li>\n<li>Robotyka Edukacyjna &#8211; Ko\u0142o Robotyki;\u00a0 Zesp\u00f3\u0142 Szk\u00f3\u0142 im. prof. Franciszka Leji w Grodzisku G\u00f3rnym<\/li>\n<li>Wy\u017csza Szko\u0142a Prawa i Administracji w Rzeszowie<\/li>\n<li>Roboty Lego, roboty Arduino &#8211; Fundacja IMPERIUM TECHNIKI im. Nikoli Tesli<\/li>\n<li>Zesp\u00f3\u0142 Szk\u00f3\u0142 Publicznych Nr 3 w Kro\u015bnie<\/li>\n<li>Mechatronika i robotyka &#8211; Zesp\u00f3\u0142 Szk\u00f3\u0142 Technicznych w Le\u017cajsku<\/li>\n<li>Stanowisko z minera\u0142ami &#8211; Zesp\u00f3\u0142 Szk\u00f3\u0142 Ponadgimnazjalnych nr 4 w Kro\u015bnie<\/li>\n<\/ul>\n<p><strong>ZAWODY ROBOT\u00d3W &#8211; 12:00-16:00<br \/>\nBudynek Z Politechniki Rzeszowskiej, ul. Akademicka 8<\/strong><\/p>\n<p>&nbsp;<\/p>\n<p><strong>Panel Warsztatowy godz. 17:00-20:00<\/strong><\/p>\n<ul>\n<li>Roboty Lego &#8211; Ko\u0142o Naukowe Elektroniki i Technologii Informacyjnych (Rzeszowska Grupa IT)<\/li>\n<li>Mechatronika- Studenckie Ko\u0142o Naukowe Mechatronik<\/li>\n<li>BOLID Formu\u0142y Student \u2013 PRz Racing Team<\/li>\n<li>\u0141azik Marsja\u0144ski &#8211; Ko\u0142o Naukowe Lotnik\u00f3w Politechniki Rzeszowskiej<\/li>\n<li>Projektowanie i budowa bezza\u0142ogowych statk\u00f3w lataj\u0105cych &#8211; Ko\u0142o Naukowe EUROAVIA<\/li>\n<li>Lotnictwo &#8211; Aeromentors<\/li>\n<\/ul>\n<p>&nbsp;<\/p>\n","protected":false},"excerpt":{"rendered":"<p>9 grudnia 2015 (\u015broda) szko\u0142y podstawowe Panel Wyk\u0142adowy godz. 9:00-13:00 Budynek V Politechniki Rzeszowskiej, al. Powsta\u0144c\u00f3w Warszawy 12 Wyk\u0142ad inauguracyjny &#8211; dziennikarz, popularyzator nauki Rados\u0142aw Brz\u00f3zka \u201eZabawy z fizyk\u0105\u201d &#8211; dr Krystyna Ch\u0142\u0119dowska &#8211; Politechnika Rzeszowska \u201eChemia wok\u00f3\u0142 nas\u201d &#8211; prof. Wiktor Bukowski Politechnika Rzeszowska Panel Naukowy godz. 12:00-16:00 Budynek Z Politechniki Rzeszowskiej, ul. Akademicka [&hellip;]<\/p>\n","protected":false},"author":1,"featured_media":0,"parent":0,"menu_order":0,"comment_status":"closed","ping_status":"closed","template":"","meta":{"footnotes":""},"class_list":["post-36","page","type-page","status-publish","hentry"],"_links":{"self":[{"href":"https:\/\/dolinawiedzy.pl\/festiwal2015\/wp-json\/wp\/v2\/pages\/36","targetHints":{"allow":["GET"]}}],"collection":[{"href":"https:\/\/dolinawiedzy.pl\/festiwal2015\/wp-json\/wp\/v2\/pages"}],"about":[{"href":"https:\/\/dolinawiedzy.pl\/festiwal2015\/wp-json\/wp\/v2\/types\/page"}],"author":[{"embeddable":true,"href":"https:\/\/dolinawiedzy.pl\/festiwal2015\/wp-json\/wp\/v2\/users\/1"}],"replies":[{"embeddable":true,"href":"https:\/\/dolinawiedzy.pl\/festiwal2015\/wp-json\/wp\/v2\/comments?post=36"}],"version-history":[{"count":29,"href":"https:\/\/dolinawiedzy.pl\/festiwal2015\/wp-json\/wp\/v2\/pages\/36\/revisions"}],"predecessor-version":[{"id":176,"href":"https:\/\/dolinawiedzy.pl\/festiwal2015\/wp-json\/wp\/v2\/pages\/36\/revisions\/176"}],"wp:attachment":[{"href":"https:\/\/dolinawiedzy.pl\/festiwal2015\/wp-json\/wp\/v2\/media?parent=36"}],"curies":[{"name":"wp","href":"https:\/\/api.w.org\/{rel}","templated":true}]}}