{"id":34,"date":"2015-11-05T14:35:33","date_gmt":"2015-11-05T13:35:33","guid":{"rendered":"https:\/\/dolinawiedzy.pl\/festiwal\/?page_id=34"},"modified":"2015-12-01T13:05:15","modified_gmt":"2015-12-01T12:05:15","slug":"rejestracja","status":"publish","type":"page","link":"https:\/\/dolinawiedzy.pl\/festiwal2015\/rejestracja\/","title":{"rendered":"Zg\u0142oszenia"},"content":{"rendered":"<p>Rejestracja na poszczeg\u00f3lne dni oraz panele odbywa si\u0119 za pomoc\u0105 odpowiedniego formularza zg\u0142oszeniowego. <strong><u>O uczestnictwie w Festiwalu decydowa\u0107 b\u0119dzie kolejno\u015b\u0107 zg\u0142osze\u0144<\/u>.<\/strong> Prosimy o dok\u0142adne uzupe\u0142nienie i podpisanie formularza, a nast\u0119pnie przes\u0142anie skanu na adres <a href=\"mailto:festiwalnauki@dolinawiedzy.pl\">festiwalnauki@dolinawiedzy.pl<\/a><\/p>\n<p>Grupy, kt\u00f3re zg\u0142osz\u0105 ch\u0119\u0107 udzia\u0142u w PANELU WYK\u0141ADOWYM\u00a0 do 16 listopada otrzymaj\u0105 mailowe potwierdzenie uczestnictwa b\u0105d\u017a niezakwalifikowaniu z powodu braku miejsc. Ka\u017cdy zg\u0142aszaj\u0105cy grup\u0119, kt\u00f3ra zostanie zakwalifikowana do udzia\u0142u b\u0119dzie zobowi\u0105zany do przes\u0142ania poczt\u0105 orygina\u0142u formularza zg\u0142oszeniowego na adres Fundacji Wspierania Edukacji przy Stowarzyszeniu &#8222;Dolina Lotnicza&#8221; (ul. Akademicka 8, 35-082 Rzesz\u00f3w).<\/p>\n<p>Zg\u0142oszenia na PANEL NAUKOWY oraz WARSZTATOWY mo\u017cna dokona\u0107 mailowo przesy\u0142aj\u0105c skan formularza oraz orygina\u0142 poczt\u0105 tradycyjn\u0105. Do 16 listopada opiekunowie grup otrzymaj\u0105 mailowe potwierdzenie uczestnictwa b\u0105d\u017a niezakwalifikowaniu z powodu braku miejsc.<\/p>\n<p>&nbsp;<\/p>\n<p><strong>FORMULARZE ZG\u0141OSZENIOWE:<\/strong><\/p>\n<p><strong><a href=\"https:\/\/dolinawiedzy.pl\/festiwal\/wp-content\/uploads\/sites\/6\/2015\/11\/Wz\u00f3r-Formularza-na-Panel-Wyk\u0142adowy.pdf\" target=\"_blank\">Panel Wyk\u0142adowy<\/a> <\/strong>\u2013 maksymalnie 40 osobowa grupa ze szko\u0142y (zg\u0142oszenia przyjmowane s\u0105 do 15.11.2015) &#8211; <strong>PRZYJMOWANIE ZG\u0141OSZE\u0143 ZAKO\u0143CZONE<\/strong><\/p>\n<p><a href=\"https:\/\/dolinawiedzy.pl\/festiwal\/wp-content\/uploads\/sites\/6\/2015\/11\/Wz\u00f3r-Formularza-na-Panel-Naukowy.pdf\" target=\"_blank\"><strong>Panel Naukowy<\/strong> <\/a>\u2013 prosimy o podanie godziny przyjazdu na panel. Szacowany czas zwiedzania ca\u0142o\u015bci \u2013 oko\u0142o 1 godzina (zg\u0142oszenia przyjmowane s\u0105 do 15.11.2015.) &#8211; <strong>PRZYJMOWANIE ZG\u0141OSZE\u0143 ZAKO\u0143CZONE<\/strong><\/p>\n<p><a href=\"https:\/\/dolinawiedzy.pl\/festiwal\/wp-content\/uploads\/sites\/6\/2015\/11\/Wz\u00f3r-Formularza-na-Panel-Warsztatowy.pdf\" target=\"_blank\"><strong>Panel Warsztatowy<\/strong> <\/a>\u2013 1h godzina zaj\u0119\u0107, indywidualne zg\u0142oszenia uczestnik\u00f3w (zg\u0142oszenia przyjmowane s\u0105 do 30.11.2015) Prosimy wybra\u0107 jeden wybrany temat warsztat\u00f3w z planu festiwalu, kt\u00f3ry dost\u0119pny jest na stronie <a href=\"https:\/\/dolinawiedzy.pl\/festiwal\/plan-festiwalu\/\" target=\"_blank\">https:\/\/dolinawiedzy.pl\/festiwal\/plan-festiwalu\/<\/a><br \/>\nZg\u0142oszenia przesy\u0142amy w postaci skanu wype\u0142nionego formularza, a nast\u0119pnie listownie na adres Fundacji (ul. Akademicka 8, 35-082 Rzesz\u00f3w)- <span style=\"text-decoration: underline;\"><strong>PRZYJMOWANIE ZG\u0141OSZE\u0143 NA WARSZTATY ZOSTA\u0141O ZAKO\u0143CZONE<\/strong><\/span><\/p>\n<p>&nbsp;<\/p>\n<p>&nbsp;<\/p>\n<p><span style=\"text-decoration: underline;\"><strong>TEMATY WARSZTAT\u00d3W<\/strong><\/span><\/p>\n<p><span style=\"text-decoration: underline;\"><strong>\u015aroda &#8211; Szko\u0142y podstawowe<\/strong><\/span><\/p>\n<ul>\n<li>Lotnictwo \u2013 Fundacja Wspierania Edukacji przy Stowarzyszeniu Dolina Lotnicza<\/li>\n<li>Optyka \u2013 dr S\u0142awomir Wolski Politechnika Rzeszowska<\/li>\n<li>Roboty Lego &#8211; Ko\u0142o Naukowe Elektroniki i Technologii Informacyjnych (Rzeszowska Grupa IT) &#8211; <strong>BRAK MIEJSC<\/strong><\/li>\n<li>Robotyka- Ko\u0142o Naukowe ROBO Politechniki Rzeszowskiej &#8211; <strong>BRAK MIEJSC<\/strong><\/li>\n<\/ul>\n<p><span style=\"text-decoration: underline;\"><strong>Czwartek &#8211; Szko\u0142y gimnazjalne<\/strong><\/span><\/p>\n<ul>\n<li>Roboty Lego &#8211; Ko\u0142o Naukowe Elektroniki i Technologii Informacyjnych (Rzeszowska Grupa IT)<\/li>\n<li>Robotyka &#8211; Ko\u0142o Naukowe ROBO Politechniki Rzeszowskiej<\/li>\n<li>Optyka &#8211; dr S\u0142awomir Wolski Politechnika Rzeszowska &#8211; <strong>BRAK MIEJSC<\/strong><\/li>\n<li>Lotnictwo &#8211; Aeromentors<\/li>\n<li>Chemia \u2013 Ko\u0142o Naukowe Student\u00f3w Chemii \u201eEsprit\u201d &#8211; <strong>BRAK MIEJSC<\/strong><\/li>\n<li>Mechatronika- Studenckie Ko\u0142o Naukowe Mechatronik<\/li>\n<\/ul>\n<p>&nbsp;<\/p>\n<p><span style=\"text-decoration: underline;\"><strong>Pi\u0105tek &#8211; Szko\u0142y ponadgimnazjalne<\/strong><\/span><\/p>\n<ul>\n<li>Roboty Lego &#8211; Ko\u0142o Naukowe Elektroniki i Technologii Informacyjnych (Rzeszowska Grupa IT)<\/li>\n<li>Mechatronika- Studenckie Ko\u0142o Naukowe Mechatronik<\/li>\n<li>BOLID Formu\u0142y Student \u2013 PRz Racing Team<\/li>\n<li>\u0141azik Marsja\u0144ski &#8211; Ko\u0142o Naukowe Lotnik\u00f3w Politechniki Rzeszowskiej<\/li>\n<li>Projektowanie i budowa bezza\u0142ogowych statk\u00f3w lataj\u0105cych &#8211; Ko\u0142o Naukowe EUROAVIA<\/li>\n<li>Lotnictwo &#8211; Aeromentors<\/li>\n<\/ul>\n<p>&nbsp;<\/p>\n<p>&nbsp;<\/p>\n","protected":false},"excerpt":{"rendered":"<p>Rejestracja na poszczeg\u00f3lne dni oraz panele odbywa si\u0119 za pomoc\u0105 odpowiedniego formularza zg\u0142oszeniowego. O uczestnictwie w Festiwalu decydowa\u0107 b\u0119dzie kolejno\u015b\u0107 zg\u0142osze\u0144. Prosimy o dok\u0142adne uzupe\u0142nienie i podpisanie formularza, a nast\u0119pnie przes\u0142anie skanu na adres festiwalnauki@dolinawiedzy.pl Grupy, kt\u00f3re zg\u0142osz\u0105 ch\u0119\u0107 udzia\u0142u w PANELU WYK\u0141ADOWYM\u00a0 do 16 listopada otrzymaj\u0105 mailowe potwierdzenie uczestnictwa b\u0105d\u017a niezakwalifikowaniu z powodu braku [&hellip;]<\/p>\n","protected":false},"author":1,"featured_media":0,"parent":0,"menu_order":0,"comment_status":"closed","ping_status":"closed","template":"","meta":{"footnotes":""},"class_list":["post-34","page","type-page","status-publish","hentry"],"_links":{"self":[{"href":"https:\/\/dolinawiedzy.pl\/festiwal2015\/wp-json\/wp\/v2\/pages\/34","targetHints":{"allow":["GET"]}}],"collection":[{"href":"https:\/\/dolinawiedzy.pl\/festiwal2015\/wp-json\/wp\/v2\/pages"}],"about":[{"href":"https:\/\/dolinawiedzy.pl\/festiwal2015\/wp-json\/wp\/v2\/types\/page"}],"author":[{"embeddable":true,"href":"https:\/\/dolinawiedzy.pl\/festiwal2015\/wp-json\/wp\/v2\/users\/1"}],"replies":[{"embeddable":true,"href":"https:\/\/dolinawiedzy.pl\/festiwal2015\/wp-json\/wp\/v2\/comments?post=34"}],"version-history":[{"count":25,"href":"https:\/\/dolinawiedzy.pl\/festiwal2015\/wp-json\/wp\/v2\/pages\/34\/revisions"}],"predecessor-version":[{"id":162,"href":"https:\/\/dolinawiedzy.pl\/festiwal2015\/wp-json\/wp\/v2\/pages\/34\/revisions\/162"}],"wp:attachment":[{"href":"https:\/\/dolinawiedzy.pl\/festiwal2015\/wp-json\/wp\/v2\/media?parent=34"}],"curies":[{"name":"wp","href":"https:\/\/api.w.org\/{rel}","templated":true}]}}