{"id":17,"date":"2015-10-21T19:33:45","date_gmt":"2015-10-21T17:33:45","guid":{"rendered":"https:\/\/dolinawiedzy.pl\/festiwal\/?page_id=17"},"modified":"2015-11-25T08:22:56","modified_gmt":"2015-11-25T07:22:56","slug":"o-festiwalu","status":"publish","type":"page","link":"https:\/\/dolinawiedzy.pl\/festiwal2015\/o-festiwalu\/","title":{"rendered":"O festiwalu"},"content":{"rendered":"<p style=\"text-align: center;\"><strong>Festiwal Nauki 9-11.12.2015<\/strong><\/p>\n<p style=\"text-align: center;\"><strong>Organizator: Fundacja Wspierania Edukacji przy Stowarzyszeniu \u201eDolina Lotnicza\u201d<\/strong><\/p>\n<p style=\"text-align: center;\"><strong>Partnerzy: Politechnika Rzeszowska im. I. \u0141ukasiewicza, ABB Polska, Pratt&amp;Whitney Rzesz\u00f3w, <\/strong><strong>Ko\u0142o Naukowe Automatyk\u00f3w i Robotyk\u00f3w \u201eROBO\u201d Politechniki Rzeszowskiej<\/strong><\/p>\n<p style=\"text-align: center;\"><strong>Miejsce: Politechnika Rzeszowska im. I. \u0141ukasiewicza<\/strong><\/p>\n<p><strong>\u00a0<\/strong><\/p>\n<p style=\"text-align: center;\"><strong>PATRONATY HONOROWE:<\/strong><\/p>\n<p style=\"text-align: center;\"><strong><br \/>\nMARSZA\u0141EK WOJEW\u00d3DZTWA PODKARPACKIEGO<br \/>\nSTAROSTA POWIATU RZESZOWSKIEGO<br \/>\nPREZYDENT MIASTA RZESZOWA<br \/>\nPODKARPACKI KURATOR O\u015aWIATY<br \/>\nWOJEWODA PODKARPACKI<br \/>\n<\/strong><\/p>\n<p>&nbsp;<\/p>\n<p><strong>Festiwal Nauki to trzydniowa impreza naukowa skierowana do uczni\u00f3w wszystkich szczebli edukacji szkolnej: podstawowej, gimnazjalnej i ponadgimnazjalnej. Jego ide\u0105 jest promocja nauki, przede wszystkim nauk \u015bcis\u0142ych, kierunk\u00f3w politechnicznych oraz pokazanie, \u017ce nauka mo\u017ce by\u0107 doskona\u0142\u0105 przygod\u0105, zabaw\u0105 czy pasj\u0105.<\/strong><\/p>\n<p>&nbsp;<\/p>\n<p>Festiwal nauki odb\u0119dzie si\u0119 w dniach 9-11 grudnia 2015 r., na terenie Politechniki Rzeszowskiej. Ka\u017cdy dzie\u0144 festiwalu skierowany jest do innej grupy odbiorc\u00f3w:<\/p>\n<ul>\n<li>9 grudnia &#8211; do szk\u00f3\u0142 podstawowych<\/li>\n<li>10 grudnia &#8211; do gimnazjalnych<\/li>\n<li>11 grudnia &#8211; do szk\u00f3\u0142 ponadgimnazjalnych<\/li>\n<\/ul>\n<p>Ka\u017cdy z dni festiwalu odbywa si\u0119 wg. harmonogramu podzielonego na trzy panele:<\/p>\n<ul>\n<li>Panelu wyk\u0142adowego w godzinach 9.00 -13.00 (prelekcje)<\/li>\n<li>Panelu naukowego 12.00 \u2013 16.00 (stanowiska naukowe)<\/li>\n<li>Panelu warsztatowego 17.00-20.00 (godzinne laboratoria i warsztaty)<\/li>\n<\/ul>\n<p>&nbsp;<\/p>\n<p><strong>\u00a0<\/strong><\/p>\n<p><strong>PANEL WYK\u0141ADOWY<\/strong><\/p>\n<p>Podczas panelu wyk\u0142adowego b\u0119d\u0105 odbywa\u0142y si\u0119 trzy prelekcje, na kt\u00f3re mo\u017cna si\u0119 zarejestrowa\u0107, wype\u0142niaj\u0105c odpowiedni formularz zg\u0142oszeniowy (do pobrania w zak\u0142adce ZG\u0141OSZENIA). Liczba miejsc na panelu wyk\u0142adowym jest ograniczona do 400 os. Zg\u0142oszenia przyjmowane s\u0105 do 15.11.2015. W ka\u017cdym dniu tematyka wyk\u0142ad\u00f3w b\u0119dzie dostosowana do wieku odbiorc\u00f3w.<\/p>\n<p>&nbsp;<\/p>\n<p><strong>PANEL NAUKOWY<\/strong><\/p>\n<p>Panel naukowy jest to strefa ze stanowiskami naukowymi, na kt\u00f3rych zaprezentuj\u0105 siebie i swoje osi\u0105gni\u0119cia organizacje, ko\u0142a naukowe, instytucje i inne podmioty zwi\u0105zane z naukami \u015bcis\u0142ymi i kierunkami politechnicznymi. Na panel naukowy tak\u017ce wymagane jest zg\u0142oszenie uczestnictwa poprzez odpowiedni formularz (do pobrania w zak\u0142adce ZG\u0141OSZENIA). Zg\u0142oszenia przyjmowane s\u0105 do 15.11.2015.<\/p>\n<p>&nbsp;<\/p>\n<p><strong>PANELE WARSZTATOWE<\/strong><\/p>\n<p>Warsztaty odbywa\u0107 si\u0119 b\u0119d\u0105 w ma\u0142ych grupach, licz\u0105cych do 15 os, czas trwania to 1 h. Skierowane s\u0105 do indywidualnych os\u00f3b &#8211; rodzice mog\u0105 indywidualnie zapisa\u0107 swoje dzieci na wybrany warsztat, odbywaj\u0105cy si\u0119 w dniu przeznaczonym dla odpowiedniej grupy wiekowej. Warsztaty b\u0119d\u0105 prowadzone w laboratoriach i salach Politechniki Rzeszowskiej. Uczestnicy b\u0119d\u0105 eksperymentowa\u0107 czy te\u017c poznawa\u0107 z bliska prac\u0119 i\u00a0dzia\u0142alno\u015b\u0107 poszczeg\u00f3lnych jednostek uczelni czy organizacji studenckich. Zg\u0142oszenia przyjmowane s\u0105 do 30.11.2015. Formularz zg\u0142oszeniowy do pobrania w zak\u0142adce ZG\u0141OSZENIA.<\/p>\n<p>&nbsp;<\/p>\n<p><strong>ZAWODY ROBOT\u00d3W MINISUMO<\/strong><\/p>\n<p>W trzecim dniu Festiwalu Nauki tj. w pi\u0105tek 11.12.2015 odb\u0119d\u0105 si\u0119 zawody robot\u00f3w w\u00a0kategorii minisumo, organizowane przez pomys\u0142odawc\u00f3w Mi\u0119dzynarodowych Zawod\u00f3w Robot\u00f3w ROBO~motion. Do uczestnictwa w zawodach mog\u0105 zg\u0142asza\u0107 si\u0119 max. pi\u0119cioosobowe grupy z\u0142o\u017cone z uczni\u00f3w szk\u00f3\u0142 ponadgimnazjalnych, kt\u00f3re b\u0119d\u0105 walczy\u0107 o\u00a0nagrody z puli wynosz\u0105cej 5 tys. z\u0142otych, sponsorowane przez Fundacj\u0119. Regulamin zawod\u00f3w oraz harmonogram dost\u0119pny jest na stronie festiwalu w zak\u0142adce ZAWODY ROBOT\u00d3W. Zg\u0142oszenia na zawody przyjmowane s\u0105 do 15.11.2015 wg. wytycznych zawartych w Regulaminie i Harmonogramie.<\/p>\n<p>&nbsp;<\/p>\n","protected":false},"excerpt":{"rendered":"<p>Festiwal Nauki 9-11.12.2015 Organizator: Fundacja Wspierania Edukacji przy Stowarzyszeniu \u201eDolina Lotnicza\u201d Partnerzy: Politechnika Rzeszowska im. I. \u0141ukasiewicza, ABB Polska, Pratt&amp;Whitney Rzesz\u00f3w, Ko\u0142o Naukowe Automatyk\u00f3w i Robotyk\u00f3w \u201eROBO\u201d Politechniki Rzeszowskiej Miejsce: Politechnika Rzeszowska im. I. \u0141ukasiewicza \u00a0 PATRONATY HONOROWE: MARSZA\u0141EK WOJEW\u00d3DZTWA PODKARPACKIEGO STAROSTA POWIATU RZESZOWSKIEGO PREZYDENT MIASTA RZESZOWA PODKARPACKI KURATOR O\u015aWIATY WOJEWODA PODKARPACKI &nbsp; Festiwal Nauki [&hellip;]<\/p>\n","protected":false},"author":1,"featured_media":0,"parent":0,"menu_order":0,"comment_status":"closed","ping_status":"closed","template":"","meta":{"footnotes":""},"class_list":["post-17","page","type-page","status-publish","hentry"],"_links":{"self":[{"href":"https:\/\/dolinawiedzy.pl\/festiwal2015\/wp-json\/wp\/v2\/pages\/17","targetHints":{"allow":["GET"]}}],"collection":[{"href":"https:\/\/dolinawiedzy.pl\/festiwal2015\/wp-json\/wp\/v2\/pages"}],"about":[{"href":"https:\/\/dolinawiedzy.pl\/festiwal2015\/wp-json\/wp\/v2\/types\/page"}],"author":[{"embeddable":true,"href":"https:\/\/dolinawiedzy.pl\/festiwal2015\/wp-json\/wp\/v2\/users\/1"}],"replies":[{"embeddable":true,"href":"https:\/\/dolinawiedzy.pl\/festiwal2015\/wp-json\/wp\/v2\/comments?post=17"}],"version-history":[{"count":16,"href":"https:\/\/dolinawiedzy.pl\/festiwal2015\/wp-json\/wp\/v2\/pages\/17\/revisions"}],"predecessor-version":[{"id":148,"href":"https:\/\/dolinawiedzy.pl\/festiwal2015\/wp-json\/wp\/v2\/pages\/17\/revisions\/148"}],"wp:attachment":[{"href":"https:\/\/dolinawiedzy.pl\/festiwal2015\/wp-json\/wp\/v2\/media?parent=17"}],"curies":[{"name":"wp","href":"https:\/\/api.w.org\/{rel}","templated":true}]}}