{"id":9,"date":"2013-09-18T20:31:35","date_gmt":"2013-09-18T18:31:35","guid":{"rendered":"https:\/\/dolinawiedzy.pl\/pd\/?page_id=9"},"modified":"2024-08-29T10:15:17","modified_gmt":"2024-08-29T08:15:17","slug":"regulamin","status":"publish","type":"page","link":"https:\/\/dolinawiedzy.pl\/dut\/uczelnia\/regulamin\/","title":{"rendered":"Regulamin DUT"},"content":{"rendered":"<p style=\"text-align: center\"><strong>Regulamin z dnia 09 wrze\u015bnia 2022 roku.<\/strong><\/p>\n<p style=\"text-align: center\"><strong>INFORMACJE OG\u00d3LNE<\/strong><\/p>\n<p style=\"text-align: center\"><strong>\u00a71<\/strong><\/p>\n<ol style=\"text-align: center\">\n<li style=\"text-align: left\">Dzieci\u0119cy Uniwersytet Techniczny, zwany dalej DUT jest prowadzony przez Fundacj\u0119 Wspierania Edukacji przy Stowarzyszeniu \u201eDolina Lotnicza\u201d. Ma na celu popularyzacj\u0119 nauki i edukacji w\u015br\u00f3d dzieci i m\u0142odzie\u017cy.<\/li>\n<li style=\"text-align: left\">Maksymalna liczba uczestnik\u00f3w DUT jest okre\u015blana, co semestr przed rozpocz\u0119ciem rekrutacji.<\/li>\n<\/ol>\n<p style=\"text-align: center\"><strong>CELE i ZADANIA DUT<\/strong><\/p>\n<p style=\"text-align: center\"><strong>\u00a72<\/strong><\/p>\n<ol style=\"text-align: center\">\n<li style=\"text-align: left\">DUT zosta\u0142 powo\u0142any w celu promocji nauki, a w szczeg\u00f3lno\u015bci kierunk\u00f3w technicznych, matematycznych i przyrodniczych.<\/li>\n<li style=\"text-align: left\">Zaj\u0119cia s\u0105 dostosowane do wieku uczestnik\u00f3w i maj\u0105 na celu: rozwija\u0107 dzieci\u0119c\u0105 ciekawo\u015b\u0107, propagowa\u0107 edukacj\u0119 i zach\u0119ca\u0107 do poznawania \u015bwiata.<\/li>\n<li style=\"text-align: left\">Zadaniem DUT jest organizacja wyk\u0142ad\u00f3w i zaj\u0119\u0107 warsztatowych w salach akademickich, w kt\u00f3rych na co dzie\u0144 zasiadaj\u0105 studenci, a w przypadku braku takiej mo\u017cliwo\u015bci w salach umo\u017cliwiaj\u0105cych organizacj\u0119 tego typu zaj\u0119\u0107.<\/li>\n<\/ol>\n<p style=\"text-align: center\"><strong>ZASADY REKRUTACJI<\/strong><\/p>\n<p style=\"text-align: center\"><strong>\u00a73<\/strong><\/p>\n<ol style=\"text-align: center\">\n<li style=\"text-align: left\">Proces rekrutacji prowadzony jest w okre\u015blonych przez organizator\u00f3w terminach, kt\u00f3re podane s\u0105 do og\u00f3lnej wiadomo\u015bci na stronie internetowej DUT.<\/li>\n<li style=\"text-align: left\">Do rekrutacji mog\u0105 przyst\u0105pi\u0107 dzieci w wieku 7 \u2013 12 lat tj. uczniowie szk\u00f3\u0142 podstawowych. Chyba, \u017ce organizatorzy w ramach indywidualnych ustale\u0144 z miastem\/fili\u0105 DUT postanowi\u0105 inaczej.<\/li>\n<li style=\"text-align: left\">Zapisy uczestnik\u00f3w prowadzone s\u0105 wy\u0142\u0105cznie online przez stron\u0119 www DUT.<\/li>\n<li style=\"text-align: left\">Kwalifikacja uczestnik\u00f3w na dany semestr odbywa si\u0119 wed\u0142ug zasad podanych na stronie www DUT. Szczeg\u00f3\u0142y rekrutacji organizatorzy podaj\u0105 wraz z terminami rekrutacji.<\/li>\n<li style=\"text-align: left\">Kolejne kroki, kt\u00f3re nale\u017cy wykona\u0107 w procesie rekrutacji podawane s\u0105 w wiadomo\u015bciach wysy\u0142anych drog\u0105 e-mailow\u0105 lub na stronie internetowej DUT.<\/li>\n<li style=\"text-align: left\">Na ka\u017cdy semestr odbywa si\u0119 odr\u0119bna rekrutacja online.<\/li>\n<\/ol>\n<p style=\"text-align: center\"><strong>\u00a74<\/strong><\/p>\n<ol style=\"text-align: center\">\n<li style=\"text-align: left\">Lista os\u00f3b zakwalifikowanych na dany semestr publikowana jest na stronie www DUT \u2013 do os\u00f3b zakwalifikowanych na dany semestr wysy\u0142ana jest tak\u017ce wiadomo\u015b\u0107 z informacj\u0105 o zakwalifikowaniu si\u0119.<\/li>\n<li style=\"text-align: left\">Lista rezerwowa jest losowana osobno spo\u015br\u00f3d os\u00f3b, kt\u00f3re nie zosta\u0142y wylosowane na list\u0119 podstawow\u0105.<\/li>\n<li style=\"text-align: left\">W przypadku rezygnacji os\u00f3b z listy podstawowej zwolnione miejsca b\u0119d\u0105 proponowane osobom z listy rezerwowej.<\/li>\n<\/ol>\n<p style=\"text-align: center\"><strong>\u00a75<\/strong><\/p>\n<ol style=\"text-align: center\">\n<li style=\"text-align: left\">Osoba zakwalifikowana do zaj\u0119\u0107 nabywa status \u201estudenta DUT\u201d z chwil\u0105 dostarczenia podpisanego formularza uczestnika w terminie i miejscu podanym przez organizatora.<\/li>\n<li style=\"text-align: left\">Ka\u017cdy student DUT mo\u017ce studiowa\u0107 dowoln\u0105 liczb\u0119 semestr\u00f3w, ka\u017cdorazowo po spe\u0142nieniu warunk\u00f3w \u00a7 3.<\/li>\n<li style=\"text-align: left\">Rodzic lub opiekun prawny studenta DUT zobowi\u0105zany jest do:\n<ul>\n<li>wype\u0142nienia deklaracji uczestnictwa w DUT na stronie internetowej<\/li>\n<li>z\u0142o\u017cenia wydrukowanego i w\u0142asnor\u0119cznie podpisanego formularza uczestnika w terminie i miejscu podanym przez organizatora<\/li>\n<li>podpisania i uzupe\u0142nienia indeksu dziecka wed\u0142ug planu zaj\u0119\u0107<\/li>\n<\/ul>\n<\/li>\n<li style=\"text-align: left\">Rodzic lub opiekun prawny decyduje co do ewentualnego ubezpieczenia uczestnika DUT na w\u0142asny koszt.<\/li>\n<\/ol>\n<p style=\"text-align: center\"><strong>\u00a0<\/strong><strong>ZASADY UCZESTNICTWA NA ZAJ\u0118CIACH DUT<\/strong><\/p>\n<p style=\"text-align: center\"><strong>\u00a76<\/strong><\/p>\n<ol>\n<li style=\"text-align: left\">Ka\u017cdy student DUT otrzymuje indeks (legitymacj\u0119) i identyfikator.<\/li>\n<li style=\"text-align: left\">Ka\u017cdy student DUT jest zobowi\u0105zany mie\u0107 identyfikator i indeks na ka\u017cdym zaj\u0119ciach.<\/li>\n<\/ol>\n<p style=\"text-align: center\"><strong>\u00a77<\/strong><\/p>\n<ol style=\"text-align: center\">\n<li style=\"text-align: left\">Na wyk\u0142ad studenci DUT przychodz\u0105 na 15 min przed podan\u0105 godzin\u0105 rozpocz\u0119cia zaj\u0119\u0107 i zg\u0142aszaj\u0105 si\u0119 z identyfikatorem u organizatora.<\/li>\n<li style=\"text-align: left\">Podczas zaj\u0119\u0107 studenci zachowuj\u0105 si\u0119 zgodnie z zasadami obowi\u0105zuj\u0105cymi w szko\u0142ach i stosuj\u0105 si\u0119 do polece\u0144 organizatora.<\/li>\n<li style=\"text-align: left\">Rodzic lub opiekun prawny zobowi\u0105zany jest do pokrycia szk\u00f3d spowodowanych przez studenta DUT w przed, trakcie i bezpo\u015brednio po zaj\u0119ciach DUT.<\/li>\n<li style=\"text-align: left\">Studenci DUT podczas zaj\u0119\u0107 s\u0105 pod opiek\u0105 organizatora. Nie mog\u0105 samowolnie opuszcza\u0107 sali wyk\u0142adowej, ani oddala\u0107 si\u0119 od miejsca odbywania si\u0119 zaj\u0119\u0107 bez wiedzy i zgody organizatora. W ka\u017cdej chwili chc\u0105c o co\u015b zapyta\u0107 sygnalizuj\u0105 to podnosz\u0105c r\u0119k\u0119 i czekaj\u0105 na podej\u015bcie organizatora.<\/li>\n<\/ol>\n<p style=\"text-align: center\"><strong>\u00a78<\/strong><\/p>\n<ol style=\"text-align: center\">\n<li style=\"text-align: left\">Rodzice lub opiekunowie prawni studenta DUT nie bior\u0105 udzia\u0142u w zaj\u0119ciach.<\/li>\n<li style=\"text-align: left\">Student DUT w ka\u017cdej chwili mo\u017ce zrezygnowa\u0107 z udzia\u0142u w zaj\u0119ciach w ramach DUT.<\/li>\n<li style=\"text-align: left\">O rezygnacji z udzia\u0142u w DUT rodzice lub opiekunowie prawni zobowi\u0105zani s\u0105 niezw\u0142ocznie powiadomi\u0107 organizatora.<\/li>\n<li style=\"text-align: left\">Dwie nieusprawiedliwione nieobecno\u015bci na zaj\u0119ciach Studenta DUT powoduj\u0105 skre\u015blenie go z listy uczestnik\u00f3w danego semestru.<\/li>\n<\/ol>\n<p style=\"text-align: center\"><strong>\u00a79<\/strong><\/p>\n<ol style=\"text-align: center\">\n<li style=\"text-align: left\">Na zaj\u0119ciach student DUT otrzymuje wpis do indeksu.<\/li>\n<li style=\"text-align: left\">Dodatkowym potwierdzeniem obecno\u015bci studenta DUT na zaj\u0119ciach jest lista obecno\u015bci tworzona przed ka\u017cdymi zaj\u0119ciami.<\/li>\n<li style=\"text-align: left\">Na koniec semestru student z wystarczaj\u0105c\u0105 liczb\u0105 wpis\u00f3w w swoim indeksie otrzymuje dyplom uko\u0144czenia DUT.<\/li>\n<li style=\"text-align: left\">Dyplom nie jest dokumentem, ma on charakter symboliczny.<\/li>\n<li style=\"text-align: left\">Dyplomy uczestnictwa w zaj\u0119ciach b\u0119dzie mo\u017cna pobra\u0107\u00a0 z zak\u0142adki \u201eMoje zaj\u0119cia &#8211; Status\u201d na koncie DUT po zako\u0144czeniu semestru.<\/li>\n<\/ol>\n<p style=\"text-align: center\"><strong>ORGANIZACJA ZAJ\u0118\u0106 NA DUT<\/strong><\/p>\n<p style=\"text-align: center\"><strong>\u00a710<\/strong><\/p>\n<ol style=\"text-align: center\">\n<li style=\"text-align: left\">DUT dzia\u0142a w cyklu semestralnym.<\/li>\n<li style=\"text-align: left\">Zaj\u0119cia prowadzone s\u0105 przez popularyzator\u00f3w nauki, wyk\u0142adowc\u00f3w, nauczycieli i innych specjalist\u00f3w.<\/li>\n<li style=\"text-align: left\">Zaj\u0119cia odbywaj\u0105 si\u0119 w obiektach dostosowanych do prowadzenia zaj\u0119\u0107, wg wcze\u015bniej podanego harmonogramu.<\/li>\n<li style=\"text-align: left\">Plan zaj\u0119\u0107 jest dost\u0119pny na stronie internetowej DUT.<\/li>\n<li style=\"text-align: left\">DUT zastrzega sobie prawo do zmiany tematyki zaj\u0119\u0107 i termin\u00f3w spotka\u0144 z przyczyn niezale\u017cnych od organizatora. O zaistnia\u0142ej sytuacji rodzice i opiekunowie prawni student\u00f3w DUT zostan\u0105 poinformowani drog\u0105 elektroniczn\u0105 poprzez adresy e-mail podane w procesie rejestracji.<\/li>\n<li style=\"text-align: left\">Wszelka komunikacja odbywa si\u0119 poprzez stron\u0119 www oraz poczt\u0119 elektroniczn\u0105.<\/li>\n<\/ol>\n<p style=\"text-align: center\"><strong>\u00a711<\/strong><\/p>\n<ol style=\"text-align: center\">\n<li style=\"text-align: left\">Rodzic lub opiekun prawny powinien zapewni\u0107 bezpieczne dotarcie studenta DUT na zaj\u0119cia, jak i jego powr\u00f3t do domu po zako\u0144czeniu zaj\u0119\u0107.<\/li>\n<li style=\"text-align: left\">Rodzic lub opiekun prawny zobowi\u0105zuj\u0105 si\u0119 do niezw\u0142ocznego odebrania dziecka po zako\u0144czeniu zaj\u0119\u0107, maksymalnie do 15 minut po ich zako\u0144czeniu. Po up\u0142ywie w\/w czasu organizator podejmie czynno\u015bci przewidywanych odpowiednimi przepisami prawa.<\/li>\n<li style=\"text-align: left\">Organizatorzy nie ponosz\u0105 odpowiedzialno\u015bci za ewentualne zdarzenia czy wypadki student\u00f3w DUT po zako\u0144czeniu zaj\u0119\u0107 , jak i nie ponosz\u0105 odpowiedzialno\u015bci za dzieci pozostawione bez opieki po zako\u0144czeniu zaj\u0119\u0107.<\/li>\n<li style=\"text-align: left\">DUT nie pokrywa koszt\u00f3w zwi\u0105zanych z dojazdami uczestnik\u00f3w na zaj\u0119cia DUT.<\/li>\n<\/ol>\n<p style=\"text-align: center\"><strong>DANE OSOBOWE I OCHRONA WIZERUNKU<\/strong><\/p>\n<p style=\"text-align: center\"><strong>\u00a712<\/strong><\/p>\n<p style=\"text-align: left\">Administratorem danych osobowych opiekuna prawnego oraz dziecka jest Fundacja Wspierania Edukacji przy Stowarzyszeniu \u201eDolina Lotnicza\u201d, ul. Akademicka 8, 35-084 Rzesz\u00f3w zwana dalej Administratorem. Administrator powo\u0142a\u0142 Inspektora Ochrony Danych, z kt\u00f3rym mo\u017cna skontaktowa\u0107 si\u0119 dzwoni\u0105c pod numer 17 865 3004 b\u0105d\u017a pisz\u0105c na wskazane w pkt. 2 adresy.<\/p>\n<ol>\n<li style=\"text-align: left\">Z Administratorem mo\u017cna si\u0119 kontaktowa\u0107 pisemnie, za pomoc\u0105 poczty tradycyjnej na adres: ul. Akademicka 8, 35-084 Rzesz\u00f3w lub email: <em>dut@dolinawiedzy.pl<\/em><\/li>\n<li style=\"text-align: left\">Podstaw\u0105 prawn\u0105 przetwarzania Twoich danych jest podj\u0119cie dzia\u0142a\u0144 zmierzaj\u0105cych do zawarcia umowy lub realizacja umowy pomi\u0119dzy Tob\u0105, a Administratorem dotycz\u0105cej uczestnictwa dziecka w DUT(zwana dalej \u201eUmow\u0105\u201d), dla kt\u00f3rej przetwarzanie Twoich danych jest niezb\u0119dne, tj. art. 6 ust. 1 lit. b RODO.<\/li>\n<li style=\"text-align: left\">Twoje dane osobowe oraz dziecka przetwarzane s\u0105 wy\u0142\u0105cznie dla cel\u00f3w zwi\u0105zanych z realizacj\u0105 Umowy oraz celem podj\u0119cia niezb\u0119dnych dzia\u0142a\u0144 przed zawarciem Umowy.<\/li>\n<li style=\"text-align: left\">Podanie danych osobowych jest dobrowolne, jednak\u017ce ich niepodanie spowoduje, \u017ce zawarcie i realizacja Umowy nie b\u0119d\u0105 mo\u017cliwe.<\/li>\n<li style=\"text-align: left\">Dane osobowe b\u0119d\u0105 przetwarzane przez Administratora przez czas, w kt\u00f3rym umowa b\u0119dzie wykonywana, a tak\u017ce p\u00f3\u017aniej &#8211; w zakresie przewidzianym przepisami prawa, tj. m.in. do czasu up\u0142ywu terminu przedawnienia ewentualnych roszcze\u0144 wynikaj\u0105cych z Umowy lub w zwi\u0105zku z realizacj\u0105 obowi\u0105zku archiwizacyjnego.<\/li>\n<li style=\"text-align: left\">Administrator mo\u017ce przekaza\u0107 Twoje dane podmiotom stale wsp\u00f3\u0142pracuj\u0105cym z Administratorem przy organizacji DUT, sponsorom DUT.<\/li>\n<li style=\"text-align: left\">Masz prawo \u017c\u0105da\u0107 od Administratora dost\u0119pu do swoich danych, ich sprostowania, przenoszenia, usuni\u0119cia, prawo wniesienia sprzeciwu wobec przetwarzania oraz ograniczenia przetwarzania danych.<\/li>\n<li style=\"text-align: left\">W zwi\u0105zku z przetwarzaniem Twoich danych osobowych przez Administratora przys\u0142uguje Ci prawo wniesienia skargi do organu nadzorczego.<\/li>\n<li style=\"text-align: left\">W oparciu o Twoje dane osobowe Administrator nie b\u0119dzie podejmowa\u0142 wobec Ciebie zautomatyzowanych decyzji, w tym decyzji b\u0119d\u0105cych wynikiem profilowania.<\/li>\n<li style=\"text-align: left\">Rodzice lub opiekunowie prawni wraz ze zg\u0142oszeniem dziecka na zaj\u0119cia DUT wyra\u017caj\u0105 zgod\u0119 na przetwarzanie danych osobowych zar\u00f3wno swoich jak i dziecka zawartych w formularzu dla cel\u00f3w niezb\u0119dnych do realizacji procesu rekrutacji oraz organizacji DUT.<\/li>\n<li style=\"text-align: left\">Rodzice lub opiekunowie prawni wraz ze zg\u0142oszeniem dziecka na zaj\u0119cia DUT wyra\u017caj\u0105 zgod\u0119 na przetwarzanie danych osobowych zar\u00f3wno swoich jak i dziecka zawartych w formularzu dla cel\u00f3w pozosta\u0142ej dzia\u0142alno\u015bci Fundacji zwi\u0105zanej z propagowaniem nauki i techniki przez Fundacj\u0119 w\u015br\u00f3d m\u0142odzie\u017cy i dzieci.<\/li>\n<li style=\"text-align: left\">Rodzice lub opiekunowie prawni zapisuj\u0105c dziecko na DUT zgadzaj\u0105 si\u0119 na przetwarzanie wizerunku dziecka oraz na wykorzystanie wizerunku do publikowania zdj\u0119\u0107, audycji, wywiad\u00f3w z udzia\u0142em dziecka na stronach internetowych DUT, w mediach oraz materia\u0142ach promocyjnych i informacyjnych DUT bez ogranicze\u0144 czasowych i terytorialnych.<\/li>\n<li style=\"text-align: left\">Rodzice lub opiekunowie prawni zapisuj\u0105c dziecko na DUT wyra\u017caj\u0105 zgod\u0119 na przetwarzanie danych osobowych dziecka w postaci imienia i nazwiska w postaci ich wyczytania podczas wr\u0119czania indeks\u00f3w, dyplom\u00f3w oraz organizowanych konkurs\u00f3w.<\/li>\n<\/ol>\n<p style=\"text-align: center\"><strong>\u00a713<\/strong><\/p>\n<p style=\"text-align: center\">Postanowienia ko\u0144cowe<\/p>\n<ol>\n<li style=\"text-align: left\">Studenci DUT, rodzicie, b\u0105d\u017a ich opiekunowie prawni zobowi\u0105zani s\u0105 do zapoznania si\u0119 z niniejszym regulaminem, programem oraz harmonogramem spotka\u0144 dost\u0119pnym na stronie internetowej DUT oraz monitorowania na bie\u017c\u0105co zamieszczanych tam informacji i sk\u0142adaj\u0105c deklaracj\u0119 uczestnictwa w zaj\u0119ciach DUT wyra\u017caj\u0105 zgod\u0119 na brzmienie regulaminu i post\u0119powania zgodnie z jego tre\u015bci\u0105.<\/li>\n<li style=\"text-align: left\">Rodzice lub opiekunowie prawni studenta DUT wyra\u017caj\u0105 zgod\u0119 na otrzymywanie wszelkich informacji dotycz\u0105cych DUT w trybie art. 10 pkt. 2 ustawy z dnia 18 lipca 2002 r. o \u015bwiadczeniu us\u0142ug drog\u0105 elektroniczn\u0105 (Dz. U. z 2002 r. Nr 144, poz. 1204 z p\u00f3\u017an. zm.).<\/li>\n<li style=\"text-align: left\">Regulamin obowi\u0105zuje od dnia 1 wrze\u015bnia 2018 roku.<\/li>\n<li style=\"text-align: left\">W przypadku zmiany regulaminu po zako\u0144czeniu procesu rekrutacji, zostanie on opublikowany na stronie internetowej DUT i przes\u0142any poczt\u0105 elektroniczn\u0105 na adres opiekun\u00f3w wskazanych w dokumentach zg\u0142oszeniowych. Rodzic lub opiekun prawny nie wyra\u017caj\u0105cy zgody na zmiany regulaminu powinien z\u0142o\u017cy\u0107 pisemne o\u015bwiadczenie w terminie 7 dni od dnia otrzymania informacji o zmianie ,co b\u0119dzie r\u00f3wnoznaczne z rezygnacj\u0105 z uczestnictwa w zaj\u0119ciach DUT.<\/li>\n<\/ol>\n","protected":false},"excerpt":{"rendered":"<p>Regulamin z dnia 09 wrze\u015bnia 2022 roku. INFORMACJE OG\u00d3LNE \u00a71 Dzieci\u0119cy Uniwersytet Techniczny, zwany dalej DUT jest prowadzony przez Fundacj\u0119 Wspierania Edukacji przy Stowarzyszeniu \u201eDolina Lotnicza\u201d. Ma na celu popularyzacj\u0119 nauki i edukacji w\u015br\u00f3d dzieci i m\u0142odzie\u017cy. Maksymalna liczba uczestnik\u00f3w DUT jest okre\u015blana, co semestr przed rozpocz\u0119ciem rekrutacji. CELE i ZADANIA DUT \u00a72 DUT zosta\u0142 [&hellip;]<\/p>\n","protected":false},"author":1,"featured_media":0,"parent":11,"menu_order":1,"comment_status":"closed","ping_status":"closed","template":"left-sidebar.php","meta":{"footnotes":""},"class_list":["post-9","page","type-page","status-publish","hentry"],"_links":{"self":[{"href":"https:\/\/dolinawiedzy.pl\/dut\/wp-json\/wp\/v2\/pages\/9","targetHints":{"allow":["GET"]}}],"collection":[{"href":"https:\/\/dolinawiedzy.pl\/dut\/wp-json\/wp\/v2\/pages"}],"about":[{"href":"https:\/\/dolinawiedzy.pl\/dut\/wp-json\/wp\/v2\/types\/page"}],"author":[{"embeddable":true,"href":"https:\/\/dolinawiedzy.pl\/dut\/wp-json\/wp\/v2\/users\/1"}],"replies":[{"embeddable":true,"href":"https:\/\/dolinawiedzy.pl\/dut\/wp-json\/wp\/v2\/comments?post=9"}],"version-history":[{"count":21,"href":"https:\/\/dolinawiedzy.pl\/dut\/wp-json\/wp\/v2\/pages\/9\/revisions"}],"predecessor-version":[{"id":20255,"href":"https:\/\/dolinawiedzy.pl\/dut\/wp-json\/wp\/v2\/pages\/9\/revisions\/20255"}],"up":[{"embeddable":true,"href":"https:\/\/dolinawiedzy.pl\/dut\/wp-json\/wp\/v2\/pages\/11"}],"wp:attachment":[{"href":"https:\/\/dolinawiedzy.pl\/dut\/wp-json\/wp\/v2\/media?parent=9"}],"curies":[{"name":"wp","href":"https:\/\/api.w.org\/{rel}","templated":true}]}}