{"id":6846,"date":"2017-03-30T14:23:38","date_gmt":"2017-03-30T12:23:38","guid":{"rendered":"https:\/\/dolinawiedzy.pl\/pd\/?page_id=6846"},"modified":"2021-01-01T21:36:50","modified_gmt":"2021-01-01T20:36:50","slug":"wolontariat-i-staz","status":"publish","type":"page","link":"https:\/\/dolinawiedzy.pl\/dut\/wesprzyj-nas\/wolontariat-i-staz\/","title":{"rendered":"Wolontariat i sta\u017c"},"content":{"rendered":"<p><strong>Lubisz co\u015b robi\u0107 dla innych? Chcia\u0142by\u015b zdoby\u0107 nowe do\u015bwiadczenia? Masz w\u0142asny ciekawy pomys\u0142, kt\u00f3ry chcesz zrealizowa\u0107? Wesprzyj nas swoim czasem! Jeste\u015bmy otwarci na wsp\u00f3\u0142prac\u0119 i nowe inicjatywy &#8211; skontaktuj si\u0119 z nami ju\u017c dzi\u015b!<\/strong><\/p>\n<p>Je\u017celi chcesz by\u0107 wolontariuszem, a brakuje Ci konkretnych pomys\u0142\u00f3w, masz troch\u0119 czasu i ch\u0119ci do dzia\u0142ania, zapraszamy do udzia\u0142u w naszych projektach. <strong>Wiek nie gra roli \u2013 jeste\u015b uczniem, studentem, osob\u0105 pracuj\u0105c\u0105 lub seniorem \u2013 potrzebujemy Ci\u0119!<\/strong><\/p>\n<p>Nasze zaj\u0119cia, pikniki, festiwale naukowe i inne imprezy, to nie ukrywamy ogromna ilo\u015b\u0107 pracy, ale tak\u017ce du\u017co dobrej zabawy, u\u015bmiechu, a przede wszystkim satysfakcji i ciekawego do\u015bwiadczenia. Potrzebujemy przede wszystkim os\u00f3b, kt\u00f3re b\u0119d\u0105 wspiera\u0107 organizacj\u0119 naszych zaj\u0119\u0107 Dzieci\u0119cego Uniwersytetu Technicznego w pi\u0119ciu miastach: Rzeszowie, Mielcu, D\u0119bicy, Stalowej Woli oraz Ustrzykach Dolnych, a tak\u017ce organizacj\u0119 naszych stanowisk na imprezach popularnonaukowych w regionie.<\/p>\n<p><strong>Potrafisz si\u0119 zaanga\u017cowa\u0107? Do\u0142\u0105cz do nas! <\/strong><\/p>\n<p><strong>Masz pytania? Napisz do nas \u2192 <span style=\"color: #3366ff;\"><a style=\"color: #3366ff;\" href=\"mailto:dut@dolinawiedzy.pl\">dut@dolinawiedzy.pl<\/a><\/span><\/strong><\/p>\n","protected":false},"excerpt":{"rendered":"<p>Lubisz co\u015b robi\u0107 dla innych? Chcia\u0142by\u015b zdoby\u0107 nowe do\u015bwiadczenia? Masz w\u0142asny ciekawy pomys\u0142, kt\u00f3ry chcesz zrealizowa\u0107? Wesprzyj nas swoim czasem! Jeste\u015bmy otwarci na wsp\u00f3\u0142prac\u0119 i nowe inicjatywy &#8211; skontaktuj si\u0119 z nami ju\u017c dzi\u015b! Je\u017celi chcesz by\u0107 wolontariuszem, a brakuje Ci konkretnych pomys\u0142\u00f3w, masz troch\u0119 czasu i ch\u0119ci do dzia\u0142ania, zapraszamy do udzia\u0142u w naszych [&hellip;]<\/p>\n","protected":false},"author":1,"featured_media":0,"parent":6841,"menu_order":0,"comment_status":"closed","ping_status":"closed","template":"left-sidebar.php","meta":{"footnotes":""},"class_list":["post-6846","page","type-page","status-publish","hentry"],"_links":{"self":[{"href":"https:\/\/dolinawiedzy.pl\/dut\/wp-json\/wp\/v2\/pages\/6846","targetHints":{"allow":["GET"]}}],"collection":[{"href":"https:\/\/dolinawiedzy.pl\/dut\/wp-json\/wp\/v2\/pages"}],"about":[{"href":"https:\/\/dolinawiedzy.pl\/dut\/wp-json\/wp\/v2\/types\/page"}],"author":[{"embeddable":true,"href":"https:\/\/dolinawiedzy.pl\/dut\/wp-json\/wp\/v2\/users\/1"}],"replies":[{"embeddable":true,"href":"https:\/\/dolinawiedzy.pl\/dut\/wp-json\/wp\/v2\/comments?post=6846"}],"version-history":[{"count":6,"href":"https:\/\/dolinawiedzy.pl\/dut\/wp-json\/wp\/v2\/pages\/6846\/revisions"}],"predecessor-version":[{"id":8004,"href":"https:\/\/dolinawiedzy.pl\/dut\/wp-json\/wp\/v2\/pages\/6846\/revisions\/8004"}],"up":[{"embeddable":true,"href":"https:\/\/dolinawiedzy.pl\/dut\/wp-json\/wp\/v2\/pages\/6841"}],"wp:attachment":[{"href":"https:\/\/dolinawiedzy.pl\/dut\/wp-json\/wp\/v2\/media?parent=6846"}],"curies":[{"name":"wp","href":"https:\/\/api.w.org\/{rel}","templated":true}]}}