{"id":5848,"date":"2016-07-27T19:44:28","date_gmt":"2016-07-27T17:44:28","guid":{"rendered":"https:\/\/dolinawiedzy.pl\/pd\/?page_id=5848"},"modified":"2020-12-30T23:32:14","modified_gmt":"2020-12-30T22:32:14","slug":"rejestracja","status":"publish","type":"page","link":"https:\/\/dolinawiedzy.pl\/dut\/rejestracja\/","title":{"rendered":"Za\u0142\u00f3\u017c konto DUT"},"content":{"rendered":"<div class=\"mb-4\" style=\"text-align:justify;\">\n\t\n\t<!-- Show errors if there are any -->\n\t\n\t<form action=\"https:\/\/dolinawiedzy.pl\/dut\/wp-login.php?action=register\" method=\"post\" autocomplete=\"off\">\n\t\t<div class=\"form-group row\" style=\"margin-bottom:1rem !important;\">\n\t\t\t<label for=\"email\" class=\"col-sm-2 col-form-label\">Email<\/label>\n\t\t\t<div class=\"col-sm-4\">\n\t\t\t\t<input type=\"email\" class=\"form-control\" id=\"email\" name=\"email\" value=\"\" autocomplete=\"off\" required autofocus>\n\t\t\t<\/div>\n\t\t<\/div>\n\t\t<div class=\"form-group row\" style=\"margin-bottom:1rem !important;\">\n\t\t\t<label for=\"pass1\" class=\"col-sm-2 col-form-label\">Has\u0142o<\/label>\n\t\t\t<div class=\"col-sm-4\">\n\t\t\t\t<input type=\"password\" class=\"form-control\" id=\"pass1\" name=\"password\" data-indicator=\"pwindicator\" required>\n                <div id=\"pwindicator\">\n\t\t\t\t\t<div class=\"bar\"><\/div>\n\t\t\t\t\t<div class=\"label\"><\/div>\n\t\t\t\t<\/div>\n\t\t\t\t<a id=\"password_rules\" href=\"#\">Wymagania z\u0142o\u017cono\u015bci has\u0142a<\/a>\n\t\t\t<\/div>\n\t\t\t<div class=\"col-sm-12\" id=\"rules\" style=\"display:none;\">\n\t\t\t\t<div class=\"alert alert-info mt-2\" role=\"alert\">\n\t\t\t\t\t<i class=\"fas fa-info-circle\"><\/i>\n\t\t\t\t\t<span class=\"sr-only\">Informacja:<\/span>\n\t\t\t\t\t<strong>Wymagania z\u0142o\u017cono\u015bci has\u0142a<\/strong>\n\t\t\t\t\t<p style=\"margin-top:.5rem;margin-bottom:0;\">Has\u0142o do konta DUT:<\/p>\n\t\t\t\t\t<ul style=\"margin-top:0;margin-bottom:0;\">\n\t\t\t\t\t\t<li>musi sk\u0142ada\u0107 si\u0119 z <b>min. 7 znak\u00f3w<\/b><\/li>\n\t\t\t\t\t\t<li>musi zawiera\u0107 przynajmniej:\n\t\t\t\t\t\t\t<ul style=\"margin-top:0;margin-bottom:0;\">\n\t\t\t\t\t\t\t\t<li>jedn\u0105 ma\u0142\u0105 liter\u0119 alfabetu \u0142aci\u0144skiego (od a do z),<\/li>\n\t\t\t\t\t\t\t\t<li>jedn\u0105 wielk\u0105 liter\u0119 alfabetu \u0142aci\u0144skiego (od A do Z),<\/li>\n\t\t\t\t\t\t\t\t<li>jedn\u0105 cyfr\u0119 systemu dziesi\u0119tnego (od 0 do 9) lub znak specjalny (dopuszczalne s\u0105: !,@,#,$,%,^,&,*,?,=,+,&lt;,&gt;)<\/li>\n\t\t\t\t\t\t\t<\/ul>\n\t\t\t\t\t\t<\/li>\n\t\t\t\t\t\t<li>nie mo\u017ce by\u0107 takie same jak email<\/li>\n\t\t\t\t\t<\/ul>\n\t\t\t\t<\/div>\n\t\t\t<\/div>\n\t\t<\/div>\n\t\t<div class=\"form-group row\" style=\"margin-bottom:1rem !important;\">\n\t\t\t<label for=\"password_repeat\" class=\"col-sm-2 col-form-label\">Powt\u00f3rz has\u0142o<\/label>\n\t\t\t<div class=\"col-sm-4\">\n\t\t\t\t<input type=\"password\" class=\"form-control\" id=\"password_repeat\" name=\"password_repeat\" autocomplete=\"off\" required>\n\t\t\t<\/div>\n\t\t<\/div>\n\n\t\t\n\t\t<p style=\"margin-top:1.5rem;margin-bottom:1.5rem;\">W zwi\u0105zku z nowymi przepisami dotycz\u0105cymi ochrony danych osobowych, prosimy o akceptacj\u0119 poni\u017cszych o\u015bwiadcze\u0144, wyra\u017con\u0105 poprzez zaznaczenie w\u0142a\u015bciwych kwadrat\u00f3w.<\/p>\n\n\t\t<div class=\"form-group\">\n\t\t\t<div class=\"form-check\">\n\t\t\t\t<label class=\"form-check-label\" for=\"osw_1\">\n\t\t\t\t\t<input id=\"osw_1\" class=\"form-check-input\" type=\"checkbox\" name=\"osw[0]\" value=\"T\"  required>\n\t\t\t\t\tO\u015bwiadczam, \u017ce zapozna\u0142em(-am) si\u0119 z <a href=\"..\/uczelnia\/regulamin\" target=\"_blank\">Regulaminem DUT<\/a> i akceptuj\u0119 jego postanowienia.\t\t\t\t<\/label>\n\t\t\t<\/div>\n\t\t<div>\n\t\t<div class=\"form-group\">\n\t\t\t<div class=\"form-check\">\n\t\t\t\t<label class=\"form-check-label\" for=\"osw_2\">\n\t\t\t\t\t<input id=\"osw_2\" class=\"form-check-input\" type=\"checkbox\" name=\"osw[1]\" value=\"T\"  required>\n\t\t\t\t\tWyra\u017cam zgod\u0119 na otrzymywanie wszelkich informacji dotycz\u0105cych DUT w trybie art. 10 pkt. 2 ustawy z dnia 18 lipca 2002 r. o \u015bwiadczeniu us\u0142ug drog\u0105 elektroniczn\u0105 (Dz. U. z 2002 r. Nr 144, poz. 1204 z p\u00f3\u017an. zm.).\t\t\t\t<\/label>\n\t\t\t<\/div>\n\t\t<div>\n\t\t<div class=\"form-group\">\n\t\t\t<div class=\"form-check\">\n\t\t\t\t<label class=\"form-check-label\" for=\"osw_3\">\n\t\t\t\t\t<input id=\"osw_3\" class=\"form-check-input\" type=\"checkbox\" name=\"osw[2]\" value=\"T\"  required>\n\t\t\t\t\tWyra\u017cam zgod\u0119 na przetwarzanie danych osobowych zar\u00f3wno swoich jak i dziecka dla cel\u00f3w niezb\u0119dnych do realizacji procesu rekrutacji oraz organizacji DUT.\t\t\t\t<\/label>\n\t\t\t<\/div>\n\t\t<div>\n\t\t<div class=\"form-group\">\n\t\t\t<div class=\"form-check\">\n\t\t\t\t<label class=\"form-check-label\" for=\"osw_4\">\n\t\t\t\t\t<input id=\"osw_4\" class=\"form-check-input\" type=\"checkbox\" name=\"osw[3]\" value=\"T\"  required>\n\t\t\t\t\tWyra\u017cam zgod\u0119 na przetwarzanie danych osobowych zar\u00f3wno swoich jak i dziecka dla cel\u00f3w pozosta\u0142ej dzia\u0142alno\u015bci Fundacji zwi\u0105zanej z propagowaniem nauki i&nbsp;techniki przez Fundacj\u0119 w\u015br\u00f3d m\u0142odzie\u017cy i dzieci.\t\t\t\t<\/label>\n\t\t\t<\/div>\n\t\t<div>\n\t\t<div class=\"form-group\">\n\t\t\t<div class=\"form-check\">\n\t\t\t\t<label class=\"form-check-label\" for=\"osw_5\">\n\t\t\t\t\t<input id=\"osw_5\" class=\"form-check-input\" type=\"checkbox\" name=\"osw[4]\" value=\"T\"  required>\n\t\t\t\t\tZgadzam si\u0119 na przetwarzanie danych osobowych dziecka w postaci wyczytania imienia i nazwiska dziecka podczas wr\u0119czania indeks\u00f3w i dyplom\u00f3w uczestnikom&nbsp;DUT.\t\t\t\t<\/label>\n\t\t\t<\/div>\n\t\t<div>\n\t\t<div class=\"form-group\">\n\t\t\t<div class=\"form-check\">\n\t\t\t\t<label class=\"form-check-label\" for=\"osw_6\">\n\t\t\t\t\t<input id=\"osw_6\" class=\"form-check-input\" type=\"checkbox\" name=\"osw[5]\" value=\"T\"  required>\n\t\t\t\t\tZgadzam si\u0119 na przetwarzanie oraz wykorzystanie wizerunku dziecka oraz na publikowanie zdj\u0119\u0107, audycji, wywiad\u00f3w z udzia\u0142em dziecka na stronach internetowych DUT, w mediach oraz materia\u0142ach promocyjnych i informacyjnych DUT bez ogranicze\u0144 czasowych i terytorialnych.\t\t\t\t<\/label>\n\t\t\t<\/div>\n\t\t<div>\n\t\t<div class=\"form-group\">\n\t\t\t<div class=\"form-check\">\n\t\t\t\t<label class=\"form-check-label\" for=\"osw_7\">\n\t\t\t\t\t<input id=\"osw_7\" class=\"form-check-input\" type=\"checkbox\" name=\"osw[6]\" value=\"T\"  required>\n\t\t\t\t\tZobowi\u0105zuje si\u0119, i\u017c dziecko nie b\u0119dzie bra\u0142o udzia\u0142u w zaj\u0119ciach je\u017celi b\u0119dzie chore b\u0105d\u017a mia\u0142o objawy przezi\u0119bienia, grypy b\u0105d\u017a innej infekcji.\t\t\t\t<\/label>\n\t\t\t<\/div>\n\t\t<div>\n\n\t\t<p style=\"margin-top:1.5rem;margin-bottom:1.5rem;\">W zakresie dotycz\u0105cym ochrony danych osobowych przys\u0142uguje prawo wycofania zgody na przetwarzanie danych osobowych. Informujemy jednak\u017ce, i\u017c brak zgody na przetwarzanie danych osobowych dziecka uniemo\u017cliwi uczestnictwo w zaj\u0119ciach i wydarzeniach organizowanych przez Fundacj\u0119.<\/p>\n\n\t\t<em>\n\t\t<ol style=\"padding-left:1rem;text-align:justify;\">\n\t\t\t<li>Administratorem Twoich danych osobowych oraz dziecka jest <strong>Fundacja Wspierania Edukacji przy Stowarzyszeniu \u201eDolina Lotnicza\u201d, ul. Akademicka 8, 35-084 Rzesz\u00f3w<\/strong> zwana dalej Administratorem. Administrator powo\u0142a\u0142 Inspektora Ochrony Danych, z kt\u00f3rym mo\u017cna skontaktowa\u0107 si\u0119 dzwoni\u0105c pod numer <a href=\"tel:+48178653004\">(17)&nbsp;865-30-04<\/a> b\u0105d\u017a pisz\u0105c na wskazane w pkt. 2 adresy.<\/li>\n\t\t\t<li>Z Administratorem mo\u017cna si\u0119 kontaktowa\u0107 pisemnie, za pomoc\u0105 poczty tradycyjnej na adres:<br \/>ul. Akademicka 8, 35-084 Rzesz\u00f3w Rzesz\u00f3w lub email: <a href=\"mailto:dut@dolinawiedzy.pl\">dut@dolinawiedzy.pl<\/a><\/li>\n\t\t\t<li>Podstaw\u0105 prawn\u0105 przetwarzania Twoich danych jest podj\u0119cie dzia\u0142a\u0144 zmierzaj\u0105cych do zawarcia umowy lub realizacja umowy pomi\u0119dzy Tob\u0105, a Administratorem dotycz\u0105cej uczestnictwa dziecka w DUT (zwana dalej \u201eUmow\u0105\u201d), dla kt\u00f3rej przetwarzanie Twoich danych jest niezb\u0119dne, tj. art. 6 ust. 1 lit. b RODO.<\/li>\n\t\t\t<li>Twoje dane osobowe oraz dziecka przetwarzane s\u0105 wy\u0142\u0105cznie dla cel\u00f3w zwi\u0105zanych z realizacj\u0105 Umowy oraz celem podj\u0119cia niezb\u0119dnych dzia\u0142a\u0144 przed zawarciem Umowy.<\/li>\n\t\t\t<li>Podanie danych osobowych jest dobrowolne, jednak\u017ce ich niepodanie spowoduje, \u017ce zawarcie i realizacja Umowy nie b\u0119d\u0105 mo\u017cliwe.<\/li>\n\t\t\t<li>Dane osobowe b\u0119d\u0105 przetwarzane przez Administratora przez czas, w kt\u00f3rym umowa b\u0119dzie wykonywana, a tak\u017ce p\u00f3\u017aniej - w zakresie przewidzianym przepisami prawa, tj. m.in. do czasu up\u0142ywu terminu przedawnienia ewentualnych roszcze\u0144 wynikaj\u0105cych z Umowy lub w zwi\u0105zku z realizacj\u0105 obowi\u0105zku archiwizacyjnego.<\/li>\n\t\t\t<li>Administrator mo\u017ce przekaza\u0107 Twoje dane podmiotom stale wsp\u00f3\u0142pracuj\u0105cym z Administratorem przy organizacji DUT, sponsorom DUT.<\/li>\n\t\t\t<li>Masz prawo \u017c\u0105da\u0107 od Administratora dost\u0119pu do swoich danych, ich sprostowania, przenoszenia, usuni\u0119cia, prawo wniesienia sprzeciwu wobec przetwarzania oraz ograniczenia przetwarzania danych.<\/li>\n\t\t\t<li>W zwi\u0105zku z przetwarzaniem Twoich danych osobowych przez Administratora przys\u0142uguje Ci prawo wniesienia skargi do organu nadzorczego.<\/li>\n\t\t\t<li>W oparciu o Twoje dane osobowe Administrator nie b\u0119dzie podejmowa\u0142 wobec Ciebie zautomatyzowanych decyzji, w tym decyzji b\u0119d\u0105cych wynikiem profilowania. <\/li>\n\t\t<\/ol>\n\t\t<\/em>\n\n\t\t<div class=\"form-group row\" style=\"margin-bottom:1rem !important;\">\n\t\t\t<div class=\"col-sm-6\">\n\t\t\t\t<button type=\"submit\" class=\"btn btn-primary\">Za\u0142\u00f3\u017c konto<\/button>\n\t\t\t<\/div>\n\t\t<\/div>\n\t<\/form>\n\t<p class=\"mt-4\">\n\t\t<a href=\"https:\/\/dolinawiedzy.pl\/dut\/logowanie\" title=\"Logowanie\">\n\t\t\tPosiadam ju\u017c konto - logowanie\t\t<\/a>\n\t<\/p>\n<\/div>\n\n<script>\njQuery(function() {\n\tjQuery('#password_rules').click(function(){\n\t\tjQuery(\"#rules\").toggle();\n\t\treturn false;\n\t});\n\tjQuery('#pass1').pwstrength({\n\t\ttexts: ['bardzo s\u0142abe', 's\u0142abe', 'umiarkowane', 'silne', 'bardzo mocne']\n\t});\n});\n<\/script>\n\n","protected":false},"excerpt":{"rendered":"","protected":false},"author":1,"featured_media":0,"parent":0,"menu_order":12,"comment_status":"closed","ping_status":"closed","template":"fullwidth.php","meta":{"footnotes":""},"class_list":["post-5848","page","type-page","status-publish","hentry"],"_links":{"self":[{"href":"https:\/\/dolinawiedzy.pl\/dut\/wp-json\/wp\/v2\/pages\/5848","targetHints":{"allow":["GET"]}}],"collection":[{"href":"https:\/\/dolinawiedzy.pl\/dut\/wp-json\/wp\/v2\/pages"}],"about":[{"href":"https:\/\/dolinawiedzy.pl\/dut\/wp-json\/wp\/v2\/types\/page"}],"author":[{"embeddable":true,"href":"https:\/\/dolinawiedzy.pl\/dut\/wp-json\/wp\/v2\/users\/1"}],"replies":[{"embeddable":true,"href":"https:\/\/dolinawiedzy.pl\/dut\/wp-json\/wp\/v2\/comments?post=5848"}],"version-history":[{"count":5,"href":"https:\/\/dolinawiedzy.pl\/dut\/wp-json\/wp\/v2\/pages\/5848\/revisions"}],"predecessor-version":[{"id":8279,"href":"https:\/\/dolinawiedzy.pl\/dut\/wp-json\/wp\/v2\/pages\/5848\/revisions\/8279"}],"wp:attachment":[{"href":"https:\/\/dolinawiedzy.pl\/dut\/wp-json\/wp\/v2\/media?parent=5848"}],"curies":[{"name":"wp","href":"https:\/\/api.w.org\/{rel}","templated":true}]}}