{"id":494,"date":"2013-11-04T13:14:02","date_gmt":"2013-11-04T12:14:02","guid":{"rendered":"https:\/\/dolinawiedzy.pl\/pd\/?page_id=494"},"modified":"2021-01-01T22:01:04","modified_gmt":"2021-01-01T21:01:04","slug":"dut-mielec","status":"publish","type":"page","link":"https:\/\/dolinawiedzy.pl\/dut\/galeria\/dut-mielec\/","title":{"rendered":"DUT Mielec"},"content":{"rendered":"<p>Szanowni Pa\u0144stwo,<\/p>\n<p>Zapraszamy do obejrzenia zdj\u0119\u0107 z wyk\u0142ad\u00f3w w Mielcu. Wszystko zosta\u0142o podzielone ze wzgl\u0119du na semestr, w kt\u00f3rym odbywaj\u0105 si\u0119 wyk\u0142ady. Dlatego prosimy o wyb\u00f3r odpowiedniej pozycji z menu.<\/p>\n","protected":false},"excerpt":{"rendered":"<p>Szanowni Pa\u0144stwo, Zapraszamy do obejrzenia zdj\u0119\u0107 z wyk\u0142ad\u00f3w w Mielcu. Wszystko zosta\u0142o podzielone ze wzgl\u0119du na semestr, w kt\u00f3rym odbywaj\u0105 si\u0119 wyk\u0142ady. Dlatego prosimy o wyb\u00f3r odpowiedniej pozycji z menu.<\/p>\n","protected":false},"author":1,"featured_media":0,"parent":13,"menu_order":1,"comment_status":"closed","ping_status":"closed","template":"left-sidebar.php","meta":{"footnotes":""},"class_list":["post-494","page","type-page","status-publish","hentry"],"_links":{"self":[{"href":"https:\/\/dolinawiedzy.pl\/dut\/wp-json\/wp\/v2\/pages\/494","targetHints":{"allow":["GET"]}}],"collection":[{"href":"https:\/\/dolinawiedzy.pl\/dut\/wp-json\/wp\/v2\/pages"}],"about":[{"href":"https:\/\/dolinawiedzy.pl\/dut\/wp-json\/wp\/v2\/types\/page"}],"author":[{"embeddable":true,"href":"https:\/\/dolinawiedzy.pl\/dut\/wp-json\/wp\/v2\/users\/1"}],"replies":[{"embeddable":true,"href":"https:\/\/dolinawiedzy.pl\/dut\/wp-json\/wp\/v2\/comments?post=494"}],"version-history":[{"count":5,"href":"https:\/\/dolinawiedzy.pl\/dut\/wp-json\/wp\/v2\/pages\/494\/revisions"}],"predecessor-version":[{"id":11653,"href":"https:\/\/dolinawiedzy.pl\/dut\/wp-json\/wp\/v2\/pages\/494\/revisions\/11653"}],"up":[{"embeddable":true,"href":"https:\/\/dolinawiedzy.pl\/dut\/wp-json\/wp\/v2\/pages\/13"}],"wp:attachment":[{"href":"https:\/\/dolinawiedzy.pl\/dut\/wp-json\/wp\/v2\/media?parent=494"}],"curies":[{"name":"wp","href":"https:\/\/api.w.org\/{rel}","templated":true}]}}