{"id":4525,"date":"2015-10-14T09:47:10","date_gmt":"2015-10-14T07:47:10","guid":{"rendered":"https:\/\/dolinawiedzy.pl\/pd\/?page_id=4525"},"modified":"2023-01-16T10:15:42","modified_gmt":"2023-01-16T09:15:42","slug":"stalowa-wola","status":"publish","type":"page","link":"https:\/\/dolinawiedzy.pl\/dut\/galeria\/stalowa-wola\/","title":{"rendered":"DUT Stalowa Wola"},"content":{"rendered":"<div class=\"one-post\">\n<div id=\"post-1681\">\n<div class=\"post-body\">\n<p>Szanowni Pa\u0144stwo,<\/p>\n<p>Zapraszamy do obejrzenia zdj\u0119\u0107 z wyk\u0142ad\u00f3w w Stalowej Woli. Wszystko zosta\u0142o podzielone ze wzgl\u0119du na semestr, w kt\u00f3rym odbywaj\u0105 si\u0119 wyk\u0142ady. Dlatego prosimy o wyb\u00f3r odpowiedniej pozycji z menu.<\/p>\n<\/div>\n<\/div>\n<\/div>\n","protected":false},"excerpt":{"rendered":"<p>Szanowni Pa\u0144stwo, Zapraszamy do obejrzenia zdj\u0119\u0107 z wyk\u0142ad\u00f3w w Stalowej Woli. Wszystko zosta\u0142o podzielone ze wzgl\u0119du na semestr, w kt\u00f3rym odbywaj\u0105 si\u0119 wyk\u0142ady. Dlatego prosimy o wyb\u00f3r odpowiedniej pozycji z menu.<\/p>\n","protected":false},"author":2,"featured_media":0,"parent":13,"menu_order":16,"comment_status":"closed","ping_status":"closed","template":"left-sidebar.php","meta":{"footnotes":""},"class_list":["post-4525","page","type-page","status-publish","hentry"],"_links":{"self":[{"href":"https:\/\/dolinawiedzy.pl\/dut\/wp-json\/wp\/v2\/pages\/4525","targetHints":{"allow":["GET"]}}],"collection":[{"href":"https:\/\/dolinawiedzy.pl\/dut\/wp-json\/wp\/v2\/pages"}],"about":[{"href":"https:\/\/dolinawiedzy.pl\/dut\/wp-json\/wp\/v2\/types\/page"}],"author":[{"embeddable":true,"href":"https:\/\/dolinawiedzy.pl\/dut\/wp-json\/wp\/v2\/users\/2"}],"replies":[{"embeddable":true,"href":"https:\/\/dolinawiedzy.pl\/dut\/wp-json\/wp\/v2\/comments?post=4525"}],"version-history":[{"count":5,"href":"https:\/\/dolinawiedzy.pl\/dut\/wp-json\/wp\/v2\/pages\/4525\/revisions"}],"predecessor-version":[{"id":11656,"href":"https:\/\/dolinawiedzy.pl\/dut\/wp-json\/wp\/v2\/pages\/4525\/revisions\/11656"}],"up":[{"embeddable":true,"href":"https:\/\/dolinawiedzy.pl\/dut\/wp-json\/wp\/v2\/pages\/13"}],"wp:attachment":[{"href":"https:\/\/dolinawiedzy.pl\/dut\/wp-json\/wp\/v2\/media?parent=4525"}],"curies":[{"name":"wp","href":"https:\/\/api.w.org\/{rel}","templated":true}]}}