{"id":4272,"date":"2015-07-20T11:49:37","date_gmt":"2015-07-20T09:49:37","guid":{"rendered":"https:\/\/dolinawiedzy.pl\/pd\/?page_id=4272"},"modified":"2023-01-16T10:11:31","modified_gmt":"2023-01-16T09:11:31","slug":"stalowa-wola","status":"publish","type":"page","link":"https:\/\/dolinawiedzy.pl\/dut\/filie-dut\/stalowa-wola\/","title":{"rendered":"Filia DUT w Stalowej Woli"},"content":{"rendered":"<h4 class=\"has-luminous-vivid-amber-color has-text-color\">Od marca 2021 roku zaj\u0119cia filii w Stalowej Woli zosta\u0142y zawieszone.<\/h4>\n<p>W pa\u017adzierniku 2015 roku powo\u0142ana zosta\u0142a Filia Dzieci\u0119cego Uniwersytetu Technicznego w Stalowej Woli. Partnerami strategicznymi projektu s\u0105: <strong>Miejski Dom Kultury w Stalowej Woli oraz Miasto Stalowa Wola,<\/strong> a zaj\u0119cia odbywaj\u0105 si\u0119 przy wsp\u00f3\u0142pracy z&nbsp;<strong>Wydzia\u0142em Mechaniczno-Technologiczny Politechniki Rzeszowskiej w Stalowej Woli.<\/strong><\/p>\n<p style=\"text-align: justify;\">Zaj\u0119cia Dzieci\u0119cego Uniwersytetu Technicznego w Stalowej Woli odbywaj\u0105 si\u0119 w budynku Zamiejscowego O\u015brodka Politechniki Rzeszowskiej w Stalowej Woli przy ul. Kwiatkowskiego 4.<\/p>\n<ul>\n<li><a href=\"https:\/\/dolinawiedzy.pl\/dut\/uczelnia\/rejestracja\">Rejestracja na zaj\u0119cia <\/a><\/li>\n<li><a href=\"https:\/\/dolinawiedzy.pl\/dut\/uczelnia\/plany-zajec\/\">Aktualny plan zaj\u0119\u0107 <\/a><\/li>\n<\/ul>\n<p style=\"text-align: justify;\">Studentem Filii w Stalowej Woli mo\u017ce by\u0107 ka\u017cdy ucze\u0144 szko\u0142y podstawowej, zamieszka\u0142y na terenie Gminy Stalowa Wola. Zaj\u0119cia odbywaj\u0105 si\u0119 w dw\u00f3ch 100-osobowych grupach.<\/p>\n<p style=\"text-align: justify;\">Filia Dzieci\u0119cego Uniwersytetu Technicznego w Stalowej Woli finansowana jest ze \u015brodk\u00f3w Gminy Miasta Stalowa Wola.<\/p>\n<hr \/>\n<h3 style=\"text-align: justify;\"><strong>Partner strategiczny Filii Dzieci\u0119cego Uniwersytetu Technicznego w Stalowej Woli:<\/strong><\/h3>\n<h3 style=\"text-align: justify;\"><strong><a href=\"http:\/\/www.mdkstalowawola.pl\/\" target=\"_blank\" rel=\"noopener noreferrer\"><img decoding=\"async\" class=\"wp-image-8386 alignleft lazyload\" data-src=\"https:\/\/dolinawiedzy.pl\/dut\/wp-content\/uploads\/sites\/9\/2018\/03\/MDK-logo.jpg\" alt=\"\" width=\"170\" height=\"218\" src=\"data:image\/svg+xml;base64,PHN2ZyB3aWR0aD0iMSIgaGVpZ2h0PSIxIiB4bWxucz0iaHR0cDovL3d3dy53My5vcmcvMjAwMC9zdmciPjwvc3ZnPg==\" style=\"--smush-placeholder-width: 170px; --smush-placeholder-aspect-ratio: 170\/218;\" \/>Miejski Dom Kultury w Stalowej Woli<\/a><\/strong><\/h3>\n<p style=\"text-align: justify;\"><a href=\"https:\/\/dolinawiedzy.pl\/dut\/wp-content\/uploads\/sites\/9\/2015\/07\/mdk-zdjeie.jpg\"><img decoding=\"async\" class=\"wp-image-4300 size-medium alignright lazyload\" data-src=\"https:\/\/dolinawiedzy.pl\/dut\/wp-content\/uploads\/sites\/9\/2015\/07\/mdk-zdjeie-300x200.jpg\" alt=\"mdk zdjeie\" width=\"300\" height=\"200\" data-srcset=\"https:\/\/dolinawiedzy.pl\/dut\/wp-content\/uploads\/sites\/9\/2015\/07\/mdk-zdjeie-300x200.jpg 300w, https:\/\/dolinawiedzy.pl\/dut\/wp-content\/uploads\/sites\/9\/2015\/07\/mdk-zdjeie-1024x682.jpg 1024w, https:\/\/dolinawiedzy.pl\/dut\/wp-content\/uploads\/sites\/9\/2015\/07\/mdk-zdjeie-120x80.jpg 120w, https:\/\/dolinawiedzy.pl\/dut\/wp-content\/uploads\/sites\/9\/2015\/07\/mdk-zdjeie.jpg 1600w\" data-sizes=\"(max-width: 300px) 100vw, 300px\" src=\"data:image\/svg+xml;base64,PHN2ZyB3aWR0aD0iMSIgaGVpZ2h0PSIxIiB4bWxucz0iaHR0cDovL3d3dy53My5vcmcvMjAwMC9zdmciPjwvc3ZnPg==\" style=\"--smush-placeholder-width: 300px; --smush-placeholder-aspect-ratio: 300\/200;\" \/><\/a><\/p>\n<p>Miejski Dom Kultury w Stalowej Woli to najstarsza plac\u00f3wka o\u015bwiatowo &#8211; kulturalna w Stalowej Woli. Centrum edukacji artystycznej dzieci i m\u0142odzie\u017cy z terenu Stalowej Woli i okolicznych miejscowo\u015bci. Podstawowe cele dzia\u0142alno\u015bci MDK: tworzenie warunk\u00f3w dla rozwoju kultury, podejmowanie dzia\u0142a\u0144 na rzecz aktywnego i \u015bwiadomego uczestnictwa w kulturze r\u00f3\u017cnych grup spo\u0142ecznych, piel\u0119gnowanie dziedzictwa kulturowego. Miejski Dom Kultury jest organizatorem r\u00f3\u017cnorodnych form rozrywki. Na scenie MDK-u prezentowane s\u0105 mieszka\u0144com Stalowej Woli spektakle teatralne, koncerty, widowiska itp. Miejski Dom Kultury coraz cz\u0119\u015bciej otwiera si\u0119 na inicjatywy wyp\u0142ywaj\u0105ce w ca\u0142o\u015bci od stalowowolskiej spo\u0142eczno\u015bci, a mieszka\u0144com miasta pokazuje, \u017ce mog\u0105 by\u0107 inicjatorami rozmaitych akcji czy wydarze\u0144 dla innych. Chcemy pokaza\u0107 dom kultury nie jako budynek, ale zesp\u00f3\u0142 dzia\u0142a\u0144, w kt\u00f3rych warto uczestniczy\u0107, by\u0107 w ich centrum bez wzgl\u0119du na to, czy maj\u0105 miejsce w zamkni\u0119tej, czy miejskiej przestrzeni.<\/p>\n<hr \/>\n<h3 style=\"text-align: justify;\"><strong>Partner strategiczny Filii Dzieci\u0119cego Uniwersytetu Technicznego w Stalowej Woli: <\/strong><\/h3>\n<h3 style=\"text-align: justify;\"><strong><a href=\"http:\/\/www.stalowawola.pl\/\" target=\"_blank\" rel=\"noopener noreferrer\">Gmina Stalowa Wola<\/a><a href=\"http:\/\/www.stalowawola.pl\/\" target=\"_blank\" rel=\"noopener noreferrer\"><img decoding=\"async\" class=\"wp-image-8398 alignleft lazyload\" data-src=\"https:\/\/dolinawiedzy.pl\/dut\/wp-content\/uploads\/sites\/9\/2018\/03\/1200px-Herb_Miasta_Stalowej_Woli-206x300.png\" alt=\"\" width=\"154\" height=\"224\" data-srcset=\"https:\/\/dolinawiedzy.pl\/dut\/wp-content\/uploads\/sites\/9\/2018\/03\/1200px-Herb_Miasta_Stalowej_Woli-206x300.png 206w, https:\/\/dolinawiedzy.pl\/dut\/wp-content\/uploads\/sites\/9\/2018\/03\/1200px-Herb_Miasta_Stalowej_Woli-768x1117.png 768w, https:\/\/dolinawiedzy.pl\/dut\/wp-content\/uploads\/sites\/9\/2018\/03\/1200px-Herb_Miasta_Stalowej_Woli-704x1024.png 704w, https:\/\/dolinawiedzy.pl\/dut\/wp-content\/uploads\/sites\/9\/2018\/03\/1200px-Herb_Miasta_Stalowej_Woli.png 1200w\" data-sizes=\"(max-width: 154px) 100vw, 154px\" src=\"data:image\/svg+xml;base64,PHN2ZyB3aWR0aD0iMSIgaGVpZ2h0PSIxIiB4bWxucz0iaHR0cDovL3d3dy53My5vcmcvMjAwMC9zdmciPjwvc3ZnPg==\" style=\"--smush-placeholder-width: 154px; --smush-placeholder-aspect-ratio: 154\/224;\" \/><\/a><br \/>\n<\/strong><\/h3>\n<p style=\"text-align: justify;\"><a href=\"https:\/\/dolinawiedzy.pl\/dut\/wp-content\/uploads\/sites\/9\/2015\/07\/zdjecie-gmina-stalw-wola.jpg\"><img decoding=\"async\" class=\"size-medium wp-image-4301 alignright lazyload\" data-src=\"https:\/\/dolinawiedzy.pl\/dut\/wp-content\/uploads\/sites\/9\/2015\/07\/zdjecie-gmina-stalw-wola-300x199.jpg\" alt=\"zdjecie gmina stalw wola\" width=\"300\" height=\"199\" data-srcset=\"https:\/\/dolinawiedzy.pl\/dut\/wp-content\/uploads\/sites\/9\/2015\/07\/zdjecie-gmina-stalw-wola-300x199.jpg 300w, https:\/\/dolinawiedzy.pl\/dut\/wp-content\/uploads\/sites\/9\/2015\/07\/zdjecie-gmina-stalw-wola-1024x680.jpg 1024w, https:\/\/dolinawiedzy.pl\/dut\/wp-content\/uploads\/sites\/9\/2015\/07\/zdjecie-gmina-stalw-wola-120x80.jpg 120w, https:\/\/dolinawiedzy.pl\/dut\/wp-content\/uploads\/sites\/9\/2015\/07\/zdjecie-gmina-stalw-wola.jpg 1501w\" data-sizes=\"(max-width: 300px) 100vw, 300px\" src=\"data:image\/svg+xml;base64,PHN2ZyB3aWR0aD0iMSIgaGVpZ2h0PSIxIiB4bWxucz0iaHR0cDovL3d3dy53My5vcmcvMjAwMC9zdmciPjwvc3ZnPg==\" style=\"--smush-placeholder-width: 300px; --smush-placeholder-aspect-ratio: 300\/199;\" \/><\/a><\/p>\n<p style=\"text-align: justify;\">Stalowa Wola, miasto o liczbie mieszka\u0144c\u00f3w wynosz\u0105cej ok. 63 tys. jest jednym<br \/>\nz najm\u0142odszych miast Polski. Powsta\u0142a w latach 1937-1939 jako przyfabryczne osiedle budowanego od podstaw Centralnego Okr\u0119gu Przemys\u0142owego (COP), jednego<br \/>\nz najwi\u0119kszych przedsi\u0119wzi\u0119\u0107 ekonomicznych II Rzeczypospolitej. Tworzenie COP wymuszone by\u0142o \u00f3wczesn\u0105 sytuacj\u0105 geopolityczn\u0105 Polski i potrzeb\u0105 wzmocnienia jej potencja\u0142u przemys\u0142owo-obronnego, a tak\u017ce d\u0105\u017ceniem do rozwi\u0105zania problem\u00f3w spo\u0142ecznych jednego z najbiedniejszych region\u00f3w kraju po okresie wielkiego kryzysu.<\/p>\n<p style=\"text-align: justify;\">M\u0142ode i dynamicznie rozwijaj\u0105ce si\u0119 w mie\u015bcie i okolicy firmy \u015bwiadcz\u0105<br \/>\no przedsi\u0119biorczo\u015bci mieszka\u0144c\u00f3w. Rozwin\u0105\u0142 si\u0119 sektor prywatny, zmieniono struktury prywatyzuj\u0105c wiele przedsi\u0119biorstw, utworzono sp\u00f3\u0142ki z udzia\u0142em kapita\u0142u zachodniego. Stalowa Wola to nie tylko kojarzona z nim&nbsp;Huta Stalowa Wola,&nbsp;przemys\u0142, kolej<br \/>\ni planowane trasy szybkiego ruchu, lecz przede wszystkim du\u017ce obszary le\u015bne, b\u0119d\u0105ce pozosta\u0142o\u015bci\u0105 po dawnej Puszczy Sandomierskiej. W ci\u0105gu 60 lat Stalowa Wola z ma\u0142ego osiedla przyfabrycznego uros\u0142a do rozmiar\u00f3w du\u017cego miasta.<\/p>\n<p style=\"text-align: justify;\">To o\u015brodek naprawd\u0119 pr\u0119\u017cny, kt\u00f3rego najwi\u0119ksz\u0105 warto\u015b\u0107 stanowi\u0105 mieszkaj\u0105cy tu ludzie. M\u0142odzi, dobrze wykszta\u0142ceni, to bezcenny potencja\u0142 o wielkich mo\u017cliwo\u015bciach intelektualnych i manualnych, kt\u00f3ry mo\u017ce realizowa\u0107 ka\u017cde zadanie w ka\u017cdej bran\u017cy.<\/p>\n<p style=\"text-align: justify;\">Inne walory miasta i niemal zag\u0142\u0119bia przemys\u0142owego tkwi\u0105 w jego nowych rozwi\u0105zaniach urbanistycznych, w przestrzeni, w \u015brodowisku naturalnym. Ogromne lasy po\u0142o\u017cone wok\u00f3\u0142 Sanu, stanowi\u0105ce doskona\u0142e miejsce do aktywnego wypoczynku i dobre w\u0119z\u0142y komunikacyjne dope\u0142niaj\u0105 reszty. Miasto jest pot\u0119\u017cnym o\u015brodkiem administracyjnym, gospodarczym, kulturalnym, o\u015bwiatowym i sportowym z r\u00f3\u017cnymi jego dyscyplinami.<\/p>\n<p style=\"text-align: justify;\">W sferze nauki ogromn\u0105 rol\u0119 spe\u0142niaj\u0105 wydzia\u0142y zamiejscowe&nbsp;Katolickiego Uniwersytetu Lubelskiego. Uczelnia oferuje studia dzienne i zaoczne oraz mo\u017cliwo\u015b\u0107 zdobywania wiedzy na studiach podyplomowych. Od 1998 funkcjonuje r\u00f3wnie\u017c&nbsp;Zamiejscowy O\u015brodek Dydaktyczny Politechniki Rzeszowskiej, kszta\u0142c\u0105cy absolwent\u00f3w na potrzeby firm dzia\u0142aj\u0105cych w regionie. Od roku akademickiego 2001\/2002 dzia\u0142alno\u015b\u0107 w Stalowej Woli rozpocz\u0119\u0142a&nbsp;Wy\u017csza Szko\u0142a Ekonomiczna. Najstarsz\u0105 plac\u00f3wka kulturaln\u0105 jest&nbsp;Miejska Biblioteka Publiczna, za\u0142o\u017cona i dzia\u0142aj\u0105ca nieprzerwanie od 1938 r. Dzia\u0142aj\u0105 tak\u017ce dwa domy kultury, szko\u0142a muzyczna. Wizyt\u00f3wk\u0105 ruchu artystycznego s\u0105 mi\u0119dzy innymi&nbsp;Teatr Dramatyczny im. J. \u017bmudy,&nbsp;Teatr &#8222;Okna&#8221;,&nbsp;zesp\u00f3\u0142&nbsp;&#8222;Lasowiacy&#8221;,&nbsp;ch\u00f3r &#8222;Cantus&#8221; i zesp\u00f3\u0142 taneczny &#8222;Volta&#8221;. Turyst\u00f3w serdecznie zapraszamy do zwiedzenia aktualnych wystaw w Muzeum Regionalnym w Stalowej Woli.<\/p>\n<p style=\"text-align: justify;\">Klubem sportowym o du\u017cych tradycjach i jednocze\u015bnie r\u00f3wie\u015bnikiem miasta jest ZKS &#8222;Stal&#8221; z sekcjami koszyk\u00f3wki i pi\u0142ki no\u017cnej, oraz mniejsze kluby z sekcjami lekkiej atletyki, tenisa i siatk\u00f3wki. Sportowi i rekreacji s\u0142u\u017c\u0105 r\u00f3wnie\u017c Automobilklub i Aeroklub maj\u0105cy siedzib\u0119 na lotnisku sportowym w Turbi pod Stalow\u0105 Wol\u0105.<\/p>\n<hr \/>\n<p style=\"text-align: justify;\"><strong>Partner projektu: <a href=\"http:\/\/stalowawola.portal.prz.edu.pl\/\" target=\"_blank\" rel=\"noopener noreferrer\">Wydzia\u0142 Mechaniczno-Technologiczny Politechniki Rzeszowskiej w Stalowej Woli<\/a><\/strong><\/p>\n<p style=\"text-align: justify;\"><img decoding=\"async\" class=\"size-full wp-image-8390 alignleft lazyload\" data-src=\"https:\/\/dolinawiedzy.pl\/dut\/wp-content\/uploads\/sites\/9\/2018\/03\/BAE9Ne1RBfAdllogo_wmt.png\" alt=\"\" width=\"240\" height=\"70\" src=\"data:image\/svg+xml;base64,PHN2ZyB3aWR0aD0iMSIgaGVpZ2h0PSIxIiB4bWxucz0iaHR0cDovL3d3dy53My5vcmcvMjAwMC9zdmciPjwvc3ZnPg==\" style=\"--smush-placeholder-width: 240px; --smush-placeholder-aspect-ratio: 240\/70;\" \/>Obecnie o\u015brodek posiada w\u0142asn\u0105 baz\u0119 dydaktyczn\u0105 &#8211; sale wyk\u0142adowe, laboratorium komputerowe, czytelni\u0119 i bibliotek\u0119. Zaj\u0119cia dydaktyczne prowadzone s\u0105 przez nauczycieli akademickich Politechniki Rzeszowskiej. W ostatnim czasie oddany zosta\u0142 tak\u017ce do u\u017cytku nowoczesny obiekt dydaktyczny.<\/p>\n<p><strong>Partner projektu: <a href=\"https:\/\/enesta.pl\/\" target=\"_blank\" rel=\"noopener noreferrer\">ENESTA Sp. z o. o.<\/a><\/strong><\/p>\n<p><img decoding=\"async\" class=\"wp-image-9148 alignleft lazyload\" data-src=\"https:\/\/dolinawiedzy.pl\/dut\/wp-content\/uploads\/sites\/9\/2018\/10\/logo2_bez_t\u0142a.gif\" alt=\"\" width=\"287\" height=\"68\" src=\"data:image\/svg+xml;base64,PHN2ZyB3aWR0aD0iMSIgaGVpZ2h0PSIxIiB4bWxucz0iaHR0cDovL3d3dy53My5vcmcvMjAwMC9zdmciPjwvc3ZnPg==\" style=\"--smush-placeholder-width: 287px; --smush-placeholder-aspect-ratio: 287\/68;\" \/>ENESTA Sp. z o. o., jako przemys\u0142owe przedsi\u0119biorstwo energetyczne posiada sieci przesy\u0142owe i rozdzielcze obejmuj\u0105ce swoim zasi\u0119giem obszar ok. 1000&nbsp;ha. Podstawowa dzia\u0142alno\u015b\u0107 Sp\u00f3\u0142ki okre\u015blona jest w koncesjach przyznanych przez Urz\u0105d Regulacji Energetyki i polega na obrocie, przesy\u0142aniu i dystrybucji:<\/p>\n<ul>\n<li>energii elektrycznej,<\/li>\n<li>gazu ziemnego,<\/li>\n<li>ciep\u0142a grzewczego.<\/li>\n<\/ul>\n<p>Dostawa no\u015bnik\u00f3w energii realizowana jest&nbsp;&nbsp; z zachowaniem zasad i standard\u00f3w jako\u015bciowych okre\u015blonych przez Ustaw\u0119 prawo energetyczne oraz akty wykonawcze do tej ustawy.<\/p>\n<p>ENESTA Sp. z o.o. jako samodzielny podmiot gospodarczy jest przedsi\u0119biorstwem nowoczesnym, dynamicznie modernizuj\u0105cym i rozbudowuj\u0105cym infrastruktur\u0119 energetyczn\u0105 w celu zwi\u0119kszenia pewno\u015bci zasilania w no\u015bniki energetyczne, elastycznego dostosowania si\u0119 do potrzeb swoich odbiorc\u00f3w i zapewnienia wysokich wymaga\u0144 jako\u015bciowych.<\/p>\n<p>Sp\u00f3\u0142ka \u015bwiadczy te\u017c dodatkowe us\u0142ugi zwi\u0105zane z podstawowym profilem dzia\u0142al\u00adno\u015bci,<\/p>\n<p>tj.: roboty og\u00f3lnobudowla\u00adne w zakresie linii elektroenergetycznych i&nbsp;ruroci\u0105g\u00f3w, instalacje elektryczne, gazowe oraz cieplne, instalacje wodno-kanalizacyjne, jak r\u00f3wnie\u017c dzia\u0142a<br \/>\nw zakresie in\u017cynierii i doradztwa technicznego&nbsp; oraz&nbsp; bada\u0144 i analiz technicznych.<\/p>\n<p>ENESTA Sp. z o.o. od 2006 roku corocznie otrzymuje certyfikat &nbsp;\u201ePrzedsi\u0119biorstwa Fair Play\u201d nadany przez Krajow\u0105 Izb\u0119 Gospodarcz\u0105 oraz Instytut Bada\u0144 nad Demokracja<br \/>\ni Przedsi\u0119biorstwem Prywatnym. Znalaz\u0142a si\u0119 w rankingu Najwi\u0119kszych Firm Podkarpacia \u201eZ\u0142ota Setka\u201d w obszarze rentowno\u015bci i dynamiki sprzeda\u017cy. W roku 2016 i 2017 otrzyma\u0142a tytu\u0142 \u201eOr\u0142y Wprost\u201d dla przedsi\u0119biorstw wyr\u00f3\u017cniaj\u0105cych si\u0119 wysok\u0105 rentowno\u015bci\u0105.<\/p>\n<p>ENESTA Sp. z o.o. du\u017c\u0105 wag\u0119 przywi\u0105zuje do zapewnienia pracownikom bezpiecznych warunk\u00f3w pracy i stabilnego zatrudnienia. Wiemy, jak wa\u017cne jest doskonalenie umiej\u0119tno\u015bci dlatego stwarzamy naszym pracownikom najlepsze mo\u017cliwo\u015bci rozwoju.<\/p>\n","protected":false},"excerpt":{"rendered":"<p>Od marca 2021 roku zaj\u0119cia filii w Stalowej Woli zosta\u0142y zawieszone. W pa\u017adzierniku 2015 roku powo\u0142ana zosta\u0142a Filia Dzieci\u0119cego Uniwersytetu Technicznego w Stalowej Woli. Partnerami strategicznymi projektu s\u0105: Miejski Dom Kultury w Stalowej Woli oraz Miasto Stalowa Wola, a zaj\u0119cia odbywaj\u0105 si\u0119 przy wsp\u00f3\u0142pracy z&nbsp;Wydzia\u0142em Mechaniczno-Technologiczny Politechniki Rzeszowskiej w Stalowej Woli. Zaj\u0119cia Dzieci\u0119cego Uniwersytetu Technicznego [&hellip;]<\/p>\n","protected":false},"author":1,"featured_media":0,"parent":1447,"menu_order":16,"comment_status":"closed","ping_status":"closed","template":"left-sidebar.php","meta":{"footnotes":""},"class_list":["post-4272","page","type-page","status-publish","hentry"],"_links":{"self":[{"href":"https:\/\/dolinawiedzy.pl\/dut\/wp-json\/wp\/v2\/pages\/4272","targetHints":{"allow":["GET"]}}],"collection":[{"href":"https:\/\/dolinawiedzy.pl\/dut\/wp-json\/wp\/v2\/pages"}],"about":[{"href":"https:\/\/dolinawiedzy.pl\/dut\/wp-json\/wp\/v2\/types\/page"}],"author":[{"embeddable":true,"href":"https:\/\/dolinawiedzy.pl\/dut\/wp-json\/wp\/v2\/users\/1"}],"replies":[{"embeddable":true,"href":"https:\/\/dolinawiedzy.pl\/dut\/wp-json\/wp\/v2\/comments?post=4272"}],"version-history":[{"count":39,"href":"https:\/\/dolinawiedzy.pl\/dut\/wp-json\/wp\/v2\/pages\/4272\/revisions"}],"predecessor-version":[{"id":13036,"href":"https:\/\/dolinawiedzy.pl\/dut\/wp-json\/wp\/v2\/pages\/4272\/revisions\/13036"}],"up":[{"embeddable":true,"href":"https:\/\/dolinawiedzy.pl\/dut\/wp-json\/wp\/v2\/pages\/1447"}],"wp:attachment":[{"href":"https:\/\/dolinawiedzy.pl\/dut\/wp-json\/wp\/v2\/media?parent=4272"}],"curies":[{"name":"wp","href":"https:\/\/api.w.org\/{rel}","templated":true}]}}