{"id":30,"date":"2013-09-18T20:39:09","date_gmt":"2013-09-18T18:39:09","guid":{"rendered":"https:\/\/dolinawiedzy.pl\/pd\/?page_id=30"},"modified":"2024-07-05T11:13:29","modified_gmt":"2024-07-05T09:13:29","slug":"co-trzeba-wiedziec","status":"publish","type":"page","link":"https:\/\/dolinawiedzy.pl\/dut\/uczelnia\/co-trzeba-wiedziec\/","title":{"rendered":"Co trzeba wiedzie\u0107"},"content":{"rendered":"<p style=\"text-align: center\"><strong>Co trzeba wiedzie\u0107 przed rozpocz\u0119ciem zaj\u0119\u0107 na Dzieci\u0119cym Uniwersytecie Technicznym.<\/strong><\/p>\n<p>Prosimy o uwa\u017cne zapoznanie si\u0119 z poszczeg\u00f3lnymi terminami.<\/p>\n<p style=\"text-align: justify\"><strong>Konto u\u017cytkownika \u2013 <\/strong>za\u0142o\u017cenie konta wymaga uzupe\u0142nienia odpowiednich danych i potwierdzenia utworzenia konta poprzez linka wysy\u0142anego na adres mailowy przypisany do konta. Poprzez konto rejestrujemy dzieci na zaj\u0119cia. Za\u0142o\u017cenie konta i dodanie danych dziecka NIE JEST R\u00d3WNOZNACZNE<br \/>\nZ REJESTRACJA NA ZAJ\u0118CIA. Do konta mo\u017cna doda\u0107 dowoln\u0105 ilo\u015b\u0107 dzieci. Konto jest dost\u0119pne ca\u0142y czas i w razie zmiany adresu czy numeru telefonu mo\u017cna te dane edytowa\u0107. Na koncie rodzic ma dost\u0119p do wyk\u0142ad\u00f3w, na kt\u00f3re chodzi dziecko oraz warsztat\u00f3w, na kt\u00f3re jest zapisane.<\/p>\n<p><strong>Rejestracja na wyk\u0142ady <\/strong>\u2013 rejestracji mo\u017cna dokonywa\u0107 jedynie poprzez utworzenie swojego konta na stronie Dzieci\u0119cego Uniwersytetu Technicznego oraz dodanie do niego danych dzieci, a nast\u0119pnie zarejestrowanie ich do wybranej filii wg. instrukcji <a href=\"https:\/\/dolinawiedzy.pl\/dut\/uczelnia\/rejestracja\/\" target=\"_blank\" rel=\"noopener noreferrer\">Rejestracji<\/a>. W przypadku je\u015bli mamy ju\u017c konto, a chcemy zarejestrowa\u0107 dziecko\/dzieci na kolejny semestr zaj\u0119\u0107, nie ma potrzeby zak\u0142adania nowego konta. Rejestracja jest mo\u017cliwa i aktywna jedynie w wyznaczonym terminie. Rejestrowa\u0107 na zaj\u0119cia mo\u017cna jedynie dzieci w wieku 7-12 lat (uczniowie szko\u0142y podstawowej).<\/p>\n<p><strong>Rejestracja na warsztaty <\/strong>\u2013 na warsztaty Dzieci\u0119cego Uniwersytetu Technicznego w Rzeszowie oraz Filii Jas\u0142o, Mielec, D\u0119bica, Ustrzyki Dolne, Zarszyn mog\u0105 zg\u0142asza\u0107 si\u0119 jedynie dzieci wylosowane wcze\u015bniej na wyk\u0142ady danego semestru. Przy zapisach na warsztaty obowi\u0105zuje kolejno\u015b\u0107 zg\u0142osze\u0144, z racji limitowanej ilo\u015bci miejsc (120 os\u00f3b &#8211; Rzesz\u00f3w, Mielec, Jas\u0142o, D\u0119bica; 60 os\u00f3b &#8211; Ustrzyki Dolne, Zarszyn).<\/p>\n<p><strong>WYK\u0141ADY \u2013 <\/strong>wyk\u0142ady s\u0105 prowadzone stacjonarnie. Zaj\u0119cia odbywa\u0107 si\u0119 b\u0119d\u0105 w grupach 100-osobowych (Rzesz\u00f3w), 80-osobowych (Filia Jas\u0142o, Mielec i D\u0119bica) lub 60-osobowych (Filia Ustrzyki Dolne lub Zarszyn). Ka\u017cdy wyk\u0142ad b\u0119dzie trwa\u0142 1 h. Na zaj\u0119ciach b\u0119dzie sprawdzana obecno\u015b\u0107. Dzieci mog\u0105 wychodzi\u0107 z sali jedynie do WC, s\u0105 do niej odprowadzane i przyprowadzane z powrotem przez wolontariuszy DUT. Harmonogram zaj\u0119\u0107 dost\u0119pny jest na koncie rodzica.<\/p>\n<p><strong>WARSZTATY \u2013 <\/strong>warsztaty s\u0105 prowadzone stacjonarnie.<strong>\u00a0<\/strong>Zaj\u0119cia odbywa\u0107 si\u0119 b\u0119d\u0105 w ma\u0142ych grupach. Ka\u017cdy warsztat b\u0119dzie trwa\u0142 1,5 h. Na zaj\u0119ciach b\u0119dzie sprawdzana obecno\u015b\u0107. Dzieci mog\u0105 wychodzi\u0107 z sali jedynie do WC, s\u0105 do niej odprowadzane i przyprowadzane z powrotem przez wolontariuszy DUT. Harmonogram zaj\u0119\u0107 dost\u0119pny jest na koncie rodzica.<\/p>\n<p><strong>Formularz uczestnika i numer rejestracyjny DUT <\/strong>\u2013 jest generowany automatycznie wg danych dziecka i rodzica wpisanych w koncie u\u017cytkownika. Wydrukowany i podpisany formularz nale\u017cy zabra\u0107 ze sob\u0105 na pierwsze zaj\u0119cia wyk\u0142adowe. Formularz b\u0119dzie generowa\u0142 si\u0119 tylko osobom wylosowanym (przyj\u0119tym) na wyk\u0142ady. Formularz znajduje si\u0119 na koncie u\u017cytkownika w zak\u0142adce &#8222;moje zaj\u0119cia&#8221; &#8211; wyk\u0142ady (obok imienia i nazwiska przyj\u0119tego dziecka).<\/p>\n<p><strong>Pierwsze zaj\u0119cia wyk\u0142adowe <\/strong>\u2013 na pierwsze zaj\u0119cia nale\u017cy przynie\u015b\u0107 wydrukowany <strong>formularz,<\/strong> kt\u00f3ry mo\u017cna pobra\u0107 z konta u\u017cytkownika. Na jego podstawie dziecko otrzymuje identyfikator, indeks oraz wyprawk\u0119. Na pierwsze zaj\u0119cia przychodzimy <u>najp\u00f3\u017aniej 15 min.<\/u> przed ich rozpocz\u0119ciem.<\/p>\n<p><strong>Punktualno\u015b\u0107 na zaj\u0119cia i odbi\u00f3r dziecka po ich zako\u0144czeniu \u2013 <\/strong>na zaj\u0119cia przychodzimy odpowiednio wcze\u015bniej, najlepiej przyj\u015b\u0107 10-15 min przed rozpocz\u0119ciem &#8211; osoby, kt\u00f3re si\u0119 sp\u00f3\u017ani\u0142y mog\u0105 nie zosta\u0107 wpuszczone na sal\u0119. Zaraz po zako\u0144czeniu zaj\u0119\u0107 rodzice maj\u0105 obowi\u0105zek odebrania dziecka, organizator nie ponosi odpowiedzialno\u015bci za dzieci po zako\u0144czeniu zaj\u0119\u0107 dla danej grupy.<\/p>\n<p><strong>Identyfikator \u2013 <\/strong>dziecko ma obowi\u0105zek przynosi\u0107 go na ka\u017cde zaj\u0119cia.<\/p>\n<p><strong>Indeks \u2013<\/strong> indeks uzupe\u0142niaj\u0105 rodzice &#8211; nale\u017cy go podpisa\u0107 imieniem i nazwiskiem dziecka i uzupe\u0142ni\u0107 wg planu zaj\u0119\u0107 na dany semestr, wpisuj\u0105c temat zaj\u0119\u0107, imi\u0119 i nazwisko wyk\u0142adowcy. Dziecko, kt\u00f3re b\u0119dzie mia\u0142o nieuzupe\u0142niony indeks nie otrzyma wpis\u00f3w. Wpisy s\u0105 robione systematycznie w ci\u0105gu semestru w czasie zaj\u0119\u0107.<\/p>\n<p><strong>Dyplom \u2013 <\/strong>wszyscy uczestnicy zaj\u0119\u0107 Dzieci\u0119cego Uniwersytetu Technicznego otrzymuj\u0105 pami\u0105tkowy dyplom \u2013 dyplomy b\u0119dzie mo\u017cna pobra\u0107 z zak\u0142adki \u201eMoje zaj\u0119cia &#8211; Status\u201d na koncie DUT.<\/p>\n<p><strong>Plan semestru \u2013<\/strong> plan semestru dost\u0119pny jest na stronie (<a href=\"https:\/\/dolinawiedzy.pl\/dut\/uczelnia\/plany-zajec\/\">PLANY ZAJ\u0118\u0106<\/a>), daty zaj\u0119\u0107 s\u0105 sta\u0142e i tylko w bardzo wyj\u0105tkowych przypadkach mog\u0105 ulec zmianie. Plan zawiera kr\u00f3tk\u0105 informacj\u0119 odno\u015bnie tematyki zaj\u0119\u0107.<\/p>\n<p><strong>Kontakt organizatora z rodzicami \u2013 <\/strong>organizator kontaktuje si\u0119 z rodzicami mailowo, wszystkie wa\u017cne informacje wysy\u0142ane s\u0105 na adres mailowy podany w koncie u\u017cytkownika oraz widoczne s\u0105 na swoim koncie DUT w zak\u0142adce &#8222;Wiadomo\u015bci&#8221;.<\/p>\n<p><strong>Usprawiedliwienia nieobecno\u015bci \u2013 <\/strong>rodzice maj\u0105 obowi\u0105zek usprawiedliwia\u0107 nieobecno\u015bci dzieci na wyk\u0142adach i warsztatach poprzez zaznaczenie tego w zak\u0142adce &#8222;Moje zaj\u0119cia&#8221; na koncie DUT. Mo\u017cna tego dokona\u0107 od poniedzia\u0142ku &#8211; przed zaj\u0119ciami, do \u015brody &#8211; po zaj\u0119ciach. Dwie nieusprawiedliwione nieobecno\u015bci na zaj\u0119ciach Studenta DUT powoduj\u0105 skre\u015blenie go z listy uczestnik\u00f3w danego semestru.<\/p>\n","protected":false},"excerpt":{"rendered":"<p>Co trzeba wiedzie\u0107 przed rozpocz\u0119ciem zaj\u0119\u0107 na Dzieci\u0119cym Uniwersytecie Technicznym. Prosimy o uwa\u017cne zapoznanie si\u0119 z poszczeg\u00f3lnymi terminami. Konto u\u017cytkownika \u2013 za\u0142o\u017cenie konta wymaga uzupe\u0142nienia odpowiednich danych i potwierdzenia utworzenia konta poprzez linka wysy\u0142anego na adres mailowy przypisany do konta. Poprzez konto rejestrujemy dzieci na zaj\u0119cia. Za\u0142o\u017cenie konta i dodanie danych dziecka NIE JEST R\u00d3WNOZNACZNE [&hellip;]<\/p>\n","protected":false},"author":1,"featured_media":0,"parent":11,"menu_order":2,"comment_status":"closed","ping_status":"closed","template":"left-sidebar.php","meta":{"footnotes":""},"class_list":["post-30","page","type-page","status-publish","hentry"],"_links":{"self":[{"href":"https:\/\/dolinawiedzy.pl\/dut\/wp-json\/wp\/v2\/pages\/30","targetHints":{"allow":["GET"]}}],"collection":[{"href":"https:\/\/dolinawiedzy.pl\/dut\/wp-json\/wp\/v2\/pages"}],"about":[{"href":"https:\/\/dolinawiedzy.pl\/dut\/wp-json\/wp\/v2\/types\/page"}],"author":[{"embeddable":true,"href":"https:\/\/dolinawiedzy.pl\/dut\/wp-json\/wp\/v2\/users\/1"}],"replies":[{"embeddable":true,"href":"https:\/\/dolinawiedzy.pl\/dut\/wp-json\/wp\/v2\/comments?post=30"}],"version-history":[{"count":35,"href":"https:\/\/dolinawiedzy.pl\/dut\/wp-json\/wp\/v2\/pages\/30\/revisions"}],"predecessor-version":[{"id":20244,"href":"https:\/\/dolinawiedzy.pl\/dut\/wp-json\/wp\/v2\/pages\/30\/revisions\/20244"}],"up":[{"embeddable":true,"href":"https:\/\/dolinawiedzy.pl\/dut\/wp-json\/wp\/v2\/pages\/11"}],"wp:attachment":[{"href":"https:\/\/dolinawiedzy.pl\/dut\/wp-json\/wp\/v2\/media?parent=30"}],"curies":[{"name":"wp","href":"https:\/\/api.w.org\/{rel}","templated":true}]}}