{"id":1681,"date":"2014-04-01T12:44:59","date_gmt":"2014-04-01T10:44:59","guid":{"rendered":"https:\/\/dolinawiedzy.pl\/pd\/?page_id=1681"},"modified":"2021-01-01T22:01:36","modified_gmt":"2021-01-01T21:01:36","slug":"dut-debica","status":"publish","type":"page","link":"https:\/\/dolinawiedzy.pl\/dut\/galeria\/dut-debica\/","title":{"rendered":"DUT D\u0119bica"},"content":{"rendered":"<p>Szanowni Pa\u0144stwo,<\/p>\n<p>Zapraszamy do obejrzenia zdj\u0119\u0107 z wyk\u0142ad\u00f3w w D\u0119bicy. Wszystko zosta\u0142o podzielone ze wzgl\u0119du na semestr, w kt\u00f3rym odbywaj\u0105 si\u0119 wyk\u0142ady. Dlatego prosimy o wyb\u00f3r odpowiedniej pozycji z menu.<\/p>\n","protected":false},"excerpt":{"rendered":"<p>Szanowni Pa\u0144stwo, Zapraszamy do obejrzenia zdj\u0119\u0107 z wyk\u0142ad\u00f3w w D\u0119bicy. Wszystko zosta\u0142o podzielone ze wzgl\u0119du na semestr, w kt\u00f3rym odbywaj\u0105 si\u0119 wyk\u0142ady. Dlatego prosimy o wyb\u00f3r odpowiedniej pozycji z menu.<\/p>\n","protected":false},"author":1,"featured_media":0,"parent":13,"menu_order":2,"comment_status":"closed","ping_status":"closed","template":"left-sidebar.php","meta":{"footnotes":""},"class_list":["post-1681","page","type-page","status-publish","hentry"],"_links":{"self":[{"href":"https:\/\/dolinawiedzy.pl\/dut\/wp-json\/wp\/v2\/pages\/1681","targetHints":{"allow":["GET"]}}],"collection":[{"href":"https:\/\/dolinawiedzy.pl\/dut\/wp-json\/wp\/v2\/pages"}],"about":[{"href":"https:\/\/dolinawiedzy.pl\/dut\/wp-json\/wp\/v2\/types\/page"}],"author":[{"embeddable":true,"href":"https:\/\/dolinawiedzy.pl\/dut\/wp-json\/wp\/v2\/users\/1"}],"replies":[{"embeddable":true,"href":"https:\/\/dolinawiedzy.pl\/dut\/wp-json\/wp\/v2\/comments?post=1681"}],"version-history":[{"count":3,"href":"https:\/\/dolinawiedzy.pl\/dut\/wp-json\/wp\/v2\/pages\/1681\/revisions"}],"predecessor-version":[{"id":11654,"href":"https:\/\/dolinawiedzy.pl\/dut\/wp-json\/wp\/v2\/pages\/1681\/revisions\/11654"}],"up":[{"embeddable":true,"href":"https:\/\/dolinawiedzy.pl\/dut\/wp-json\/wp\/v2\/pages\/13"}],"wp:attachment":[{"href":"https:\/\/dolinawiedzy.pl\/dut\/wp-json\/wp\/v2\/media?parent=1681"}],"curies":[{"name":"wp","href":"https:\/\/api.w.org\/{rel}","templated":true}]}}