{"id":15,"date":"2013-09-18T20:33:44","date_gmt":"2013-09-18T18:33:44","guid":{"rendered":"https:\/\/dolinawiedzy.pl\/pd\/?page_id=15"},"modified":"2024-05-26T19:39:21","modified_gmt":"2024-05-26T17:39:21","slug":"rzeszow","status":"publish","type":"page","link":"https:\/\/dolinawiedzy.pl\/dut\/filie-dut\/rzeszow\/","title":{"rendered":"DUT Rzesz\u00f3w"},"content":{"rendered":"<h4><strong>Od marca 2018 roku Fundacja Wspierania Edukacji przy Stowarzyszeniu Dolina Lotnicza, w wyniku podpisania umowy o wsp\u00f3\u0142pracy z Uniwersytetem Rzeszowskim, rozpocz\u0119\u0142a prowadzenie nowego projektu edukacyjnego pod nazw\u0105 Dzieci\u0119cy Uniwersytet Techniczny, w skr\u00f3cie DUT.<\/strong><\/h4>\n<p>Dzieci\u0119cy Uniwersytet Techniczny, czyli zaj\u0119cia oraz interaktywne wyk\u0142ady dla uczni\u00f3w szk\u00f3\u0142 podstawowych, obejmuj\u0105 tematy z dziedzin chemii, fizyki, matematyki, budownictwa, biologii, lotnictwa i wszystkich innych zwi\u0105zanych z\u00a0bran\u017c\u0105 politechniczn\u0105. S\u0105 prowadzone przez pracownik\u00f3w naukowych, specjalist\u00f3w z przemys\u0142u, student\u00f3w, posiadaj\u0105cych odpowiedni\u0105 wiedz\u0119, podej\u015bcie i\u00a0charyzm\u0119, ale tak\u017ce przez popularyzator\u00f3w nauki z ca\u0142ego kraju. Na wyk\u0142adach wykorzystywane s\u0105 ciekawe pomoce naukowe, a ich tre\u015bci dostosowane do wieku s\u0142uchaczy.<\/p>\n<p><strong>Wyk\u0142ady oraz warsztaty s\u0105 prowadzone w formie stacjonarnej. <\/strong>Wyk\u0142ady prowadzone s\u0105 w grupach 100 osobowych. Ka\u017cdy uczestnik wyk\u0142ad\u00f3w otrzymuje indeks oraz identyfikator. Zaj\u0119cia warsztatowe prowadzone s\u0105 w ma\u0142ych \u2013 20 osobowych grupach. \u0141\u0105cznie w jeden dzie\u0144 zaj\u0119cia b\u0119d\u0105 si\u0119 odbywa\u0107 dla 6 grup. Ka\u017cdy uczestnik warsztat\u00f3w otrzyma \u201eZestaw Naukowca\u201d do samodzielnego eksperymentowania w domu. Ka\u017cdy wyk\u0142ad trwa godzin\u0119. a warsztaty trwaj\u0105 1,5 h. Zaj\u0119cia odbywaj\u0105 si\u0119 b\u0119d\u0105 z zachowaniem wytycznych sanitarnych obowi\u0105zuj\u0105cych w dany dzie\u0144.<\/p>\n<p>Miejscem zaj\u0119\u0107 jest <strong>Uniwersytet Rzeszowski<\/strong>.<\/p>\n<p>Wszystkie zaj\u0119cia s\u0105 bezp\u0142atne i odbywaj\u0105 si\u0119 w soboty. W zaj\u0119ciach w Rzeszowie uczestnicz\u0105 uczniowie w wieku 7-12 lat, mieszkaj\u0105cy na terenie wojew\u00f3dztwa podkarpackiego. Szczeg\u00f3\u0142y rekrutacji oraz aktualny plan zaj\u0119\u0107 dost\u0119pne poni\u017cej.<\/p>\n<ul>\n<li><a href=\"https:\/\/dolinawiedzy.pl\/dut\/uczelnia\/rejestracja\">Rejestracja na zaj\u0119cia <\/a><\/li>\n<li><a href=\"https:\/\/dolinawiedzy.pl\/dut\/uczelnia\/plany-zajec\/\">Plany zaj\u0119\u0107<\/a><\/li>\n<\/ul>\n<hr \/>\n<h2><u>Partner strategiczny Dzieci\u0119cego Uniwersytetu Technicznego w Rzeszowie:<\/u><\/h2>\n<h2><a href=\"http:\/\/www.pwrze.com\/\" target=\"_blank\" rel=\"noopener noreferrer\"><img decoding=\"async\" class=\"alignnone wp-image-19584 size-medium lazyload\" data-src=\"https:\/\/dolinawiedzy.pl\/dut\/wp-content\/uploads\/sites\/9\/2024\/05\/PW-Logo_rgb-black-300x56.png\" alt=\"\" width=\"300\" height=\"56\" data-srcset=\"https:\/\/dolinawiedzy.pl\/dut\/wp-content\/uploads\/sites\/9\/2024\/05\/PW-Logo_rgb-black-300x56.png 300w, https:\/\/dolinawiedzy.pl\/dut\/wp-content\/uploads\/sites\/9\/2024\/05\/PW-Logo_rgb-black-1024x190.png 1024w, https:\/\/dolinawiedzy.pl\/dut\/wp-content\/uploads\/sites\/9\/2024\/05\/PW-Logo_rgb-black-768x142.png 768w, https:\/\/dolinawiedzy.pl\/dut\/wp-content\/uploads\/sites\/9\/2024\/05\/PW-Logo_rgb-black-1536x284.png 1536w, https:\/\/dolinawiedzy.pl\/dut\/wp-content\/uploads\/sites\/9\/2024\/05\/PW-Logo_rgb-black.png 1664w\" data-sizes=\"(max-width: 300px) 100vw, 300px\" src=\"data:image\/svg+xml;base64,PHN2ZyB3aWR0aD0iMSIgaGVpZ2h0PSIxIiB4bWxucz0iaHR0cDovL3d3dy53My5vcmcvMjAwMC9zdmciPjwvc3ZnPg==\" style=\"--smush-placeholder-width: 300px; --smush-placeholder-aspect-ratio: 300\/56;\" \/>Pratt&amp;Whitney Poland<\/a><\/h2>\n<div class=\"_2cuy _3dgx _2vxa\">Pratt &amp; Whitney projektuje, produkuje i serwisuje najbardziej zaawansowane silniki lotnicze na \u015bwiecie oraz pomocnicze jednostki zasilaj\u0105ce APU (auxiliary power units) do samolot\u00f3w cywilnych i wojskowych. Firma z g\u0142\u00f3wn\u0105 siedzib\u0105 w East Hartford w Connecticut, zatrudnia 43 000 pracownik\u00f3w na ca\u0142ym \u015bwiecie, a w 2019 roku osi\u0105gn\u0119\u0142a sprzeda\u017c netto w wysoko\u015bci 21 miliard\u00f3w dolar\u00f3w. Pratt &amp; Whitney jest jedn\u0105 z czterech firm, kt\u00f3re tworz\u0105 Raytheon Technologies Corporation.<\/div>\n<div class=\"_2cuy _3dgx _2vxa\">Pratt &amp; Whitney w Polsce to 4 sp\u00f3\u0142ki: Pratt &amp; Whitney Rzesz\u00f3w, Pratt &amp; Whitney Kalisz, Pratt &amp; Whitney AeroPower Rzesz\u00f3w oraz Pratt &amp; Whitney Tubes, kt\u00f3re \u0142\u0105cznie zatrudniaj\u0105 ok. 6500 pracownik\u00f3w.<\/div>\n<div><\/div>\n<div class=\"_2cuy _3dgx _2vxa\"><strong>Pratt &amp; Whitney Rzesz\u00f3w<\/strong><\/div>\n<div class=\"_2cuy _3dgx _2vxa\">\u015awiatowej klasy producent komponent\u00f3w i silnik\u00f3w lotniczych do \u015bmig\u0142owc\u00f3w oraz samolot\u00f3w cywilnych i wojskowych, m.in. Airbus, Boeing, Lockheed Martin i innych. W Rzeszowie produkujemy kilkana\u015bcie komponent\u00f3w do silnika F135, stanowi\u0105cego nap\u0119d my\u015bliwca F-35. Zatrudniamy ponad 4000 pracownik\u00f3w. Posiadamy w\u0142asne Centrum Badawczo-Rozwojowe (CBR), na kt\u00f3re sk\u0142ada si\u0119 nie tylko biuro konstrukcyjne, ale tak\u017ce prototypownia, laboratorium materia\u0142owe oraz nowoczesne hamownie eksperymentalne do testowania silnik\u00f3w turbo\u015bmig\u0142owych, turbowa\u0142owych oraz pomocniczych, tzw. APU.<\/div>\n<div><\/div>\n<div class=\"_2cuy _3dgx _2vxa\"><strong>Pratt &amp; Whitney AeroPower Rzesz\u00f3w<\/strong><\/div>\n<div class=\"_2cuy _3dgx _2vxa\">Lider w zakresie projektowania, produkcji oraz napraw silnik\u00f3w APU (Auxiliary Power Unit) oraz innych komponent\u00f3w lotniczych w Europie. W naszej fabryce w ka\u017cdym miesi\u0105cu budowanych i serwisowanych jest oko\u0142o 100 silnik\u00f3w dla Boeinga, Airbusa czy Embraera. Opr\u00f3cz obszar\u00f3w produkcji i remont\u00f3w posiadamy w\u0142asne hamownie, co pozwala nam prowadzi\u0107 dzia\u0142alno\u015bci we wszystkich obszarach \u2013 od projektowania nowych modeli, poprzez ich produkcj\u0119, a\u017c do momentu testowania wyrob\u00f3w na stanowiskach hamownianych. Obs\u0142ugujemy ponad 70 linii lotniczych z ca\u0142ego \u015bwiata.<\/div>\n<div><\/div>\n<div class=\"_2cuy _3dgx _2vxa\"><strong>Pratt &amp; Whitney Kalisz<\/strong><\/div>\n<div class=\"_2cuy _3dgx _2vxa\">Producent komponent\u00f3w i cz\u0119\u015bci do silnik\u00f3w lotniczych do samolot\u00f3w biznesowych, komunikacji regionalnej, mi\u0119dzykontynentalnej i \u015bmig\u0142owc\u00f3w. Jako produkcyjne centrum doskona\u0142o\u015bci, jeste\u015bmy dostawc\u0105 m.in. k\u00f3\u0142 z\u0119batych, aparat\u00f3w kieruj\u0105cych, wa\u0142\u00f3w g\u0142\u00f3wnych silnik\u00f3w. Uczestniczymy tak\u017ce w programie produkcji komponent\u00f3w do nowego typu przek\u0142adni FDGS. Inwestujemy w najnowsze technologie, dzi\u0119ki czemu nasi pracownicy zarz\u0105dzaj\u0105 m.in. automatycznymi liniami produkcyjnymi oraz automatycznymi liniami obr\u00f3bki pr\u00f3\u017cniowej. Jeste\u015bmy najwi\u0119kszym pracodawc\u0105 bran\u017cy lotniczej w Wielkopolsce.<\/div>\n<div><\/div>\n<div class=\"_2cuy _3dgx _2vxa\"><strong>Pratt &amp; Whitney Tubes<\/strong><\/div>\n<div class=\"_2cuy _3dgx _2vxa\">Zajmuje si\u0119 produkcj\u0105 orurowania pod uk\u0142ad paliwowy, olejowy, powietrzny i drena\u017cowy silnika lotniczego. Najbardziej skomplikowanymi z\u0142o\u017ceniami s\u0105 manifoldy oraz double wall\u2019e, kt\u00f3re montowane s\u0105 do silnik\u00f3w najnowszej generacji z rodziny NGPF (New Generation Product Family) jak: PW1100 \u2013JM, PW1500, PW 814\/815. Codziennie zu\u017cywamy oko\u0142o 400 metr\u00f3w rur, potrzebnych do zaawansowanej technologicznie produkcji z\u0142o\u017ce\u0144, montowanych nast\u0119pnie do silnik\u00f3w samolotowych takich jak Boeing 747, Airbus A320 NEO, Gulfsrtream G500 czy Bombardier.<\/div>\n<p><a href=\"https:\/\/pwrze.com\/\" target=\"_blank\" rel=\"noopener noreferrer\">https:\/\/pwrze.com\/<\/a><\/p>\n<p><a href=\"https:\/\/pl-pl.facebook.com\/prattwhitneypoland\/\" target=\"_blank\" rel=\"noopener noreferrer\">Pratt&amp;Whitney Poland na Facebooku<\/a><\/p>\n<hr \/>\n<p><u>Partner Dzieci\u0119cego Uniwersytetu Technicznego w Rzeszowie: <\/u><\/p>\n<h2><a href=\"http:\/\/www.ur.edu.pl\/\" target=\"_blank\" rel=\"noopener noreferrer\"><img decoding=\"async\" class=\"wp-image-8364 alignleft lazyload\" data-src=\"https:\/\/dolinawiedzy.pl\/dut\/wp-content\/uploads\/sites\/9\/2018\/02\/logo-UR.jpg\" alt=\"\" width=\"243\" height=\"243\" data-srcset=\"https:\/\/dolinawiedzy.pl\/dut\/wp-content\/uploads\/sites\/9\/2018\/02\/logo-UR.jpg 576w, https:\/\/dolinawiedzy.pl\/dut\/wp-content\/uploads\/sites\/9\/2018\/02\/logo-UR-150x150.jpg 150w, https:\/\/dolinawiedzy.pl\/dut\/wp-content\/uploads\/sites\/9\/2018\/02\/logo-UR-300x300.jpg 300w\" data-sizes=\"(max-width: 243px) 100vw, 243px\" src=\"data:image\/svg+xml;base64,PHN2ZyB3aWR0aD0iMSIgaGVpZ2h0PSIxIiB4bWxucz0iaHR0cDovL3d3dy53My5vcmcvMjAwMC9zdmciPjwvc3ZnPg==\" style=\"--smush-placeholder-width: 243px; --smush-placeholder-aspect-ratio: 243\/243;\" \/>Uniwersytet Rzeszowski<\/a><\/h2>\n<p>Uniwersytet Rzeszowski rozpocz\u0105\u0142 swoj\u0105 dzia\u0142alno\u015b\u0107 w roku 2001 i jest obecnie najwi\u0119ksz\u0105 uczelni\u0105 na Podkarpaciu. Dysponuje nie tylko ogromnym potencja\u0142em badawczym i\u00a0naukowym, proponuj\u0105c kszta\u0142cenie na 52 kierunkach studi\u00f3w, ale tak\u017ce bogat\u0105 i\u00a0nowoczesn\u0105 infrastruktur\u0105. Swoje miejsce mog\u0105 znale\u017a\u0107 tu osoby zainteresowane zar\u00f3wno naukami humanistycznymi, spo\u0142ecznymi czy w obszarze sztuki, jak te\u017c ci, kt\u00f3rzy chcieliby zetkn\u0105\u0107 si\u0119 z\u00a0najnowszej generacji aparatur\u0105 laboratoryjn\u0105, wykorzystywan\u0105 w\u00a0takich dziedzinach jak: nauki medycz\u00adne, techniczne, biologiczne, matematyczne, fizyczne, rolnicze (w tym: kierunek lekarski, biotechnologia, mechatronika, informatyka i ekonometria, in\u017cynieria materia\u00ad\u0142owa).<\/p>\n<p>Obecnie Uczelnia \u2013 na 12 wydzia\u0142ach \u2013 kszta\u0142ci blisko 17 tys. student\u00f3w oraz zatrudnia ponad\u00a01300 pracownik\u00f3w naukowo-dydaktycznych.<\/p>\n<p>W ramach trzech jednostek UR \u2013 na Wydziale Biologiczno-Rolniczym, Filologicznym oraz Socjologiczno-Historycznym prowadzone s\u0105 studia doktoranckie.<\/p>\n<p>S\u0142uchacze mog\u0105 ponadto podnosi\u0107 swoje kwalifikacje na studiach podyplomowych. Z\u00a0tej\u00a0formy kszta\u0142cenia \u2013 w oko\u0142o 70 dyscyplinach \u2013 korzysta ponad 1000 os\u00f3b; oferta ta jest stale wzbogacana.<\/p>\n<p>Uniwersytet Rzeszowski posiada prawo do nadawania stopnia naukowego doktora w\u00a0dyscyplinach: historia, literaturoznawstwo, j\u0119zykoznawstwo, fizyka, socjologia, archeologia, biologia, agronomia, nauki o zdrowiu, filozofia, ekonomia, pedagogika, a tak\u017ce doktora habilitowanego w dyscyplinach: historia, archeologia, j\u0119zykoznawstwo, literaturoznawstwo, agronomia<\/p>\n<p>Priorytetem dla rozwoju Uczelni s\u0105 dzia\u0142ania maj\u0105ce na celu sta\u0142e podnoszenie jako\u015bci procesu dydaktycznego, dostosowanie program\u00f3w kszta\u0142cenia do aktualnych potrzeb rynku pracy, wysoki poziom bada\u0144 naukowych, umi\u0119dzynarodowienie studi\u00f3w (bogaty zakres wsp\u00f3\u0142pracy mi\u0119dzynarodowej, studi\u00f3w cz\u0105stkowych i praktyk zagranicznych; studia w j\u0119zyku angielskim; wielokulturowo\u015b\u0107 \u015brodowiska), ale przede wszystkim otwarto\u015b\u0107 na student\u00f3w, z\u00a0uwzgl\u0119dnieniem kreowanych przez nich dzia\u0142a\u0144 i rozwoju kultury studenckiej.<\/p>\n<p>Warto\u015bci\u0105 dodan\u0105 jest dla UR innowacyjno\u015b\u0107 oraz wymiana do\u015bwiadcze\u0144 i \u015bcis\u0142a wsp\u00f3\u0142praca z gospodark\u0105 i biznesem. Dlatego w nowoczesnych laboratoriach uniwersyteckich i\u00a0centrach badawczych (m. in. Centrum Transferu Technologii i Bada\u0144 Podstawowych, Centrum Przetwarzania Biomasy i Odpad\u00f3w na Energi\u0119, Centrum Mikroelektroniki i\u00a0Nanotechnologii, Uniwersyteckie Centrum Innowacji i Transferu Wiedzy Techniczno-Przyrodniczej, Centrum Modelowania Kom\u00adputerowego, Przyrodniczo-Medyczne Centrum Bada\u0144 Innowacyjnych) bada i\u00a0monitoruje si\u0119 \u015brodowisko, poszukuj\u0105c, np., alternatywnych \u017ar\u00f3de\u0142 energii czy nowych materia\u0142\u00f3w \u2013 nanokompozyt\u00f3w. Dba\u0142o\u015b\u0107 o stref\u0119 badawczo-rozwojow\u0105 daje naukow\u00adcom Uniwersytetu niezwyk\u0142e mo\u017cliwo\u015bci, studentom za\u015b pozwala realizowa\u0107 pomys\u0142y i pasje, umo\u017cliwia ich naukowy \u201estart\u201d i pozwala odnosi\u0107 pierwsze do\u015bwiadczalno-poznawcze sukcesy (m.in.: projekt samochodu wielofunkcyjnego czy te\u017c innowacyjnego i polisensorycznego systemu alarmu, stanowi\u0105cego komponent inteligentnego domu).<\/p>\n<p>UR jest laureatem konkursu Jako\u015b\u0107 Roku 2012 oraz Polskiej Nagrody Innowacyjno\u015bci 2014 r.<\/p>\n<p>Tak\u017ce w listopadzie 2017 r. prof. dr hab. Sylwester Czopek, Rektor, odebra\u0142 w imieniu\u00a0 Uniwersytetu Rzeszowskiego dwie nagrody za najwi\u0119kszy wp\u0142yw na postrzeganie polskiej nauki na \u015bwiecie, w\u00a0kategoriach: nauki o \u017cyciu \/ nauki rolnicze, humanistyka.<\/p>\n<p>W strukturze Uczelni funkcjonuje r\u00f3wnie\u017c Ma\u0142y Uniwersytet Rzeszowski, kt\u00f3ry, promuj\u0105c nauk\u0119 i kultur\u0119 w\u015br\u00f3d najm\u0142odszych, pobudza jednocze\u015bnie dzieci\u0119c\u0105 ciekawo\u015b\u0107 \u015bwiata. Zaj\u0119cia, odbywaj\u0105ce si\u0119 na ka\u017cdym z wydzia\u0142\u00f3w, ciesz\u0105 si\u0119 olbrzymim zainteresowaniem.<\/p>\n<p>Uniwersytet wyst\u0105pi\u0142 tak\u017ce z inicjatyw\u0105 otwarcia Dwuj\u0119zycznego Liceum Uniwersyteckiego, oferuj\u0105cego nauk\u0119 na profilach: medycznym, prawno-dziennikarskim oraz matematyczno-fizycznym z technologi\u0105 informacyjn\u0105.<\/p>\n<p>Warto doda\u0107, \u017ce w Rzeszowie, w skali Europy, studiuje najwi\u0119cej student\u00f3w w proporcji na\u00a0jednego mieszka\u0144ca, a koszty utrzymania w naszym mie\u015bcie nie s\u0105 wysokie. Dlatego warto bra\u0107 to pod uwag\u0119, wybieraj\u0105c nasz\u0105 Uczelni\u0119 na miejsce studiowania!<\/p>\n<p><strong>Uniwersytet Rzeszowski<\/strong><br \/>\nAl. Rejtana 16c<br \/>\n35-959 Rzesz\u00f3w<br \/>\n<a href=\"http:\/\/www.ur.edu.pl\" target=\"_blank\" rel=\"noopener noreferrer\">www.ur.edu.pl<\/a><br \/>\ne-mail:info@ur.edu.pl<\/p>\n<h2><u>\u00a0<\/u><\/h2>\n","protected":false},"excerpt":{"rendered":"<p>Od marca 2018 roku Fundacja Wspierania Edukacji przy Stowarzyszeniu Dolina Lotnicza, w wyniku podpisania umowy o wsp\u00f3\u0142pracy z Uniwersytetem Rzeszowskim, rozpocz\u0119\u0142a prowadzenie nowego projektu edukacyjnego pod nazw\u0105 Dzieci\u0119cy Uniwersytet Techniczny, w skr\u00f3cie DUT. Dzieci\u0119cy Uniwersytet Techniczny, czyli zaj\u0119cia oraz interaktywne wyk\u0142ady dla uczni\u00f3w szk\u00f3\u0142 podstawowych, obejmuj\u0105 tematy z dziedzin chemii, fizyki, matematyki, budownictwa, biologii, lotnictwa [&hellip;]<\/p>\n","protected":false},"author":1,"featured_media":0,"parent":1447,"menu_order":0,"comment_status":"closed","ping_status":"closed","template":"left-sidebar.php","meta":{"footnotes":""},"class_list":["post-15","page","type-page","status-publish","hentry"],"_links":{"self":[{"href":"https:\/\/dolinawiedzy.pl\/dut\/wp-json\/wp\/v2\/pages\/15","targetHints":{"allow":["GET"]}}],"collection":[{"href":"https:\/\/dolinawiedzy.pl\/dut\/wp-json\/wp\/v2\/pages"}],"about":[{"href":"https:\/\/dolinawiedzy.pl\/dut\/wp-json\/wp\/v2\/types\/page"}],"author":[{"embeddable":true,"href":"https:\/\/dolinawiedzy.pl\/dut\/wp-json\/wp\/v2\/users\/1"}],"replies":[{"embeddable":true,"href":"https:\/\/dolinawiedzy.pl\/dut\/wp-json\/wp\/v2\/comments?post=15"}],"version-history":[{"count":61,"href":"https:\/\/dolinawiedzy.pl\/dut\/wp-json\/wp\/v2\/pages\/15\/revisions"}],"predecessor-version":[{"id":19585,"href":"https:\/\/dolinawiedzy.pl\/dut\/wp-json\/wp\/v2\/pages\/15\/revisions\/19585"}],"up":[{"embeddable":true,"href":"https:\/\/dolinawiedzy.pl\/dut\/wp-json\/wp\/v2\/pages\/1447"}],"wp:attachment":[{"href":"https:\/\/dolinawiedzy.pl\/dut\/wp-json\/wp\/v2\/media?parent=15"}],"curies":[{"name":"wp","href":"https:\/\/api.w.org\/{rel}","templated":true}]}}