{"id":1465,"date":"2014-02-13T19:58:20","date_gmt":"2014-02-13T18:58:20","guid":{"rendered":"https:\/\/dolinawiedzy.pl\/pd\/?page_id=1465"},"modified":"2025-01-30T13:46:35","modified_gmt":"2025-01-30T12:46:35","slug":"debica","status":"publish","type":"page","link":"https:\/\/dolinawiedzy.pl\/dut\/filie-dut\/debica\/","title":{"rendered":"Filia DUT w D\u0119bicy"},"content":{"rendered":"<p>W marcu 2014 powsta\u0142a Filia Dzieci\u0119cego Uniwersytetu Technicznego w D\u0119bicy.<\/p>\n<p>Partnerami Strategicznymi projektu s\u0105:<\/p>\n<ul>\n<li style=\"text-align: justify;\"><strong><a href=\"http:\/\/www.debica.com.pl\/\" target=\"_blank\" rel=\"noopener noreferrer\">Firma Oponiarska D\u0119bica S.A.<\/a> <\/strong><\/li>\n<li style=\"text-align: justify;\"><strong><a href=\"http:\/\/www.goodyear.eu\/pl_pl\/\" target=\"_blank\" rel=\"noopener noreferrer\">Goodyear Polska Sp. z o.o.<\/a><\/strong><\/li>\n<li><strong><a href=\"https:\/\/bpion.pl\/\">BPiON Poland\u00a0<\/a><\/strong><\/li>\n<\/ul>\n<p style=\"text-align: justify;\">Partnerami G\u0142\u00f3wnymi projektu s\u0105:<\/p>\n<ul>\n<li style=\"text-align: justify;\"><span style=\"color: #ff9900;\"><strong><a href=\"http:\/\/www.debickiparkprzemyslowy.pl\" target=\"_blank\" rel=\"noopener noreferrer\">D\u0119bicki Park Przemys\u0142owy<\/a>\u00a0<\/strong><\/span><\/li>\n<li style=\"text-align: justify;\"><span style=\"color: #ff9900;\"><strong><a href=\"http:\/\/nicrometal.com\" target=\"_blank\" rel=\"noopener noreferrer\">Nicrometal S.A.<\/a> <\/strong><\/span><\/li>\n<li style=\"text-align: justify;\"><strong><span style=\"color: #ff9900;\"><a href=\"http:\/\/www.darco.com.pl\/\" target=\"_blank\" rel=\"noopener noreferrer\">Darco Sp. z o.o.<\/a><\/span><\/strong><\/li>\n<li><strong><a href=\"https:\/\/debica.pl\/\">Miasto D\u0119bica<\/a>\u00a0<\/strong><\/li>\n<li><strong><a href=\"https:\/\/ugdebica.pl\/\">Gmina D\u0119bica<\/a><\/strong><\/li>\n<li><strong><a href=\"https:\/\/www.zyrakow.pl\/\">Gmina \u017byrak\u00f3w<\/a>\u00a0<\/strong><\/li>\n<li><strong><a href=\"https:\/\/www.ckip-zyrakow.org\/\">Centrum Kultury i Promocji w \u017byrakowie<\/a><\/strong><\/li>\n<\/ul>\n<p style=\"text-align: justify;\"><strong>Wyk\u0142ady oraz warsztaty s\u0105 prowadzone w formie stacjonarnej. <\/strong>Wyk\u0142ady prowadzone s\u0105 w grupach 80 osobowych. Ka\u017cdy uczestnik wyk\u0142ad\u00f3w otrzymuje indeks oraz identyfikator. Zaj\u0119cia warsztatowe prowadzone s\u0105 w ma\u0142ych \u2013 20 osobowych grupach. \u0141\u0105cznie w jeden dzie\u0144 zaj\u0119cia b\u0119d\u0105 si\u0119 odbywa\u0107 dla 6 grup. Ka\u017cdy uczestnik warsztat\u00f3w otrzyma \u201eZestaw Naukowca\u201d do samodzielnego eksperymentowania w domu. Ka\u017cdy wyk\u0142ad trwa godzin\u0119. a warsztaty trwaj\u0105 1,5 h. Zaj\u0119cia odbywaj\u0105 si\u0119 b\u0119d\u0105 z zachowaniem wytycznych sanitarnych obowi\u0105zuj\u0105cych w dany dzie\u0144.<\/p>\n<p>Zaj\u0119cia Dzieci\u0119cego Uniwersytetu Technicznego w D\u0119bicy odbywaj\u0105 si\u0119 w <strong>Domu Kultury i Kinie \u015anie\u017cka, ul. Bojanowskiego 18<\/strong>\u00a0(wyk\u0142ady) oraz w\u00a0<strong>II Liceum Og\u00f3lnokszta\u0142c\u0105cym im. ks. Jana Twardowskiego, ul. Sportowa 24<\/strong>\u00a0(warsztaty).<\/p>\n<p>Wszystkie zaj\u0119cia s\u0105 bezp\u0142atne i odbywaj\u0105 si\u0119 w soboty. W zaj\u0119ciach w Filii w D\u0119bicy uczestnicz\u0105 dzieci w wieku 7-12 lat ze szk\u00f3\u0142 na terenie powiatu d\u0119bickiego. Szczeg\u00f3\u0142y rekrutacji oraz aktualny plan zaj\u0119\u0107 dost\u0119pne poni\u017cej.<\/p>\n<ul>\n<li><a href=\"https:\/\/dolinawiedzy.pl\/dut\/uczelnia\/rejestracja\">Rejestracja na zaj\u0119cia<\/a><\/li>\n<li><a href=\"https:\/\/dolinawiedzy.pl\/dut\/uczelnia\/plany-zajec\/\">Plany zaj\u0119\u0107<\/a><\/li>\n<\/ul>\n\n\n<p><\/p>\n\n\n\n<p class=\"has-text-align-center\"><strong>Partnerzy Strategiczni<\/strong><\/p>\n\n\n\n<div class=\"wp-block-columns is-layout-flex wp-container-core-columns-is-layout-9d6595d7 wp-block-columns-is-layout-flex\">\n<div class=\"wp-block-column is-vertically-aligned-center is-layout-flow wp-block-column-is-layout-flow\"><div class=\"wp-block-image\">\n<figure class=\"aligncenter size-medium\"><img decoding=\"async\" width=\"300\" height=\"72\" data-src=\"https:\/\/dolinawiedzy.pl\/dut\/wp-content\/uploads\/sites\/9\/2018\/03\/Logo_Debica_zolte-300x72.jpg\" alt=\"\" class=\"wp-image-8380 lazyload\" data-srcset=\"https:\/\/dolinawiedzy.pl\/dut\/wp-content\/uploads\/sites\/9\/2018\/03\/Logo_Debica_zolte-300x72.jpg 300w, https:\/\/dolinawiedzy.pl\/dut\/wp-content\/uploads\/sites\/9\/2018\/03\/Logo_Debica_zolte-768x185.jpg 768w, https:\/\/dolinawiedzy.pl\/dut\/wp-content\/uploads\/sites\/9\/2018\/03\/Logo_Debica_zolte.jpg 910w\" data-sizes=\"(max-width: 300px) 100vw, 300px\" src=\"data:image\/svg+xml;base64,PHN2ZyB3aWR0aD0iMSIgaGVpZ2h0PSIxIiB4bWxucz0iaHR0cDovL3d3dy53My5vcmcvMjAwMC9zdmciPjwvc3ZnPg==\" style=\"--smush-placeholder-width: 300px; --smush-placeholder-aspect-ratio: 300\/72;\" \/><\/figure>\n<\/div><\/div>\n\n\n\n<div class=\"wp-block-column is-vertically-aligned-center is-layout-flow wp-block-column-is-layout-flow\"><div class=\"wp-block-image\">\n<figure class=\"aligncenter size-medium\"><img decoding=\"async\" width=\"300\" height=\"61\" data-src=\"https:\/\/dolinawiedzy.pl\/dut\/wp-content\/uploads\/sites\/9\/2018\/03\/logo_goodyear-300x61.jpg\" alt=\"\" class=\"wp-image-8381 lazyload\" data-srcset=\"https:\/\/dolinawiedzy.pl\/dut\/wp-content\/uploads\/sites\/9\/2018\/03\/logo_goodyear-300x61.jpg 300w, https:\/\/dolinawiedzy.pl\/dut\/wp-content\/uploads\/sites\/9\/2018\/03\/logo_goodyear-768x156.jpg 768w, https:\/\/dolinawiedzy.pl\/dut\/wp-content\/uploads\/sites\/9\/2018\/03\/logo_goodyear-1024x208.jpg 1024w\" data-sizes=\"(max-width: 300px) 100vw, 300px\" src=\"data:image\/svg+xml;base64,PHN2ZyB3aWR0aD0iMSIgaGVpZ2h0PSIxIiB4bWxucz0iaHR0cDovL3d3dy53My5vcmcvMjAwMC9zdmciPjwvc3ZnPg==\" style=\"--smush-placeholder-width: 300px; --smush-placeholder-aspect-ratio: 300\/61;\" \/><\/figure>\n<\/div><\/div>\n\n\n\n<div class=\"wp-block-column is-vertically-aligned-center is-layout-flow wp-block-column-is-layout-flow\"><div class=\"wp-block-image\">\n<figure class=\"aligncenter size-medium\"><img decoding=\"async\" width=\"300\" height=\"117\" data-src=\"https:\/\/dolinawiedzy.pl\/dut\/wp-content\/uploads\/sites\/9\/2025\/01\/bpion_logo-300x117.png\" alt=\"\" class=\"wp-image-22424 lazyload\" data-srcset=\"https:\/\/dolinawiedzy.pl\/dut\/wp-content\/uploads\/sites\/9\/2025\/01\/bpion_logo-300x117.png 300w, https:\/\/dolinawiedzy.pl\/dut\/wp-content\/uploads\/sites\/9\/2025\/01\/bpion_logo-1024x399.png 1024w, https:\/\/dolinawiedzy.pl\/dut\/wp-content\/uploads\/sites\/9\/2025\/01\/bpion_logo-768x299.png 768w, https:\/\/dolinawiedzy.pl\/dut\/wp-content\/uploads\/sites\/9\/2025\/01\/bpion_logo-1536x599.png 1536w, https:\/\/dolinawiedzy.pl\/dut\/wp-content\/uploads\/sites\/9\/2025\/01\/bpion_logo-2048x798.png 2048w\" data-sizes=\"(max-width: 300px) 100vw, 300px\" src=\"data:image\/svg+xml;base64,PHN2ZyB3aWR0aD0iMSIgaGVpZ2h0PSIxIiB4bWxucz0iaHR0cDovL3d3dy53My5vcmcvMjAwMC9zdmciPjwvc3ZnPg==\" style=\"--smush-placeholder-width: 300px; --smush-placeholder-aspect-ratio: 300\/117;\" \/><\/figure>\n<\/div><\/div>\n<\/div>\n\n\n\n<p class=\"has-text-align-center\"><strong>Partnerzy G\u0142\u00f3wni<\/strong><\/p>\n\n\n\n<div class=\"wp-block-columns is-layout-flex wp-container-core-columns-is-layout-9d6595d7 wp-block-columns-is-layout-flex\">\n<div class=\"wp-block-column is-vertically-aligned-center is-layout-flow wp-block-column-is-layout-flow\"><div class=\"wp-block-image\">\n<figure class=\"aligncenter size-medium\"><img decoding=\"async\" width=\"300\" height=\"88\" data-src=\"https:\/\/dolinawiedzy.pl\/dut\/wp-content\/uploads\/sites\/9\/2025\/01\/debicki-park-przemyslowy-300x88.jpg\" alt=\"\" class=\"wp-image-22429 lazyload\" data-srcset=\"https:\/\/dolinawiedzy.pl\/dut\/wp-content\/uploads\/sites\/9\/2025\/01\/debicki-park-przemyslowy-300x88.jpg 300w, https:\/\/dolinawiedzy.pl\/dut\/wp-content\/uploads\/sites\/9\/2025\/01\/debicki-park-przemyslowy-1024x301.jpg 1024w, https:\/\/dolinawiedzy.pl\/dut\/wp-content\/uploads\/sites\/9\/2025\/01\/debicki-park-przemyslowy-768x226.jpg 768w, https:\/\/dolinawiedzy.pl\/dut\/wp-content\/uploads\/sites\/9\/2025\/01\/debicki-park-przemyslowy.jpg 1055w\" data-sizes=\"(max-width: 300px) 100vw, 300px\" src=\"data:image\/svg+xml;base64,PHN2ZyB3aWR0aD0iMSIgaGVpZ2h0PSIxIiB4bWxucz0iaHR0cDovL3d3dy53My5vcmcvMjAwMC9zdmciPjwvc3ZnPg==\" style=\"--smush-placeholder-width: 300px; --smush-placeholder-aspect-ratio: 300\/88;\" \/><\/figure>\n<\/div><\/div>\n\n\n\n<div class=\"wp-block-column is-vertically-aligned-center is-layout-flow wp-block-column-is-layout-flow\"><div class=\"wp-block-image\">\n<figure class=\"aligncenter size-medium\"><img decoding=\"async\" width=\"300\" height=\"60\" data-src=\"https:\/\/dolinawiedzy.pl\/dut\/wp-content\/uploads\/sites\/9\/2025\/01\/nicromental-300x60.jpg\" alt=\"\" class=\"wp-image-22433 lazyload\" data-srcset=\"https:\/\/dolinawiedzy.pl\/dut\/wp-content\/uploads\/sites\/9\/2025\/01\/nicromental-300x60.jpg 300w, https:\/\/dolinawiedzy.pl\/dut\/wp-content\/uploads\/sites\/9\/2025\/01\/nicromental.jpg 600w\" data-sizes=\"(max-width: 300px) 100vw, 300px\" src=\"data:image\/svg+xml;base64,PHN2ZyB3aWR0aD0iMSIgaGVpZ2h0PSIxIiB4bWxucz0iaHR0cDovL3d3dy53My5vcmcvMjAwMC9zdmciPjwvc3ZnPg==\" style=\"--smush-placeholder-width: 300px; --smush-placeholder-aspect-ratio: 300\/60;\" \/><\/figure>\n<\/div><\/div>\n\n\n\n<div class=\"wp-block-column is-vertically-aligned-center is-layout-flow wp-block-column-is-layout-flow\"><div class=\"wp-block-image\">\n<figure class=\"aligncenter size-medium\"><img decoding=\"async\" width=\"300\" height=\"60\" data-src=\"https:\/\/dolinawiedzy.pl\/dut\/wp-content\/uploads\/sites\/9\/2025\/01\/darco-300x60.png\" alt=\"\" class=\"wp-image-22428 lazyload\" data-srcset=\"https:\/\/dolinawiedzy.pl\/dut\/wp-content\/uploads\/sites\/9\/2025\/01\/darco-300x60.png 300w, https:\/\/dolinawiedzy.pl\/dut\/wp-content\/uploads\/sites\/9\/2025\/01\/darco-1024x204.png 1024w, https:\/\/dolinawiedzy.pl\/dut\/wp-content\/uploads\/sites\/9\/2025\/01\/darco-768x153.png 768w, https:\/\/dolinawiedzy.pl\/dut\/wp-content\/uploads\/sites\/9\/2025\/01\/darco.png 1443w\" data-sizes=\"(max-width: 300px) 100vw, 300px\" src=\"data:image\/svg+xml;base64,PHN2ZyB3aWR0aD0iMSIgaGVpZ2h0PSIxIiB4bWxucz0iaHR0cDovL3d3dy53My5vcmcvMjAwMC9zdmciPjwvc3ZnPg==\" style=\"--smush-placeholder-width: 300px; --smush-placeholder-aspect-ratio: 300\/60;\" \/><\/figure>\n<\/div><\/div>\n<\/div>\n\n\n\n<div class=\"wp-block-columns is-layout-flex wp-container-core-columns-is-layout-9d6595d7 wp-block-columns-is-layout-flex\">\n<div class=\"wp-block-column is-vertically-aligned-center is-layout-flow wp-block-column-is-layout-flow\"><div class=\"wp-block-image\">\n<figure class=\"aligncenter size-medium\"><img decoding=\"async\" width=\"300\" height=\"87\" data-src=\"https:\/\/dolinawiedzy.pl\/dut\/wp-content\/uploads\/sites\/9\/2025\/01\/miasto-debica-300x87.png\" alt=\"\" class=\"wp-image-22432 lazyload\" data-srcset=\"https:\/\/dolinawiedzy.pl\/dut\/wp-content\/uploads\/sites\/9\/2025\/01\/miasto-debica-300x87.png 300w, https:\/\/dolinawiedzy.pl\/dut\/wp-content\/uploads\/sites\/9\/2025\/01\/miasto-debica-1024x296.png 1024w, https:\/\/dolinawiedzy.pl\/dut\/wp-content\/uploads\/sites\/9\/2025\/01\/miasto-debica-768x222.png 768w, https:\/\/dolinawiedzy.pl\/dut\/wp-content\/uploads\/sites\/9\/2025\/01\/miasto-debica-1536x444.png 1536w, https:\/\/dolinawiedzy.pl\/dut\/wp-content\/uploads\/sites\/9\/2025\/01\/miasto-debica-2048x592.png 2048w\" data-sizes=\"(max-width: 300px) 100vw, 300px\" src=\"data:image\/svg+xml;base64,PHN2ZyB3aWR0aD0iMSIgaGVpZ2h0PSIxIiB4bWxucz0iaHR0cDovL3d3dy53My5vcmcvMjAwMC9zdmciPjwvc3ZnPg==\" style=\"--smush-placeholder-width: 300px; --smush-placeholder-aspect-ratio: 300\/87;\" \/><\/figure>\n<\/div><\/div>\n\n\n\n<div class=\"wp-block-column is-vertically-aligned-center is-layout-flow wp-block-column-is-layout-flow\"><div class=\"wp-block-image\">\n<figure class=\"aligncenter size-medium is-resized\"><img decoding=\"async\" width=\"226\" height=\"300\" data-src=\"https:\/\/dolinawiedzy.pl\/dut\/wp-content\/uploads\/sites\/9\/2025\/01\/gmina-debica-226x300.jpg\" alt=\"\" class=\"wp-image-22430 lazyload\" style=\"--smush-placeholder-width: 226px; --smush-placeholder-aspect-ratio: 226\/300;width:100px\" data-srcset=\"https:\/\/dolinawiedzy.pl\/dut\/wp-content\/uploads\/sites\/9\/2025\/01\/gmina-debica-226x300.jpg 226w, https:\/\/dolinawiedzy.pl\/dut\/wp-content\/uploads\/sites\/9\/2025\/01\/gmina-debica.jpg 630w\" data-sizes=\"(max-width: 226px) 100vw, 226px\" src=\"data:image\/svg+xml;base64,PHN2ZyB3aWR0aD0iMSIgaGVpZ2h0PSIxIiB4bWxucz0iaHR0cDovL3d3dy53My5vcmcvMjAwMC9zdmciPjwvc3ZnPg==\" \/><\/figure>\n<\/div><\/div>\n\n\n\n<div class=\"wp-block-column is-vertically-aligned-center is-layout-flow wp-block-column-is-layout-flow\" style=\"font-size:13px\"><div class=\"wp-block-image\">\n<figure class=\"aligncenter size-medium is-resized\"><img decoding=\"async\" width=\"234\" height=\"300\" data-src=\"https:\/\/dolinawiedzy.pl\/dut\/wp-content\/uploads\/sites\/9\/2025\/01\/gmina-zyrakow-234x300.png\" alt=\"\" class=\"wp-image-22431 lazyload\" style=\"--smush-placeholder-width: 234px; --smush-placeholder-aspect-ratio: 234\/300;width:90px\" data-srcset=\"https:\/\/dolinawiedzy.pl\/dut\/wp-content\/uploads\/sites\/9\/2025\/01\/gmina-zyrakow-234x300.png 234w, https:\/\/dolinawiedzy.pl\/dut\/wp-content\/uploads\/sites\/9\/2025\/01\/gmina-zyrakow-797x1024.png 797w, https:\/\/dolinawiedzy.pl\/dut\/wp-content\/uploads\/sites\/9\/2025\/01\/gmina-zyrakow-768x986.png 768w, https:\/\/dolinawiedzy.pl\/dut\/wp-content\/uploads\/sites\/9\/2025\/01\/gmina-zyrakow-1196x1536.png 1196w, https:\/\/dolinawiedzy.pl\/dut\/wp-content\/uploads\/sites\/9\/2025\/01\/gmina-zyrakow-1594x2048.png 1594w, https:\/\/dolinawiedzy.pl\/dut\/wp-content\/uploads\/sites\/9\/2025\/01\/gmina-zyrakow.png 1663w\" data-sizes=\"(max-width: 234px) 100vw, 234px\" src=\"data:image\/svg+xml;base64,PHN2ZyB3aWR0aD0iMSIgaGVpZ2h0PSIxIiB4bWxucz0iaHR0cDovL3d3dy53My5vcmcvMjAwMC9zdmciPjwvc3ZnPg==\" \/><figcaption class=\"wp-element-caption\">Gmina \u017byrak\u00f3w<\/figcaption><\/figure>\n<\/div><\/div>\n<\/div>\n\n\n\n<div class=\"wp-block-columns is-layout-flex wp-container-core-columns-is-layout-9d6595d7 wp-block-columns-is-layout-flex\">\n<div class=\"wp-block-column is-layout-flow wp-block-column-is-layout-flow\"><\/div>\n\n\n\n<div class=\"wp-block-column is-vertically-aligned-center is-layout-flow wp-block-column-is-layout-flow\"><div class=\"wp-block-image\">\n<figure class=\"aligncenter size-medium\"><img decoding=\"async\" width=\"300\" height=\"212\" data-src=\"https:\/\/dolinawiedzy.pl\/dut\/wp-content\/uploads\/sites\/9\/2025\/01\/centrum-kultury-promocji-zyrakow-300x212.png\" alt=\"\" class=\"wp-image-22427 lazyload\" data-srcset=\"https:\/\/dolinawiedzy.pl\/dut\/wp-content\/uploads\/sites\/9\/2025\/01\/centrum-kultury-promocji-zyrakow-300x212.png 300w, https:\/\/dolinawiedzy.pl\/dut\/wp-content\/uploads\/sites\/9\/2025\/01\/centrum-kultury-promocji-zyrakow-1024x724.png 1024w, https:\/\/dolinawiedzy.pl\/dut\/wp-content\/uploads\/sites\/9\/2025\/01\/centrum-kultury-promocji-zyrakow-768x543.png 768w, https:\/\/dolinawiedzy.pl\/dut\/wp-content\/uploads\/sites\/9\/2025\/01\/centrum-kultury-promocji-zyrakow-1536x1086.png 1536w, https:\/\/dolinawiedzy.pl\/dut\/wp-content\/uploads\/sites\/9\/2025\/01\/centrum-kultury-promocji-zyrakow-2048x1448.png 2048w\" data-sizes=\"(max-width: 300px) 100vw, 300px\" src=\"data:image\/svg+xml;base64,PHN2ZyB3aWR0aD0iMSIgaGVpZ2h0PSIxIiB4bWxucz0iaHR0cDovL3d3dy53My5vcmcvMjAwMC9zdmciPjwvc3ZnPg==\" style=\"--smush-placeholder-width: 300px; --smush-placeholder-aspect-ratio: 300\/212;\" \/><\/figure>\n<\/div><\/div>\n\n\n\n<div class=\"wp-block-column is-layout-flow wp-block-column-is-layout-flow\"><\/div>\n<\/div>\n","protected":false},"excerpt":{"rendered":"<p>W marcu 2014 powsta\u0142a Filia Dzieci\u0119cego Uniwersytetu Technicznego w D\u0119bicy. Partnerami Strategicznymi projektu s\u0105: Firma Oponiarska D\u0119bica S.A. Goodyear Polska Sp. z o.o. BPiON Poland\u00a0 Partnerami G\u0142\u00f3wnymi projektu s\u0105: D\u0119bicki Park Przemys\u0142owy\u00a0 Nicrometal S.A. Darco Sp. z o.o. Miasto D\u0119bica\u00a0 Gmina D\u0119bica Gmina \u017byrak\u00f3w\u00a0 Centrum Kultury i Promocji w \u017byrakowie Wyk\u0142ady oraz warsztaty s\u0105 prowadzone [&hellip;]<\/p>\n","protected":false},"author":1,"featured_media":0,"parent":1447,"menu_order":3,"comment_status":"closed","ping_status":"closed","template":"left-sidebar.php","meta":{"footnotes":""},"class_list":["post-1465","page","type-page","status-publish","hentry"],"_links":{"self":[{"href":"https:\/\/dolinawiedzy.pl\/dut\/wp-json\/wp\/v2\/pages\/1465","targetHints":{"allow":["GET"]}}],"collection":[{"href":"https:\/\/dolinawiedzy.pl\/dut\/wp-json\/wp\/v2\/pages"}],"about":[{"href":"https:\/\/dolinawiedzy.pl\/dut\/wp-json\/wp\/v2\/types\/page"}],"author":[{"embeddable":true,"href":"https:\/\/dolinawiedzy.pl\/dut\/wp-json\/wp\/v2\/users\/1"}],"replies":[{"embeddable":true,"href":"https:\/\/dolinawiedzy.pl\/dut\/wp-json\/wp\/v2\/comments?post=1465"}],"version-history":[{"count":91,"href":"https:\/\/dolinawiedzy.pl\/dut\/wp-json\/wp\/v2\/pages\/1465\/revisions"}],"predecessor-version":[{"id":22460,"href":"https:\/\/dolinawiedzy.pl\/dut\/wp-json\/wp\/v2\/pages\/1465\/revisions\/22460"}],"up":[{"embeddable":true,"href":"https:\/\/dolinawiedzy.pl\/dut\/wp-json\/wp\/v2\/pages\/1447"}],"wp:attachment":[{"href":"https:\/\/dolinawiedzy.pl\/dut\/wp-json\/wp\/v2\/media?parent=1465"}],"curies":[{"name":"wp","href":"https:\/\/api.w.org\/{rel}","templated":true}]}}