{"id":1463,"date":"2014-02-13T19:58:00","date_gmt":"2014-02-13T18:58:00","guid":{"rendered":"https:\/\/dolinawiedzy.pl\/pd\/?page_id=1463"},"modified":"2023-02-09T09:13:38","modified_gmt":"2023-02-09T08:13:38","slug":"ustrzyki-dolne","status":"publish","type":"page","link":"https:\/\/dolinawiedzy.pl\/dut\/filie-dut\/ustrzyki-dolne\/","title":{"rendered":"Filia DUT w Ustrzykach Dolnych"},"content":{"rendered":"\n<p>W marcu 2014 roku powsta\u0142a Filia Dzieci\u0119cego Uniwersytetu Technicznego w Ustrzykach Dolnych. W 2020 roku zaj\u0119cia zosta\u0142y zawieszone, po czym w marcu 2021 uda\u0142o si\u0119 wznowi\u0107 Fili\u0119 . <\/p>\n\n\n\n<p> Zaj\u0119cia finansowane s\u0105 przez Partnera strategicznego projektu, kt\u00f3rym jest <a href=\"http:\/\/www.ustrzyki-dolne.pl\/\"><strong>Gmina Ustrzyki Dolne<\/strong><\/a>, a odbywaj\u0105 si\u0119 przy wsp\u00f3\u0142pracy ze  <a href=\"http:\/\/www.zsp1ustrzyki.kylos.pl\/news.php\"><strong>Szko\u0142a Podstawowa Nr 1 w Ustrzykach Dolnych<\/strong><\/a> oraz <a href=\"https:\/\/ustrzyckidomkultury.pl\/\"><strong>Ustrzycki Dom Kultury<\/strong><\/a>. <\/p>\n\n\n\n<p><strong><\/strong><strong>Wyk\u0142ady oraz warsztaty s\u0105 prowadzone w formie stacjonarnej. <\/strong>Wyk\u0142ady prowadzone s\u0105 w grupach 60 osobowych. Ka\u017cdy uczestnik wyk\u0142ad\u00f3w otrzymuje indeks oraz identyfikator. Zaj\u0119cia warsztatowe prowadzone s\u0105 w ma\u0142ych \u2013 15 osobowych grupach. \u0141\u0105cznie w jeden dzie\u0144 zaj\u0119cia b\u0119d\u0105 si\u0119 odbywa\u0107 dla 4 grup. Ka\u017cdy uczestnik warsztat\u00f3w otrzyma \u201eZestaw Naukowca\u201d do samodzielnego eksperymentowania w domu. Ka\u017cdy wyk\u0142ad trwa godzin\u0119. a warsztaty trwaj\u0105 1,5 h. Zaj\u0119cia odbywaj\u0105 si\u0119 b\u0119d\u0105 z zachowaniem wytycznych sanitarnych obowi\u0105zuj\u0105cych w dany dzie\u0144.<\/p>\n\n\n\n<p>Zaj\u0119cia Dzieci\u0119cego Uniwersytetu Technicznego w Ustrzykach Dolnych odbywaj\u0105 si\u0119 w <strong>Ustrzyckim Domu Kultury, ul. 29 Listopada 31<\/strong> (wyk\u0142ady) oraz w <strong>SP nr 1 w Ustrzykach Dolnych<\/strong> (warsztaty).<\/p>\n\n\n\n<p>Wszystkie zaj\u0119cia s\u0105 bezp\u0142atne i odbywaj\u0105 si\u0119 w soboty.&nbsp;W zaj\u0119ciach w Filii w Ustrzykach Dolnych uczestnicz\u0105 dzieci w wieku 7-12 lat ze szk\u00f3\u0142 na terenie gminy Ustrzyki Dolne. Szczeg\u00f3\u0142y rekrutacji oraz aktualny plan zaj\u0119\u0107 dost\u0119pne poni\u017cej. <\/p>\n\n\n\n<ul class=\"wp-block-list\">\n<li><a href=\"https:\/\/dolinawiedzy.pl\/dut\/uczelnia\/rejestracja\">Rejestracja na zaj\u0119cia <\/a><\/li>\n\n\n\n<li><a href=\"https:\/\/dolinawiedzy.pl\/dut\/uczelnia\/plany-zajec\/\">Plany zaj\u0119\u0107 <\/a><\/li>\n<\/ul>\n\n\n\n<p><\/p>\n\n\n\n<hr class=\"wp-block-separator has-css-opacity\"\/>\n\n\n\n<h2 class=\"wp-block-heading\" id=\"partner-strategiczny-filii-dzieciecego-uniwersytetu-technicznego-w-ustrzykach-dolnych-gmina-ustrzyki-dolne\"><strong>Partner strategiczny Filii Dzieci\u0119cego Uniwersytetu Technicznego w Ustrzykach Dolnych:<br \/><\/strong><a href=\"http:\/\/www.ustrzyki-dolne.pl\/\" target=\"_blank\" rel=\"noopener noreferrer\"><img decoding=\"async\" width=\"200\" height=\"200\" class=\"wp-image-11799 lazyload\" style=\"--smush-placeholder-width: 200px; --smush-placeholder-aspect-ratio: 200\/200;width: 200px;\" data-src=\"https:\/\/dolinawiedzy.pl\/dut\/wp-content\/uploads\/sites\/9\/2021\/03\/Ustrzyki_Dolne_logo.png\" alt=\"\" data-srcset=\"https:\/\/dolinawiedzy.pl\/dut\/wp-content\/uploads\/sites\/9\/2021\/03\/Ustrzyki_Dolne_logo.png 1080w, https:\/\/dolinawiedzy.pl\/dut\/wp-content\/uploads\/sites\/9\/2021\/03\/Ustrzyki_Dolne_logo-300x300.png 300w, https:\/\/dolinawiedzy.pl\/dut\/wp-content\/uploads\/sites\/9\/2021\/03\/Ustrzyki_Dolne_logo-1024x1024.png 1024w, https:\/\/dolinawiedzy.pl\/dut\/wp-content\/uploads\/sites\/9\/2021\/03\/Ustrzyki_Dolne_logo-150x150.png 150w, https:\/\/dolinawiedzy.pl\/dut\/wp-content\/uploads\/sites\/9\/2021\/03\/Ustrzyki_Dolne_logo-768x768.png 768w\" data-sizes=\"(max-width: 200px) 100vw, 200px\" src=\"data:image\/svg+xml;base64,PHN2ZyB3aWR0aD0iMSIgaGVpZ2h0PSIxIiB4bWxucz0iaHR0cDovL3d3dy53My5vcmcvMjAwMC9zdmciPjwvc3ZnPg==\" \/><\/a><strong><a rel=\"noopener noreferrer\" href=\"http:\/\/www.ustrzyki-dolne.pl\/\" target=\"_blank\">Gmina Ustrzyki Dolne<\/a><br \/><\/strong><\/h2>\n\n\n\n<p>Gmina Ustrzyki Dolne to jeden z najpi\u0119kniejszych miejsc w Bieszczadach. Geograficznie le\u017cy w pa\u015bmie G\u00f3r Sanocko &#8211; Turcza\u0144skich. Miasto Ustrzyki Dolne liczy dwana\u015bcie tysi\u0119cy mieszka\u0144c\u00f3w. Jest siedzib\u0105 gminy i powiatu Le\u017cy na trasie ma\u0142ej i du\u017cej obwodnicy bieszczadzkiej.<\/p>\n\n\n\n<p>Liczne atrakcje turystyczne, rozwini\u0119ta baza noclegowa i gastronomiczna wp\u0142ywaj\u0105 pozytywnie na wizerunek gminy. Przez miasto przebiega europejski dzia\u0142 wodny z rzek\u0105 Strwi\u0105\u017c, kt\u00f3ra nale\u017cy do zlewiska Morza Czarnego. Od p\u00f3\u0142nocy i wschodu miasto otacza pasmo g\u00f3r z licznymi rezerwatami i pomnikami przyrody, kt\u00f3re m.in. wchodz\u0105 w sk\u0142ad Parku Krajobrazowego G\u00f3r S\u0142onnych. &nbsp;Na terenie gminy istniej\u0105 znakomite warunki do uprawiania turystyki pieszej i rowerowej po szlakach turystycznych. Mo\u017cna tu te\u017c je\u017adzi\u0107 konno. Blisko\u015b\u0107 Zalewu Soli\u0144skiego to raj dla w\u0119dkarzy i mi\u0142o\u015bnik\u00f3w sport\u00f3w wodnych.<\/p>\n\n\n<div class=\"wp-block-image\">\n<figure class=\"alignleft\"><a href=\"https:\/\/dolinawiedzy.pl\/dut\/wp-content\/uploads\/sites\/9\/2014\/02\/DSC_0365.jpg\"><img decoding=\"async\" width=\"300\" height=\"200\" data-src=\"https:\/\/dolinawiedzy.pl\/dut\/wp-content\/uploads\/sites\/9\/2014\/02\/DSC_0365-300x200.jpg\" alt=\"DSC_0365\" class=\"wp-image-1663 lazyload\" data-srcset=\"https:\/\/dolinawiedzy.pl\/dut\/wp-content\/uploads\/sites\/9\/2014\/02\/DSC_0365-300x200.jpg 300w, https:\/\/dolinawiedzy.pl\/dut\/wp-content\/uploads\/sites\/9\/2014\/02\/DSC_0365-1024x682.jpg 1024w, https:\/\/dolinawiedzy.pl\/dut\/wp-content\/uploads\/sites\/9\/2014\/02\/DSC_0365-120x80.jpg 120w\" data-sizes=\"(max-width: 300px) 100vw, 300px\" src=\"data:image\/svg+xml;base64,PHN2ZyB3aWR0aD0iMSIgaGVpZ2h0PSIxIiB4bWxucz0iaHR0cDovL3d3dy53My5vcmcvMjAwMC9zdmciPjwvc3ZnPg==\" style=\"--smush-placeholder-width: 300px; --smush-placeholder-aspect-ratio: 300\/200;\" \/><\/a><\/figure>\n<\/div>\n\n\n<p>\u015ar\u00f3dg\u00f3rskie po\u0142o\u017cenie i d\u0142ugi okresem zalegania \u015bniegu wp\u0142ywaj\u0105 pozytywnie na rozw\u00f3j sport\u00f3w zimowych. Na terenie gminy znajduj\u0105 si\u0119 2 stacje narciarskie na Gromadzyniu i Laworcie oraz wyci\u0105gi narciarskie na stoku Ma\u0142ego Kr\u00f3la, w Ropience i Ar\u0142amowie. Ustrzyki Dolne s\u0105 nazywane ZIMOW\u0104 STOLIC\u0104 PODKARPACIA. Opr\u00f3cz tras zjazdowych s\u0105 tu tak\u017ce trasy biegowe, zaliczane do najlepszych w Polsce.<\/p>\n\n\n\n<p>W mie\u015bcie znajduj\u0105 si\u0119 obiekty rekreacyjno \u2013 sportowe, takie jak: Zesp\u00f3\u0142 Basen\u00f3w Delfin, hala sportowa, stadion, sale gimnastyczne, boiska do pi\u0142ki r\u0119cznej, siatkowej, koszykowej<br \/>i no\u017cnej oraz korty tenisowe.<\/p>\n\n\n\n<p>Miasto jest siedzib\u0105 O\u015brodka Naukowo &#8211; Dydaktycznego Bieszczadzkiego Parku Narodowego i Bieszczadzkiego Muzeum Przyrodniczego.<br \/>Bogactwem gminy s\u0105 te\u017c zabytki, szczeg\u00f3lnie dawne cerkwie greckokatolickie. Coraz bardziej popularne staje si\u0119 tu r\u0119kodzie\u0142o ludowe i artystyczne. Miejscowi arty\u015bci zajmuj\u0105 si\u0119 &nbsp;malarstwem, wikliniarstwem, rze\u017abiarstwem i lutnictwem.<\/p>\n\n\n\n<p>Dodatkowym atutem mikroregionu ustrzyckiego jest mi\u0119dzynarodowe przej\u015bcie graniczne w Kro\u015bcienku, kt\u00f3re umo\u017cliwia dotarcie do interesuj\u0105cych turystycznie i gospodarczo obszar\u00f3w Ukrainy i innych kraj\u00f3w.<\/p>\n\n\n\n<figure class=\"wp-block-embed\"><div class=\"wp-block-embed__wrapper\">\nhttp:\/\/www.ustrzyki-dolne.pl\/\n<\/div><\/figure>\n\n\n\n<hr class=\"wp-block-separator has-css-opacity\"\/>\n\n\n\n<p><strong>Partner: <a href=\"http:\/\/www.zsp1ustrzyki.kylos.pl\/news.php\" target=\"_blank\" rel=\"noopener noreferrer\">Szko\u0142a Podstawowa Nr 1<\/a><\/strong><\/p>\n\n\n<div class=\"wp-block-image\">\n<figure class=\"alignleft\"><a href=\"https:\/\/dolinawiedzy.pl\/dut\/wp-content\/uploads\/sites\/9\/2014\/02\/DSC_0351.jpg\"><img decoding=\"async\" width=\"300\" height=\"200\" data-src=\"https:\/\/dolinawiedzy.pl\/dut\/wp-content\/uploads\/sites\/9\/2014\/02\/DSC_0351-300x200.jpg\" alt=\"DSC_0351\" class=\"wp-image-1658 lazyload\" data-srcset=\"https:\/\/dolinawiedzy.pl\/dut\/wp-content\/uploads\/sites\/9\/2014\/02\/DSC_0351-300x200.jpg 300w, https:\/\/dolinawiedzy.pl\/dut\/wp-content\/uploads\/sites\/9\/2014\/02\/DSC_0351-1024x682.jpg 1024w, https:\/\/dolinawiedzy.pl\/dut\/wp-content\/uploads\/sites\/9\/2014\/02\/DSC_0351-120x80.jpg 120w\" data-sizes=\"(max-width: 300px) 100vw, 300px\" src=\"data:image\/svg+xml;base64,PHN2ZyB3aWR0aD0iMSIgaGVpZ2h0PSIxIiB4bWxucz0iaHR0cDovL3d3dy53My5vcmcvMjAwMC9zdmciPjwvc3ZnPg==\" style=\"--smush-placeholder-width: 300px; --smush-placeholder-aspect-ratio: 300\/200;\" \/><\/a><\/figure>\n<\/div>\n\n\n<p>Szko\u0142a Podstawowa nr 1 zlokalizowana jest przy ul. 29 Listopada, przy g\u0142\u00f3wnej drodze biegn\u0105cej przez Ustrzyki D. Nauka odbywa si\u0119 w trzech, w pe\u0142ni wyposa\u017conych budynkach. Uczniowie maj\u0105 do dyspozycji nowoczesne klasopracownie, pracownie komputerowe, sprz\u0119t audiowizualny, tablice interaktywne, pracowni\u0119 j\u0119zykow\u0105 oraz hal\u0119 sportow\u0105. Prowadzonych jest wiele zaj\u0119\u0107 pozalekcyjnych. S\u0105 to mi\u0119dzy innymi k\u00f3\u0142ka: polonistyczne, matematyczne, j. angielskiego i j. niemieckiego, przyrodnicze, informatyczne, historyczne, wiedzy o Unii Europejskiej, plastyczne, taneczne, teatralne, muzyczno-instrumentalne, sportowe i turystyczne.<\/p>\n\n\n<div class=\"wp-block-image\">\n<figure class=\"alignright\"><a href=\"https:\/\/dolinawiedzy.pl\/dut\/wp-content\/uploads\/sites\/9\/2014\/02\/DSC_0359.jpg\"><img decoding=\"async\" width=\"300\" height=\"200\" data-src=\"https:\/\/dolinawiedzy.pl\/dut\/wp-content\/uploads\/sites\/9\/2014\/02\/DSC_0359-300x200.jpg\" alt=\"DSC_0359\" class=\"wp-image-1662 lazyload\" data-srcset=\"https:\/\/dolinawiedzy.pl\/dut\/wp-content\/uploads\/sites\/9\/2014\/02\/DSC_0359-300x200.jpg 300w, https:\/\/dolinawiedzy.pl\/dut\/wp-content\/uploads\/sites\/9\/2014\/02\/DSC_0359-1024x682.jpg 1024w, https:\/\/dolinawiedzy.pl\/dut\/wp-content\/uploads\/sites\/9\/2014\/02\/DSC_0359-120x80.jpg 120w\" data-sizes=\"(max-width: 300px) 100vw, 300px\" src=\"data:image\/svg+xml;base64,PHN2ZyB3aWR0aD0iMSIgaGVpZ2h0PSIxIiB4bWxucz0iaHR0cDovL3d3dy53My5vcmcvMjAwMC9zdmciPjwvc3ZnPg==\" style=\"--smush-placeholder-width: 300px; --smush-placeholder-aspect-ratio: 300\/200;\" \/><\/a><\/figure>\n<\/div>\n\n\n<p>Po lekcjach uczniowie mog\u0105 korzysta\u0107 z r\u00f3\u017cnych form sp\u0119dzania czasu, kt\u00f3re proponuje biblioteka i \u015bwietlica szkolna. Uczniowie SP nr 1 uczestnicz\u0105 w wielu konkursach przedmiotowych, zajmuj\u0105c dobre miejsca. S\u0105 w\u015br\u00f3d nich finali\u015bci i laureaci konkurs\u00f3w og\u00f3lnopolskich i wojew\u00f3dzkich z j\u0119zyka polskiego, historii, fizyki, chemii, biologii, konkurs\u00f3w recytatorskich, a tak\u017ce wokalnych. Szko\u0142a ma te\u017c swoje osi\u0105gni\u0119cia w sporcie. Od roku 1996 r. dzia\u0142a Uczniowski Klub Sportowy &#8222;Krzemie\u0144&#8221;.&nbsp; Sukcesy na polu artystycznym odnosz\u0105 M\u0142odzie\u017cowy Zesp\u00f3\u0142 Ta\u0144ca &#8222;Bandanki&#8221; (laureat wielu przegl\u0105d\u00f3w tanecznych na szczeblu wojew\u00f3dzkim, ma na swoim koncie wyst\u0119py w kraju i za granic\u0105); &nbsp;Dzieci\u0119cy Zesp\u00f3\u0142 Taneczny\u201eIskierki\u201d; zesp\u00f3\u0142 wokalno-instrumentalny \u201eTen Ton\u201d; cheerleaderki.<\/p>\n\n\n<div class=\"wp-block-image\">\n<figure class=\"alignleft\"><a href=\"https:\/\/dolinawiedzy.pl\/dut\/wp-content\/uploads\/sites\/9\/2014\/02\/DSC_0358.jpg\"><img decoding=\"async\" width=\"300\" height=\"200\" data-src=\"https:\/\/dolinawiedzy.pl\/dut\/wp-content\/uploads\/sites\/9\/2014\/02\/DSC_0358-300x200.jpg\" alt=\"DSC_0358\" class=\"wp-image-1661 lazyload\" data-srcset=\"https:\/\/dolinawiedzy.pl\/dut\/wp-content\/uploads\/sites\/9\/2014\/02\/DSC_0358-300x200.jpg 300w, https:\/\/dolinawiedzy.pl\/dut\/wp-content\/uploads\/sites\/9\/2014\/02\/DSC_0358-1024x682.jpg 1024w, https:\/\/dolinawiedzy.pl\/dut\/wp-content\/uploads\/sites\/9\/2014\/02\/DSC_0358-120x80.jpg 120w\" data-sizes=\"(max-width: 300px) 100vw, 300px\" src=\"data:image\/svg+xml;base64,PHN2ZyB3aWR0aD0iMSIgaGVpZ2h0PSIxIiB4bWxucz0iaHR0cDovL3d3dy53My5vcmcvMjAwMC9zdmciPjwvc3ZnPg==\" style=\"--smush-placeholder-width: 300px; --smush-placeholder-aspect-ratio: 300\/200;\" \/><\/a><\/figure>\n<\/div>\n\n\n<p>W szkole tradycj\u0105 sta\u0142y si\u0119 ju\u017c takie imprezy jak: pasowanie na ucznia, apele organizowane z okazji \u015bwi\u0105t Bo\u017cego Narodzenia i Wielkanocy, \u015bwi\u0119to Patrona szko\u0142y Miko\u0142aja Kopernika, Dni Rodziny, Dzie\u0144 Dziecka, Promocja szko\u0142y. Szko\u0142a pozostaje otwarta na akcje profilaktyczne i proekologiczne. Organizowane s\u0105 kampanie antyalkoholowe i antynikotynowe, akcje <i>Sprz\u0105tanie \u015bwiata <\/i>, <i>Czyste g\u00f3ry <\/i>itp<i>. <\/i>Szko\u0142a jest otwarta na nowe wyzwania i pomys\u0142y. Uczniowie pod okiem nauczycieli bior\u0105 udzia\u0142 w wielu projektach unijnych: <i>Inwestycja w dzieci najlepsz\u0105 inwestycj\u0105, Eduscience, M\u0142ode Bieszczady, Elektro-nie-\u015bmieci i NASZA SZKO\u0141A NASZ\u0104 SZANS\u0104<\/i>.<\/p>\n\n\n<div class=\"wp-block-image\">\n<figure class=\"alignright\"><a href=\"https:\/\/dolinawiedzy.pl\/dut\/wp-content\/uploads\/sites\/9\/2014\/02\/DSC_0354.jpg\"><img decoding=\"async\" width=\"300\" height=\"200\" data-src=\"https:\/\/dolinawiedzy.pl\/dut\/wp-content\/uploads\/sites\/9\/2014\/02\/DSC_0354-300x200.jpg\" alt=\"DSC_0354\" class=\"wp-image-1660 lazyload\" data-srcset=\"https:\/\/dolinawiedzy.pl\/dut\/wp-content\/uploads\/sites\/9\/2014\/02\/DSC_0354-300x200.jpg 300w, https:\/\/dolinawiedzy.pl\/dut\/wp-content\/uploads\/sites\/9\/2014\/02\/DSC_0354-1024x682.jpg 1024w, https:\/\/dolinawiedzy.pl\/dut\/wp-content\/uploads\/sites\/9\/2014\/02\/DSC_0354-120x80.jpg 120w\" data-sizes=\"(max-width: 300px) 100vw, 300px\" src=\"data:image\/svg+xml;base64,PHN2ZyB3aWR0aD0iMSIgaGVpZ2h0PSIxIiB4bWxucz0iaHR0cDovL3d3dy53My5vcmcvMjAwMC9zdmciPjwvc3ZnPg==\" style=\"--smush-placeholder-width: 300px; --smush-placeholder-aspect-ratio: 300\/200;\" \/><\/a><\/figure>\n<\/div>\n\n\n<p>Kadr\u0119 Pedagogiczn\u0105 SP nr 1 tworzy zesp\u00f3\u0142 56 pedagog\u00f3w, kt\u00f3rzy stale podnosz\u0105 swoje kwalifikacje zawodowe. Tworz\u0105 programy innowacyjne<b>, <\/b>z du\u017cym zaanga\u017cowaniem realizuj\u0105 powierzone zadania, dostrzegaj\u0105 potrzeby i zainteresowania uczni\u00f3w, rozwijaj\u0105c ich zdolno\u015bci i rozbudzaj\u0105c zainteresowania. Propaguj\u0105 prac\u0119 z uczniem zdolnym poprzez zaj\u0119cia dodatkowe, konkursy przedmiotowe, turnieje sportowe, apele i uroczysto\u015bci szkolne. Organizuj\u0105 ciekawe wycieczki turystyczno-krajoznawcze, wyjazdy na koncerty i spektakle teatralne. Nauczyciele staraj\u0105 si\u0119 przygotowa\u0107 dzieci i m\u0142odzie\u017c do podj\u0119cia wyzwa\u0144, kt\u00f3re czekaj\u0105 ich w doros\u0142ym \u017cyciu. Pragn\u0105, \u017ceby uczniowie byli otwarci na drugiego cz\u0142owieka, \u017cyli w zgodzie z natur\u0105<\/p>\n","protected":false},"excerpt":{"rendered":"<p>W marcu 2014 roku powsta\u0142a Filia Dzieci\u0119cego Uniwersytetu Technicznego w Ustrzykach Dolnych. W 2020 roku zaj\u0119cia zosta\u0142y zawieszone, po czym w marcu 2021 uda\u0142o si\u0119 wznowi\u0107 Fili\u0119 . Zaj\u0119cia finansowane s\u0105 przez Partnera strategicznego projektu, kt\u00f3rym jest Gmina Ustrzyki Dolne, a odbywaj\u0105 si\u0119 przy wsp\u00f3\u0142pracy ze Szko\u0142a Podstawowa Nr 1 w Ustrzykach Dolnych oraz Ustrzycki [&hellip;]<\/p>\n","protected":false},"author":1,"featured_media":0,"parent":1447,"menu_order":2,"comment_status":"closed","ping_status":"closed","template":"left-sidebar.php","meta":{"footnotes":""},"class_list":["post-1463","page","type-page","status-publish","hentry"],"_links":{"self":[{"href":"https:\/\/dolinawiedzy.pl\/dut\/wp-json\/wp\/v2\/pages\/1463","targetHints":{"allow":["GET"]}}],"collection":[{"href":"https:\/\/dolinawiedzy.pl\/dut\/wp-json\/wp\/v2\/pages"}],"about":[{"href":"https:\/\/dolinawiedzy.pl\/dut\/wp-json\/wp\/v2\/types\/page"}],"author":[{"embeddable":true,"href":"https:\/\/dolinawiedzy.pl\/dut\/wp-json\/wp\/v2\/users\/1"}],"replies":[{"embeddable":true,"href":"https:\/\/dolinawiedzy.pl\/dut\/wp-json\/wp\/v2\/comments?post=1463"}],"version-history":[{"count":55,"href":"https:\/\/dolinawiedzy.pl\/dut\/wp-json\/wp\/v2\/pages\/1463\/revisions"}],"predecessor-version":[{"id":13720,"href":"https:\/\/dolinawiedzy.pl\/dut\/wp-json\/wp\/v2\/pages\/1463\/revisions\/13720"}],"up":[{"embeddable":true,"href":"https:\/\/dolinawiedzy.pl\/dut\/wp-json\/wp\/v2\/pages\/1447"}],"wp:attachment":[{"href":"https:\/\/dolinawiedzy.pl\/dut\/wp-json\/wp\/v2\/media?parent=1463"}],"curies":[{"name":"wp","href":"https:\/\/api.w.org\/{rel}","templated":true}]}}