{"id":1461,"date":"2014-02-13T19:57:42","date_gmt":"2014-02-13T18:57:42","guid":{"rendered":"https:\/\/dolinawiedzy.pl\/pd\/?page_id=1461"},"modified":"2025-10-21T09:12:05","modified_gmt":"2025-10-21T07:12:05","slug":"mielec","status":"publish","type":"page","link":"https:\/\/dolinawiedzy.pl\/dut\/filie-dut\/mielec\/","title":{"rendered":"Filia DUT w Mielcu"},"content":{"rendered":"<p>26 pa\u017adziernika 2013 roku mia\u0142 miejsce pierwszy wyk\u0142ad w ramach Dzieci\u0119cego <strong>Uniwersytetu Technicznego w Mielcu. Od tamtej pory dzia\u0142aniom Filii DUT w Mielcu patronuj\u0105 <a href=\"https:\/\/www.pzlmielec.pl\/\" target=\"_blank\" rel=\"noopener noreferrer\">Polskie Zak\u0142ady Lotnicze Sp. z o.o.<\/a>, kt\u00f3re s\u0105 Partnerem strategicznym projektu.<\/strong><\/p>\n<p><strong>Partnerem projektu o<\/strong>d pocz\u0105tku jest <strong><a href=\"http:\/\/www.ckp.edu.pl\/\">Centrum Kszta\u0142cenia Praktycznego i Doskonalenia Nauczycieli w Mielcu<\/a><\/strong>.<\/p>\n<p><strong>Wyk\u0142ady oraz warsztaty s\u0105 prowadzone w formie stacjonarnej. <\/strong>Wyk\u0142ady prowadzone s\u0105 w grupach 80 osobowych. Ka\u017cdy uczestnik wyk\u0142ad\u00f3w otrzymuje indeks oraz identyfikator. Zaj\u0119cia warsztatowe prowadzone s\u0105 w ma\u0142ych \u2013 20 osobowych grupach. \u0141\u0105cznie w jeden dzie\u0144 zaj\u0119cia b\u0119d\u0105 si\u0119 odbywa\u0107 dla 6 grup. Ka\u017cdy uczestnik warsztat\u00f3w otrzyma \u201eZestaw Naukowca\u201d do samodzielnego eksperymentowania w domu. Ka\u017cdy wyk\u0142ad trwa godzin\u0119. a warsztaty trwaj\u0105 1,5 h. Zaj\u0119cia odbywaj\u0105 si\u0119 b\u0119d\u0105 z zachowaniem wytycznych sanitarnych obowi\u0105zuj\u0105cych w dany dzie\u0144.<\/p>\n<p>Wyk\u0142ady Dzieci\u0119cego Uniwersytetu Technicznego w Mielcu odbywaj\u0105 si\u0119 w<\/p>\n<p><span style=\"font-size: large;\"><b>Inkubator Nowych Technologii In \u2013 Tech 1 w Mielcu<\/b><\/span><\/p>\n<p><span style=\"font-size: large;\"><b>ul. Wojska Polskiego 9.<\/b><\/span><\/p>\n<p><span style=\"font-size: large;\"><b>sala konferencyjna nr D217<\/b><\/span><\/p>\n<p><b><\/b>natomiast warsztaty prowadzone s\u0105 w\u00a0 <strong>Centrum Kszta\u0142cenia Praktycznego i Doskonalenia Nauczycieli w Mielcu<\/strong>.<\/p>\n<p>Wszystkie zaj\u0119cia s\u0105 bezp\u0142atne i odbywaj\u0105 si\u0119 w soboty.\u00a0W zaj\u0119ciach w Filii w Mielcu uczestnicz\u0105 dzieci w wieku 7-12 lat ze szk\u00f3\u0142 podstawowych z powiatu mieleckiego. Szczeg\u00f3\u0142y rekrutacji oraz aktualny plan zaj\u0119\u0107 dost\u0119pne poni\u017cej.<\/p>\n<ul>\n<li><a href=\"https:\/\/dolinawiedzy.pl\/dut\/uczelnia\/rejestracja\/\">Rejestracja na zaj\u0119cia<\/a><\/li>\n<li><a href=\"https:\/\/dolinawiedzy.pl\/dut\/uczelnia\/plany-zajec\/\">Plany zaj\u0119\u0107<\/a><\/li>\n<\/ul>\n<p><center><iframe style=\"border: 0;\" data-src=\"https:\/\/www.google.com\/maps\/embed?pb=!1m14!1m8!1m3!1d2548.8213340183265!2d21.4421009!3d50.29526289999999!3m2!1i1024!2i768!4f13.1!3m3!1m2!1s0x473d6b14ff6884b5%3A0xd4e3720b9c77306!2sMarii+Sk%C5%82odowskiej-Curie+4%2C+Mielec!5e0!3m2!1spl!2spl!4v1423482239105\" width=\"235\" height=\"176\" frameborder=\"0\" src=\"data:image\/svg+xml;base64,PHN2ZyB3aWR0aD0iMSIgaGVpZ2h0PSIxIiB4bWxucz0iaHR0cDovL3d3dy53My5vcmcvMjAwMC9zdmciPjwvc3ZnPg==\" class=\"lazyload\" data-load-mode=\"1\"><\/iframe><\/center><\/p>\n<hr \/>\n<p><strong>Partner strategiczny Filii Dzieci\u0119cego Uniwersytetu Technicznego w Mielcu: <a href=\"https:\/\/www.pzlmielec.pl\/\" target=\"_blank\" rel=\"noopener noreferrer\"><span style=\"line-height: 1.5em;\">Polskie Zak\u0142ady Lotnicze Sp. z o.o.<\/span><\/a><\/strong><\/p>\n<p style=\"text-align: left;\" align=\"center\"><span style=\"line-height: 1.5em;\"><strong><img decoding=\"async\" class=\"alignnone wp-image-15532 size-medium lazyload\" data-src=\"https:\/\/dolinawiedzy.pl\/dut\/wp-content\/uploads\/sites\/9\/2023\/07\/proprietary-BLUE-CMYK-01-300x110.jpg\" alt=\"\" width=\"300\" height=\"110\" data-srcset=\"https:\/\/dolinawiedzy.pl\/dut\/wp-content\/uploads\/sites\/9\/2023\/07\/proprietary-BLUE-CMYK-01-300x110.jpg 300w, https:\/\/dolinawiedzy.pl\/dut\/wp-content\/uploads\/sites\/9\/2023\/07\/proprietary-BLUE-CMYK-01-1024x375.jpg 1024w, https:\/\/dolinawiedzy.pl\/dut\/wp-content\/uploads\/sites\/9\/2023\/07\/proprietary-BLUE-CMYK-01-768x281.jpg 768w, https:\/\/dolinawiedzy.pl\/dut\/wp-content\/uploads\/sites\/9\/2023\/07\/proprietary-BLUE-CMYK-01-1536x563.jpg 1536w, https:\/\/dolinawiedzy.pl\/dut\/wp-content\/uploads\/sites\/9\/2023\/07\/proprietary-BLUE-CMYK-01-2048x751.jpg 2048w\" data-sizes=\"(max-width: 300px) 100vw, 300px\" src=\"data:image\/svg+xml;base64,PHN2ZyB3aWR0aD0iMSIgaGVpZ2h0PSIxIiB4bWxucz0iaHR0cDovL3d3dy53My5vcmcvMjAwMC9zdmciPjwvc3ZnPg==\" style=\"--smush-placeholder-width: 300px; --smush-placeholder-aspect-ratio: 300\/110;\" \/><\/strong><\/span><\/p>\n<p>Polskie Zak\u0142ady Lotnicze Sp. z o.o. nale\u017c\u0105ce do koncernu Lockheed Martin,\u00a0 to jeden z najwi\u0119kszych w Polsce producent\u00f3w statk\u00f3w powietrznych, a tak\u017ce najwi\u0119kszy zak\u0142ad produkcyjny\u00a0LM poza granicami Stan\u00f3w Zjednoczonych.<\/p>\n<p>16 marca 2007 r. 100% udzia\u0142\u00f3w Polskich Zak\u0142ad\u00f3w Lotniczych Sp. z o.o. zosta\u0142o zakupione od ARP S.A. przez United Technologies Holdings S. A. (UTH), sp\u00f3\u0142k\u0119 United Technologies Corporation (UTC). Rozpocz\u0119\u0142a si\u0119 w ten spos\u00f3b nowa era, zar\u00f3wno w historii mieleckiego przemys\u0142u lotniczego, jak i historii samej firmy.W ramach koncernu UTC, bezpo\u015bredni\u0105\u00a0 wsp\u00f3\u0142prac\u0119 z PZL Mielec podj\u0119\u0142a sp\u00f3\u0142ka grupy UTC \u2013 Sikorsky Aircraft Corporation \u2013 \u015bwiatowy potentat w produkcji \u015bmig\u0142owc\u00f3w, w\u0142\u0105czaj\u0105c takie modele jak UH-60 BLACK HAWK,\u00a0S-76, S-92.<\/p>\n<p>W 2015 roku Sikorsky i PZL Mielec zosta\u0142y przej\u0119te przez Lockheed Martin z siedzib\u0105 w Bethesda, w stanie Maryland, USA. Lockheed Martin jest globalnym koncernem zajmuj\u0105cym si\u0119 przemys\u0142em obronnym i lotniczym. Firma zatrudnia oko\u0142o\u00a0105 tysi\u0119cy pracownik\u00f3w na ca\u0142ym \u015bwiecie i jest zaanga\u017cowana przede wszystkim w badania, projektowanie, rozw\u00f3j, produkcj\u0119, integracj\u0119 i podtrzymywanie zaawansowanych system\u00f3w technologicznych, produkt\u00f3w i us\u0142ug.<\/p>\n<p>PZL Mielec\u00a0produkuje kabiny helikopter\u00f3w BLACK HAWK dla odbiorc\u00f3w mi\u0119dzynarodowych i Armii Stan\u00f3w Zjednoczonych. Ponadto uruchomiona zosta\u0142a linia produkcyjna helikopter\u00f3w S-70i, nale\u017c\u0105cych do rodziny sprawdzonych w warunkach bojowych helikopter\u00f3w BLACK HAWK.<\/p>\n<p>Aktualna linia produkt\u00f3w Sp\u00f3\u0142ki obejmuje:<\/p>\n<ul>\n<li><a href=\"http:\/\/pzlmielec.pl\/oferta\/produkty\/black-hawk\/opis-ogolny\/\"><strong>Sikorsky S-70i\u00a0BLACK HAWK<\/strong><sup><strong>TM<\/strong><\/sup><\/a><strong><a href=\"http:\/\/pzlmielec.pl\/oferta\/produkty\/black-hawk\/opis-ogolny\/\">\u00a0<\/a><\/strong><br \/>\nWielozadaniowy \u015bmig\u0142owiec przeznaczony na rynki mi\u0119dzynarodowe<\/li>\n<li><strong><a href=\"http:\/\/pzlmielec.pl\/oferta\/produkty\/m28\/opis-ogolny\/\">M28<\/a><\/strong><br \/>\nDwusilnikowy samolot turbo\u015bmig\u0142owy klasy STOL (kr\u00f3tkiego startu i l\u0105dowania), przeznaczony do wykonywania zada\u0144\u00a0 lokalnego transportu pasa\u017cerskiego i cargo, zrzutu skoczk\u00f3w spadochronowych, ewakuacji medycznej, patrolu i rozpoznania morskiego, poszukiwa\u0144 i ratownictwa<\/li>\n<li><strong><a href=\"http:\/\/pzlmielec.pl\/oferta\/produkty\/m28-bryza\/opis-ogolny\/\">M28B Bryza <\/a><\/strong><br \/>\nOdmiana wojskowa modelu M28, przeznaczona do wykonywania zada\u0144 specjalnych\u00a0 (zale\u017cnie od zabudowanych system\u00f3w)<\/li>\n<li><strong><a href=\"http:\/\/pzlmielec.pl\/oferta\/produkty\/m18-dromader\/opis-ogolny\/\">M18 Dromader <\/a><\/strong><br \/>\nJednosilnikowy samolot stosowany w agrolotnictwie i gaszenia po\u017car\u00f3w\/kompleksowej ochrony las\u00f3w<\/li>\n<li><strong>Segmenty kabinowe\u00a0<\/strong>struktury \u015bmig\u0142owca <strong>UH-60M BLACK HAWK<\/strong><\/li>\n<\/ul>\n<p>Kieruj\u0105c si\u0119 zasadami wolnego rynku i dzia\u0142aj\u0105c w oparciu o polski kodeks sp\u00f3\u0142ek\u00a0handlowych prowadzimy dzia\u0142alno\u015b\u0107 produkcyjno-handlow\u0105 w zakresie wyrob\u00f3w lotniczych w\u0142asnej konstrukcji i wprowadzania ich na \u015bwiatowe rynki. Wsp\u00f3\u0142pracujemy r\u00f3wnie\u017c z potentatami w bran\u017cy lotniczej takimi jak Pratt &amp; Whitney Canada.<\/p>\n<p>Aktualnie Firma zatrudnia 1600 os\u00f3b, w tym kadr\u0119 in\u017cynieryjno-techniczn\u0105 oraz produkcyjn\u0105 o najwy\u017cszych kwalifikacjach zawodowych, a tak\u017ce posiada odpowiednie zdolno\u015bci techniczne, organizacyjne i \u00a0produkcyjne do budowy samolot\u00f3w oraz prowadzenia lotniczych program\u00f3w rozwojowych.<\/p>\n<p>Przed PZL Mielec pojawi\u0142y si\u0119 nowe wyzwania i mo\u017cliwo\u015bci. Zak\u0142ady wzbogaci\u0142y sw\u00f3j asortyment\u00a0 o produkcj\u0119 kabin \u015bmig\u0142owca BLACK HAWK UH-60M, a tak\u017ce uruchomi\u0142y produkcj\u0119 helikoptera wielozadaniowego S-70i (International BLACK HAWK). Sprosta\u0107 tym zadaniom mo\u017ce tylko nowoczesne przedsi\u0119biorstwo z odpowiedni\u0105 organizacj\u0105 i struktur\u0105. Stanowi\u0105 j\u0105 m. in. pracownicy, kt\u00f3rzy tworz\u0105 kultur\u0119 produkcyjn\u0105. Dlatego firma k\u0142adzie nacisk na odpowiednie przygotowanie kadry, szkolenia pracownik\u00f3w, zar\u00f3wno zawodowe, jak i specjalistyczne. Wa\u017cnym elementem jest r\u00f3wnie\u017c nowa etyka prowadzenia biznesu. W tym celu wdro\u017cono kodeks etyczny i na jego bazie przeprowadzane s\u0105 systematycznie kszta\u0142cenia dotycz\u0105ce etyki pracy i zachowa\u0144. Posiadaj\u0105c tak przygotowan\u0105 za\u0142og\u0119 firma ma szans\u0119 rozwoju w nowym \u015brodowisku gospodarczym i jest wiarygodna dla rynku i klient\u00f3w.<\/p>\n<hr \/>\n<p><strong>Partner projektu: Centrum Kszta\u0142cenia Praktycznego i Doskonalenia Nauczycieli w Mielcu<\/strong> <img decoding=\"async\" class=\"wp-image-6528 size-full alignleft lazyload\" data-src=\"https:\/\/dolinawiedzy.pl\/dut\/wp-content\/uploads\/sites\/9\/2014\/02\/Partner.jpg\" width=\"232\" height=\"149\" src=\"data:image\/svg+xml;base64,PHN2ZyB3aWR0aD0iMSIgaGVpZ2h0PSIxIiB4bWxucz0iaHR0cDovL3d3dy53My5vcmcvMjAwMC9zdmciPjwvc3ZnPg==\" style=\"--smush-placeholder-width: 232px; --smush-placeholder-aspect-ratio: 232\/149;\" \/><\/p>\n<p><strong>Centrum Kszta\u0142cenia Praktycznego i Doskonalenia Nauczycieli w Mielcu<\/strong> jest plac\u00f3wk\u0105 o\u015bwiatowo-wychowawcz\u0105, kt\u00f3ra organizuje zaj\u0119cia dydaktyczne dla mieleckiej m\u0142odzie\u017cy ucz\u0119szczaj\u0105cej do szk\u00f3\u0142 ponadpodstawowych. W strukturze CKPiDN dzia\u0142a Regionalne Centrum Transferu Nowoczesnych Technologii Wytwarzania \u2013 wyposa\u017cone w 11 \u00a0profesjonalnych pracowni. Uczniowie maj\u0105 tutaj mo\u017cliwo\u015b\u0107 nabywania umiej\u0119tno\u015bci w zakresie wykorzystywania nowoczesnych technik projektowania i wytwarzania powszechnie stosowanych w przemy\u015ble.<\/p>\n<p>CKPiDN wspiera tak\u017ce nauczycieli w rozwoju zawodowym ukierunkowanym w szczeg\u00f3lno\u015bci na wykorzystanie technologii informacyjno-komunikacyjnych w dydaktyce. Dzia\u0142aniom tym przy\u015bwieca my\u015bl, \u017ce nauczyciele maj\u0105 do spe\u0142nienia kluczow\u0105 rol\u0119 w budowaniu spo\u0142ecze\u0144stwa wiedzy.<\/p>\n<p>CKPiDN podejmuje inicjatywy edukacyjne na rzecz rozwoju spo\u0142ecze\u0144stwa ucz\u0105cego si\u0119 oraz zadania z zakresu upowszechniania, promocji i popularyzacji nauki. Centrum jest organizatorem cyklicznie odbywaj\u0105cych si\u0119 Festiwali Nauki i Techniki, \u015bci\u015ble wsp\u00f3\u0142pracuje ze Stowarzyszeniem Akademia Umiej\u0119tno\u015bci Technicznych LEONARDO, Akademi\u0105 G\u00f3rniczo-Hutnicz\u0105 im. Stanis\u0142awa Staszica w Krakowie, Fundacj\u0105 Wspierania Edukacji przy Stowarzyszeniu Dolina Lotnicza, a tak\u017ce innymi podmiotami.<\/p>\n<p>Wa\u017cn\u0105 rol\u0119 w dzia\u0142alno\u015bci CKPiDN pe\u0142ni wsp\u00f3\u0142praca z mieleckim przemys\u0142em w obszarze dostosowania program\u00f3w kszta\u0142cenia dla rzeczywistych potrzeb lokalnego rynku pracy.<\/p>\n","protected":false},"excerpt":{"rendered":"<p>26 pa\u017adziernika 2013 roku mia\u0142 miejsce pierwszy wyk\u0142ad w ramach Dzieci\u0119cego Uniwersytetu Technicznego w Mielcu. Od tamtej pory dzia\u0142aniom Filii DUT w Mielcu patronuj\u0105 Polskie Zak\u0142ady Lotnicze Sp. z o.o., kt\u00f3re s\u0105 Partnerem strategicznym projektu. Partnerem projektu od pocz\u0105tku jest Centrum Kszta\u0142cenia Praktycznego i Doskonalenia Nauczycieli w Mielcu. Wyk\u0142ady oraz warsztaty s\u0105 prowadzone w formie [&hellip;]<\/p>\n","protected":false},"author":1,"featured_media":0,"parent":1447,"menu_order":1,"comment_status":"closed","ping_status":"closed","template":"left-sidebar.php","meta":{"footnotes":""},"class_list":["post-1461","page","type-page","status-publish","hentry"],"_links":{"self":[{"href":"https:\/\/dolinawiedzy.pl\/dut\/wp-json\/wp\/v2\/pages\/1461","targetHints":{"allow":["GET"]}}],"collection":[{"href":"https:\/\/dolinawiedzy.pl\/dut\/wp-json\/wp\/v2\/pages"}],"about":[{"href":"https:\/\/dolinawiedzy.pl\/dut\/wp-json\/wp\/v2\/types\/page"}],"author":[{"embeddable":true,"href":"https:\/\/dolinawiedzy.pl\/dut\/wp-json\/wp\/v2\/users\/1"}],"replies":[{"embeddable":true,"href":"https:\/\/dolinawiedzy.pl\/dut\/wp-json\/wp\/v2\/comments?post=1461"}],"version-history":[{"count":55,"href":"https:\/\/dolinawiedzy.pl\/dut\/wp-json\/wp\/v2\/pages\/1461\/revisions"}],"predecessor-version":[{"id":26426,"href":"https:\/\/dolinawiedzy.pl\/dut\/wp-json\/wp\/v2\/pages\/1461\/revisions\/26426"}],"up":[{"embeddable":true,"href":"https:\/\/dolinawiedzy.pl\/dut\/wp-json\/wp\/v2\/pages\/1447"}],"wp:attachment":[{"href":"https:\/\/dolinawiedzy.pl\/dut\/wp-json\/wp\/v2\/media?parent=1461"}],"curies":[{"name":"wp","href":"https:\/\/api.w.org\/{rel}","templated":true}]}}