{"id":13,"date":"2013-09-18T20:32:39","date_gmt":"2013-09-18T18:32:39","guid":{"rendered":"https:\/\/dolinawiedzy.pl\/pd\/?page_id=13"},"modified":"2023-05-29T11:38:32","modified_gmt":"2023-05-29T09:38:32","slug":"galeria","status":"publish","type":"page","link":"https:\/\/dolinawiedzy.pl\/dut\/galeria\/","title":{"rendered":"Galeria"},"content":{"rendered":"<p>Zapraszamy do obejrzenia zdj\u0119\u0107 z wyk\u0142ad\u00f3w i warsztat\u00f3w Dzieci\u0119cego Uniwersytetu Technicznego.<\/p>\n<p>Galeri\u0119 podzielono wed\u0142ug miast, w kt\u00f3rych odbywaj\u0105 si\u0119 zaj\u0119cia: Rzesz\u00f3w, Mielec, D\u0119bica, Ustrzyki Dolne, Jas\u0142o oraz Zarszyn.<\/p>\n<p>Prosimy o wybranie odpowiedniego miasta oraz obejrzenia naszych relacji z poszczeg\u00f3lnych zaj\u0119\u0107.<\/p>\n","protected":false},"excerpt":{"rendered":"<p>Zapraszamy do obejrzenia zdj\u0119\u0107 z wyk\u0142ad\u00f3w i warsztat\u00f3w Dzieci\u0119cego Uniwersytetu Technicznego. Galeri\u0119 podzielono wed\u0142ug miast, w kt\u00f3rych odbywaj\u0105 si\u0119 zaj\u0119cia: Rzesz\u00f3w, Mielec, D\u0119bica, Ustrzyki Dolne, Jas\u0142o oraz Zarszyn. Prosimy o wybranie odpowiedniego miasta oraz obejrzenia naszych relacji z poszczeg\u00f3lnych zaj\u0119\u0107.<\/p>\n","protected":false},"author":1,"featured_media":0,"parent":0,"menu_order":2,"comment_status":"closed","ping_status":"closed","template":"left-sidebar.php","meta":{"footnotes":""},"class_list":["post-13","page","type-page","status-publish","hentry"],"_links":{"self":[{"href":"https:\/\/dolinawiedzy.pl\/dut\/wp-json\/wp\/v2\/pages\/13","targetHints":{"allow":["GET"]}}],"collection":[{"href":"https:\/\/dolinawiedzy.pl\/dut\/wp-json\/wp\/v2\/pages"}],"about":[{"href":"https:\/\/dolinawiedzy.pl\/dut\/wp-json\/wp\/v2\/types\/page"}],"author":[{"embeddable":true,"href":"https:\/\/dolinawiedzy.pl\/dut\/wp-json\/wp\/v2\/users\/1"}],"replies":[{"embeddable":true,"href":"https:\/\/dolinawiedzy.pl\/dut\/wp-json\/wp\/v2\/comments?post=13"}],"version-history":[{"count":12,"href":"https:\/\/dolinawiedzy.pl\/dut\/wp-json\/wp\/v2\/pages\/13\/revisions"}],"predecessor-version":[{"id":15200,"href":"https:\/\/dolinawiedzy.pl\/dut\/wp-json\/wp\/v2\/pages\/13\/revisions\/15200"}],"wp:attachment":[{"href":"https:\/\/dolinawiedzy.pl\/dut\/wp-json\/wp\/v2\/media?parent=13"}],"curies":[{"name":"wp","href":"https:\/\/api.w.org\/{rel}","templated":true}]}}