{"id":12351,"date":"2022-09-19T14:48:28","date_gmt":"2022-09-19T12:48:28","guid":{"rendered":"https:\/\/dolinawiedzy.pl\/dut\/?page_id=12351"},"modified":"2023-07-11T11:47:54","modified_gmt":"2023-07-11T09:47:54","slug":"odlotowa-edukacja","status":"publish","type":"page","link":"https:\/\/dolinawiedzy.pl\/dut\/odlotowa-edukacja\/","title":{"rendered":"Odlotowa Edukacja"},"content":{"rendered":"\n<p><strong>Odlotowa edukacja<\/strong> to bezp\u0142atne zaj\u0119cia z chemii i fizyki dedykowane dla <em><mark style=\"background-color:rgba(0, 0, 0, 0)\" class=\"has-inline-color has-vivid-red-color\">uczni\u00f3w klas 7-8<\/mark><\/em> (grupy zorganizowane), powi\u0105zane tematyczne z poszczeg\u00f3lnymi dzia\u0142ami nauk \u015bcis\u0142ych obj\u0119tych szkoln\u0105 podstaw\u0105 programow\u0105, a tak\u017ce wykraczaj\u0105cych poza ni\u0105. Przy pomocy eksperyment\u00f3w naukowych dok\u0142adnie t\u0142umaczone s\u0105 prawa, zjawiska i reakcje, aby pom\u00f3c m\u0142odzie\u017cy w zrozumieniu i uczeniu si\u0119 <strong>chemii <\/strong>i <strong>fizyki<\/strong>.<\/p>\n\n\n\n<p>Zaj\u0119cia odbywaj\u0105 si\u0119 w formie <strong>pokazowo-warsztatowej<\/strong>, uczestnicy bior\u0105 czynny udzia\u0142 w eksperymentach. Pokazy s\u0105 prezentacj\u0105 tematycznie dobranych, interesuj\u0105cych, a nieraz wr\u0119cz fascynuj\u0105cych eksperyment\u00f3w. Pokazywane do\u015bwiadczenia s\u0105 zar\u00f3wno trudne lub niemo\u017cliwe do wykonania w warunkach szkolnych i domowych, jak r\u00f3wnie\u017c takie, kt\u00f3re przy pomocy najprostszych \u015brodk\u00f3w mo\u017cna powt\u00f3rzy\u0107 w domu. Cz\u0119\u015b\u0107 warsztatowa ma za zadanie zapoznanie m\u0142odzie\u017cy z podstawowymi prawami i przedstawienie ich w prostej i przyst\u0119pnej formie. Podczas zaj\u0119\u0107 uczestnicy wykonuj\u0105 samodzielnie do\u015bwiadczenia pod okiem prowadz\u0105cego, maj\u0105 okazj\u0119 zadawa\u0107 pytania i dyskutowa\u0107, a ka\u017cdy eksperyment jest podsumowany komentarzem t\u0142umacz\u0105cym zjawisko.<\/p>\n\n\n\n<p>Realizujemy bloki tematyczne <mark style=\"background-color:rgba(0, 0, 0, 0)\" class=\"has-inline-color has-vivid-red-color\"><em>osobno<\/em> <\/mark>z chemii i z fizyki. Zaj\u0119cia s\u0105 skierowane do klas lub grup zorganizowanych licz\u0105cych <em><mark style=\"background-color:rgba(0, 0, 0, 0)\" class=\"has-inline-color has-vivid-red-color\">20-30 os\u00f3b<\/mark><\/em>.<\/p>\n\n\n\n<p class=\"has-black-color has-text-color\">Zaj\u0119cia odbywaj\u0105 si\u0119 w <em><mark style=\"background-color:rgba(0, 0, 0, 0)\" class=\"has-inline-color has-vivid-red-color\">poniedzia\u0142ki<\/mark><\/em> w siedzibie Fundacji przy ulicy Akademickiej 8 w Rzeszowie i trwaj\u0105 \u0142\u0105cznie <em><mark style=\"background-color:rgba(0, 0, 0, 0)\" class=\"has-inline-color has-vivid-red-color\">180 minut<\/mark><\/em>.<\/p>\n\n\n\n<p>Aby si\u0119 zapisa\u0107 na zaj\u0119cia trzeba wys\u0142a\u0107 zg\u0142oszenie w imieniu zorganizowanej grupy na adres <em><strong><mark style=\"background-color:rgba(0, 0, 0, 0)\" class=\"has-inline-color has-black-color\">odlotowaedukacja@dolinawiedzy.pl<\/mark><\/strong><\/em>, w kt\u00f3rym nale\u017cy zawrze\u0107 interesuj\u0105cy rodzaj zaj\u0119\u0107 (chemia lub fizyka), proponowany termin, ilo\u015b\u0107 ch\u0119tnych os\u00f3b, dane plac\u00f3wki i dane kontaktowe. Ilo\u015b\u0107 mo\u017cliwych do przeprowadzenia zaj\u0119\u0107 jest ograniczona i decyduje <em><mark style=\"background-color:rgba(0, 0, 0, 0)\" class=\"has-inline-color has-vivid-red-color\">kolejno\u015b\u0107 zg\u0142osze\u0144<\/mark><\/em>.<\/p>\n\n\n\n<p><\/p>\n","protected":false},"excerpt":{"rendered":"<p>Odlotowa edukacja to bezp\u0142atne zaj\u0119cia z chemii i fizyki dedykowane dla uczni\u00f3w klas 7-8 (grupy zorganizowane), powi\u0105zane tematyczne z poszczeg\u00f3lnymi dzia\u0142ami nauk \u015bcis\u0142ych obj\u0119tych szkoln\u0105 podstaw\u0105 programow\u0105, a tak\u017ce wykraczaj\u0105cych poza ni\u0105. Przy pomocy eksperyment\u00f3w naukowych dok\u0142adnie t\u0142umaczone s\u0105 prawa, zjawiska i reakcje, aby pom\u00f3c m\u0142odzie\u017cy w zrozumieniu i uczeniu si\u0119 chemii i fizyki. Zaj\u0119cia [&hellip;]<\/p>\n","protected":false},"author":2,"featured_media":0,"parent":0,"menu_order":0,"comment_status":"closed","ping_status":"closed","template":"","meta":{"footnotes":""},"class_list":["post-12351","page","type-page","status-publish","hentry"],"_links":{"self":[{"href":"https:\/\/dolinawiedzy.pl\/dut\/wp-json\/wp\/v2\/pages\/12351","targetHints":{"allow":["GET"]}}],"collection":[{"href":"https:\/\/dolinawiedzy.pl\/dut\/wp-json\/wp\/v2\/pages"}],"about":[{"href":"https:\/\/dolinawiedzy.pl\/dut\/wp-json\/wp\/v2\/types\/page"}],"author":[{"embeddable":true,"href":"https:\/\/dolinawiedzy.pl\/dut\/wp-json\/wp\/v2\/users\/2"}],"replies":[{"embeddable":true,"href":"https:\/\/dolinawiedzy.pl\/dut\/wp-json\/wp\/v2\/comments?post=12351"}],"version-history":[{"count":12,"href":"https:\/\/dolinawiedzy.pl\/dut\/wp-json\/wp\/v2\/pages\/12351\/revisions"}],"predecessor-version":[{"id":15531,"href":"https:\/\/dolinawiedzy.pl\/dut\/wp-json\/wp\/v2\/pages\/12351\/revisions\/15531"}],"wp:attachment":[{"href":"https:\/\/dolinawiedzy.pl\/dut\/wp-json\/wp\/v2\/media?parent=12351"}],"curies":[{"name":"wp","href":"https:\/\/api.w.org\/{rel}","templated":true}]}}