{"id":12225,"date":"2022-04-14T13:20:23","date_gmt":"2022-04-14T11:20:23","guid":{"rendered":"https:\/\/dolinawiedzy.pl\/dut\/?page_id=12225"},"modified":"2022-11-21T15:30:40","modified_gmt":"2022-11-21T14:30:40","slug":"dut-jaslo","status":"publish","type":"page","link":"https:\/\/dolinawiedzy.pl\/dut\/galeria\/dut-jaslo\/","title":{"rendered":"DUT Jas\u0142o"},"content":{"rendered":"\n<p>Szanowni Pa\u0144stwo,<\/p>\n\n\n\n<p>Zapraszamy do obejrzenia zdj\u0119\u0107 z wyk\u0142ad\u00f3w w Ja\u015ble. Wszystko zosta\u0142o podzielone ze wzgl\u0119du na semestr, w kt\u00f3rym odbywaj\u0105 si\u0119 wyk\u0142ady. Dlatego prosimy o wyb\u00f3r odpowiedniej pozycji z menu.<\/p>\n","protected":false},"excerpt":{"rendered":"<p>Szanowni Pa\u0144stwo, Zapraszamy do obejrzenia zdj\u0119\u0107 z wyk\u0142ad\u00f3w w Ja\u015ble. Wszystko zosta\u0142o podzielone ze wzgl\u0119du na semestr, w kt\u00f3rym odbywaj\u0105 si\u0119 wyk\u0142ady. Dlatego prosimy o wyb\u00f3r odpowiedniej pozycji z menu.<\/p>\n","protected":false},"author":1,"featured_media":0,"parent":13,"menu_order":4,"comment_status":"closed","ping_status":"closed","template":"left-sidebar.php","meta":{"footnotes":""},"class_list":["post-12225","page","type-page","status-publish","hentry"],"_links":{"self":[{"href":"https:\/\/dolinawiedzy.pl\/dut\/wp-json\/wp\/v2\/pages\/12225","targetHints":{"allow":["GET"]}}],"collection":[{"href":"https:\/\/dolinawiedzy.pl\/dut\/wp-json\/wp\/v2\/pages"}],"about":[{"href":"https:\/\/dolinawiedzy.pl\/dut\/wp-json\/wp\/v2\/types\/page"}],"author":[{"embeddable":true,"href":"https:\/\/dolinawiedzy.pl\/dut\/wp-json\/wp\/v2\/users\/1"}],"replies":[{"embeddable":true,"href":"https:\/\/dolinawiedzy.pl\/dut\/wp-json\/wp\/v2\/comments?post=12225"}],"version-history":[{"count":1,"href":"https:\/\/dolinawiedzy.pl\/dut\/wp-json\/wp\/v2\/pages\/12225\/revisions"}],"predecessor-version":[{"id":12226,"href":"https:\/\/dolinawiedzy.pl\/dut\/wp-json\/wp\/v2\/pages\/12225\/revisions\/12226"}],"up":[{"embeddable":true,"href":"https:\/\/dolinawiedzy.pl\/dut\/wp-json\/wp\/v2\/pages\/13"}],"wp:attachment":[{"href":"https:\/\/dolinawiedzy.pl\/dut\/wp-json\/wp\/v2\/media?parent=12225"}],"curies":[{"name":"wp","href":"https:\/\/api.w.org\/{rel}","templated":true}]}}