{"id":11551,"date":"2020-12-01T10:45:45","date_gmt":"2020-12-01T09:45:45","guid":{"rendered":"https:\/\/dolinawiedzy.pl\/dut\/?page_id=11551"},"modified":"2020-12-02T13:33:57","modified_gmt":"2020-12-02T12:33:57","slug":"instrukcja-dolaczania-do-warsztatow-online-ms-teams","status":"publish","type":"page","link":"https:\/\/dolinawiedzy.pl\/dut\/instrukcja-dolaczania-do-warsztatow-online-ms-teams\/","title":{"rendered":"Instrukcja do\u0142\u0105czania do warsztat\u00f3w online &#8211; MS Teams"},"content":{"rendered":"\n<p>Zaj\u0119cia b\u0119d\u0105 odbywa\u0107 si\u0119 z u\u017cyciem aplikacji Microsoft Teams. Jednak <strong><u>nie b\u0119dzie wymagana instalacja aplikacji czy zak\u0142adanie konta<\/u><\/strong>. Poni\u017cej znajd\u0105 Pa\u0144stwo instrukcje jak do\u0142\u0105czy\u0107 do zaj\u0119\u0107 bez konieczno\u015bci instalacji aplikacji i posiadania konta.<\/p>\n\n\n\n<p><strong>Instrukcja do\u0142\u0105czenia do zaj\u0119\u0107 bez u\u017cycia aplikacji:<\/strong><\/p>\n\n\n\n<p>1. Aby do\u0142\u0105czy\u0107 do zaj\u0119\u0107 bez konieczno\u015bci instalacji aplikacji i zak\u0142adania konta, nale\u017cy skorzysta\u0107 z przegl\u0105darki <strong>Microsoft Edge, <\/strong>kt\u00f3ra jest dost\u0119pna na ka\u017cdym komputerze z systemem Windows.<\/p>\n\n\n\n<p>2. Przegl\u0105darka powinna by\u0107 dost\u0119pna w pasku zada\u0144 na dole monitora (niebiesko zielona, okr\u0105g\u0142a ikona) lub na pulpicie. Je\u015bli nie mog\u0105 jej Pa\u0144stwo znale\u017a\u0107 ani w pasku zada\u0144 ani na pulpicie, polecamy skorzysta\u0107 z opcji wyszukiwania (lupki) wpisuj\u0105c Microsoft Edge.<\/p>\n\n\n\n<p>3. Je\u015bli ju\u017c otworzyli Pa\u0144stwo przegl\u0105dark\u0119, wystarczy przekopiowa\u0107 przes\u0142any przez nas link i wklei\u0107 w okno przegl\u0105darki, a nast\u0119pnie wcisn\u0105\u0107 Enter.<\/p>\n\n\n\n<p>4. Je\u015bli maj\u0105 Pa\u0144stwo zainstalowan\u0105 aplikacj\u0119 Teams na komputerze, pojawi si\u0119 informacja: \u201eTa witryna pr\u00f3buje otworzy\u0107 aplikacj\u0119 Teams\u201d &#8211; je\u015bli nie maj\u0105 Pa\u0144stwo konta, b\u0105d\u017a nie chc\u0105 korzysta\u0107 z tej aplikacji klikamy <strong>Anuluj<\/strong>, a nast\u0119pnie wybieramy w oknie opcj\u0119 <strong>\u201eKontynuuj w tej przegl\u0105darce<\/strong>\u201d. Je\u015bli nie maj\u0105 Pa\u0144stwo aplikacji od razu prosz\u0119 wybra\u0107 opcj\u0119 &#8222;Kontynuuj&#8230;&#8221;<\/p>\n\n\n\n<p>5. Kolejno w odpowiednim miejscu wpisujemy <strong>imi\u0119,<\/strong> w\u0142\u0105czamy mikrofon i ewentualnie je\u015bli Pa\u0144stwo chc\u0105 tak\u017ce kamer\u0119 i klikamy <strong>Do\u0142\u0105cz<\/strong>. Spotkanie uruchomi si\u0119 automatycznie, je\u015bli tylko prowadz\u0105cy rozpocznie zaj\u0119cia.<\/p>\n\n\n\n<p>Zaj\u0119cia powinny dzia\u0142a\u0107 tak\u017ce w przegl\u0105darce Chrome, jednak nie gwarantujemy, \u017ce bez \u017cadnych problem\u00f3w technicznych. Je\u015bli posiadaj\u0105 Pa\u0144stwo konto Office 365, Microsoft i aplikacj\u0119 to zach\u0119camy do korzystania tak\u017ce z tej formy.<\/p>\n","protected":false},"excerpt":{"rendered":"<p>Zaj\u0119cia b\u0119d\u0105 odbywa\u0107 si\u0119 z u\u017cyciem aplikacji Microsoft Teams. Jednak nie b\u0119dzie wymagana instalacja aplikacji czy zak\u0142adanie konta. Poni\u017cej znajd\u0105 Pa\u0144stwo instrukcje jak do\u0142\u0105czy\u0107 do zaj\u0119\u0107 bez konieczno\u015bci instalacji aplikacji i posiadania konta. Instrukcja do\u0142\u0105czenia do zaj\u0119\u0107 bez u\u017cycia aplikacji: 1. Aby do\u0142\u0105czy\u0107 do zaj\u0119\u0107 bez konieczno\u015bci instalacji aplikacji i zak\u0142adania konta, nale\u017cy skorzysta\u0107 z [&hellip;]<\/p>\n","protected":false},"author":2,"featured_media":0,"parent":0,"menu_order":0,"comment_status":"closed","ping_status":"closed","template":"","meta":{"footnotes":""},"class_list":["post-11551","page","type-page","status-publish","hentry"],"_links":{"self":[{"href":"https:\/\/dolinawiedzy.pl\/dut\/wp-json\/wp\/v2\/pages\/11551","targetHints":{"allow":["GET"]}}],"collection":[{"href":"https:\/\/dolinawiedzy.pl\/dut\/wp-json\/wp\/v2\/pages"}],"about":[{"href":"https:\/\/dolinawiedzy.pl\/dut\/wp-json\/wp\/v2\/types\/page"}],"author":[{"embeddable":true,"href":"https:\/\/dolinawiedzy.pl\/dut\/wp-json\/wp\/v2\/users\/2"}],"replies":[{"embeddable":true,"href":"https:\/\/dolinawiedzy.pl\/dut\/wp-json\/wp\/v2\/comments?post=11551"}],"version-history":[{"count":2,"href":"https:\/\/dolinawiedzy.pl\/dut\/wp-json\/wp\/v2\/pages\/11551\/revisions"}],"predecessor-version":[{"id":11554,"href":"https:\/\/dolinawiedzy.pl\/dut\/wp-json\/wp\/v2\/pages\/11551\/revisions\/11554"}],"wp:attachment":[{"href":"https:\/\/dolinawiedzy.pl\/dut\/wp-json\/wp\/v2\/media?parent=11551"}],"curies":[{"name":"wp","href":"https:\/\/api.w.org\/{rel}","templated":true}]}}