{"id":11424,"date":"2020-09-09T11:07:20","date_gmt":"2020-09-09T09:07:20","guid":{"rendered":"https:\/\/dolinawiedzy.pl\/dut\/?page_id=11424"},"modified":"2026-04-21T10:09:20","modified_gmt":"2026-04-21T08:09:20","slug":"plany-zajec","status":"publish","type":"page","link":"https:\/\/dolinawiedzy.pl\/dut\/uczelnia\/plany-zajec\/","title":{"rendered":"Plany zaj\u0119\u0107"},"content":{"rendered":"\n<p><\/p>\n\n\n\n<p class=\"has-black-color has-white-background-color has-text-color has-background\"><a href=\"https:\/\/dolinawiedzy.pl\/dut\/wp-content\/uploads\/sites\/9\/2026\/01\/DUT-Rzeszow-letni-2026.pdf\"><strong>DUT RZESZ\u00d3W<\/strong> -semestr letni 2026<\/a><\/p>\n\n\n\n<p class=\"has-black-color has-white-background-color has-text-color has-background\"><a href=\"https:\/\/dolinawiedzy.pl\/dut\/wp-content\/uploads\/sites\/9\/2026\/03\/DUT-Mielec-letni-2026.pdf\"><strong>DUT MIELEC<\/strong> &#8211; semestr letni 2026<\/a><\/p>\n\n\n\n<p class=\"has-text-align-left has-black-color has-white-background-color has-text-color has-background\"><a href=\"https:\/\/dolinawiedzy.pl\/dut\/wp-content\/uploads\/sites\/9\/2026\/01\/DUT-Debica-letni-2026.pdf\"><strong>DUT D\u0118BICA<\/strong> &#8211; semestr letni 2026<\/a><\/p>\n\n\n\n<p class=\"has-black-color has-white-background-color has-text-color has-background\"><a href=\"https:\/\/dolinawiedzy.pl\/dut\/wp-content\/uploads\/sites\/9\/2026\/04\/DUT-Jaslo-letni-2026.pdf\"><strong>DUT JAS\u0141O<\/strong> &#8211; semestr letni 2026<\/a><\/p>\n\n\n\n<p class=\"has-black-color has-white-background-color has-text-color has-background\"><a href=\"https:\/\/dolinawiedzy.pl\/dut\/wp-content\/uploads\/sites\/9\/2026\/02\/DUT-Ustrzyki-Dolne-letni-2026.pdf\"><strong>DUT USTRZYKI DOLNE<\/strong> &#8211; semestr letni 2026<\/a><\/p>\n\n\n\n<p class=\"has-black-color has-white-background-color has-text-color has-background\"><a href=\"https:\/\/dolinawiedzy.pl\/dut\/wp-content\/uploads\/sites\/9\/2026\/01\/DUT-Zarszyn-letni-2026.pdf\"><strong>DUT ZARSZYN<\/strong> &#8211; semestr letni 2026<\/a><\/p>\n\n\n\n<p class=\"has-text-align-left\"><a href=\"https:\/\/dolinawiedzy.pl\/dut-wielkopolska\/plany-zajec\/\"><strong>DUT KALISZ <\/strong>&#8211; semestr letni 2026<\/a><\/p>\n\n\n\n<p><\/p>\n\n\n\n<p><\/p>\n","protected":false},"excerpt":{"rendered":"<p>DUT RZESZ\u00d3W -semestr letni 2026 DUT MIELEC &#8211; semestr letni 2026 DUT D\u0118BICA &#8211; semestr letni 2026 DUT JAS\u0141O &#8211; semestr letni 2026 DUT USTRZYKI DOLNE &#8211; semestr letni 2026 DUT ZARSZYN &#8211; semestr letni 2026 DUT KALISZ &#8211; semestr letni 2026<\/p>\n","protected":false},"author":2,"featured_media":0,"parent":11,"menu_order":4,"comment_status":"closed","ping_status":"closed","template":"left-sidebar.php","meta":{"footnotes":""},"class_list":["post-11424","page","type-page","status-publish","hentry"],"_links":{"self":[{"href":"https:\/\/dolinawiedzy.pl\/dut\/wp-json\/wp\/v2\/pages\/11424","targetHints":{"allow":["GET"]}}],"collection":[{"href":"https:\/\/dolinawiedzy.pl\/dut\/wp-json\/wp\/v2\/pages"}],"about":[{"href":"https:\/\/dolinawiedzy.pl\/dut\/wp-json\/wp\/v2\/types\/page"}],"author":[{"embeddable":true,"href":"https:\/\/dolinawiedzy.pl\/dut\/wp-json\/wp\/v2\/users\/2"}],"replies":[{"embeddable":true,"href":"https:\/\/dolinawiedzy.pl\/dut\/wp-json\/wp\/v2\/comments?post=11424"}],"version-history":[{"count":78,"href":"https:\/\/dolinawiedzy.pl\/dut\/wp-json\/wp\/v2\/pages\/11424\/revisions"}],"predecessor-version":[{"id":26987,"href":"https:\/\/dolinawiedzy.pl\/dut\/wp-json\/wp\/v2\/pages\/11424\/revisions\/26987"}],"up":[{"embeddable":true,"href":"https:\/\/dolinawiedzy.pl\/dut\/wp-json\/wp\/v2\/pages\/11"}],"wp:attachment":[{"href":"https:\/\/dolinawiedzy.pl\/dut\/wp-json\/wp\/v2\/media?parent=11424"}],"curies":[{"name":"wp","href":"https:\/\/api.w.org\/{rel}","templated":true}]}}