{"id":11239,"date":"2020-08-19T12:29:10","date_gmt":"2020-08-19T10:29:10","guid":{"rendered":"https:\/\/dolinawiedzy.pl\/dut\/?page_id=11239"},"modified":"2026-04-27T14:49:20","modified_gmt":"2026-04-27T12:49:20","slug":"jaslo","status":"publish","type":"page","link":"https:\/\/dolinawiedzy.pl\/dut\/filie-dut\/jaslo\/","title":{"rendered":"Filia DUT w Ja\u015ble"},"content":{"rendered":"\n<p>W sierpniu 2020 roku powo\u0142ana zosta\u0142a Filia Dzieci\u0119cego Uniwersytetu Technicznego w Ja\u015ble. <\/p>\n\n\n\n<p>Partnerami strategicznymi projektu s\u0105: <strong>Jasielskie Stowarzyszenie Przedsi\u0119biorc\u00f3w<\/strong>, <strong>Miasto Jas\u0142o, Gmina Jas\u0142o, Nowy Styl.<\/strong><\/p>\n\n\n\n<p>Partnerami projektu s\u0105<strong>: Gmina Sko\u0142yszyn, Gmina Tarnowiec, Gmina Ko\u0142aczyce, Gmina D\u0119bowiec<\/strong><\/p>\n\n\n\n<p>Na zaj\u0119cia filii DUT w Ja\u015ble mog\u0105 zapisywa\u0107 si\u0119 uczniowie szko\u0142y podstawowej, w wieku 7-12 lat, zamieszkuj\u0105cy na terenie powiatu jasielskiego. <\/p>\n\n\n\n<p><strong><\/strong><strong><\/strong><strong>Wyk\u0142ady oraz warsztaty s\u0105 prowadzone w formie stacjonarnej. <\/strong>Wyk\u0142ady prowadzone s\u0105 w grupach 80 osobowych. Ka\u017cdy uczestnik wyk\u0142ad\u00f3w otrzymuje indeks oraz identyfikator. Zaj\u0119cia warsztatowe prowadzone s\u0105 w ma\u0142ych \u2013 20 osobowych grupach. \u0141\u0105cznie w jeden dzie\u0144 zaj\u0119cia b\u0119d\u0105 si\u0119 odbywa\u0107 dla 6 grup. Ka\u017cdy uczestnik warsztat\u00f3w otrzyma \u201eZestaw Naukowca\u201d do samodzielnego eksperymentowania w domu. Ka\u017cdy wyk\u0142ad trwa godzin\u0119. a warsztaty trwaj\u0105 1,5 h. Zaj\u0119cia odbywaj\u0105 si\u0119 b\u0119d\u0105 z zachowaniem wytycznych sanitarnych obowi\u0105zuj\u0105cych w dany dzie\u0144.<\/p>\n\n\n\n<p>Wszystkie zaj\u0119cia s\u0105 bezp\u0142atne i odbywaj\u0105 si\u0119 w soboty. Miejscem zaj\u0119\u0107 b\u0119dzie <strong>Generator Nauki GEN, ul. Bednarska 2<\/strong> (wyk\u0142ady i warsztaty). Szczeg\u00f3\u0142y rekrutacji oraz aktualny plan zaj\u0119\u0107 dost\u0119pne poni\u017cej.<\/p>\n\n\n\n<ul class=\"wp-block-list\">\n<li><a href=\"https:\/\/dolinawiedzy.pl\/dut\/uczelnia\/rejestracja\">Rejestracja na zaj\u0119cia<\/a><\/li>\n\n\n\n<li><a href=\"https:\/\/dolinawiedzy.pl\/dut\/uczelnia\/plany-zajec\/\">Plany zaj\u0119\u0107 <\/a><\/li>\n<\/ul>\n\n\n\n<h3 class=\"wp-block-heading\" id=\"mecenasi-filii-dzieciecego-uniwersytetu-technicznego-w-jasle\"><strong><\/strong><strong>Partnerzy strategiczni Filii Dzieci\u0119cego Uniwersytetu Technicznego w Ja\u015ble:<\/strong><\/h3>\n\n\n\n<div class=\"wp-block-columns is-layout-flex wp-container-core-columns-is-layout-9d6595d7 wp-block-columns-is-layout-flex\">\n<div class=\"wp-block-column is-vertically-aligned-top is-layout-flow wp-block-column-is-layout-flow\"><div class=\"wp-block-image text-center\">\n<figure class=\"aligncenter size-full is-resized\"><img decoding=\"async\" width=\"600\" height=\"721\" data-src=\"https:\/\/dolinawiedzy.pl\/dut\/wp-content\/uploads\/sites\/9\/2022\/09\/MIASTO-JASLO-Mecenasi-projektu2-1.png\" alt=\"\" class=\"wp-image-12296 lazyload\" style=\"--smush-placeholder-width: 600px; --smush-placeholder-aspect-ratio: 600\/721;aspect-ratio:0.8333333333333334;width:132px;height:auto\" data-srcset=\"https:\/\/dolinawiedzy.pl\/dut\/wp-content\/uploads\/sites\/9\/2022\/09\/MIASTO-JASLO-Mecenasi-projektu2-1.png 600w, https:\/\/dolinawiedzy.pl\/dut\/wp-content\/uploads\/sites\/9\/2022\/09\/MIASTO-JASLO-Mecenasi-projektu2-1-250x300.png 250w\" data-sizes=\"(max-width: 600px) 100vw, 600px\" src=\"data:image\/svg+xml;base64,PHN2ZyB3aWR0aD0iMSIgaGVpZ2h0PSIxIiB4bWxucz0iaHR0cDovL3d3dy53My5vcmcvMjAwMC9zdmciPjwvc3ZnPg==\" \/><figcaption class=\"wp-element-caption\"><a href=\"http:\/\/um.jaslo.pl\/pl\/\"><strong>Miasto Jas\u0142o<\/strong><\/a><\/figcaption><\/figure>\n<\/div>\n\n\n<figure class=\"wp-block-image size-large is-resized text-center\"><img decoding=\"async\" width=\"1024\" height=\"395\" data-src=\"https:\/\/dolinawiedzy.pl\/dut\/wp-content\/uploads\/sites\/9\/2022\/09\/Nowy-Styl_logo_black_version_sRGB-1024x395.jpg\" alt=\"\" class=\"wp-image-12299 lazyload\" style=\"--smush-placeholder-width: 1024px; --smush-placeholder-aspect-ratio: 1024\/395;aspect-ratio:2.591160220994475;width:365px;height:auto\" data-srcset=\"https:\/\/dolinawiedzy.pl\/dut\/wp-content\/uploads\/sites\/9\/2022\/09\/Nowy-Styl_logo_black_version_sRGB-1024x395.jpg 1024w, https:\/\/dolinawiedzy.pl\/dut\/wp-content\/uploads\/sites\/9\/2022\/09\/Nowy-Styl_logo_black_version_sRGB-300x116.jpg 300w, https:\/\/dolinawiedzy.pl\/dut\/wp-content\/uploads\/sites\/9\/2022\/09\/Nowy-Styl_logo_black_version_sRGB-768x296.jpg 768w, https:\/\/dolinawiedzy.pl\/dut\/wp-content\/uploads\/sites\/9\/2022\/09\/Nowy-Styl_logo_black_version_sRGB-1536x592.jpg 1536w, https:\/\/dolinawiedzy.pl\/dut\/wp-content\/uploads\/sites\/9\/2022\/09\/Nowy-Styl_logo_black_version_sRGB.jpg 1772w\" data-sizes=\"(max-width: 1024px) 100vw, 1024px\" src=\"data:image\/svg+xml;base64,PHN2ZyB3aWR0aD0iMSIgaGVpZ2h0PSIxIiB4bWxucz0iaHR0cDovL3d3dy53My5vcmcvMjAwMC9zdmciPjwvc3ZnPg==\" \/><figcaption class=\"wp-element-caption\"><a href=\"https:\/\/pl.nowystyl.com\/pl\/\" target=\"_blank\" rel=\"noreferrer noopener\"><strong>Nowy Styl<\/strong><\/a><\/figcaption><\/figure>\n<\/div>\n\n\n\n<div class=\"wp-block-column is-vertically-aligned-top is-layout-flow wp-block-column-is-layout-flow\"><div class=\"wp-block-image text-center\">\n<figure class=\"aligncenter size-full is-resized\"><img decoding=\"async\" width=\"122\" height=\"145\" data-src=\"https:\/\/dolinawiedzy.pl\/dut\/wp-content\/uploads\/sites\/9\/2022\/09\/GMINA-Herb-Gminy-Jaslo.png\" alt=\"\" class=\"wp-image-12297 lazyload\" style=\"--smush-placeholder-width: 122px; --smush-placeholder-aspect-ratio: 122\/145;aspect-ratio:0.8411764705882353;width:130px;height:auto\" src=\"data:image\/svg+xml;base64,PHN2ZyB3aWR0aD0iMSIgaGVpZ2h0PSIxIiB4bWxucz0iaHR0cDovL3d3dy53My5vcmcvMjAwMC9zdmciPjwvc3ZnPg==\" \/><figcaption class=\"wp-element-caption\"><a href=\"https:\/\/samorzad.gov.pl\/web\/gmina-jaslo\" target=\"_blank\" rel=\"noreferrer noopener\"><strong>Gmina Jas\u0142o<\/strong><\/a><\/figcaption><\/figure>\n<\/div><\/div>\n<\/div>\n\n\n\n<div class=\"wp-block-columns is-layout-flex wp-container-core-columns-is-layout-9d6595d7 wp-block-columns-is-layout-flex\">\n<div class=\"wp-block-column is-layout-flow wp-block-column-is-layout-flow\">\n<figure class=\"wp-block-image size-large is-resized text-center\"><img decoding=\"async\" width=\"1024\" height=\"219\" data-src=\"https:\/\/dolinawiedzy.pl\/dut\/wp-content\/uploads\/sites\/9\/2022\/09\/jsp_typography_final-1-1024x219.png\" alt=\"\" class=\"wp-image-12301 lazyload\" style=\"--smush-placeholder-width: 1024px; --smush-placeholder-aspect-ratio: 1024\/219;aspect-ratio:4.729411764705882;width:359px;height:auto\" data-srcset=\"https:\/\/dolinawiedzy.pl\/dut\/wp-content\/uploads\/sites\/9\/2022\/09\/jsp_typography_final-1-1024x219.png 1024w, https:\/\/dolinawiedzy.pl\/dut\/wp-content\/uploads\/sites\/9\/2022\/09\/jsp_typography_final-1-300x64.png 300w, https:\/\/dolinawiedzy.pl\/dut\/wp-content\/uploads\/sites\/9\/2022\/09\/jsp_typography_final-1-768x164.png 768w, https:\/\/dolinawiedzy.pl\/dut\/wp-content\/uploads\/sites\/9\/2022\/09\/jsp_typography_final-1-1536x328.png 1536w, https:\/\/dolinawiedzy.pl\/dut\/wp-content\/uploads\/sites\/9\/2022\/09\/jsp_typography_final-1-2048x437.png 2048w\" data-sizes=\"(max-width: 1024px) 100vw, 1024px\" src=\"data:image\/svg+xml;base64,PHN2ZyB3aWR0aD0iMSIgaGVpZ2h0PSIxIiB4bWxucz0iaHR0cDovL3d3dy53My5vcmcvMjAwMC9zdmciPjwvc3ZnPg==\" \/><figcaption class=\"wp-element-caption\"><strong><a href=\"http:\/\/www.jsp.org.pl\/\" target=\"_blank\" rel=\"noreferrer noopener\">Jasielskie Stowarzyszenie Przedsi\u0119biorc\u00f3w<\/a><\/strong><\/figcaption><\/figure>\n<\/div>\n<\/div>\n\n\n\n<div class=\"wp-block-column is-vertically-aligned-center is-layout-flow wp-block-column-is-layout-flow\"><\/div>\n\n\n\n<p><\/p>\n\n\n\n<h3 class=\"wp-block-heading\" id=\"partnerzy-filii-dzieciecego-uniwersytetu-technicznego-w-jasle\"><strong>Partnerzy Filii Dzieci\u0119cego Uniwersytetu Technicznego w Ja\u015ble:<\/strong><\/h3>\n\n\n\n<div class=\"wp-block-columns is-layout-flex wp-container-core-columns-is-layout-9d6595d7 wp-block-columns-is-layout-flex\">\n<div class=\"wp-block-column is-layout-flow wp-block-column-is-layout-flow\"><div class=\"wp-block-image\">\n<figure class=\"aligncenter size-medium is-resized\"><img decoding=\"async\" width=\"259\" height=\"300\" data-src=\"https:\/\/dolinawiedzy.pl\/dut\/wp-content\/uploads\/sites\/9\/2023\/09\/herb-Skolyszyn-259x300.png\" alt=\"\" class=\"wp-image-15624 lazyload\" style=\"--smush-placeholder-width: 259px; --smush-placeholder-aspect-ratio: 259\/300;width:136px;height:auto\" data-srcset=\"https:\/\/dolinawiedzy.pl\/dut\/wp-content\/uploads\/sites\/9\/2023\/09\/herb-Skolyszyn-259x300.png 259w, https:\/\/dolinawiedzy.pl\/dut\/wp-content\/uploads\/sites\/9\/2023\/09\/herb-Skolyszyn-884x1024.png 884w, https:\/\/dolinawiedzy.pl\/dut\/wp-content\/uploads\/sites\/9\/2023\/09\/herb-Skolyszyn-768x890.png 768w, https:\/\/dolinawiedzy.pl\/dut\/wp-content\/uploads\/sites\/9\/2023\/09\/herb-Skolyszyn-1325x1536.png 1325w, https:\/\/dolinawiedzy.pl\/dut\/wp-content\/uploads\/sites\/9\/2023\/09\/herb-Skolyszyn.png 1396w\" data-sizes=\"(max-width: 259px) 100vw, 259px\" src=\"data:image\/svg+xml;base64,PHN2ZyB3aWR0aD0iMSIgaGVpZ2h0PSIxIiB4bWxucz0iaHR0cDovL3d3dy53My5vcmcvMjAwMC9zdmciPjwvc3ZnPg==\" \/><\/figure>\n<\/div>\n\n\n<p class=\"has-text-align-center\"><a href=\"https:\/\/www.skolyszyn.pl\/\" target=\"_blank\" rel=\"noreferrer noopener\"><strong>Gmina Sko\u0142yszyn<\/strong><\/a><\/p>\n<\/div>\n\n\n\n<div class=\"wp-block-column is-layout-flow wp-block-column-is-layout-flow\"><div class=\"wp-block-image\">\n<figure class=\"aligncenter size-medium is-resized\"><img decoding=\"async\" width=\"261\" height=\"300\" data-src=\"https:\/\/dolinawiedzy.pl\/dut\/wp-content\/uploads\/sites\/9\/2023\/09\/herb-gminy-tarnowiec-261x300.png\" alt=\"\" class=\"wp-image-15625 lazyload\" style=\"--smush-placeholder-width: 261px; --smush-placeholder-aspect-ratio: 261\/300;width:138px;height:auto\" data-srcset=\"https:\/\/dolinawiedzy.pl\/dut\/wp-content\/uploads\/sites\/9\/2023\/09\/herb-gminy-tarnowiec-261x300.png 261w, https:\/\/dolinawiedzy.pl\/dut\/wp-content\/uploads\/sites\/9\/2023\/09\/herb-gminy-tarnowiec-890x1024.png 890w, https:\/\/dolinawiedzy.pl\/dut\/wp-content\/uploads\/sites\/9\/2023\/09\/herb-gminy-tarnowiec-768x883.png 768w, https:\/\/dolinawiedzy.pl\/dut\/wp-content\/uploads\/sites\/9\/2023\/09\/herb-gminy-tarnowiec-1336x1536.png 1336w, https:\/\/dolinawiedzy.pl\/dut\/wp-content\/uploads\/sites\/9\/2023\/09\/herb-gminy-tarnowiec.png 1479w\" data-sizes=\"(max-width: 261px) 100vw, 261px\" src=\"data:image\/svg+xml;base64,PHN2ZyB3aWR0aD0iMSIgaGVpZ2h0PSIxIiB4bWxucz0iaHR0cDovL3d3dy53My5vcmcvMjAwMC9zdmciPjwvc3ZnPg==\" \/><\/figure>\n<\/div>\n\n\n<p class=\"has-text-align-center\"><a href=\"https:\/\/www.tarnowiec.eu\/\" target=\"_blank\" rel=\"noreferrer noopener\"><strong>Gmina Tarnowiec<\/strong><\/a><\/p>\n<\/div>\n\n\n\n<div class=\"wp-block-column is-layout-flow wp-block-column-is-layout-flow\"><div class=\"wp-block-image\">\n<figure class=\"aligncenter size-full is-resized\"><img decoding=\"async\" width=\"600\" height=\"746\" data-src=\"https:\/\/dolinawiedzy.pl\/dut\/wp-content\/uploads\/sites\/9\/2025\/02\/gmina-kolaczyce.png\" alt=\"\" class=\"wp-image-22623 lazyload\" style=\"--smush-placeholder-width: 600px; --smush-placeholder-aspect-ratio: 600\/746;width:128px;height:auto\" data-srcset=\"https:\/\/dolinawiedzy.pl\/dut\/wp-content\/uploads\/sites\/9\/2025\/02\/gmina-kolaczyce.png 600w, https:\/\/dolinawiedzy.pl\/dut\/wp-content\/uploads\/sites\/9\/2025\/02\/gmina-kolaczyce-241x300.png 241w\" data-sizes=\"(max-width: 600px) 100vw, 600px\" src=\"data:image\/svg+xml;base64,PHN2ZyB3aWR0aD0iMSIgaGVpZ2h0PSIxIiB4bWxucz0iaHR0cDovL3d3dy53My5vcmcvMjAwMC9zdmciPjwvc3ZnPg==\" \/><\/figure>\n<\/div>\n\n\n<p class=\"has-text-align-center\"><a href=\"https:\/\/kolaczyce.pl\/\"><strong>Gmina Ko\u0142aczyce<\/strong><\/a><\/p>\n<\/div>\n<\/div>\n\n\n\n<p><\/p>\n\n\n\n<p><\/p>\n\n\n\n<p><\/p>\n","protected":false},"excerpt":{"rendered":"<p>W sierpniu 2020 roku powo\u0142ana zosta\u0142a Filia Dzieci\u0119cego Uniwersytetu Technicznego w Ja\u015ble. Partnerami strategicznymi projektu s\u0105: Jasielskie Stowarzyszenie Przedsi\u0119biorc\u00f3w, Miasto Jas\u0142o, Gmina Jas\u0142o, Nowy Styl. Partnerami projektu s\u0105: Gmina Sko\u0142yszyn, Gmina Tarnowiec, Gmina Ko\u0142aczyce, Gmina D\u0119bowiec Na zaj\u0119cia filii DUT w Ja\u015ble mog\u0105 zapisywa\u0107 si\u0119 uczniowie szko\u0142y podstawowej, w wieku 7-12 lat, zamieszkuj\u0105cy na terenie [&hellip;]<\/p>\n","protected":false},"author":2,"featured_media":0,"parent":1447,"menu_order":4,"comment_status":"closed","ping_status":"closed","template":"left-sidebar.php","meta":{"footnotes":""},"class_list":["post-11239","page","type-page","status-publish","hentry"],"_links":{"self":[{"href":"https:\/\/dolinawiedzy.pl\/dut\/wp-json\/wp\/v2\/pages\/11239","targetHints":{"allow":["GET"]}}],"collection":[{"href":"https:\/\/dolinawiedzy.pl\/dut\/wp-json\/wp\/v2\/pages"}],"about":[{"href":"https:\/\/dolinawiedzy.pl\/dut\/wp-json\/wp\/v2\/types\/page"}],"author":[{"embeddable":true,"href":"https:\/\/dolinawiedzy.pl\/dut\/wp-json\/wp\/v2\/users\/2"}],"replies":[{"embeddable":true,"href":"https:\/\/dolinawiedzy.pl\/dut\/wp-json\/wp\/v2\/comments?post=11239"}],"version-history":[{"count":205,"href":"https:\/\/dolinawiedzy.pl\/dut\/wp-json\/wp\/v2\/pages\/11239\/revisions"}],"predecessor-version":[{"id":27055,"href":"https:\/\/dolinawiedzy.pl\/dut\/wp-json\/wp\/v2\/pages\/11239\/revisions\/27055"}],"up":[{"embeddable":true,"href":"https:\/\/dolinawiedzy.pl\/dut\/wp-json\/wp\/v2\/pages\/1447"}],"wp:attachment":[{"href":"https:\/\/dolinawiedzy.pl\/dut\/wp-json\/wp\/v2\/media?parent=11239"}],"curies":[{"name":"wp","href":"https:\/\/api.w.org\/{rel}","templated":true}]}}