{"id":11,"date":"2013-09-18T20:32:12","date_gmt":"2013-09-18T18:32:12","guid":{"rendered":"https:\/\/dolinawiedzy.pl\/pd\/?page_id=11"},"modified":"2021-04-01T13:27:44","modified_gmt":"2021-04-01T11:27:44","slug":"uczelnia","status":"publish","type":"page","link":"https:\/\/dolinawiedzy.pl\/dut\/uczelnia\/","title":{"rendered":"Uczelnia DUT"},"content":{"rendered":"<p><img decoding=\"async\" class=\"alignleft wp-image-2160 size-medium lazyload\" style=\"--smush-placeholder-width: 183px; --smush-placeholder-aspect-ratio: 183\/300;background-color: #15355e;\" data-src=\"https:\/\/dolinawiedzy.pl\/dut\/wp-content\/uploads\/sites\/9\/2013\/09\/logo_pd-183x300.png\" alt=\"logo_pd\" width=\"183\" height=\"300\" data-srcset=\"https:\/\/dolinawiedzy.pl\/dut\/wp-content\/uploads\/sites\/9\/2013\/09\/logo_pd-183x300.png 183w, https:\/\/dolinawiedzy.pl\/dut\/wp-content\/uploads\/sites\/9\/2013\/09\/logo_pd.png 331w\" data-sizes=\"(max-width: 183px) 100vw, 183px\" src=\"data:image\/svg+xml;base64,PHN2ZyB3aWR0aD0iMSIgaGVpZ2h0PSIxIiB4bWxucz0iaHR0cDovL3d3dy53My5vcmcvMjAwMC9zdmciPjwvc3ZnPg==\" \/>W roku 2009 Politechnika Rzeszowska im. I. \u0141ukasiewicza wsp\u00f3lnie z WSK \u201ePZL-Rzesz\u00f3w\u201d S.A. podj\u0119\u0142a decyzj\u0119 o utworzeniu projektu o nazwie \u201ePolitechnika Dzieci\u0119ca\u201d. Podstaw\u0105 tego przedsi\u0119wzi\u0119cia by\u0142a troska o przysz\u0142o\u015b\u0107 dzieci, kt\u00f3re rozpoczynaj\u0105 edukacj\u0119 i ch\u0119\u0107 zainteresowania ich nauk\u0105. Poniewa\u017c na ca\u0142ym \u015bwiecie, w tym r\u00f3wnie\u017c w Polsce, z powodzeniem od wielu lat podobne przedsi\u0119wzi\u0119cia by\u0142y realizowane Politechnika Rzeszowska, jako pierwsza uczelnia w regionie, decyzj\u0105 \u00f3wczesnego Rektora prof. dr hab. in\u017c. Andrzeja Sobkowiaka, postanowi\u0142a otworzy\u0107 sale wyk\u0142adowe dla ma\u0142ych student\u00f3w. Celem projektu by\u0142o odci\u0105gni\u0119cie m\u0142odych ludzi od ekran\u00f3w telewizor\u00f3w i monitor\u00f3w komputer\u00f3w i pokazanie im, \u017ce uczy\u0107 mo\u017cna si\u0119 nie tylko w sztywnych \u0142awkach szk\u00f3\u0142, a nauka mo\u017ce sta\u0107 si\u0119 zabaw\u0105 i dobrym sposobem na sp\u0119dzanie wolnego czasu.<\/p>\n<p>Pierwszy semestr Politechniki Dzieci\u0119cej rozpocz\u0105\u0142 si\u0119 w pa\u017adzierniku 2009 w Rzeszowie, ale potencjalni kandydaci mogli zapozna\u0107 si\u0119 z jego form\u0105 ju\u017c w kwietniu podczas pilota\u017cowego wyk\u0142adu. Zaj\u0119cia, kt\u00f3re zosta\u0142y zaproponowane dzieciom spotka\u0142y si\u0119 z bardzo dobrym przyj\u0119ciem i zainteresowaniem zar\u00f3wno samych uczni\u00f3w, jak i rodzic\u00f3w.W pa\u017adzierniku 2013 powsta\u0142a pierwsza Filia PD w Mielcu, a nast\u0119pnie kolejne: w marcu 2014 w D\u0119bicy i Ustrzykach Dolnych, oraz w pa\u017adzierniku 2015 w Stalowej Woli. Od pocz\u0105tku dzia\u0142alno\u015bci liczba kandydat\u00f3w na ka\u017cdy semestr znacznie przewy\u017csza ilo\u015b\u0107 wolnych miejsc.<\/p>\n<p><strong>Od marca 2018 roku wszystkie dzia\u0142ania Politechniki Dzieci\u0119cej prowadzone przez Fundacj\u0119 Wspierania Edukacji przy Stowarzyszeniu Dolina Lotnicza odbywaj\u0105 si\u0119 pod nazw\u0105 Dzieci\u0119cy Uniwersytet Techniczny, w skr\u00f3cie DUT.<\/strong><\/p>\n<p><strong><img decoding=\"async\" class=\"alignright wp-image-11188 size-medium lazyload\" style=\"--smush-placeholder-width: 189px; --smush-placeholder-aspect-ratio: 189\/300;background-color: #15355e;\" data-src=\"https:\/\/dolinawiedzy.pl\/dut\/wp-content\/uploads\/sites\/9\/2020\/03\/Dzieci\u0119cy-Uniwersytet-Techniczny-Logo-2018-White-189x300.png\" alt=\"Logo DUT\" width=\"189\" height=\"300\" data-srcset=\"https:\/\/dolinawiedzy.pl\/dut\/wp-content\/uploads\/sites\/9\/2020\/03\/Dzieci\u0119cy-Uniwersytet-Techniczny-Logo-2018-White-189x300.png 189w, https:\/\/dolinawiedzy.pl\/dut\/wp-content\/uploads\/sites\/9\/2020\/03\/Dzieci\u0119cy-Uniwersytet-Techniczny-Logo-2018-White-646x1024.png 646w, https:\/\/dolinawiedzy.pl\/dut\/wp-content\/uploads\/sites\/9\/2020\/03\/Dzieci\u0119cy-Uniwersytet-Techniczny-Logo-2018-White-768x1217.png 768w, https:\/\/dolinawiedzy.pl\/dut\/wp-content\/uploads\/sites\/9\/2020\/03\/Dzieci\u0119cy-Uniwersytet-Techniczny-Logo-2018-White-969x1536.png 969w, https:\/\/dolinawiedzy.pl\/dut\/wp-content\/uploads\/sites\/9\/2020\/03\/Dzieci\u0119cy-Uniwersytet-Techniczny-Logo-2018-White-1292x2048.png 1292w, https:\/\/dolinawiedzy.pl\/dut\/wp-content\/uploads\/sites\/9\/2020\/03\/Dzieci\u0119cy-Uniwersytet-Techniczny-Logo-2018-White.png 1682w\" data-sizes=\"(max-width: 189px) 100vw, 189px\" src=\"data:image\/svg+xml;base64,PHN2ZyB3aWR0aD0iMSIgaGVpZ2h0PSIxIiB4bWxucz0iaHR0cDovL3d3dy53My5vcmcvMjAwMC9zdmciPjwvc3ZnPg==\" \/><\/strong><\/p>\n<p>Zaj\u0119cia Dzieci\u0119cego Uniwersytetu Technicznego przeznaczony jest dla uczni\u00f3w szk\u00f3\u0142 podstawowych w wieku 7 \u2013 12 lat. Prowadz\u0105cy wyk\u0142ady, \u0107wiczenia i zaj\u0119cia laboratoryjne przygotowuj\u0105 je w taki spos\u00f3b, aby ka\u017cde dziecko jak najwi\u0119cej zrozumia\u0142o i zapami\u0119ta\u0142o. Naszym priorytetem jest aby dzieci podczas zaj\u0119\u0107 nie nudzi\u0142y si\u0119, ale przez zabaw\u0119 i przyst\u0119pn\u0105 dla nich form\u0119 przekazywania informacji zdobywa\u0142y wiedz\u0119. Mamy nadziej\u0119, \u017ce uczestnictwo w zaj\u0119ciach przyczyni si\u0119 rozwijaniu ju\u017c istniej\u0105cych b\u0105d\u017a wzbudzi zupe\u0142nie nowe zainteresowania ma\u0142ych student\u00f3w. Ufamy, \u017ce dzi\u0119ki odpowiedniemu zaprezentowaniu nauk \u015bcis\u0142ych, nasi m\u0142odzi studenci, w doros\u0142ym ju\u017c \u017cyciu wybior\u0105 uczelnie techniczne aby zg\u0142\u0119bia\u0107 swoj\u0105 wiedz\u0119 i zdobywa\u0107 wykszta\u0142cenie w tym kierunku.<\/p>\n","protected":false},"excerpt":{"rendered":"<p>W roku 2009 Politechnika Rzeszowska im. I. \u0141ukasiewicza wsp\u00f3lnie z WSK \u201ePZL-Rzesz\u00f3w\u201d S.A. podj\u0119\u0142a decyzj\u0119 o utworzeniu projektu o nazwie \u201ePolitechnika Dzieci\u0119ca\u201d. Podstaw\u0105 tego przedsi\u0119wzi\u0119cia by\u0142a troska o przysz\u0142o\u015b\u0107 dzieci, kt\u00f3re rozpoczynaj\u0105 edukacj\u0119 i ch\u0119\u0107 zainteresowania ich nauk\u0105. Poniewa\u017c na ca\u0142ym \u015bwiecie, w tym r\u00f3wnie\u017c w Polsce, z powodzeniem od wielu lat podobne przedsi\u0119wzi\u0119cia by\u0142y [&hellip;]<\/p>\n","protected":false},"author":1,"featured_media":0,"parent":0,"menu_order":0,"comment_status":"closed","ping_status":"closed","template":"left-sidebar.php","meta":{"footnotes":""},"class_list":["post-11","page","type-page","status-publish","hentry"],"_links":{"self":[{"href":"https:\/\/dolinawiedzy.pl\/dut\/wp-json\/wp\/v2\/pages\/11","targetHints":{"allow":["GET"]}}],"collection":[{"href":"https:\/\/dolinawiedzy.pl\/dut\/wp-json\/wp\/v2\/pages"}],"about":[{"href":"https:\/\/dolinawiedzy.pl\/dut\/wp-json\/wp\/v2\/types\/page"}],"author":[{"embeddable":true,"href":"https:\/\/dolinawiedzy.pl\/dut\/wp-json\/wp\/v2\/users\/1"}],"replies":[{"embeddable":true,"href":"https:\/\/dolinawiedzy.pl\/dut\/wp-json\/wp\/v2\/comments?post=11"}],"version-history":[{"count":16,"href":"https:\/\/dolinawiedzy.pl\/dut\/wp-json\/wp\/v2\/pages\/11\/revisions"}],"predecessor-version":[{"id":11816,"href":"https:\/\/dolinawiedzy.pl\/dut\/wp-json\/wp\/v2\/pages\/11\/revisions\/11816"}],"wp:attachment":[{"href":"https:\/\/dolinawiedzy.pl\/dut\/wp-json\/wp\/v2\/media?parent=11"}],"curies":[{"name":"wp","href":"https:\/\/api.w.org\/{rel}","templated":true}]}}