{"id":58,"date":"2024-01-04T10:11:16","date_gmt":"2024-01-04T09:11:16","guid":{"rendered":"https:\/\/dolinawiedzy.pl\/dut-wielkopolska\/?page_id=58"},"modified":"2024-02-02T14:04:55","modified_gmt":"2024-02-02T13:04:55","slug":"wolontariat","status":"publish","type":"page","link":"https:\/\/dolinawiedzy.pl\/dut-wielkopolska\/wolontariat\/","title":{"rendered":"Wolontariat"},"content":{"rendered":"\n<p><strong>Lubisz co\u015b robi\u0107 dla innych? Chcia\u0142by\u015b zdoby\u0107 nowe do\u015bwiadczenia? Masz w\u0142asny ciekawy pomys\u0142, kt\u00f3ry chcesz zrealizowa\u0107? Wesprzyj nas swoim czasem! Jeste\u015bmy otwarci na wsp\u00f3\u0142prac\u0119 i nowe inicjatywy \u2013 skontaktuj si\u0119 z nami ju\u017c dzi\u015b!<\/strong><\/p>\n\n\n\n<p>Je\u017celi chcesz by\u0107 wolontariuszem, a brakuje Ci konkretnych pomys\u0142\u00f3w, masz troch\u0119 czasu i ch\u0119ci do dzia\u0142ania, zapraszamy do udzia\u0142u w naszych projektach.&nbsp;<strong>Wiek nie gra roli \u2013 jeste\u015b uczniem, studentem, osob\u0105 pracuj\u0105c\u0105 lub seniorem \u2013 potrzebujemy Ci\u0119!<\/strong><\/p>\n\n\n\n<p>Nasze zaj\u0119cia, pikniki, festiwale naukowe i inne imprezy, to nie ukrywamy ogromna ilo\u015b\u0107 pracy, ale tak\u017ce du\u017co dobrej zabawy, u\u015bmiechu, a przede wszystkim satysfakcji i ciekawego do\u015bwiadczenia. Potrzebujemy przede wszystkim os\u00f3b, kt\u00f3re b\u0119d\u0105 wspiera\u0107 organizacj\u0119 naszych zaj\u0119\u0107 Dzieci\u0119cego Uniwersytetu Technicznego, a tak\u017ce organizacj\u0119 naszych stanowisk na imprezach popularnonaukowych w regionie.<\/p>\n\n\n\n<p><strong>Potrafisz si\u0119 zaanga\u017cowa\u0107? Do\u0142\u0105cz do nas!<\/strong><\/p>\n\n\n\n<p><strong>Masz pytania? Napisz do nas \u2192\u00a0<a href=\"mailto:info@dolinawiedzy.pl\">kalisz@dolinawiedzy.pl<\/a><\/strong><\/p>\n","protected":false},"excerpt":{"rendered":"<p>Lubisz co\u015b robi\u0107 dla innych? Chcia\u0142by\u015b zdoby\u0107 nowe do\u015bwiadczenia? Masz w\u0142asny ciekawy pomys\u0142, kt\u00f3ry chcesz zrealizowa\u0107? Wesprzyj nas swoim czasem! Jeste\u015bmy otwarci na wsp\u00f3\u0142prac\u0119 i nowe inicjatywy \u2013 skontaktuj si\u0119 z nami ju\u017c dzi\u015b! Je\u017celi chcesz by\u0107 wolontariuszem, a brakuje Ci konkretnych pomys\u0142\u00f3w, masz troch\u0119 czasu i ch\u0119ci do dzia\u0142ania, zapraszamy do udzia\u0142u w naszych projektach.&nbsp;Wiek nie gra roli \u2013 jeste\u015b uczniem, studentem, osob\u0105 pracuj\u0105c\u0105 lub seniorem \u2013 potrzebujemy Ci\u0119!&hellip;<\/p>\n","protected":false},"author":1,"featured_media":0,"parent":0,"menu_order":0,"comment_status":"closed","ping_status":"closed","template":"","meta":{"footnotes":""},"class_list":["post-58","page","type-page","status-publish","hentry"],"_links":{"self":[{"href":"https:\/\/dolinawiedzy.pl\/dut-wielkopolska\/wp-json\/wp\/v2\/pages\/58","targetHints":{"allow":["GET"]}}],"collection":[{"href":"https:\/\/dolinawiedzy.pl\/dut-wielkopolska\/wp-json\/wp\/v2\/pages"}],"about":[{"href":"https:\/\/dolinawiedzy.pl\/dut-wielkopolska\/wp-json\/wp\/v2\/types\/page"}],"author":[{"embeddable":true,"href":"https:\/\/dolinawiedzy.pl\/dut-wielkopolska\/wp-json\/wp\/v2\/users\/1"}],"replies":[{"embeddable":true,"href":"https:\/\/dolinawiedzy.pl\/dut-wielkopolska\/wp-json\/wp\/v2\/comments?post=58"}],"version-history":[{"count":2,"href":"https:\/\/dolinawiedzy.pl\/dut-wielkopolska\/wp-json\/wp\/v2\/pages\/58\/revisions"}],"predecessor-version":[{"id":135,"href":"https:\/\/dolinawiedzy.pl\/dut-wielkopolska\/wp-json\/wp\/v2\/pages\/58\/revisions\/135"}],"wp:attachment":[{"href":"https:\/\/dolinawiedzy.pl\/dut-wielkopolska\/wp-json\/wp\/v2\/media?parent=58"}],"curies":[{"name":"wp","href":"https:\/\/api.w.org\/{rel}","templated":true}]}}