{"id":4755,"date":"2026-03-20T13:07:09","date_gmt":"2026-03-20T12:07:09","guid":{"rendered":"https:\/\/dolinawiedzy.pl\/dut-wielkopolska\/?page_id=4755"},"modified":"2026-04-28T14:20:30","modified_gmt":"2026-04-28T12:20:30","slug":"semestr-5","status":"publish","type":"page","link":"https:\/\/dolinawiedzy.pl\/dut-wielkopolska\/semestr-5\/","title":{"rendered":"Semestr 5"},"content":{"rendered":"\t\t\t\t<div class=\"gallery_box\">\n\t\t\t\t\t<ul>\n\t\t\t\t\t\t\t\t\t\t\t\t\t<li>\n\t\t\t\t\t\t\t\t<a rel=\"bookmark\" href=\"https:\/\/dolinawiedzy.pl\/dut-wielkopolska\/bws-gallery\/wyklad-inauguracyjny-jak-sie-czuje-student-dut-podlaczony-do-100-000-v-tomasz-madej-14-03-2026-r-cz-ii\/\" title=\"Wyk\u0142ad inauguracyjny &#8211;  \u201eJak si\u0119 czuje student DUT pod\u0142\u0105czony do 100 000 V?\u201d &#8211; Tomasz Madej, 14.03.2026 r. cz. II\">\n\t\t\t\t\t\t\t\t\t<img decoding=\"async\" width=&quot;150&quot; height=&quot;150&quot; style=\"--smush-placeholder-width: 150px; --smush-placeholder-aspect-ratio: 150\/150;width:150px; height:150px; border-width: 2px; border-color:#F1F1F1;border: 2px solid #F1F1F1\" alt=\"Wyk\u0142ad inauguracyjny &#8211;  \u201eJak si\u0119 czuje student DUT pod\u0142\u0105czony do 100 000 V?\u201d &#8211; Tomasz Madej, 14.03.2026 r. cz. II\" title=\"Wyk\u0142ad inauguracyjny &#8211;  \u201eJak si\u0119 czuje student DUT pod\u0142\u0105czony do 100 000 V?\u201d &#8211; Tomasz Madej, 14.03.2026 r. cz. II\" data-src=\"https:\/\/dolinawiedzy.pl\/dut-wielkopolska\/wp-content\/uploads\/sites\/11\/2026\/03\/A732190-150x150.jpg\" src=\"data:image\/svg+xml;base64,PHN2ZyB3aWR0aD0iMSIgaGVpZ2h0PSIxIiB4bWxucz0iaHR0cDovL3d3dy53My5vcmcvMjAwMC9zdmciPjwvc3ZnPg==\" class=\"lazyload\" \/>\t\t\t\t\t\t\t\t<\/a>\n\t\t\t\t\t\t\t\t<div class=\"gallery_detail_box\">\n\t\t\t\t\t\t\t\t\t<div class=\"gllr_detail_title\">Wyk\u0142ad inauguracyjny &#8211;  \u201eJak si\u0119 czuje student DUT pod\u0142\u0105czony do 100 000 V?\u201d &#8211; Tomasz Madej, 14.03.2026 r. cz. II<\/div>\n\t\t\t\t\t\t\t\t\t<div class=\"gllr_detail_excerpt\"><\/div>\n\t\t\t\t\t\t\t\t\t<a href=\"https:\/\/dolinawiedzy.pl\/dut-wielkopolska\/bws-gallery\/wyklad-inauguracyjny-jak-sie-czuje-student-dut-podlaczony-do-100-000-v-tomasz-madej-14-03-2026-r-cz-ii\/\">Zobacz zdj\u0119cia \u00bb<\/a>\n\t\t\t\t\t\t\t\t<\/div><!-- .gallery_detail_box -->\n\t\t\t\t\t\t\t\t<div class=\"gllr_clear\"><\/div>\n\t\t\t\t\t\t\t<\/li>\n\t\t\t\t\t\t\t\t\t\t\t<\/ul>\n\t\t\t\t<\/div><!-- .gallery_box -->\n\t\t\t\t\n\n\n\t\t\t\t<div class=\"gallery_box\">\n\t\t\t\t\t<ul>\n\t\t\t\t\t\t\t\t\t\t\t\t\t<li>\n\t\t\t\t\t\t\t\t<a rel=\"bookmark\" href=\"https:\/\/dolinawiedzy.pl\/dut-wielkopolska\/bws-gallery\/wyklad-inauguracyjny-jak-sie-czuje-student-dut-podlaczony-do-100-000-v-tomasz-madej-14-03-2026-r-cz-i\/\" title=\"Wyk\u0142ad inauguracyjny &#8211;  \u201eJak si\u0119 czuje student DUT pod\u0142\u0105czony do 100 000 V?\u201d &#8211; Tomasz Madej, 14.03.2026 r. cz. I\">\n\t\t\t\t\t\t\t\t\t<img decoding=\"async\" width=&quot;150&quot; height=&quot;150&quot; style=\"--smush-placeholder-width: 150px; --smush-placeholder-aspect-ratio: 150\/150;width:150px; height:150px; border-width: 2px; border-color:#F1F1F1;border: 2px solid #F1F1F1\" alt=\"Wyk\u0142ad inauguracyjny &#8211;  \u201eJak si\u0119 czuje student DUT pod\u0142\u0105czony do 100 000 V?\u201d &#8211; Tomasz Madej, 14.03.2026 r. cz. I\" title=\"Wyk\u0142ad inauguracyjny &#8211;  \u201eJak si\u0119 czuje student DUT pod\u0142\u0105czony do 100 000 V?\u201d &#8211; Tomasz Madej, 14.03.2026 r. cz. I\" data-src=\"https:\/\/dolinawiedzy.pl\/dut-wielkopolska\/wp-content\/uploads\/sites\/11\/2026\/03\/A731667-150x150.jpg\" src=\"data:image\/svg+xml;base64,PHN2ZyB3aWR0aD0iMSIgaGVpZ2h0PSIxIiB4bWxucz0iaHR0cDovL3d3dy53My5vcmcvMjAwMC9zdmciPjwvc3ZnPg==\" class=\"lazyload\" \/>\t\t\t\t\t\t\t\t<\/a>\n\t\t\t\t\t\t\t\t<div class=\"gallery_detail_box\">\n\t\t\t\t\t\t\t\t\t<div class=\"gllr_detail_title\">Wyk\u0142ad inauguracyjny &#8211;  \u201eJak si\u0119 czuje student DUT pod\u0142\u0105czony do 100 000 V?\u201d &#8211; Tomasz Madej, 14.03.2026 r. cz. I<\/div>\n\t\t\t\t\t\t\t\t\t<div class=\"gllr_detail_excerpt\"><\/div>\n\t\t\t\t\t\t\t\t\t<a href=\"https:\/\/dolinawiedzy.pl\/dut-wielkopolska\/bws-gallery\/wyklad-inauguracyjny-jak-sie-czuje-student-dut-podlaczony-do-100-000-v-tomasz-madej-14-03-2026-r-cz-i\/\">Zobacz zdj\u0119cia \u00bb<\/a>\n\t\t\t\t\t\t\t\t<\/div><!-- .gallery_detail_box -->\n\t\t\t\t\t\t\t\t<div class=\"gllr_clear\"><\/div>\n\t\t\t\t\t\t\t<\/li>\n\t\t\t\t\t\t\t\t\t\t\t<\/ul>\n\t\t\t\t<\/div><!-- .gallery_box -->\n\t\t\t\t\n\n\n\t\t\t\t<div class=\"gallery_box\">\n\t\t\t\t\t<ul>\n\t\t\t\t\t\t\t\t\t\t\t\t\t<li>\n\t\t\t\t\t\t\t\t<a rel=\"bookmark\" href=\"https:\/\/dolinawiedzy.pl\/dut-wielkopolska\/bws-gallery\/wyklad-bulgoczace-moce-chemii-piotr-kaczorowski-11-04-2026-r\/\" title=\"Wyk\u0142ad &#8211; &#8222;Bulgocz\u0105ce moce chemii&#8221; &#8211; Piotr Kaczorowski 11.04.2026 r.\">\n\t\t\t\t\t\t\t\t\t<img decoding=\"async\" width=&quot;150&quot; height=&quot;150&quot; style=\"--smush-placeholder-width: 150px; --smush-placeholder-aspect-ratio: 150\/150;width:150px; height:150px; border-width: 2px; border-color:#F1F1F1;border: 2px solid #F1F1F1\" alt=\"Wyk\u0142ad &#8211; &#8222;Bulgocz\u0105ce moce chemii&#8221; &#8211; Piotr Kaczorowski 11.04.2026 r.\" title=\"Wyk\u0142ad &#8211; &#8222;Bulgocz\u0105ce moce chemii&#8221; &#8211; Piotr Kaczorowski 11.04.2026 r.\" data-src=\"https:\/\/dolinawiedzy.pl\/dut-wielkopolska\/wp-content\/uploads\/sites\/11\/2026\/04\/IMG_3822-150x150.jpeg\" src=\"data:image\/svg+xml;base64,PHN2ZyB3aWR0aD0iMSIgaGVpZ2h0PSIxIiB4bWxucz0iaHR0cDovL3d3dy53My5vcmcvMjAwMC9zdmciPjwvc3ZnPg==\" class=\"lazyload\" \/>\t\t\t\t\t\t\t\t<\/a>\n\t\t\t\t\t\t\t\t<div class=\"gallery_detail_box\">\n\t\t\t\t\t\t\t\t\t<div class=\"gllr_detail_title\">Wyk\u0142ad &#8211; &#8222;Bulgocz\u0105ce moce chemii&#8221; &#8211; Piotr Kaczorowski 11.04.2026 r.<\/div>\n\t\t\t\t\t\t\t\t\t<div class=\"gllr_detail_excerpt\"><\/div>\n\t\t\t\t\t\t\t\t\t<a href=\"https:\/\/dolinawiedzy.pl\/dut-wielkopolska\/bws-gallery\/wyklad-bulgoczace-moce-chemii-piotr-kaczorowski-11-04-2026-r\/\">Zobacz zdj\u0119cia \u00bb<\/a>\n\t\t\t\t\t\t\t\t<\/div><!-- .gallery_detail_box -->\n\t\t\t\t\t\t\t\t<div class=\"gllr_clear\"><\/div>\n\t\t\t\t\t\t\t<\/li>\n\t\t\t\t\t\t\t\t\t\t\t<\/ul>\n\t\t\t\t<\/div><!-- .gallery_box -->\n\t\t\t\t\n\n\n\t\t\t\t<div class=\"gallery_box\">\n\t\t\t\t\t<ul>\n\t\t\t\t\t\t\t\t\t\t\t\t\t<li>\n\t\t\t\t\t\t\t\t<a rel=\"bookmark\" href=\"https:\/\/dolinawiedzy.pl\/dut-wielkopolska\/bws-gallery\/warsztaty-kamienne-skarby-przygoda-z-mineralami-grupa-1-3-5-18-04-2026-r\/\" title=\"Warsztaty Kamienne skarby \u2013 przygoda z minera\u0142ami grupa 1, 3, 5, 18.04.2026 r.\">\n\t\t\t\t\t\t\t\t\t<img decoding=\"async\" width=&quot;150&quot; height=&quot;150&quot; style=\"--smush-placeholder-width: 150px; --smush-placeholder-aspect-ratio: 150\/150;width:150px; height:150px; border-width: 2px; border-color:#F1F1F1;border: 2px solid #F1F1F1\" alt=\"Warsztaty Kamienne skarby \u2013 przygoda z minera\u0142ami grupa 1, 3, 5, 18.04.2026 r.\" title=\"Warsztaty Kamienne skarby \u2013 przygoda z minera\u0142ami grupa 1, 3, 5, 18.04.2026 r.\" data-src=\"https:\/\/dolinawiedzy.pl\/dut-wielkopolska\/wp-content\/uploads\/sites\/11\/2026\/04\/IMG_7268-150x150.jpeg\" src=\"data:image\/svg+xml;base64,PHN2ZyB3aWR0aD0iMSIgaGVpZ2h0PSIxIiB4bWxucz0iaHR0cDovL3d3dy53My5vcmcvMjAwMC9zdmciPjwvc3ZnPg==\" class=\"lazyload\" \/>\t\t\t\t\t\t\t\t<\/a>\n\t\t\t\t\t\t\t\t<div class=\"gallery_detail_box\">\n\t\t\t\t\t\t\t\t\t<div class=\"gllr_detail_title\">Warsztaty Kamienne skarby \u2013 przygoda z minera\u0142ami grupa 1, 3, 5, 18.04.2026 r.<\/div>\n\t\t\t\t\t\t\t\t\t<div class=\"gllr_detail_excerpt\"><\/div>\n\t\t\t\t\t\t\t\t\t<a href=\"https:\/\/dolinawiedzy.pl\/dut-wielkopolska\/bws-gallery\/warsztaty-kamienne-skarby-przygoda-z-mineralami-grupa-1-3-5-18-04-2026-r\/\">Zobacz zdj\u0119cia \u00bb<\/a>\n\t\t\t\t\t\t\t\t<\/div><!-- .gallery_detail_box -->\n\t\t\t\t\t\t\t\t<div class=\"gllr_clear\"><\/div>\n\t\t\t\t\t\t\t<\/li>\n\t\t\t\t\t\t\t\t\t\t\t<\/ul>\n\t\t\t\t<\/div><!-- .gallery_box -->\n\t\t\t\t\n\n\n\t\t\t\t<div class=\"gallery_box\">\n\t\t\t\t\t<ul>\n\t\t\t\t\t\t\t\t\t\t\t\t\t<li>\n\t\t\t\t\t\t\t\t<a rel=\"bookmark\" href=\"https:\/\/dolinawiedzy.pl\/dut-wielkopolska\/bws-gallery\/warsztaty-dna-kod-ktory-tworzy-ciebie-grupa-2-4-6-18-04-2026-r\/\" title=\"Warsztaty DNA \u2013 kod, kt\u00f3ry tworzy Ciebie! Grupa 2, 4, 6, 18.04.2026 r.\">\n\t\t\t\t\t\t\t\t\t<img decoding=\"async\" width=&quot;150&quot; height=&quot;150&quot; style=\"--smush-placeholder-width: 150px; --smush-placeholder-aspect-ratio: 150\/150;width:150px; height:150px; border-width: 2px; border-color:#F1F1F1;border: 2px solid #F1F1F1\" alt=\"Warsztaty DNA \u2013 kod, kt\u00f3ry tworzy Ciebie! Grupa 2, 4, 6, 18.04.2026 r.\" title=\"Warsztaty DNA \u2013 kod, kt\u00f3ry tworzy Ciebie! Grupa 2, 4, 6, 18.04.2026 r.\" data-src=\"https:\/\/dolinawiedzy.pl\/dut-wielkopolska\/wp-content\/uploads\/sites\/11\/2026\/04\/IMG_7255-150x150.jpeg\" src=\"data:image\/svg+xml;base64,PHN2ZyB3aWR0aD0iMSIgaGVpZ2h0PSIxIiB4bWxucz0iaHR0cDovL3d3dy53My5vcmcvMjAwMC9zdmciPjwvc3ZnPg==\" class=\"lazyload\" \/>\t\t\t\t\t\t\t\t<\/a>\n\t\t\t\t\t\t\t\t<div class=\"gallery_detail_box\">\n\t\t\t\t\t\t\t\t\t<div class=\"gllr_detail_title\">Warsztaty DNA \u2013 kod, kt\u00f3ry tworzy Ciebie! Grupa 2, 4, 6, 18.04.2026 r.<\/div>\n\t\t\t\t\t\t\t\t\t<div class=\"gllr_detail_excerpt\"><\/div>\n\t\t\t\t\t\t\t\t\t<a href=\"https:\/\/dolinawiedzy.pl\/dut-wielkopolska\/bws-gallery\/warsztaty-dna-kod-ktory-tworzy-ciebie-grupa-2-4-6-18-04-2026-r\/\">Zobacz zdj\u0119cia \u00bb<\/a>\n\t\t\t\t\t\t\t\t<\/div><!-- .gallery_detail_box -->\n\t\t\t\t\t\t\t\t<div class=\"gllr_clear\"><\/div>\n\t\t\t\t\t\t\t<\/li>\n\t\t\t\t\t\t\t\t\t\t\t<\/ul>\n\t\t\t\t<\/div><!-- .gallery_box -->\n\t\t\t\t\n\n\n\t\t\t\t<div class=\"gallery_box\">\n\t\t\t\t\t<ul>\n\t\t\t\t\t\t\t\t\t\t\t\t\t<li>\n\t\t\t\t\t\t\t\t<a rel=\"bookmark\" href=\"https:\/\/dolinawiedzy.pl\/dut-wielkopolska\/bws-gallery\/warsztaty-kamienne-skarby-przygoda-z-mineralami-gr-2-4-6-25-04-2026-r\/\" title=\"Warsztaty &#8222;Kamienne skarby \u2013 przygoda z minera\u0142ami&#8221; gr. 2, 4, 6 &#8211; 25.04.2026 r. cz. 1\">\n\t\t\t\t\t\t\t\t\t<img decoding=\"async\" width=&quot;150&quot; height=&quot;150&quot; style=\"--smush-placeholder-width: 150px; --smush-placeholder-aspect-ratio: 150\/150;width:150px; height:150px; border-width: 2px; border-color:#F1F1F1;border: 2px solid #F1F1F1\" alt=\"Warsztaty &#8222;Kamienne skarby \u2013 przygoda z minera\u0142ami&#8221; gr. 2, 4, 6 &#8211; 25.04.2026 r. cz. 1\" title=\"Warsztaty &#8222;Kamienne skarby \u2013 przygoda z minera\u0142ami&#8221; gr. 2, 4, 6 &#8211; 25.04.2026 r. cz. 1\" data-src=\"https:\/\/dolinawiedzy.pl\/dut-wielkopolska\/wp-content\/uploads\/sites\/11\/2026\/04\/DUT-25.04.26-209-1-150x150.jpg\" src=\"data:image\/svg+xml;base64,PHN2ZyB3aWR0aD0iMSIgaGVpZ2h0PSIxIiB4bWxucz0iaHR0cDovL3d3dy53My5vcmcvMjAwMC9zdmciPjwvc3ZnPg==\" class=\"lazyload\" \/>\t\t\t\t\t\t\t\t<\/a>\n\t\t\t\t\t\t\t\t<div class=\"gallery_detail_box\">\n\t\t\t\t\t\t\t\t\t<div class=\"gllr_detail_title\">Warsztaty &#8222;Kamienne skarby \u2013 przygoda z minera\u0142ami&#8221; gr. 2, 4, 6 &#8211; 25.04.2026 r. cz. 1<\/div>\n\t\t\t\t\t\t\t\t\t<div class=\"gllr_detail_excerpt\"><\/div>\n\t\t\t\t\t\t\t\t\t<a href=\"https:\/\/dolinawiedzy.pl\/dut-wielkopolska\/bws-gallery\/warsztaty-kamienne-skarby-przygoda-z-mineralami-gr-2-4-6-25-04-2026-r\/\">Zobacz zdj\u0119cia \u00bb<\/a>\n\t\t\t\t\t\t\t\t<\/div><!-- .gallery_detail_box -->\n\t\t\t\t\t\t\t\t<div class=\"gllr_clear\"><\/div>\n\t\t\t\t\t\t\t<\/li>\n\t\t\t\t\t\t\t\t\t\t\t<\/ul>\n\t\t\t\t<\/div><!-- .gallery_box -->\n\t\t\t\t\n\n\n\t\t\t\t<div class=\"gallery_box\">\n\t\t\t\t\t<ul>\n\t\t\t\t\t\t\t\t\t\t\t\t\t<li>\n\t\t\t\t\t\t\t\t<a rel=\"bookmark\" href=\"https:\/\/dolinawiedzy.pl\/dut-wielkopolska\/bws-gallery\/warsztaty-kamienne-skarby-przygoda-z-mineralami-gr-2-4-6-25-04-2026-r-cz-2\/\" title=\"Warsztaty &#8222;Kamienne skarby \u2013 przygoda z minera\u0142ami&#8221; gr. 2, 4, 6 &#8211; 25.04.2026 r. cz. 2\">\n\t\t\t\t\t\t\t\t\t<img decoding=\"async\" width=&quot;150&quot; height=&quot;150&quot; style=\"--smush-placeholder-width: 150px; --smush-placeholder-aspect-ratio: 150\/150;width:150px; height:150px; border-width: 2px; border-color:#F1F1F1;border: 2px solid #F1F1F1\" alt=\"Warsztaty &#8222;Kamienne skarby \u2013 przygoda z minera\u0142ami&#8221; gr. 2, 4, 6 &#8211; 25.04.2026 r. cz. 2\" title=\"Warsztaty &#8222;Kamienne skarby \u2013 przygoda z minera\u0142ami&#8221; gr. 2, 4, 6 &#8211; 25.04.2026 r. cz. 2\" data-src=\"https:\/\/dolinawiedzy.pl\/dut-wielkopolska\/wp-content\/uploads\/sites\/11\/2026\/04\/DUT-25.04.26-346-1-150x150.jpg\" src=\"data:image\/svg+xml;base64,PHN2ZyB3aWR0aD0iMSIgaGVpZ2h0PSIxIiB4bWxucz0iaHR0cDovL3d3dy53My5vcmcvMjAwMC9zdmciPjwvc3ZnPg==\" class=\"lazyload\" \/>\t\t\t\t\t\t\t\t<\/a>\n\t\t\t\t\t\t\t\t<div class=\"gallery_detail_box\">\n\t\t\t\t\t\t\t\t\t<div class=\"gllr_detail_title\">Warsztaty &#8222;Kamienne skarby \u2013 przygoda z minera\u0142ami&#8221; gr. 2, 4, 6 &#8211; 25.04.2026 r. cz. 2<\/div>\n\t\t\t\t\t\t\t\t\t<div class=\"gllr_detail_excerpt\"><\/div>\n\t\t\t\t\t\t\t\t\t<a href=\"https:\/\/dolinawiedzy.pl\/dut-wielkopolska\/bws-gallery\/warsztaty-kamienne-skarby-przygoda-z-mineralami-gr-2-4-6-25-04-2026-r-cz-2\/\">Zobacz zdj\u0119cia \u00bb<\/a>\n\t\t\t\t\t\t\t\t<\/div><!-- .gallery_detail_box -->\n\t\t\t\t\t\t\t\t<div class=\"gllr_clear\"><\/div>\n\t\t\t\t\t\t\t<\/li>\n\t\t\t\t\t\t\t\t\t\t\t<\/ul>\n\t\t\t\t<\/div><!-- .gallery_box -->\n\t\t\t\t\n\n\n\t\t\t\t<div class=\"gallery_box\">\n\t\t\t\t\t<ul>\n\t\t\t\t\t\t\t\t\t\t\t\t\t<li>\n\t\t\t\t\t\t\t\t<a rel=\"bookmark\" href=\"https:\/\/dolinawiedzy.pl\/dut-wielkopolska\/bws-gallery\/warsztaty-dna-kod-ktory-tworzy-ciebie-grupa-1-3-5-25-04-2026-r\/\" title=\"Warsztaty &#8222;DNA \u2013 kod, kt\u00f3ry tworzy Ciebie!&#8221; gr. 1, 3, 5 &#8211; 25.04.2026 r. cz. 1\">\n\t\t\t\t\t\t\t\t\t<img decoding=\"async\" width=&quot;150&quot; height=&quot;150&quot; style=\"--smush-placeholder-width: 150px; --smush-placeholder-aspect-ratio: 150\/150;width:150px; height:150px; border-width: 2px; border-color:#F1F1F1;border: 2px solid #F1F1F1\" alt=\"Warsztaty &#8222;DNA \u2013 kod, kt\u00f3ry tworzy Ciebie!&#8221; gr. 1, 3, 5 &#8211; 25.04.2026 r. cz. 1\" title=\"Warsztaty &#8222;DNA \u2013 kod, kt\u00f3ry tworzy Ciebie!&#8221; gr. 1, 3, 5 &#8211; 25.04.2026 r. cz. 1\" data-src=\"https:\/\/dolinawiedzy.pl\/dut-wielkopolska\/wp-content\/uploads\/sites\/11\/2026\/04\/DUT-25.04.26-171-1-150x150.jpg\" src=\"data:image\/svg+xml;base64,PHN2ZyB3aWR0aD0iMSIgaGVpZ2h0PSIxIiB4bWxucz0iaHR0cDovL3d3dy53My5vcmcvMjAwMC9zdmciPjwvc3ZnPg==\" class=\"lazyload\" \/>\t\t\t\t\t\t\t\t<\/a>\n\t\t\t\t\t\t\t\t<div class=\"gallery_detail_box\">\n\t\t\t\t\t\t\t\t\t<div class=\"gllr_detail_title\">Warsztaty &#8222;DNA \u2013 kod, kt\u00f3ry tworzy Ciebie!&#8221; gr. 1, 3, 5 &#8211; 25.04.2026 r. cz. 1<\/div>\n\t\t\t\t\t\t\t\t\t<div class=\"gllr_detail_excerpt\"><\/div>\n\t\t\t\t\t\t\t\t\t<a href=\"https:\/\/dolinawiedzy.pl\/dut-wielkopolska\/bws-gallery\/warsztaty-dna-kod-ktory-tworzy-ciebie-grupa-1-3-5-25-04-2026-r\/\">Zobacz zdj\u0119cia \u00bb<\/a>\n\t\t\t\t\t\t\t\t<\/div><!-- .gallery_detail_box -->\n\t\t\t\t\t\t\t\t<div class=\"gllr_clear\"><\/div>\n\t\t\t\t\t\t\t<\/li>\n\t\t\t\t\t\t\t\t\t\t\t<\/ul>\n\t\t\t\t<\/div><!-- .gallery_box -->\n\t\t\t\t\n\n\n\t\t\t\t<div class=\"gallery_box\">\n\t\t\t\t\t<ul>\n\t\t\t\t\t\t\t\t\t\t\t\t\t<li>\n\t\t\t\t\t\t\t\t<a rel=\"bookmark\" href=\"https:\/\/dolinawiedzy.pl\/dut-wielkopolska\/bws-gallery\/warsztaty-dna-kod-ktory-tworzy-ciebie-gr-1-3-5-25-04-2026-r-cz-2\/\" title=\"Warsztaty &#8222;DNA \u2013 kod, kt\u00f3ry tworzy Ciebie!&#8221; gr. 1, 3, 5 &#8211; 25.04.2026 r. cz. 2\">\n\t\t\t\t\t\t\t\t\t<img decoding=\"async\" width=&quot;150&quot; height=&quot;150&quot; style=\"--smush-placeholder-width: 150px; --smush-placeholder-aspect-ratio: 150\/150;width:150px; height:150px; border-width: 2px; border-color:#F1F1F1;border: 2px solid #F1F1F1\" alt=\"Warsztaty &#8222;DNA \u2013 kod, kt\u00f3ry tworzy Ciebie!&#8221; gr. 1, 3, 5 &#8211; 25.04.2026 r. cz. 2\" title=\"Warsztaty &#8222;DNA \u2013 kod, kt\u00f3ry tworzy Ciebie!&#8221; gr. 1, 3, 5 &#8211; 25.04.2026 r. cz. 2\" data-src=\"https:\/\/dolinawiedzy.pl\/dut-wielkopolska\/wp-content\/uploads\/sites\/11\/2026\/04\/DUT-25.04.26-152-1-150x150.jpg\" src=\"data:image\/svg+xml;base64,PHN2ZyB3aWR0aD0iMSIgaGVpZ2h0PSIxIiB4bWxucz0iaHR0cDovL3d3dy53My5vcmcvMjAwMC9zdmciPjwvc3ZnPg==\" class=\"lazyload\" \/>\t\t\t\t\t\t\t\t<\/a>\n\t\t\t\t\t\t\t\t<div class=\"gallery_detail_box\">\n\t\t\t\t\t\t\t\t\t<div class=\"gllr_detail_title\">Warsztaty &#8222;DNA \u2013 kod, kt\u00f3ry tworzy Ciebie!&#8221; gr. 1, 3, 5 &#8211; 25.04.2026 r. cz. 2<\/div>\n\t\t\t\t\t\t\t\t\t<div class=\"gllr_detail_excerpt\"><\/div>\n\t\t\t\t\t\t\t\t\t<a href=\"https:\/\/dolinawiedzy.pl\/dut-wielkopolska\/bws-gallery\/warsztaty-dna-kod-ktory-tworzy-ciebie-gr-1-3-5-25-04-2026-r-cz-2\/\">Zobacz zdj\u0119cia \u00bb<\/a>\n\t\t\t\t\t\t\t\t<\/div><!-- .gallery_detail_box -->\n\t\t\t\t\t\t\t\t<div class=\"gllr_clear\"><\/div>\n\t\t\t\t\t\t\t<\/li>\n\t\t\t\t\t\t\t\t\t\t\t<\/ul>\n\t\t\t\t<\/div><!-- .gallery_box -->\n\t\t\t\t\n\n\n\n<p><\/p>\n","protected":false},"excerpt":{"rendered":"","protected":false},"author":9146,"featured_media":0,"parent":0,"menu_order":0,"comment_status":"closed","ping_status":"closed","template":"","meta":{"footnotes":""},"class_list":["post-4755","page","type-page","status-publish","hentry"],"_links":{"self":[{"href":"https:\/\/dolinawiedzy.pl\/dut-wielkopolska\/wp-json\/wp\/v2\/pages\/4755","targetHints":{"allow":["GET"]}}],"collection":[{"href":"https:\/\/dolinawiedzy.pl\/dut-wielkopolska\/wp-json\/wp\/v2\/pages"}],"about":[{"href":"https:\/\/dolinawiedzy.pl\/dut-wielkopolska\/wp-json\/wp\/v2\/types\/page"}],"author":[{"embeddable":true,"href":"https:\/\/dolinawiedzy.pl\/dut-wielkopolska\/wp-json\/wp\/v2\/users\/9146"}],"replies":[{"embeddable":true,"href":"https:\/\/dolinawiedzy.pl\/dut-wielkopolska\/wp-json\/wp\/v2\/comments?post=4755"}],"version-history":[{"count":11,"href":"https:\/\/dolinawiedzy.pl\/dut-wielkopolska\/wp-json\/wp\/v2\/pages\/4755\/revisions"}],"predecessor-version":[{"id":5922,"href":"https:\/\/dolinawiedzy.pl\/dut-wielkopolska\/wp-json\/wp\/v2\/pages\/4755\/revisions\/5922"}],"wp:attachment":[{"href":"https:\/\/dolinawiedzy.pl\/dut-wielkopolska\/wp-json\/wp\/v2\/media?parent=4755"}],"curies":[{"name":"wp","href":"https:\/\/api.w.org\/{rel}","templated":true}]}}