{"id":17,"date":"2024-01-03T22:49:33","date_gmt":"2024-01-03T21:49:33","guid":{"rendered":"https:\/\/dolinawiedzy.pl\/dut-wielkopolska\/?page_id=17"},"modified":"2026-01-28T23:03:42","modified_gmt":"2026-01-28T22:03:42","slug":"rekrutacja","status":"publish","type":"page","link":"https:\/\/dolinawiedzy.pl\/dut-wielkopolska\/rekrutacja\/","title":{"rendered":"Rekrutacja"},"content":{"rendered":"\n<p class=\"has-vivid-red-color has-text-color\"><strong>Semestr letni 2026<\/strong><\/p>\n\n\n<div class=\"wp-block-group\">\u00a0<\/div>\n\n\n<div class=\"wp-block-group\"><div class=\"wp-block-group__inner-container is-layout-constrained wp-block-group-is-layout-constrained\">\n<p>Zaj\u0119cia Dzieci\u0119cego Uniwersytetu Technicznego odbywaj\u0105 si\u0119 w Kaliszu. Zaj\u0119cia przeznaczone s\u0105 dla&nbsp;<strong><u>uczni\u00f3w szk\u00f3\u0142 podstawowych w wieku od 7 do 12 lat.<\/u><\/strong><\/p>\n\n\n\n<p><strong>Udzia\u0142 w zaj\u0119cia DUT&nbsp;<u>jest bezp\u0142atny<\/u><\/strong><u>.<\/u><\/p>\n\n\n\n<p class=\"has-vivid-red-color has-text-color\"><strong>Rekrutacja na semestr letni 2026 <\/strong><strong>b\u0119dzie aktywna <\/strong><strong>od 9 lutego od godz. 10.00 <\/strong><strong>do 16 lutego 2026<\/strong><strong> r. (w\u0142\u0105cznie).\u00a0<\/strong><\/p>\n\n\n\n<p><strong>W podanym terminie prowadzone s\u0105 zapisy wszystkich ch\u0119tnych, natomiast wyniki rekrutacji (osoby wylosowane na wyk\u0142ady i warsztaty) pojawi\u0105 si\u0119 na koncie u\u017cytkownika DUT dn. 18.02.2026 r.<\/strong><\/p>\n\n\n\n<p>Przed podej\u015bciem do rekrutacji nale\u017cy zapozna\u0107 si\u0119 z <a href=\"https:\/\/dolinawiedzy.pl\/dut-wielkopolska\/plany-zajec\/\">PLANEM ZAJ\u0118\u0106<\/a> oraz <a href=\"https:\/\/dolinawiedzy.pl\/dut-wielkopolska\/regulamin-dut\/\">REGULAMINEM.<\/a><\/p>\n\n\n\n<p><\/p><p><strong><u>Harmonogram rekrutacji:<\/u><\/strong><\/p><strong>9 lutego 2026<\/strong><strong> r., godz. 10:00 \u2013<\/strong> start rekrutacji, zapisy wszystkich ch\u0119tnych na wyk\u0142ady DUT poprzez konto u\u017cytkownika na stronie <a href=\"https:\/\/dolinawiedzy.pl\/dut-wielkopolska\/\">www.dolinawiedzy.pl\/dut-wielkopolska\/<\/a>\u00a0<br \/><strong>16 lutego 2026 r., godz. 23:59<\/strong> \u2013 koniec zapis\u00f3w na wyk\u0142ady. Zamkni\u0119cie listy ch\u0119tnych.<br \/><strong>18 lutego 2026 r<\/strong>. \u2013 losowanie listy os\u00f3b, kt\u00f3re dostan\u0105 si\u0119 na wyk\u0142ady i warsztaty DUT oraz losowanie listy rezerwowej. Wyniki dost\u0119pne b\u0119d\u0105 na koncie DUT u\u017cytkownika w zak\u0142adce \u201eMoje zaj\u0119cia\u201d ok godz. 13:00. Po tej godzinie osobom wylosowanym pojawi si\u0119 na koncie r\u00f3wnie\u017c numer przypisanej grupy wyk\u0142adowej, mo\u017cliwo\u015b\u0107 zapisu do wybranej grupy warsztatowej oraz harmonogram zaj\u0119\u0107.\u00a0<br \/>\n\n\n\n<p class=\"has-vivid-red-color has-white-background-color has-text-color has-background has-link-color wp-elements-c928294c1e8115f8bf2795b1ee646af6\"><strong>Uwaga! W semestrze letnim 2026 uczestnik ze statusem &#8222;przyj\u0119ty&#8221; samodzielnie wybiera grup\u0119 warsztatow\u0105 przez Konto u\u017cytkownika DUT. <\/strong><\/p>\n\n\n\n<p><strong><u>Przed rejestracj\u0105 dziecka prosimy zapozna\u0107 si\u0119 z <\/u><\/strong><a href=\"https:\/\/dolinawiedzy.pl\/dut-wielkopolska\/plany-zajec\/\"><strong>PLANAMI ZAJ\u0118\u0106<\/strong><\/a><strong><u> oraz &nbsp;<\/u><\/strong><a href=\"https:\/\/dolinawiedzy.pl\/dut-wielkopolska\/regulamin-dut\/\"><strong>Regulaminem DUT&nbsp;<\/strong><\/a><strong><u>&nbsp;a, tak\u017ce WARUNKAMI REJESTRACJI (poni\u017cej).<\/u><\/strong><\/p>\n\n\n\n<p><a href=\"https:\/\/dolinawiedzy.pl\/dut-wielkopolska\/rejestracja\/\"><strong>ZA\u0141\u00d3\u017b KONTO<\/strong><\/a><\/p>\n\n\n\n<p><a href=\"https:\/\/dolinawiedzy.pl\/dut-wielkopolska\/logowanie\/\"><strong>ZALOGUJ SI\u0118<\/strong><\/a><\/p>\n\n\n\n<p><a href=\"https:\/\/dolinawiedzy.pl\/dut-wielkopolska\/wp-content\/uploads\/sites\/11\/2025\/02\/Kalisz-Przewodnik-rekrutacja-ogolna-letni-25-1.pdf\">PRZEWODNIK PO REKRUTACJI<\/a><\/p>\n\n\n\n<p><strong>WARUNKI REJESTRACJI<\/strong><\/p>\n\n\n\n<p>Na zaj\u0119cia mog\u0105 ucz\u0119szcza\u0107 dzieci&nbsp;w wieku 7-12 lat b\u0119d\u0105ce uczniami szko\u0142y podstawowej (min. 1 klasa, dzieci z zer\u00f3wek przedszkolnych nie mog\u0105 bra\u0107 udzia\u0142u w zaj\u0119ciach)&nbsp;oraz spe\u0142niaj\u0105ce nast\u0119puj\u0105ce warunki:&nbsp;uczniowie szk\u00f3\u0142 podstawowych w wieku 7-12 lat zamieszkuj\u0105cy na terenie wojew\u00f3dztwa wielkopolskiego. <\/p>\n\n\n\n<p style=\"font-size:15px\">\u0141\u0105cznie: 240 miejsc wyk\u0142adowych (2 grupy), 240 miejsc warsztatowych (12 grup)<\/p>\n\n\n\n<p>Partnerzy z osobn\u0105 rekrutacj\u0105 (02-05.02 2025 r.):<\/p>\n\n\n\n<ul class=\"wp-block-list\">\n<li style=\"font-size:15px\">Pratt&amp;Whitney Kalisz<\/li>\n\n\n\n<li>Collins Aerospace<\/li>\n\n\n\n<li style=\"font-size:15px\">Barnes Aerospace <\/li>\n\n\n\n<li style=\"font-size:15px\">MEYER TOOL POLAND<\/li>\n\n\n\n<li style=\"font-size:15px\">Uniwersytet Kaliski<\/li>\n<\/ul>\n\n\n\n<p><\/p><p><\/p><p><\/p><p><\/p><p><\/p><p><\/p><p><\/p><p><\/p><p><\/p><p><\/p><p><\/p><p><\/p><p><\/p><p><\/p><p><\/p><p>Prosimy o dok\u0142adne zapoznanie si\u0119 z kr\u00f3tkim przewodnikiem po rejestracji.<\/p>\n\n\n\n<p><\/p><p><\/p><p><\/p><p><\/p><p><\/p><p><\/p><p><\/p><p><\/p><p><a href=\"https:\/\/dolinawiedzy.pl\/dut-wielkopolska\/wp-content\/uploads\/sites\/11\/2024\/09\/Kalisz-Przewodnik-rekrutacja-ogolna-letni-24.pdf\">PRZEWODNIK PO REKRUTACJI<\/a><\/p>\n\n\n\n<p><\/p><p><\/p><p><\/p><p><\/p><p><\/p><p><\/p><p><\/p><p><\/p><p><\/p><p><\/p><p><\/p><p><\/p><p><\/p><p><\/p><p><\/p><p><a href=\"https:\/\/dolinawiedzy.pl\/dut-wielkopolska\/rejestracja\/\"><strong>ZA\u0141\u00d3\u017b KONTO<\/strong><\/a><\/p>\n\n\n\n<p><\/p><p><\/p><p><\/p><p><\/p><p><\/p><p><\/p><p><\/p><p><\/p><p><\/p><p><\/p><p><\/p><p><\/p><p><\/p><p><\/p><p><\/p><p><a href=\"https:\/\/dolinawiedzy.pl\/dut-wielkopolska\/logowanie\/\"><strong>ZALOGUJ SI\u0118<\/strong><\/a><\/p>\n\n\n\n<p><\/p><p><\/p><p><\/p><p><\/p><p><\/p><p><\/p><p><\/p><p><\/p><p><\/p><p><\/p><p><\/p><p><\/p><p><\/p><p><\/p><p><\/p><p><a href=\"https:\/\/dolinawiedzy.pl\/dut-wielkopolska\/plany-zajec\/\">PLANY SEMESTRU&nbsp;<\/a><\/p>\n<\/div><\/div>\n","protected":false},"excerpt":{"rendered":"<p>Semestr letni 2026 \u00a0 Zaj\u0119cia Dzieci\u0119cego Uniwersytetu Technicznego odbywaj\u0105 si\u0119 w Kaliszu. Zaj\u0119cia przeznaczone s\u0105 dla&nbsp;uczni\u00f3w szk\u00f3\u0142 podstawowych w wieku od 7 do 12 lat. Udzia\u0142 w zaj\u0119cia DUT&nbsp;jest bezp\u0142atny. Rekrutacja na semestr letni 2026 b\u0119dzie aktywna od 9 lutego od godz. 10.00 do 16 lutego 2026 r. (w\u0142\u0105cznie).\u00a0 W podanym terminie prowadzone s\u0105 zapisy wszystkich ch\u0119tnych, natomiast wyniki rekrutacji (osoby wylosowane na wyk\u0142ady i warsztaty) pojawi\u0105 si\u0119 na koncie&hellip;<\/p>\n","protected":false},"author":1,"featured_media":0,"parent":0,"menu_order":0,"comment_status":"closed","ping_status":"closed","template":"","meta":{"footnotes":""},"class_list":["post-17","page","type-page","status-publish","hentry"],"_links":{"self":[{"href":"https:\/\/dolinawiedzy.pl\/dut-wielkopolska\/wp-json\/wp\/v2\/pages\/17","targetHints":{"allow":["GET"]}}],"collection":[{"href":"https:\/\/dolinawiedzy.pl\/dut-wielkopolska\/wp-json\/wp\/v2\/pages"}],"about":[{"href":"https:\/\/dolinawiedzy.pl\/dut-wielkopolska\/wp-json\/wp\/v2\/types\/page"}],"author":[{"embeddable":true,"href":"https:\/\/dolinawiedzy.pl\/dut-wielkopolska\/wp-json\/wp\/v2\/users\/1"}],"replies":[{"embeddable":true,"href":"https:\/\/dolinawiedzy.pl\/dut-wielkopolska\/wp-json\/wp\/v2\/comments?post=17"}],"version-history":[{"count":23,"href":"https:\/\/dolinawiedzy.pl\/dut-wielkopolska\/wp-json\/wp\/v2\/pages\/17\/revisions"}],"predecessor-version":[{"id":4442,"href":"https:\/\/dolinawiedzy.pl\/dut-wielkopolska\/wp-json\/wp\/v2\/pages\/17\/revisions\/4442"}],"wp:attachment":[{"href":"https:\/\/dolinawiedzy.pl\/dut-wielkopolska\/wp-json\/wp\/v2\/media?parent=17"}],"curies":[{"name":"wp","href":"https:\/\/api.w.org\/{rel}","templated":true}]}}