{"id":15,"date":"2024-01-03T22:49:13","date_gmt":"2024-01-03T21:49:13","guid":{"rendered":"https:\/\/dolinawiedzy.pl\/dut-wielkopolska\/?page_id=15"},"modified":"2026-01-30T11:30:01","modified_gmt":"2026-01-30T10:30:01","slug":"plany-zajec","status":"publish","type":"page","link":"https:\/\/dolinawiedzy.pl\/dut-wielkopolska\/plany-zajec\/","title":{"rendered":"Plany zaj\u0119\u0107"},"content":{"rendered":"<div class=\"wp-block-image\">\n<figure class=\"aligncenter size-full\"><img decoding=\"async\" width=\"91\" height=\"143\" data-src=\"https:\/\/dolinawiedzy.pl\/dut-wielkopolska\/wp-content\/uploads\/sites\/11\/2024\/02\/DUT_maly-1.png\" alt=\"\" class=\"wp-image-143 lazyload\" src=\"data:image\/svg+xml;base64,PHN2ZyB3aWR0aD0iMSIgaGVpZ2h0PSIxIiB4bWxucz0iaHR0cDovL3d3dy53My5vcmcvMjAwMC9zdmciPjwvc3ZnPg==\" style=\"--smush-placeholder-width: 91px; --smush-placeholder-aspect-ratio: 91\/143;\" \/><\/figure>\n<\/div>\n\n\n<p class=\"has-text-align-center\" style=\"font-size:50px\"><strong>Dzieci\u0119cy Uniwersytet Techniczny w Kaliszu<\/strong>&nbsp;<\/p>\n\n\n\n<p class=\"has-text-align-center has-medium-font-size\"><strong>marzec 2026 \u2013 czerwiec 2026<\/strong><\/p>\n\n\n\n<p>Szanowni Pa\u0144stwo,&nbsp;<\/p>\n\n\n\n<p>Przedstawiamy plan zaj\u0119\u0107 semestru letniego 2026 dla Dzieci\u0119cego Uniwersytetu Technicznego w Kaliszu. Poni\u017cej znajd\u0105 Pa\u0144stwo terminy zaj\u0119\u0107 stacjonarnych (wyk\u0142ad\u00f3w oraz warsztat\u00f3w dla poszczeg\u00f3lnych grup) wraz z ich kr\u00f3tkim opisem oraz informacje dotycz\u0105ce zaj\u0119\u0107 dodatkowych.&nbsp;&nbsp;<\/p>\n\n\n\n<p>Zapisy na zaj\u0119cia prowadzone s\u0105 poprzez konto DUT. Liczba miejsc na wyk\u0142ady jest ograniczona, miejsca przyznane b\u0119d\u0105 w wyniku losowania, kt\u00f3re odb\u0119dzie si\u0119 18.02.2026 r. (do godz. 13:00). Prosimy zwr\u00f3ci\u0107 uwag\u0119 na zmiany w zapisach do grup warsztatowych. W pierwszej kolejno\u015bci prowadzone s\u0105 zapisy na wyk\u0142ady, nast\u0119pnie WY\u0141\u0104CZNIE osoby wylosowane na wyk\u0142ady mog\u0105 wybra\u0107 samodzielnie grup\u0119 warsztatow\u0105 w terminie od 23-27.02.2026 r. Rejestracja do grup warsztatowych jest mo\u017cliwa po zalogowaniu si\u0119 na konto uczestnika DUT oraz wej\u015bciu w zak\u0142adk\u0119 Konto, a nast\u0119pnie przej\u015bcie do opcji Rejestracja na warsztaty. Do rekrutacji mog\u0105 podej\u015b\u0107 wszystkie osoby z wojew\u00f3dztwa wielkopolskiego w wieku 7-12 lat.&nbsp;&nbsp;<\/p>\n\n\n\n<p><strong>Spis tre\u015bci:<\/strong>&nbsp;<\/p>\n\n\n\n<ol class=\"wp-block-list\">\n<li><strong><\/strong><strong>Wyk\u0142ady<\/strong><\/li>\n\n\n\n<li><strong><\/strong><strong>Warsztaty<\/strong><\/li>\n<\/ol>\n\n\n\n<p><strong>\u2026\u2026\u2026\u2026\u2026\u2026\u2026\u2026\u2026\u2026\u2026\u2026\u2026\u2026\u2026\u2026\u2026\u2026\u2026\u2026\u2026\u2026\u2026\u2026\u2026\u2026\u2026\u2026\u2026\u2026\u2026\u2026\u2026\u2026\u2026\u2026\u2026\u2026\u2026\u2026<\/strong><\/p>\n\n\n\n<ol class=\"wp-block-list\">\n<li><strong><\/strong><strong>WYK\u0141ADY<\/strong><\/li>\n<\/ol>\n\n\n\n<p>Wyk\u0142ady prowadzone b\u0119d\u0105 na Uniwersytecie Kaliskim (bud. Collegium Oecologicum, ul. Pozna\u0144ska 201-205, 62-800 Kalisz), w dw\u00f3ch grupach 120 osobowych. Ka\u017cdy uczestnik wyk\u0142ad\u00f3w otrzyma indeks oraz identyfikator.&nbsp;<\/p>\n\n\n\n<p>W semestrze letnim 2026 wyk\u0142ady prowadzone b\u0119d\u0105 w formie stacjonarnej, w soboty. Ka\u017cdy wyk\u0142ad potrwa godzin\u0119 (60 minut).<\/p>\n\n\n\n<p><strong>\u2026\u2026\u2026\u2026\u2026\u2026\u2026\u2026\u2026\u2026\u2026\u2026\u2026\u2026\u2026\u2026\u2026\u2026\u2026\u2026\u2026\u2026\u2026\u2026\u2026\u2026\u2026\u2026\u2026\u2026\u2026\u2026\u2026\u2026\u2026\u2026\u2026\u2026\u2026\u2026<\/strong><\/p>\n\n\n\n<p><strong><u>1 wyk\u0142ad&nbsp;<\/u>\u2013 14 marca 2026 r.<\/strong>&nbsp;<\/p>\n\n\n\n<p><strong>Godziny: Grupa wyk\u0142adowa I 10.00-11.00, Grupa wyk\u0142adowa II 12.00-13.00<\/strong><\/p>\n\n\n\n<p><strong>Prowadz\u0105cy: Tomasz Madej<\/strong><\/p>\n\n\n\n<p><strong>Temat: \u201eJak si\u0119 czuje student DUT pod\u0142\u0105czony do 100 000 V?\u201d<\/strong><\/p>\n\n\n\n<p>Co nas czeka podczas spotkania? Fabularne pokazy, odkrywaj\u0105ce sekrety pr\u0105du elektrycznego, oddzia\u0142ywa\u0144 elektrostatycznych i zjawisk magnetycznych. Podczas wyk\u0142adu przetestujemy jakie przedmioty s\u0105 podatne na elektryzowanie, zagramy w elektrycznego ping-ponga z generatorem Van de Graffa, zbudujemy mufinkowe elektryczne dzia\u0142o oraz obudzimy elektrycznego w\u0119\u017ca z bibu\u0142y przyci\u0105gaj\u0105c w\u0142asno\u015bci \u0142adunk\u00f3w elektrycznych. Chcecie dowiedzie\u0107 si\u0119 czym jest pr\u0105d elektryczny oraz pozna\u0107 zasady jak bezpiecznie go u\u017cytkowa\u0107? Na te i wiele innych pyta\u0144 odpowiemy sobie podczas pierwszego wyk\u0142adu w V semestrze Dzieci\u0119cego Uniwersytetu Technicznego w Kaliszu!<\/p>\n\n\n\n<p><strong><u>2 wyk\u0142ad\u00a0<\/u>\u2013 11 kwietnia 2026 r. r.<\/strong>\u00a0<\/p>\n\n\n\n<p><strong>Godziny: Grupa wyk\u0142adowa I 10.00-11.00, Grupa wyk\u0142adowa II 12.00-13.00<\/strong><\/p>\n\n\n\n<p><strong>Prowadz\u0105ca: Piotr Kaczorowski<\/strong><\/p>\n\n\n\n<p><strong>Temat: \u201eBulgocz\u0105ce moce chemii\u201d<\/strong><\/p>\n\n\n\n<p>Podczas tego interaktywnego wyk\u0142adu dzieci zamieni\u0105 si\u0119 w m\u0142odych naukowc\u00f3w i odkryj\u0105, \u017ce chemia to nie szkolna nuda, ale fascynuj\u0105ca przygoda pe\u0142na kolor\u00f3w, b\u0105belk\u00f3w i &#8222;magicznych: przemian. Wsp\u00f3lnie sprawdzimy, jak wykry\u0107 witamin\u0119 C, stworzy\u0107 chemiczne lustro, zamieni\u0107 kolor roztwor\u00f3w przy pomocy soku z czerwonej kapusty oraz zrobi\u0107 jadalne kuleczki niczym Bubble Tea. <\/p>\n\n\n\n<p><strong><u>3 wyk\u0142ad&nbsp;<\/u>\u2013 16 maja 2026 r.<\/strong>&nbsp;<\/p>\n\n\n\n<p><strong>Godziny: Grupa wyk\u0142adowa I 10.00-11.00, Grupa wyk\u0142adowa II 12.00-13.00<\/strong><\/p>\n\n\n\n<p><strong>Prowadz\u0105ca: Klaudia Gabara<\/strong><\/p>\n\n\n\n<p><strong>Temat:<\/strong> <strong>\u201eOd S\u0142o\u0144ca do latarki \u2013 jak \u015bwiat\u0142o robi sztuczki?\u201d<\/strong><\/p>\n\n\n\n<p>G\u0142\u00f3wnym magikiem w tym naukowym przedstawieniu b\u0119dzie \u015bwiat\u0142o.<br \/>Zamiast kart i kr\u00f3lik\u00f3w z kapelusza uczestnicy zobacz\u0105 t\u0119cz\u0119 wyczarowan\u0105 z bia\u0142ego promienia, tajemnicze sztuczki laser\u00f3w oraz zaskakuj\u0105ce iluzje optyczne. Podczas interaktywnego wyk\u0142adu odkryjemy, \u017ce \u015bwiat\u0142o potrafi zachowywa\u0107 si\u0119 jak prawdziwy czarodziej, a jego \u201esztuczki\u201d da si\u0119 wyt\u0142umaczy\u0107 za pomoc\u0105 nauki. Wsp\u00f3lnie sprawdzimy, z czego sk\u0142ada si\u0119 bia\u0142e \u015bwiat\u0142o, jak powstaj\u0105 kolory, dlaczego czasem widzimy co\u015b inaczej, ni\u017c jest naprawd\u0119, oraz w jaki spos\u00f3b dzia\u0142aj\u0105 lasery. To spotkanie pe\u0142ne pokaz\u00f3w, eksperyment\u00f3w i wsp\u00f3lnego odkrywania. Uczestnicy b\u0119d\u0105 aktywnie w\u0142\u0105cza\u0107 si\u0119 w do\u015bwiadczenia, zadawa\u0107 pytania i obserwowa\u0107 z bliska niezwyk\u0142e zjawiska optyczne. Wyk\u0142ad \u0142\u0105czy elementy nauki i widowiska, pokazuj\u0105c, \u017ce fizyka mo\u017ce by\u0107 fascynuj\u0105ca, zrozumia\u0142a i pe\u0142na niespodzianek.<\/p>\n\n\n\n<p><strong><u>4 wyk\u0142ad&nbsp;<\/u>\u2013 6 czerwca 2026 r. <\/strong><\/p>\n\n\n\n<p><strong>Godziny: Grupa wyk\u0142adowa I 10.00-11.00, Grupa wyk\u0142adowa II 12.00-13.00<\/strong><\/p>\n\n\n\n<p><strong>Prowadz\u0105cy: Pawe\u0142 Jask\u00f3lski &#8211; Heweliusze Nauki <\/strong><\/p>\n\n\n\n<p><strong>Temat: \u201eNasz niesamowity M\u00d3ZG!\u201d<\/strong><\/p>\n\n\n\n<p>Podczas pokazu przetestujemy nasze zmys\u0142y. Zastanowimy si\u0119, w jaki spos\u00f3b m\u00f3zg zbiera i przetwarza docieraj\u0105ce do niego sygna\u0142y. Z jednej strony, spr\u00f3bujemy oszuka\u0107 nasz umys\u0142, z drugiej zaprezentujemy jego niesamowite mo\u017cliwo\u015bci. Czy \u015bwiat faktycznie jest taki, jak nam si\u0119 wydaje i czy mo\u017cemy wp\u0142ywa\u0107 na to, jak ten \u015bwiat odbieraj\u0105 inni?<\/p>\n\n\n\n<ul class=\"wp-block-list\">\n<li><strong><\/strong><strong>WARSZTATY (w formie stacjonarnej)<\/strong><\/li>\n<\/ul>\n\n\n\n<p>Zaj\u0119cia warsztatowe prowadzone b\u0119d\u0105 na terenie Wydzia\u0142u Politechnicznego Uniwersytetu Kaliskiego, w ma\u0142ych \u2013 20 osobowych grupach. \u0141\u0105cznie w jeden dzie\u0144 zaj\u0119cia b\u0119d\u0105 si\u0119 odbywa\u0107 dla 6 grup. Ka\u017cdy uczestnik warsztat\u00f3w na koniec semestru letniego 2026 otrzyma \u201eZestaw Naukowca\u201d do samodzielnego eksperymentowania w domu. Warsztaty trwaj\u0105 90 minut i tak jak wyk\u0142ady DUT \u2013 prowadzone s\u0105 zawsze w soboty.&nbsp;<\/p>\n\n\n\n<p><strong>\u2026\u2026\u2026\u2026\u2026\u2026\u2026\u2026\u2026\u2026\u2026\u2026\u2026\u2026\u2026\u2026\u2026\u2026\u2026\u2026\u2026\u2026\u2026\u2026\u2026\u2026\u2026\u2026\u2026\u2026\u2026\u2026\u2026\u2026\u2026\u2026\u2026\u2026\u2026\u2026<\/strong>&nbsp;<\/p>\n\n\n\n<p><strong><u>Harmonogram warsztat\u00f3w DUT w Kaliszu<\/u><\/strong><\/p>\n\n\n\n<p><strong>Ka\u017cde dziecko zapisane na warsztaty otrzyma mo\u017cliwo\u015b\u0107 wzi\u0119cia udzia\u0142u w dw\u00f3ch warsztatach o tematyce przedstawionej poni\u017cej. Termin i godzina danego tematu r\u00f3\u017cni\u0105 si\u0119 w zale\u017cno\u015bci od wybranej grupy warsztatowej, do kt\u00f3rej ucz\u0119szcza\u0107 b\u0119dzie dziecko.&nbsp;<\/strong>&nbsp;<\/p>\n\n\n\n<p><strong>Temat: \u201eKamienne skarby \u2013 przygoda z minera\u0142ami\u201d<\/strong><\/p>\n\n\n\n<p><strong>Prowadz\u0105cy: Magdalena Mania<\/strong><\/p>\n\n\n\n<p>Zwyk\u0142y kamie\u0144\u2026 a mo\u017ce skarb Ziemi? Czy potrafisz odr\u00f3\u017cni\u0107 prawdziwy ametyst od barwionego szk\u0142a? Czy wiesz, kt\u00f3ry kamie\u0144 naprawd\u0119 pochodzi z wn\u0119trza Ziemi, a kt\u00f3ry zosta\u0142 zrobiony w fabryce? Na tych warsztatach dzieci wciel\u0105 si\u0119 w rol\u0119 m\u0142odych geodetektyw\u00f3w, kt\u00f3rzy za pomoc\u0105 prostych test\u00f3w i obserwacji odkrywaj\u0105 tajemnice minera\u0142\u00f3w \u2013 sprawdzaj\u0105 ich twardo\u015b\u0107, po\u0142ysk, reakcje chemiczne, magnetyzm i inne w\u0142a\u015bciwo\u015bci, by odr\u00f3\u017cni\u0107 naturalne<br \/>okazy od podr\u00f3bek.<\/p>\n\n\n\n<p><strong>Temat: DNA \u2013 kod, kt\u00f3ry tworzy Ciebie!\u201d<\/strong><\/p>\n\n\n\n<p><strong>Prowadz\u0105cy: Fundacja Poznawcza<\/strong><\/p>\n\n\n\n<p>Chcesz dowiedzie\u0107 si\u0119, jak dzia\u0142a kod, kt\u00f3ry tworzy Ciebie? Zapraszamy na warsztaty, gdzie wsp\u00f3lnie zbudujemy model DNA, poznasz tajniki gen\u00f3w i przeprowadzisz eksperymenty, takie jak izolacja DNA z truskawki! Czeka na Ciebie mn\u00f3stwo zabawy, zagadek i odkry\u0107, a na koniec stworzysz w\u0142asny model DNA \u2013 na pewno nie b\u0119dziesz si\u0119 nudzi\u0107!<\/p>\n\n\n\n<p><strong>Podzia\u0142 na poszczeg\u00f3lne grupy:<\/strong><\/p>\n\n\n\n<figure class=\"wp-block-table\"><table><tbody><tr><td><strong>Termin: 18 kwietnia 2026 r. (1 warsztat)<\/strong>\u00a0<br \/> <br \/><strong>Godz. 09:00-10:30\u00a0<\/strong>\u00a0 <br \/><br \/>Grupa 1 \u2013 <strong>Kamienne skarby \u2013 przygoda z minera\u0142ami<\/strong><br \/>Grupa 2 \u2013 <strong>DNA \u2013 kod, kt\u00f3ry tworzy Ciebie!<\/strong><br \/><br \/><strong>Godz. 11:00-12:30\u00a0<\/strong><br \/>\u00a0 <br \/>Grupa 3 \u2013 <strong>Kamienne skarby \u2013 przygoda z minera\u0142ami<\/strong><br \/>Grupa 4 \u2013 <strong>DNA \u2013 kod, kt\u00f3ry tworzy Ciebie!<\/strong><br \/><strong>Godz. 13:00-14:30\u00a0<\/strong>\u00a0 <br \/><br \/>Grupa 5 \u2013 <strong>Kamienne skarby \u2013 przygoda z minera\u0142ami<\/strong><br \/>Grupa 6 \u2013 <strong>DNA \u2013 kod, kt\u00f3ry tworzy Ciebie!<\/strong><\/td><td><strong>\u00a0Termin: 25 kwietnia 2026 r. (2 warsztat)<\/strong>\u00a0\u00a0 <br \/><br \/><strong>Godz. 09:00-10:30\u00a0<\/strong>\u00a0\u00a0 <br \/><br \/>Grupa 1 \u2013 <strong>DNA \u2013 kod, kt\u00f3ry tworzy Ciebie!<\/strong><br \/>Grupa 2 \u2013 <strong>Kamienne skarby \u2013 przygoda z minera\u0142ami<\/strong><br \/><br \/><strong>Godz. 11:00-12:30\u00a0<\/strong>\u00a0<br \/><br \/>Grupa 3 \u2013 <strong>DNA \u2013 kod, kt\u00f3ry tworzy Ciebie!<\/strong><br \/>Grupa 4 \u2013 <strong>Kamienne skarby \u2013 przygoda z minera\u0142ami<\/strong><br \/><br \/><strong>Godz. 13:00-14:30\u00a0<\/strong>\u00a0<br \/><br \/>Grupa 5 \u2013 <strong><\/strong><strong>DNA \u2013 kod, kt\u00f3ry tworzy Ciebie!<\/strong><br \/>Grupa 6 \u2013 <strong>Kamienne skarby \u2013 przygoda z minera\u0142ami<\/strong><\/td><\/tr><\/tbody><\/table><\/figure>\n\n\n\n<figure class=\"wp-block-table\"><table><tbody><tr><td><strong>Termin: 9 maja 2026 r. (1 warsztat)<\/strong>\u00a0<br \/> <br \/><strong>Godz. 09:00-10:30\u00a0<\/strong>\u00a0 <br \/><br \/>Grupa 7 \u2013 <strong>Kamienne skarby \u2013 przygoda z minera\u0142ami<\/strong><br \/>Grupa 8 \u2013 <strong>DNA \u2013 kod, kt\u00f3ry tworzy Ciebie!<\/strong><br \/><br \/><strong>Godz. 11:00-12:30\u00a0<\/strong><br \/>\u00a0 <br \/>Grupa 9 \u2013 <strong>\u201eKamienne skarby \u2013 przygoda z minera\u0142ami\u201d<\/strong><br \/>Grupa 10 \u2013 <strong>DNA \u2013 kod, kt\u00f3ry tworzy Ciebie!<\/strong><br \/><br \/><strong>Godz. 13:00-14:30\u00a0<\/strong>\u00a0 <br \/><br \/>Grupa 11 \u2013 <strong>Kamienne skarby \u2013 przygoda z minera\u0142ami<\/strong><br \/>Grupa 12 \u2013 <strong>DNA \u2013 kod, kt\u00f3ry tworzy Ciebie!<\/strong><\/td><td><strong>Termin: 30 maja 2026 r. (2 warsztat)<\/strong>\u00a0\u00a0 <br \/><br \/><strong>Godz. 09:00-10:30\u00a0<\/strong>\u00a0\u00a0 <br \/><br \/>Grupa 7 \u2013 <strong>DNA \u2013 kod, kt\u00f3ry tworzy Ciebie!<\/strong><br \/>Grupa 8 \u2013 <strong>\u201eKamienne skarby \u2013 przygoda z minera\u0142ami\u201d<\/strong><br \/><br \/><strong>Godz. 11:00-12:30\u00a0<\/strong>\u00a0<br \/><br \/>Grupa 9 \u2013 warsztat Fundacja Poznawcza<br \/>Grupa 10 \u2013 <strong>\u201eKamienne skarby \u2013 przygoda z minera\u0142ami\u201d<\/strong><br \/><br \/><strong>Godz. 13:00-14:30\u00a0<\/strong>\u00a0<br \/><br \/>Grupa 11 \u2013 <strong>DNA \u2013 kod, kt\u00f3ry tworzy Ciebie!<\/strong><br \/>Grupa 12 \u2013<strong>Kamienne skarby \u2013 przygoda z minera\u0142ami<\/strong><\/td><\/tr><\/tbody><\/table><\/figure>\n","protected":false},"excerpt":{"rendered":"<p>Dzieci\u0119cy Uniwersytet Techniczny w Kaliszu&nbsp; marzec 2026 \u2013 czerwiec 2026 Szanowni Pa\u0144stwo,&nbsp; Przedstawiamy plan zaj\u0119\u0107 semestru letniego 2026 dla Dzieci\u0119cego Uniwersytetu Technicznego w Kaliszu. Poni\u017cej znajd\u0105 Pa\u0144stwo terminy zaj\u0119\u0107 stacjonarnych (wyk\u0142ad\u00f3w oraz warsztat\u00f3w dla poszczeg\u00f3lnych grup) wraz z ich kr\u00f3tkim opisem oraz informacje dotycz\u0105ce zaj\u0119\u0107 dodatkowych.&nbsp;&nbsp; Zapisy na zaj\u0119cia prowadzone s\u0105 poprzez konto DUT. Liczba miejsc na wyk\u0142ady jest ograniczona, miejsca przyznane b\u0119d\u0105 w wyniku losowania, kt\u00f3re odb\u0119dzie si\u0119 18.02.2026&hellip;<\/p>\n","protected":false},"author":1,"featured_media":0,"parent":0,"menu_order":0,"comment_status":"closed","ping_status":"closed","template":"","meta":{"footnotes":""},"class_list":["post-15","page","type-page","status-publish","hentry"],"_links":{"self":[{"href":"https:\/\/dolinawiedzy.pl\/dut-wielkopolska\/wp-json\/wp\/v2\/pages\/15","targetHints":{"allow":["GET"]}}],"collection":[{"href":"https:\/\/dolinawiedzy.pl\/dut-wielkopolska\/wp-json\/wp\/v2\/pages"}],"about":[{"href":"https:\/\/dolinawiedzy.pl\/dut-wielkopolska\/wp-json\/wp\/v2\/types\/page"}],"author":[{"embeddable":true,"href":"https:\/\/dolinawiedzy.pl\/dut-wielkopolska\/wp-json\/wp\/v2\/users\/1"}],"replies":[{"embeddable":true,"href":"https:\/\/dolinawiedzy.pl\/dut-wielkopolska\/wp-json\/wp\/v2\/comments?post=15"}],"version-history":[{"count":17,"href":"https:\/\/dolinawiedzy.pl\/dut-wielkopolska\/wp-json\/wp\/v2\/pages\/15\/revisions"}],"predecessor-version":[{"id":4446,"href":"https:\/\/dolinawiedzy.pl\/dut-wielkopolska\/wp-json\/wp\/v2\/pages\/15\/revisions\/4446"}],"wp:attachment":[{"href":"https:\/\/dolinawiedzy.pl\/dut-wielkopolska\/wp-json\/wp\/v2\/media?parent=15"}],"curies":[{"name":"wp","href":"https:\/\/api.w.org\/{rel}","templated":true}]}}