{"id":13,"date":"2024-01-03T22:48:52","date_gmt":"2024-01-03T21:48:52","guid":{"rendered":"https:\/\/dolinawiedzy.pl\/dut-wielkopolska\/?page_id=13"},"modified":"2024-02-16T14:36:28","modified_gmt":"2024-02-16T13:36:28","slug":"o-dzieciecym-uniwersytecie-technicznym","status":"publish","type":"page","link":"https:\/\/dolinawiedzy.pl\/dut-wielkopolska\/o-dzieciecym-uniwersytecie-technicznym\/","title":{"rendered":"O Dzieci\u0119cym Uniwersytecie Technicznym"},"content":{"rendered":"<div class=\"wp-block-image\">\n<figure class=\"aligncenter size-large is-resized\"><img decoding=\"async\" width=\"646\" height=\"1024\" data-src=\"https:\/\/dolinawiedzy.pl\/dut-wielkopolska\/wp-content\/uploads\/sites\/11\/2024\/02\/Dzieciecy-Uniwersytet-Techniczny-Logo-2018-646x1024.png\" alt=\"\" class=\"wp-image-130 lazyload\" style=\"--smush-placeholder-width: 646px; --smush-placeholder-aspect-ratio: 646\/1024;width:177px;height:auto\" src=\"data:image\/svg+xml;base64,PHN2ZyB3aWR0aD0iMSIgaGVpZ2h0PSIxIiB4bWxucz0iaHR0cDovL3d3dy53My5vcmcvMjAwMC9zdmciPjwvc3ZnPg==\" \/><\/figure>\n<\/div>\n\n\n<p><strong>Jak to si\u0119 zacz\u0119\u0142o&#8230; czyli Politechnika Dzieci\u0119ca <\/strong><\/p>\n\n\n\n<p>W roku 2009 Politechnika Rzeszowska im. I. \u0141ukasiewicza wsp\u00f3lnie z WSK \u201ePZL-Rzesz\u00f3w\u201d S.A. podj\u0119\u0142a decyzj\u0119 o utworzeniu projektu o nazwie \u201ePolitechnika Dzieci\u0119ca\u201d. Podstaw\u0105 tego przedsi\u0119wzi\u0119cia by\u0142a troska o przysz\u0142o\u015b\u0107 dzieci, kt\u00f3re rozpoczynaj\u0105 edukacj\u0119 i ch\u0119\u0107 zainteresowania ich nauk\u0105. Poniewa\u017c na ca\u0142ym \u015bwiecie, w tym r\u00f3wnie\u017c w Polsce, z powodzeniem od wielu lat podobne przedsi\u0119wzi\u0119cia by\u0142y realizowane ,Politechnika Rzeszowska, jako pierwsza uczelnia na podkarpaciu, postanowi\u0142a otworzy\u0107 sale wyk\u0142adowe dla ma\u0142ych student\u00f3w. Celem projektu by\u0142o odci\u0105gni\u0119cie m\u0142odych ludzi od ekran\u00f3w telewizor\u00f3w i monitor\u00f3w komputer\u00f3w i pokazanie im, \u017ce uczy\u0107 mo\u017cna si\u0119 nie tylko w sztywnych \u0142awkach szk\u00f3\u0142, a nauka mo\u017ce sta\u0107 si\u0119 zabaw\u0105 i dobrym sposobem na sp\u0119dzanie wolnego czasu. Pierwszy semestr Politechniki Dzieci\u0119cej rozpocz\u0105\u0142 si\u0119 w pa\u017adzierniku 2009 w Rzeszowie, nast\u0119pnie powstawa\u0142y Filie w Mielcu, D\u0119bicy, Ustrzykach Dolnych i Stalowej Woli. Od pocz\u0105tku dzia\u0142alno\u015bci liczba kandydat\u00f3w na ka\u017cdy semestr znacznie przewy\u017csza ilo\u015b\u0107 wolnych miejsc.<\/p>\n\n\n\n<p><strong>Dzieci\u0119cy Uniwersytet Techniczny <\/strong><\/p>\n\n\n\n<p>Od marca 2018 roku wszystkie dzia\u0142ania Politechniki Dzieci\u0119cej prowadzone przez Fundacj\u0119 Wspierania Edukacji przy Stowarzyszeniu Dolina Lotnicza odbywaj\u0105 si\u0119 pod nazw\u0105 Dzieci\u0119cy Uniwersytet Techniczny, w skr\u00f3cie DUT. <\/p>\n\n\n\n<p>Dzieci\u0119cy Uniwersytet Techniczny (w skr\u00f3cie DUT) to zaj\u0119cia dla uczni\u00f3w szk\u00f3\u0142 podstawowych w wieku 7-12 lat, w formie interaktywnych wyk\u0142ad\u00f3w, przeprowadzane z wykorzystaniem do\u015bwiadcze\u0144, pomocy i&nbsp;eksponat\u00f3w naukowych. Ich tematyka jest odpowiednio dostosowana do wieku s\u0142uchaczy. Tematyka prowadzonych wyk\u0142ad\u00f3w i warsztat\u00f3w obejmuje  przede wszystkim zagadnienia z dziedziny chemii, fizyki, matematyki, budownictwa, biologii, lotnictwa i wszystkich innych zwi\u0105zanych z&nbsp;bran\u017c\u0105 politechniczn\u0105. Zaj\u0119cia prowadzone s\u0105 przez pracownik\u00f3w naukowych, specjalist\u00f3w z przemys\u0142u, student\u00f3w oraz popularyzator\u00f3w nauki, ale tak\u017ce przez inne instytucje oferuj\u0105ce zaj\u0119cia dla dzieci. Ufamy, \u017ce dzi\u0119ki odpowiedniemu zaprezentowaniu nauk \u015bcis\u0142ych, nasi m\u0142odzi studenci, w doros\u0142ym ju\u017c \u017cyciu wybior\u0105 uczelnie techniczne aby zg\u0142\u0119bia\u0107 swoj\u0105 wiedz\u0119 i zdobywa\u0107 wykszta\u0142cenie w tym kierunku.<\/p>\n\n\n\n<p>Wszystkie zaj\u0119cia Dzieci\u0119cego Uniwersytetu Technicznego s\u0105 bezp\u0142atne dla uczestnik\u00f3w! <\/p>\n\n\n\n<p>Dzieci\u0119cy Uniwersytet Techniczny sw\u00f3j oddzia\u0142 g\u0142\u00f3wny prowadzi w Rzeszowie, natomiast Filie prowadzone s\u0105 w 5 pi\u0119ciu miastach podkarpacia &#8211; Ja\u015ble, Mielcu, D\u0119bicy, Ustrzykach Dolnych i Zarszynie. <\/p>\n\n\n\n<p><strong>Od 2024 roku DUT rozszerzy\u0142  swoj\u0105 dzia\u0142alno\u015b\u0107 na woj. wielkopolskie otwieraj\u0105c now\u0105 Fili\u0119 DUT w Kaliszu. <\/strong><\/p>\n","protected":false},"excerpt":{"rendered":"<p>Jak to si\u0119 zacz\u0119\u0142o&#8230; czyli Politechnika Dzieci\u0119ca W roku 2009 Politechnika Rzeszowska im. I. \u0141ukasiewicza wsp\u00f3lnie z WSK \u201ePZL-Rzesz\u00f3w\u201d S.A. podj\u0119\u0142a decyzj\u0119 o utworzeniu projektu o nazwie \u201ePolitechnika Dzieci\u0119ca\u201d. Podstaw\u0105 tego przedsi\u0119wzi\u0119cia by\u0142a troska o przysz\u0142o\u015b\u0107 dzieci, kt\u00f3re rozpoczynaj\u0105 edukacj\u0119 i ch\u0119\u0107 zainteresowania ich nauk\u0105. Poniewa\u017c na ca\u0142ym \u015bwiecie, w tym r\u00f3wnie\u017c w Polsce, z powodzeniem od wielu lat podobne przedsi\u0119wzi\u0119cia by\u0142y realizowane ,Politechnika Rzeszowska, jako pierwsza uczelnia na podkarpaciu,&hellip;<\/p>\n","protected":false},"author":1,"featured_media":0,"parent":0,"menu_order":0,"comment_status":"closed","ping_status":"closed","template":"","meta":{"footnotes":""},"class_list":["post-13","page","type-page","status-publish","hentry"],"_links":{"self":[{"href":"https:\/\/dolinawiedzy.pl\/dut-wielkopolska\/wp-json\/wp\/v2\/pages\/13","targetHints":{"allow":["GET"]}}],"collection":[{"href":"https:\/\/dolinawiedzy.pl\/dut-wielkopolska\/wp-json\/wp\/v2\/pages"}],"about":[{"href":"https:\/\/dolinawiedzy.pl\/dut-wielkopolska\/wp-json\/wp\/v2\/types\/page"}],"author":[{"embeddable":true,"href":"https:\/\/dolinawiedzy.pl\/dut-wielkopolska\/wp-json\/wp\/v2\/users\/1"}],"replies":[{"embeddable":true,"href":"https:\/\/dolinawiedzy.pl\/dut-wielkopolska\/wp-json\/wp\/v2\/comments?post=13"}],"version-history":[{"count":5,"href":"https:\/\/dolinawiedzy.pl\/dut-wielkopolska\/wp-json\/wp\/v2\/pages\/13\/revisions"}],"predecessor-version":[{"id":158,"href":"https:\/\/dolinawiedzy.pl\/dut-wielkopolska\/wp-json\/wp\/v2\/pages\/13\/revisions\/158"}],"wp:attachment":[{"href":"https:\/\/dolinawiedzy.pl\/dut-wielkopolska\/wp-json\/wp\/v2\/media?parent=13"}],"curies":[{"name":"wp","href":"https:\/\/api.w.org\/{rel}","templated":true}]}}