{"id":1250,"date":"2025-01-23T18:51:40","date_gmt":"2025-01-23T17:51:40","guid":{"rendered":"https:\/\/dolinawiedzy.pl\/dut-wielkopolska\/?page_id=1250"},"modified":"2025-02-03T15:03:02","modified_gmt":"2025-02-03T14:03:02","slug":"semestr-2","status":"publish","type":"page","link":"https:\/\/dolinawiedzy.pl\/dut-wielkopolska\/galeria\/semestr-2\/","title":{"rendered":"Semestr 2"},"content":{"rendered":"\t\t\t\t<div class=\"gallery_box\">\n\t\t\t\t\t<ul>\n\t\t\t\t\t\t\t\t\t\t\t\t\t<li>\n\t\t\t\t\t\t\t\t<a rel=\"bookmark\" href=\"https:\/\/dolinawiedzy.pl\/dut-wielkopolska\/bws-gallery\/warsztat-cieplo-zimno-czyli-egzotermiczna-i-endotermiczna-wizyta-w-laboratorium-grupy-nr-7911-18-01-2025-r\/\" title=\"Warsztat \u201eCiep\u0142o-zimno, czyli egzotermiczna i endotermiczna wizyta w laboratorium\u201d grupy nr 7,9,11 18.01.2025 r.\">\n\t\t\t\t\t\t\t\t\t<img decoding=\"async\" width=&quot;150&quot; height=&quot;150&quot; style=\"--smush-placeholder-width: 150px; --smush-placeholder-aspect-ratio: 150\/150;width:150px; height:150px; border-width: 2px; border-color:#F1F1F1;border: 2px solid #F1F1F1\" alt=\"Warsztat \u201eCiep\u0142o-zimno, czyli egzotermiczna i endotermiczna wizyta w laboratorium\u201d grupy nr 7,9,11 18.01.2025 r.\" title=\"Warsztat \u201eCiep\u0142o-zimno, czyli egzotermiczna i endotermiczna wizyta w laboratorium\u201d grupy nr 7,9,11 18.01.2025 r.\" data-src=\"https:\/\/dolinawiedzy.pl\/dut-wielkopolska\/wp-content\/uploads\/sites\/11\/2025\/02\/A7402422-150x150.jpg\" src=\"data:image\/svg+xml;base64,PHN2ZyB3aWR0aD0iMSIgaGVpZ2h0PSIxIiB4bWxucz0iaHR0cDovL3d3dy53My5vcmcvMjAwMC9zdmciPjwvc3ZnPg==\" class=\"lazyload\" \/>\t\t\t\t\t\t\t\t<\/a>\n\t\t\t\t\t\t\t\t<div class=\"gallery_detail_box\">\n\t\t\t\t\t\t\t\t\t<div class=\"gllr_detail_title\">Warsztat \u201eCiep\u0142o-zimno, czyli egzotermiczna i endotermiczna wizyta w laboratorium\u201d grupy nr 7,9,11 18.01.2025 r.<\/div>\n\t\t\t\t\t\t\t\t\t<div class=\"gllr_detail_excerpt\"><\/div>\n\t\t\t\t\t\t\t\t\t<a href=\"https:\/\/dolinawiedzy.pl\/dut-wielkopolska\/bws-gallery\/warsztat-cieplo-zimno-czyli-egzotermiczna-i-endotermiczna-wizyta-w-laboratorium-grupy-nr-7911-18-01-2025-r\/\">Zobacz zdj\u0119cia \u00bb<\/a>\n\t\t\t\t\t\t\t\t<\/div><!-- .gallery_detail_box -->\n\t\t\t\t\t\t\t\t<div class=\"gllr_clear\"><\/div>\n\t\t\t\t\t\t\t<\/li>\n\t\t\t\t\t\t\t\t\t\t\t<\/ul>\n\t\t\t\t<\/div><!-- .gallery_box -->\n\t\t\t\t\n\n\n\t\t\t\t<div class=\"gallery_box\">\n\t\t\t\t\t<ul>\n\t\t\t\t\t\t\t\t\t\t\t\t\t<li>\n\t\t\t\t\t\t\t\t<a rel=\"bookmark\" href=\"https:\/\/dolinawiedzy.pl\/dut-wielkopolska\/bws-gallery\/warsztat-tajemnic-wiele-w-ludzkim-ciele-grupy-nr-81012-18-01-2025-r\/\" title=\"Warsztat \u201eTajemnic wiele w ludzkim ciele\u201d grupy nr 8,10,12 18.01.2025 r.\">\n\t\t\t\t\t\t\t\t\t<img decoding=\"async\" width=&quot;150&quot; height=&quot;150&quot; style=\"--smush-placeholder-width: 150px; --smush-placeholder-aspect-ratio: 150\/150;width:150px; height:150px; border-width: 2px; border-color:#F1F1F1;border: 2px solid #F1F1F1\" alt=\"Warsztat \u201eTajemnic wiele w ludzkim ciele\u201d grupy nr 8,10,12 18.01.2025 r.\" title=\"Warsztat \u201eTajemnic wiele w ludzkim ciele\u201d grupy nr 8,10,12 18.01.2025 r.\" data-src=\"https:\/\/dolinawiedzy.pl\/dut-wielkopolska\/wp-content\/uploads\/sites\/11\/2025\/02\/A7402670-150x150.jpg\" src=\"data:image\/svg+xml;base64,PHN2ZyB3aWR0aD0iMSIgaGVpZ2h0PSIxIiB4bWxucz0iaHR0cDovL3d3dy53My5vcmcvMjAwMC9zdmciPjwvc3ZnPg==\" class=\"lazyload\" \/>\t\t\t\t\t\t\t\t<\/a>\n\t\t\t\t\t\t\t\t<div class=\"gallery_detail_box\">\n\t\t\t\t\t\t\t\t\t<div class=\"gllr_detail_title\">Warsztat \u201eTajemnic wiele w ludzkim ciele\u201d grupy nr 8,10,12 18.01.2025 r.<\/div>\n\t\t\t\t\t\t\t\t\t<div class=\"gllr_detail_excerpt\"><\/div>\n\t\t\t\t\t\t\t\t\t<a href=\"https:\/\/dolinawiedzy.pl\/dut-wielkopolska\/bws-gallery\/warsztat-tajemnic-wiele-w-ludzkim-ciele-grupy-nr-81012-18-01-2025-r\/\">Zobacz zdj\u0119cia \u00bb<\/a>\n\t\t\t\t\t\t\t\t<\/div><!-- .gallery_detail_box -->\n\t\t\t\t\t\t\t\t<div class=\"gllr_clear\"><\/div>\n\t\t\t\t\t\t\t<\/li>\n\t\t\t\t\t\t\t\t\t\t\t<\/ul>\n\t\t\t\t<\/div><!-- .gallery_box -->\n\t\t\t\t\n\n\n\t\t\t\t<div class=\"gallery_box\">\n\t\t\t\t\t<ul>\n\t\t\t\t\t\t\t\t\t\t\t\t\t<li>\n\t\t\t\t\t\t\t\t<a rel=\"bookmark\" href=\"https:\/\/dolinawiedzy.pl\/dut-wielkopolska\/bws-gallery\/warsztat-cieplo-zimno-czyli-egzotermiczna-i-endotermiczna-wizyta-w-laboratorium-grupy-nr-81012-2012-2024-r\/\" title=\"Warsztat \u201eCiep\u0142o-zimno, czyli egzotermiczna i endotermiczna wizyta w laboratorium\u201d grupy nr 8,10,12 20,12.2024 r.\">\n\t\t\t\t\t\t\t\t\t<img decoding=\"async\" width=&quot;150&quot; height=&quot;150&quot; style=\"--smush-placeholder-width: 150px; --smush-placeholder-aspect-ratio: 150\/150;width:150px; height:150px; border-width: 2px; border-color:#F1F1F1;border: 2px solid #F1F1F1\" alt=\"Warsztat \u201eCiep\u0142o-zimno, czyli egzotermiczna i endotermiczna wizyta w laboratorium\u201d grupy nr 8,10,12 20,12.2024 r.\" title=\"Warsztat \u201eCiep\u0142o-zimno, czyli egzotermiczna i endotermiczna wizyta w laboratorium\u201d grupy nr 8,10,12 20,12.2024 r.\" data-src=\"https:\/\/dolinawiedzy.pl\/dut-wielkopolska\/wp-content\/uploads\/sites\/11\/2025\/02\/A7400040-150x150.jpg\" src=\"data:image\/svg+xml;base64,PHN2ZyB3aWR0aD0iMSIgaGVpZ2h0PSIxIiB4bWxucz0iaHR0cDovL3d3dy53My5vcmcvMjAwMC9zdmciPjwvc3ZnPg==\" class=\"lazyload\" \/>\t\t\t\t\t\t\t\t<\/a>\n\t\t\t\t\t\t\t\t<div class=\"gallery_detail_box\">\n\t\t\t\t\t\t\t\t\t<div class=\"gllr_detail_title\">Warsztat \u201eCiep\u0142o-zimno, czyli egzotermiczna i endotermiczna wizyta w laboratorium\u201d grupy nr 8,10,12 20,12.2024 r.<\/div>\n\t\t\t\t\t\t\t\t\t<div class=\"gllr_detail_excerpt\"><\/div>\n\t\t\t\t\t\t\t\t\t<a href=\"https:\/\/dolinawiedzy.pl\/dut-wielkopolska\/bws-gallery\/warsztat-cieplo-zimno-czyli-egzotermiczna-i-endotermiczna-wizyta-w-laboratorium-grupy-nr-81012-2012-2024-r\/\">Zobacz zdj\u0119cia \u00bb<\/a>\n\t\t\t\t\t\t\t\t<\/div><!-- .gallery_detail_box -->\n\t\t\t\t\t\t\t\t<div class=\"gllr_clear\"><\/div>\n\t\t\t\t\t\t\t<\/li>\n\t\t\t\t\t\t\t\t\t\t\t<\/ul>\n\t\t\t\t<\/div><!-- .gallery_box -->\n\t\t\t\t\n\n\n\t\t\t\t<div class=\"gallery_box\">\n\t\t\t\t\t<ul>\n\t\t\t\t\t\t\t\t\t\t\t<\/ul>\n\t\t\t\t<\/div><!-- .gallery_box -->\n\t\t\t\t\n\n\n\t\t\t\t<div class=\"gallery_box\">\n\t\t\t\t\t<ul>\n\t\t\t\t\t\t\t\t\t\t\t<\/ul>\n\t\t\t\t<\/div><!-- .gallery_box -->\n\t\t\t\t\n\n\n\t\t\t\t<div class=\"gallery_box\">\n\t\t\t\t\t<ul>\n\t\t\t\t\t\t\t\t\t\t\t\t\t<li>\n\t\t\t\t\t\t\t\t<a rel=\"bookmark\" href=\"https:\/\/dolinawiedzy.pl\/dut-wielkopolska\/bws-gallery\/warsztat-tajemnic-wiele-w-ludzkim-ciele-grupy-nr-7911-2012-2024-r\/\" title=\"Warsztat \u201eTajemnic wiele w ludzkim ciele\u201d grupy nr 7,9,11 20,12.2024 r.\">\n\t\t\t\t\t\t\t\t\t<img decoding=\"async\" width=&quot;150&quot; height=&quot;150&quot; style=\"--smush-placeholder-width: 150px; --smush-placeholder-aspect-ratio: 150\/150;width:150px; height:150px; border-width: 2px; border-color:#F1F1F1;border: 2px solid #F1F1F1\" alt=\"Warsztat \u201eTajemnic wiele w ludzkim ciele\u201d grupy nr 7,9,11 20,12.2024 r.\" title=\"Warsztat \u201eTajemnic wiele w ludzkim ciele\u201d grupy nr 7,9,11 20,12.2024 r.\" data-src=\"https:\/\/dolinawiedzy.pl\/dut-wielkopolska\/wp-content\/uploads\/sites\/11\/2025\/02\/A7400377-150x150.jpg\" src=\"data:image\/svg+xml;base64,PHN2ZyB3aWR0aD0iMSIgaGVpZ2h0PSIxIiB4bWxucz0iaHR0cDovL3d3dy53My5vcmcvMjAwMC9zdmciPjwvc3ZnPg==\" class=\"lazyload\" \/>\t\t\t\t\t\t\t\t<\/a>\n\t\t\t\t\t\t\t\t<div class=\"gallery_detail_box\">\n\t\t\t\t\t\t\t\t\t<div class=\"gllr_detail_title\">Warsztat \u201eTajemnic wiele w ludzkim ciele\u201d grupy nr 7,9,11 20,12.2024 r.<\/div>\n\t\t\t\t\t\t\t\t\t<div class=\"gllr_detail_excerpt\"><\/div>\n\t\t\t\t\t\t\t\t\t<a href=\"https:\/\/dolinawiedzy.pl\/dut-wielkopolska\/bws-gallery\/warsztat-tajemnic-wiele-w-ludzkim-ciele-grupy-nr-7911-2012-2024-r\/\">Zobacz zdj\u0119cia \u00bb<\/a>\n\t\t\t\t\t\t\t\t<\/div><!-- .gallery_detail_box -->\n\t\t\t\t\t\t\t\t<div class=\"gllr_clear\"><\/div>\n\t\t\t\t\t\t\t<\/li>\n\t\t\t\t\t\t\t\t\t\t\t<\/ul>\n\t\t\t\t<\/div><!-- .gallery_box -->\n\t\t\t\t\n\n\n\t\t\t\t<div class=\"gallery_box\">\n\t\t\t\t\t<ul>\n\t\t\t\t\t\t\t\t\t\t\t<\/ul>\n\t\t\t\t<\/div><!-- .gallery_box -->\n\t\t\t\t\n\n\n\t\t\t\t<div class=\"gallery_box\">\n\t\t\t\t\t<ul>\n\t\t\t\t\t\t\t\t\t\t\t\t\t<li>\n\t\t\t\t\t\t\t\t<a rel=\"bookmark\" href=\"https:\/\/dolinawiedzy.pl\/dut-wielkopolska\/bws-gallery\/wyklad-to-maly-krok-dla-czlowieka-a-wielki-dla-naszej-planety-07-12-2024-r\/\" title=\"Wyk\u0142ad &#8222;To ma\u0142y krok dla cz\u0142owieka \u2013 a wielki dla naszej planety!&#8221; &#8211; 07.12.2024 r.\">\n\t\t\t\t\t\t\t\t\t<img decoding=\"async\" width=&quot;150&quot; height=&quot;150&quot; style=\"--smush-placeholder-width: 150px; --smush-placeholder-aspect-ratio: 150\/150;width:150px; height:150px; border-width: 2px; border-color:#F1F1F1;border: 2px solid #F1F1F1\" alt=\"Wyk\u0142ad &#8222;To ma\u0142y krok dla cz\u0142owieka \u2013 a wielki dla naszej planety!&#8221; &#8211; 07.12.2024 r.\" title=\"Wyk\u0142ad &#8222;To ma\u0142y krok dla cz\u0142owieka \u2013 a wielki dla naszej planety!&#8221; &#8211; 07.12.2024 r.\" data-src=\"https:\/\/dolinawiedzy.pl\/dut-wielkopolska\/wp-content\/uploads\/sites\/11\/2025\/02\/IMG_1074-150x150.jpeg\" src=\"data:image\/svg+xml;base64,PHN2ZyB3aWR0aD0iMSIgaGVpZ2h0PSIxIiB4bWxucz0iaHR0cDovL3d3dy53My5vcmcvMjAwMC9zdmciPjwvc3ZnPg==\" class=\"lazyload\" \/>\t\t\t\t\t\t\t\t<\/a>\n\t\t\t\t\t\t\t\t<div class=\"gallery_detail_box\">\n\t\t\t\t\t\t\t\t\t<div class=\"gllr_detail_title\">Wyk\u0142ad &#8222;To ma\u0142y krok dla cz\u0142owieka \u2013 a wielki dla naszej planety!&#8221; &#8211; 07.12.2024 r.<\/div>\n\t\t\t\t\t\t\t\t\t<div class=\"gllr_detail_excerpt\"><\/div>\n\t\t\t\t\t\t\t\t\t<a href=\"https:\/\/dolinawiedzy.pl\/dut-wielkopolska\/bws-gallery\/wyklad-to-maly-krok-dla-czlowieka-a-wielki-dla-naszej-planety-07-12-2024-r\/\">Zobacz zdj\u0119cia \u00bb<\/a>\n\t\t\t\t\t\t\t\t<\/div><!-- .gallery_detail_box -->\n\t\t\t\t\t\t\t\t<div class=\"gllr_clear\"><\/div>\n\t\t\t\t\t\t\t<\/li>\n\t\t\t\t\t\t\t\t\t\t\t<\/ul>\n\t\t\t\t<\/div><!-- .gallery_box -->\n\t\t\t\t\n\n\n\t\t\t\t<div class=\"gallery_box\">\n\t\t\t\t\t<ul>\n\t\t\t\t\t\t\t\t\t\t\t\t\t<li>\n\t\t\t\t\t\t\t\t<a rel=\"bookmark\" href=\"https:\/\/dolinawiedzy.pl\/dut-wielkopolska\/bws-gallery\/warsztat-cieplo-zimno-czyli-egzotermiczna-i-endotermiczna-wizyta-w-laboratorium-grupy-nr-135-30-11-2024-r\/\" title=\"Warsztat \u201eCiep\u0142o-zimno, czyli egzotermiczna i endotermiczna wizyta w laboratorium\u201d grupy nr 1,3,5 30.11.2024 r.\">\n\t\t\t\t\t\t\t\t\t<img decoding=\"async\" width=&quot;150&quot; height=&quot;150&quot; style=\"--smush-placeholder-width: 150px; --smush-placeholder-aspect-ratio: 150\/150;width:150px; height:150px; border-width: 2px; border-color:#F1F1F1;border: 2px solid #F1F1F1\" alt=\"Warsztat \u201eCiep\u0142o-zimno, czyli egzotermiczna i endotermiczna wizyta w laboratorium\u201d grupy nr 1,3,5 30.11.2024 r.\" title=\"Warsztat \u201eCiep\u0142o-zimno, czyli egzotermiczna i endotermiczna wizyta w laboratorium\u201d grupy nr 1,3,5 30.11.2024 r.\" data-src=\"https:\/\/dolinawiedzy.pl\/dut-wielkopolska\/wp-content\/uploads\/sites\/11\/2025\/01\/IMG_0910-150x150.jpeg\" src=\"data:image\/svg+xml;base64,PHN2ZyB3aWR0aD0iMSIgaGVpZ2h0PSIxIiB4bWxucz0iaHR0cDovL3d3dy53My5vcmcvMjAwMC9zdmciPjwvc3ZnPg==\" class=\"lazyload\" \/>\t\t\t\t\t\t\t\t<\/a>\n\t\t\t\t\t\t\t\t<div class=\"gallery_detail_box\">\n\t\t\t\t\t\t\t\t\t<div class=\"gllr_detail_title\">Warsztat \u201eCiep\u0142o-zimno, czyli egzotermiczna i endotermiczna wizyta w laboratorium\u201d grupy nr 1,3,5 30.11.2024 r.<\/div>\n\t\t\t\t\t\t\t\t\t<div class=\"gllr_detail_excerpt\"><\/div>\n\t\t\t\t\t\t\t\t\t<a href=\"https:\/\/dolinawiedzy.pl\/dut-wielkopolska\/bws-gallery\/warsztat-cieplo-zimno-czyli-egzotermiczna-i-endotermiczna-wizyta-w-laboratorium-grupy-nr-135-30-11-2024-r\/\">Zobacz zdj\u0119cia \u00bb<\/a>\n\t\t\t\t\t\t\t\t<\/div><!-- .gallery_detail_box -->\n\t\t\t\t\t\t\t\t<div class=\"gllr_clear\"><\/div>\n\t\t\t\t\t\t\t<\/li>\n\t\t\t\t\t\t\t\t\t\t\t<\/ul>\n\t\t\t\t<\/div><!-- .gallery_box -->\n\t\t\t\t\n\n\n\t\t\t\t<div class=\"gallery_box\">\n\t\t\t\t\t<ul>\n\t\t\t\t\t\t\t\t\t\t\t\t\t<li>\n\t\t\t\t\t\t\t\t<a rel=\"bookmark\" href=\"https:\/\/dolinawiedzy.pl\/dut-wielkopolska\/bws-gallery\/warsztat-tajemnic-wiele-w-ludzkim-ciele-grupy-nr-246-30-11-2024-r\/\" title=\"Warsztat  \u201eTajemnic wiele w ludzkim ciele\u201d  grupy nr 2,4,6 30.11.2024 r.\">\n\t\t\t\t\t\t\t\t\t<img decoding=\"async\" width=&quot;150&quot; height=&quot;150&quot; style=\"--smush-placeholder-width: 150px; --smush-placeholder-aspect-ratio: 150\/150;width:150px; height:150px; border-width: 2px; border-color:#F1F1F1;border: 2px solid #F1F1F1\" alt=\"Warsztat  \u201eTajemnic wiele w ludzkim ciele\u201d  grupy nr 2,4,6 30.11.2024 r.\" title=\"Warsztat  \u201eTajemnic wiele w ludzkim ciele\u201d  grupy nr 2,4,6 30.11.2024 r.\" data-src=\"https:\/\/dolinawiedzy.pl\/dut-wielkopolska\/wp-content\/uploads\/sites\/11\/2025\/01\/IMG_0881-150x150.jpeg\" src=\"data:image\/svg+xml;base64,PHN2ZyB3aWR0aD0iMSIgaGVpZ2h0PSIxIiB4bWxucz0iaHR0cDovL3d3dy53My5vcmcvMjAwMC9zdmciPjwvc3ZnPg==\" class=\"lazyload\" \/>\t\t\t\t\t\t\t\t<\/a>\n\t\t\t\t\t\t\t\t<div class=\"gallery_detail_box\">\n\t\t\t\t\t\t\t\t\t<div class=\"gllr_detail_title\">Warsztat  \u201eTajemnic wiele w ludzkim ciele\u201d  grupy nr 2,4,6 30.11.2024 r.<\/div>\n\t\t\t\t\t\t\t\t\t<div class=\"gllr_detail_excerpt\"><\/div>\n\t\t\t\t\t\t\t\t\t<a href=\"https:\/\/dolinawiedzy.pl\/dut-wielkopolska\/bws-gallery\/warsztat-tajemnic-wiele-w-ludzkim-ciele-grupy-nr-246-30-11-2024-r\/\">Zobacz zdj\u0119cia \u00bb<\/a>\n\t\t\t\t\t\t\t\t<\/div><!-- .gallery_detail_box -->\n\t\t\t\t\t\t\t\t<div class=\"gllr_clear\"><\/div>\n\t\t\t\t\t\t\t<\/li>\n\t\t\t\t\t\t\t\t\t\t\t<\/ul>\n\t\t\t\t<\/div><!-- .gallery_box -->\n\t\t\t\t\n\n\n\t\t\t\t<div class=\"gallery_box\">\n\t\t\t\t\t<ul>\n\t\t\t\t\t\t\t\t\t\t\t\t\t<li>\n\t\t\t\t\t\t\t\t<a rel=\"bookmark\" href=\"https:\/\/dolinawiedzy.pl\/dut-wielkopolska\/bws-gallery\/wyklad-wielki-wybuch-i-co-dalej-23-11-2024-r\/\" title=\"Wyk\u0142ad \u201eWielki Wybuch i co dalej?\u201d &#8211; 23.11.2024 r.\">\n\t\t\t\t\t\t\t\t\t<img decoding=\"async\" width=&quot;150&quot; height=&quot;150&quot; style=\"--smush-placeholder-width: 150px; --smush-placeholder-aspect-ratio: 150\/150;width:150px; height:150px; border-width: 2px; border-color:#F1F1F1;border: 2px solid #F1F1F1\" alt=\"Wyk\u0142ad \u201eWielki Wybuch i co dalej?\u201d &#8211; 23.11.2024 r.\" title=\"Wyk\u0142ad \u201eWielki Wybuch i co dalej?\u201d &#8211; 23.11.2024 r.\" data-src=\"https:\/\/dolinawiedzy.pl\/dut-wielkopolska\/wp-content\/uploads\/sites\/11\/2025\/01\/IMG_0427-150x150.jpeg\" src=\"data:image\/svg+xml;base64,PHN2ZyB3aWR0aD0iMSIgaGVpZ2h0PSIxIiB4bWxucz0iaHR0cDovL3d3dy53My5vcmcvMjAwMC9zdmciPjwvc3ZnPg==\" class=\"lazyload\" \/>\t\t\t\t\t\t\t\t<\/a>\n\t\t\t\t\t\t\t\t<div class=\"gallery_detail_box\">\n\t\t\t\t\t\t\t\t\t<div class=\"gllr_detail_title\">Wyk\u0142ad \u201eWielki Wybuch i co dalej?\u201d &#8211; 23.11.2024 r.<\/div>\n\t\t\t\t\t\t\t\t\t<div class=\"gllr_detail_excerpt\"><\/div>\n\t\t\t\t\t\t\t\t\t<a href=\"https:\/\/dolinawiedzy.pl\/dut-wielkopolska\/bws-gallery\/wyklad-wielki-wybuch-i-co-dalej-23-11-2024-r\/\">Zobacz zdj\u0119cia \u00bb<\/a>\n\t\t\t\t\t\t\t\t<\/div><!-- .gallery_detail_box -->\n\t\t\t\t\t\t\t\t<div class=\"gllr_clear\"><\/div>\n\t\t\t\t\t\t\t<\/li>\n\t\t\t\t\t\t\t\t\t\t\t<\/ul>\n\t\t\t\t<\/div><!-- .gallery_box -->\n\t\t\t\t\n\n\n\t\t\t\t<div class=\"gallery_box\">\n\t\t\t\t\t<ul>\n\t\t\t\t\t\t\t\t\t\t\t\t\t<li>\n\t\t\t\t\t\t\t\t<a rel=\"bookmark\" href=\"https:\/\/dolinawiedzy.pl\/dut-wielkopolska\/bws-gallery\/warsztat-cieplo-zimno-czyli-egzotermiczna-i-endotermiczna-wizyta-w-laboratorium-grupy-nr-246-09-11-2024-r\/\" title=\"Warsztat \u201eCiep\u0142o-zimno, czyli egzotermiczna i endotermiczna wizyta w laboratorium\u201d grupy nr 2,4,6 09.11.2024 r.\">\n\t\t\t\t\t\t\t\t\t<img decoding=\"async\" width=&quot;150&quot; height=&quot;150&quot; style=\"--smush-placeholder-width: 150px; --smush-placeholder-aspect-ratio: 150\/150;width:150px; height:150px; border-width: 2px; border-color:#F1F1F1;border: 2px solid #F1F1F1\" alt=\"Warsztat \u201eCiep\u0142o-zimno, czyli egzotermiczna i endotermiczna wizyta w laboratorium\u201d grupy nr 2,4,6 09.11.2024 r.\" title=\"Warsztat \u201eCiep\u0142o-zimno, czyli egzotermiczna i endotermiczna wizyta w laboratorium\u201d grupy nr 2,4,6 09.11.2024 r.\" data-src=\"https:\/\/dolinawiedzy.pl\/dut-wielkopolska\/wp-content\/uploads\/sites\/11\/2025\/01\/IMG_9897-150x150.jpeg\" src=\"data:image\/svg+xml;base64,PHN2ZyB3aWR0aD0iMSIgaGVpZ2h0PSIxIiB4bWxucz0iaHR0cDovL3d3dy53My5vcmcvMjAwMC9zdmciPjwvc3ZnPg==\" class=\"lazyload\" \/>\t\t\t\t\t\t\t\t<\/a>\n\t\t\t\t\t\t\t\t<div class=\"gallery_detail_box\">\n\t\t\t\t\t\t\t\t\t<div class=\"gllr_detail_title\">Warsztat \u201eCiep\u0142o-zimno, czyli egzotermiczna i endotermiczna wizyta w laboratorium\u201d grupy nr 2,4,6 09.11.2024 r.<\/div>\n\t\t\t\t\t\t\t\t\t<div class=\"gllr_detail_excerpt\"><\/div>\n\t\t\t\t\t\t\t\t\t<a href=\"https:\/\/dolinawiedzy.pl\/dut-wielkopolska\/bws-gallery\/warsztat-cieplo-zimno-czyli-egzotermiczna-i-endotermiczna-wizyta-w-laboratorium-grupy-nr-246-09-11-2024-r\/\">Zobacz zdj\u0119cia \u00bb<\/a>\n\t\t\t\t\t\t\t\t<\/div><!-- .gallery_detail_box -->\n\t\t\t\t\t\t\t\t<div class=\"gllr_clear\"><\/div>\n\t\t\t\t\t\t\t<\/li>\n\t\t\t\t\t\t\t\t\t\t\t<\/ul>\n\t\t\t\t<\/div><!-- .gallery_box -->\n\t\t\t\t\n\n\n\t\t\t\t<div class=\"gallery_box\">\n\t\t\t\t\t<ul>\n\t\t\t\t\t\t\t\t\t\t\t\t\t<li>\n\t\t\t\t\t\t\t\t<a rel=\"bookmark\" href=\"https:\/\/dolinawiedzy.pl\/dut-wielkopolska\/bws-gallery\/warsztat-tajemnic-wiele-w-ludzkim-ciele-grupy-nr-135-09-11-2024-r\/\" title=\"Warsztat \u201eTajemnic wiele w ludzkim ciele\u201d &#8211; grupy nr 1,3,5 09.11.2024 r.\">\n\t\t\t\t\t\t\t\t\t<img decoding=\"async\" width=&quot;150&quot; height=&quot;150&quot; style=\"--smush-placeholder-width: 150px; --smush-placeholder-aspect-ratio: 150\/150;width:150px; height:150px; border-width: 2px; border-color:#F1F1F1;border: 2px solid #F1F1F1\" alt=\"Warsztat \u201eTajemnic wiele w ludzkim ciele\u201d &#8211; grupy nr 1,3,5 09.11.2024 r.\" title=\"Warsztat \u201eTajemnic wiele w ludzkim ciele\u201d &#8211; grupy nr 1,3,5 09.11.2024 r.\" data-src=\"https:\/\/dolinawiedzy.pl\/dut-wielkopolska\/wp-content\/uploads\/sites\/11\/2025\/01\/IMG_9929-150x150.jpeg\" src=\"data:image\/svg+xml;base64,PHN2ZyB3aWR0aD0iMSIgaGVpZ2h0PSIxIiB4bWxucz0iaHR0cDovL3d3dy53My5vcmcvMjAwMC9zdmciPjwvc3ZnPg==\" class=\"lazyload\" \/>\t\t\t\t\t\t\t\t<\/a>\n\t\t\t\t\t\t\t\t<div class=\"gallery_detail_box\">\n\t\t\t\t\t\t\t\t\t<div class=\"gllr_detail_title\">Warsztat \u201eTajemnic wiele w ludzkim ciele\u201d &#8211; grupy nr 1,3,5 09.11.2024 r.<\/div>\n\t\t\t\t\t\t\t\t\t<div class=\"gllr_detail_excerpt\"><\/div>\n\t\t\t\t\t\t\t\t\t<a href=\"https:\/\/dolinawiedzy.pl\/dut-wielkopolska\/bws-gallery\/warsztat-tajemnic-wiele-w-ludzkim-ciele-grupy-nr-135-09-11-2024-r\/\">Zobacz zdj\u0119cia \u00bb<\/a>\n\t\t\t\t\t\t\t\t<\/div><!-- .gallery_detail_box -->\n\t\t\t\t\t\t\t\t<div class=\"gllr_clear\"><\/div>\n\t\t\t\t\t\t\t<\/li>\n\t\t\t\t\t\t\t\t\t\t\t<\/ul>\n\t\t\t\t<\/div><!-- .gallery_box -->\n\t\t\t\t\n\n\n\t\t\t\t<div class=\"gallery_box\">\n\t\t\t\t\t<ul>\n\t\t\t\t\t\t\t\t\t\t\t\t\t<li>\n\t\t\t\t\t\t\t\t<a rel=\"bookmark\" href=\"https:\/\/dolinawiedzy.pl\/dut-wielkopolska\/bws-gallery\/wyklad-fizyczne-podroze-male-i-duze-o-niewidzialnych-silach-i-tajemnicach-pustki-26-10-2024-r\/\" title=\"Wyk\u0142ad \u201eFizyczne podr\u00f3\u017ce ma\u0142e i du\u017ce \u2013 o niewidzialnych si\u0142ach i tajemnicach pustki.\u201d 26.10.2024 r.\">\n\t\t\t\t\t\t\t\t\t<img decoding=\"async\" width=&quot;150&quot; height=&quot;150&quot; style=\"--smush-placeholder-width: 150px; --smush-placeholder-aspect-ratio: 150\/150;width:150px; height:150px; border-width: 2px; border-color:#F1F1F1;border: 2px solid #F1F1F1\" alt=\"Wyk\u0142ad \u201eFizyczne podr\u00f3\u017ce ma\u0142e i du\u017ce \u2013 o niewidzialnych si\u0142ach i tajemnicach pustki.\u201d 26.10.2024 r.\" title=\"Wyk\u0142ad \u201eFizyczne podr\u00f3\u017ce ma\u0142e i du\u017ce \u2013 o niewidzialnych si\u0142ach i tajemnicach pustki.\u201d 26.10.2024 r.\" data-src=\"https:\/\/dolinawiedzy.pl\/dut-wielkopolska\/wp-content\/uploads\/sites\/11\/2025\/01\/IMG_9258-150x150.jpeg\" src=\"data:image\/svg+xml;base64,PHN2ZyB3aWR0aD0iMSIgaGVpZ2h0PSIxIiB4bWxucz0iaHR0cDovL3d3dy53My5vcmcvMjAwMC9zdmciPjwvc3ZnPg==\" class=\"lazyload\" \/>\t\t\t\t\t\t\t\t<\/a>\n\t\t\t\t\t\t\t\t<div class=\"gallery_detail_box\">\n\t\t\t\t\t\t\t\t\t<div class=\"gllr_detail_title\">Wyk\u0142ad \u201eFizyczne podr\u00f3\u017ce ma\u0142e i du\u017ce \u2013 o niewidzialnych si\u0142ach i tajemnicach pustki.\u201d 26.10.2024 r.<\/div>\n\t\t\t\t\t\t\t\t\t<div class=\"gllr_detail_excerpt\"><\/div>\n\t\t\t\t\t\t\t\t\t<a href=\"https:\/\/dolinawiedzy.pl\/dut-wielkopolska\/bws-gallery\/wyklad-fizyczne-podroze-male-i-duze-o-niewidzialnych-silach-i-tajemnicach-pustki-26-10-2024-r\/\">Zobacz zdj\u0119cia \u00bb<\/a>\n\t\t\t\t\t\t\t\t<\/div><!-- .gallery_detail_box -->\n\t\t\t\t\t\t\t\t<div class=\"gllr_clear\"><\/div>\n\t\t\t\t\t\t\t<\/li>\n\t\t\t\t\t\t\t\t\t\t\t<\/ul>\n\t\t\t\t<\/div><!-- .gallery_box -->\n\t\t\t\t\n\n\n\t\t\t\t<div class=\"gallery_box\">\n\t\t\t\t\t<ul>\n\t\t\t\t\t\t\t\t\t\t\t\t\t<li>\n\t\t\t\t\t\t\t\t<a rel=\"bookmark\" href=\"https:\/\/dolinawiedzy.pl\/dut-wielkopolska\/bws-gallery\/wyklad-zyc-i-przezyc-rosliny-19-10-2024-r\/\" title=\"Wyk\u0142ad \u201e\u017by\u0107 i prze\u017cy\u0107: RO\u015aLINY\u201d  19.10.2024 r.\">\n\t\t\t\t\t\t\t\t\t<img decoding=\"async\" width=&quot;150&quot; height=&quot;150&quot; style=\"--smush-placeholder-width: 150px; --smush-placeholder-aspect-ratio: 150\/150;width:150px; height:150px; border-width: 2px; border-color:#F1F1F1;border: 2px solid #F1F1F1\" alt=\"Wyk\u0142ad \u201e\u017by\u0107 i prze\u017cy\u0107: RO\u015aLINY\u201d  19.10.2024 r.\" title=\"Wyk\u0142ad \u201e\u017by\u0107 i prze\u017cy\u0107: RO\u015aLINY\u201d  19.10.2024 r.\" data-src=\"https:\/\/dolinawiedzy.pl\/dut-wielkopolska\/wp-content\/uploads\/sites\/11\/2025\/01\/A7405014-150x150.jpg\" src=\"data:image\/svg+xml;base64,PHN2ZyB3aWR0aD0iMSIgaGVpZ2h0PSIxIiB4bWxucz0iaHR0cDovL3d3dy53My5vcmcvMjAwMC9zdmciPjwvc3ZnPg==\" class=\"lazyload\" \/>\t\t\t\t\t\t\t\t<\/a>\n\t\t\t\t\t\t\t\t<div class=\"gallery_detail_box\">\n\t\t\t\t\t\t\t\t\t<div class=\"gllr_detail_title\">Wyk\u0142ad \u201e\u017by\u0107 i prze\u017cy\u0107: RO\u015aLINY\u201d  19.10.2024 r.<\/div>\n\t\t\t\t\t\t\t\t\t<div class=\"gllr_detail_excerpt\"><\/div>\n\t\t\t\t\t\t\t\t\t<a href=\"https:\/\/dolinawiedzy.pl\/dut-wielkopolska\/bws-gallery\/wyklad-zyc-i-przezyc-rosliny-19-10-2024-r\/\">Zobacz zdj\u0119cia \u00bb<\/a>\n\t\t\t\t\t\t\t\t<\/div><!-- .gallery_detail_box -->\n\t\t\t\t\t\t\t\t<div class=\"gllr_clear\"><\/div>\n\t\t\t\t\t\t\t<\/li>\n\t\t\t\t\t\t\t\t\t\t\t<\/ul>\n\t\t\t\t<\/div><!-- .gallery_box -->\n\t\t\t\t\n","protected":false},"excerpt":{"rendered":"","protected":false},"author":2,"featured_media":0,"parent":11,"menu_order":0,"comment_status":"closed","ping_status":"closed","template":"","meta":{"footnotes":""},"class_list":["post-1250","page","type-page","status-publish","hentry"],"_links":{"self":[{"href":"https:\/\/dolinawiedzy.pl\/dut-wielkopolska\/wp-json\/wp\/v2\/pages\/1250","targetHints":{"allow":["GET"]}}],"collection":[{"href":"https:\/\/dolinawiedzy.pl\/dut-wielkopolska\/wp-json\/wp\/v2\/pages"}],"about":[{"href":"https:\/\/dolinawiedzy.pl\/dut-wielkopolska\/wp-json\/wp\/v2\/types\/page"}],"author":[{"embeddable":true,"href":"https:\/\/dolinawiedzy.pl\/dut-wielkopolska\/wp-json\/wp\/v2\/users\/2"}],"replies":[{"embeddable":true,"href":"https:\/\/dolinawiedzy.pl\/dut-wielkopolska\/wp-json\/wp\/v2\/comments?post=1250"}],"version-history":[{"count":17,"href":"https:\/\/dolinawiedzy.pl\/dut-wielkopolska\/wp-json\/wp\/v2\/pages\/1250\/revisions"}],"predecessor-version":[{"id":2339,"href":"https:\/\/dolinawiedzy.pl\/dut-wielkopolska\/wp-json\/wp\/v2\/pages\/1250\/revisions\/2339"}],"up":[{"embeddable":true,"href":"https:\/\/dolinawiedzy.pl\/dut-wielkopolska\/wp-json\/wp\/v2\/pages\/11"}],"wp:attachment":[{"href":"https:\/\/dolinawiedzy.pl\/dut-wielkopolska\/wp-json\/wp\/v2\/media?parent=1250"}],"curies":[{"name":"wp","href":"https:\/\/api.w.org\/{rel}","templated":true}]}}