{"id":11,"date":"2024-01-03T22:48:16","date_gmt":"2024-01-03T21:48:16","guid":{"rendered":"https:\/\/dolinawiedzy.pl\/dut-wielkopolska\/?page_id=11"},"modified":"2024-04-26T11:25:03","modified_gmt":"2024-04-26T09:25:03","slug":"galeria","status":"publish","type":"page","link":"https:\/\/dolinawiedzy.pl\/dut-wielkopolska\/galeria\/","title":{"rendered":"Galeria"},"content":{"rendered":"\n<p>Szanowni Pa\u0144stwo,<\/p>\n\n\n\n<p>Zapraszamy do obejrzenia zdj\u0119\u0107 z zaj\u0119\u0107 w Kaliszu. Wszystko zosta\u0142o podzielone ze wzgl\u0119du na semestr, w kt\u00f3rym odbywaj\u0105 si\u0119 wyk\u0142ady. Dlatego prosimy o wyb\u00f3r odpowiedniej pozycji z menu.<\/p>\n","protected":false},"excerpt":{"rendered":"<p>Szanowni Pa\u0144stwo, Zapraszamy do obejrzenia zdj\u0119\u0107 z zaj\u0119\u0107 w Kaliszu. Wszystko zosta\u0142o podzielone ze wzgl\u0119du na semestr, w kt\u00f3rym odbywaj\u0105 si\u0119 wyk\u0142ady. Dlatego prosimy o wyb\u00f3r odpowiedniej pozycji z menu.<\/p>\n","protected":false},"author":1,"featured_media":0,"parent":0,"menu_order":0,"comment_status":"closed","ping_status":"closed","template":"","meta":{"footnotes":""},"class_list":["post-11","page","type-page","status-publish","hentry"],"_links":{"self":[{"href":"https:\/\/dolinawiedzy.pl\/dut-wielkopolska\/wp-json\/wp\/v2\/pages\/11","targetHints":{"allow":["GET"]}}],"collection":[{"href":"https:\/\/dolinawiedzy.pl\/dut-wielkopolska\/wp-json\/wp\/v2\/pages"}],"about":[{"href":"https:\/\/dolinawiedzy.pl\/dut-wielkopolska\/wp-json\/wp\/v2\/types\/page"}],"author":[{"embeddable":true,"href":"https:\/\/dolinawiedzy.pl\/dut-wielkopolska\/wp-json\/wp\/v2\/users\/1"}],"replies":[{"embeddable":true,"href":"https:\/\/dolinawiedzy.pl\/dut-wielkopolska\/wp-json\/wp\/v2\/comments?post=11"}],"version-history":[{"count":8,"href":"https:\/\/dolinawiedzy.pl\/dut-wielkopolska\/wp-json\/wp\/v2\/pages\/11\/revisions"}],"predecessor-version":[{"id":244,"href":"https:\/\/dolinawiedzy.pl\/dut-wielkopolska\/wp-json\/wp\/v2\/pages\/11\/revisions\/244"}],"wp:attachment":[{"href":"https:\/\/dolinawiedzy.pl\/dut-wielkopolska\/wp-json\/wp\/v2\/media?parent=11"}],"curies":[{"name":"wp","href":"https:\/\/api.w.org\/{rel}","templated":true}]}}